{"id":9,"date":"2024-09-30T12:28:35","date_gmt":"2024-09-30T10:28:35","guid":{"rendered":"https:\/\/maestrazgo.org\/rutalabordeta\/?page_id=9"},"modified":"2024-11-06T12:47:14","modified_gmt":"2024-11-06T11:47:14","slug":"inicio","status":"publish","type":"page","link":"https:\/\/maestrazgo.org\/rutalabordeta\/","title":{"rendered":"Inicio"},"content":{"rendered":"\n<div class=\"wp-block-uagb-container uagb-block-22cf0944 alignfull uagb-is-root-container\"><div class=\"uagb-container-inner-blocks-wrap\">\n<div class=\"wp-block-uagb-container uag-hide-tab uag-hide-mob uagb-block-67ea757f\">\n<div class=\"wp-block-image-map-pro-image-map-pro\"><div><div id=\"image-map-pro-e9870e2e-2487-4849-96b2-d5b9d71d3dea\"><\/div><\/div><\/div>\n<\/div>\n\n\n\n<div class=\"wp-block-uagb-container uag-hide-desktop uagb-block-731d5190\">\n<div class=\"wp-block-image-map-pro-image-map-pro\"><div><div id=\"image-map-pro-57fd94cf-c363-436f-b859-ada174d06cfd\"><\/div><\/div><\/div>\n\n\n\n<div class=\"wp-block-buttons has-custom-font-size has-small-font-size is-content-justification-center is-layout-flex wp-container-core-buttons-is-layout-16753846 wp-block-buttons-is-layout-flex\" style=\"margin-top:0;margin-bottom:0\">\n<div class=\"wp-block-button\"><a class=\"wp-block-button__link wp-element-button\" href=\"https:\/\/maestrazgo.org\/rutalabordeta\/los-pueblos\/montoro-de-mezquita\/\" style=\"padding-top:var(--wp--preset--spacing--20);padding-right:var(--wp--preset--spacing--20);padding-bottom:var(--wp--preset--spacing--20);padding-left:var(--wp--preset--spacing--20)\">Montoro de Mezquita<\/a><\/div>\n\n\n\n<div class=\"wp-block-button\"><a class=\"wp-block-button__link wp-element-button\" href=\"https:\/\/maestrazgo.org\/rutalabordeta\/los-pueblos\/pitarque\/\" style=\"padding-top:var(--wp--preset--spacing--20);padding-right:var(--wp--preset--spacing--20);padding-bottom:var(--wp--preset--spacing--20);padding-left:var(--wp--preset--spacing--20)\">Pitarque<\/a><\/div>\n\n\n\n<div class=\"wp-block-button\"><a class=\"wp-block-button__link wp-element-button\" href=\"https:\/\/maestrazgo.org\/rutalabordeta\/los-pueblos\/villarluengo\/\" style=\"padding-top:var(--wp--preset--spacing--20);padding-right:var(--wp--preset--spacing--20);padding-bottom:var(--wp--preset--spacing--20);padding-left:var(--wp--preset--spacing--20)\">Villarluengo<\/a><\/div>\n\n\n\n<div class=\"wp-block-button\"><a class=\"wp-block-button__link wp-element-button\" href=\"https:\/\/maestrazgo.org\/rutalabordeta\/los-pueblos\/tronchon\/\" style=\"padding-top:var(--wp--preset--spacing--20);padding-right:var(--wp--preset--spacing--20);padding-bottom:var(--wp--preset--spacing--20);padding-left:var(--wp--preset--spacing--20)\">Tronch\u00f3n<\/a><\/div>\n\n\n\n<div class=\"wp-block-button\"><a class=\"wp-block-button__link wp-element-button\" href=\"https:\/\/maestrazgo.org\/rutalabordeta\/los-pueblos\/mirambel\/\" style=\"padding-top:var(--wp--preset--spacing--20);padding-right:var(--wp--preset--spacing--20);padding-bottom:var(--wp--preset--spacing--20);padding-left:var(--wp--preset--spacing--20)\">Mirambel<\/a><\/div>\n\n\n\n<div class=\"wp-block-button\"><a class=\"wp-block-button__link wp-element-button\" href=\"https:\/\/maestrazgo.org\/rutalabordeta\/los-pueblos\/cantavieja\/\" style=\"padding-top:var(--wp--preset--spacing--20);padding-right:var(--wp--preset--spacing--20);padding-bottom:var(--wp--preset--spacing--20);padding-left:var(--wp--preset--spacing--20)\">Cantavieja<\/a><\/div>\n\n\n\n<div class=\"wp-block-button\"><a class=\"wp-block-button__link wp-element-button\" href=\"https:\/\/maestrazgo.org\/rutalabordeta\/los-pueblos\/la-iglesuela\/\" style=\"padding-top:var(--wp--preset--spacing--20);padding-right:var(--wp--preset--spacing--20);padding-bottom:var(--wp--preset--spacing--20);padding-left:var(--wp--preset--spacing--20)\">La Iglesuela del Cid<\/a><\/div>\n<\/div>\n<\/div>\n<\/div><\/div>\n\n\n\n<div class=\"wp-block-uagb-container uag-hide-tab uag-hide-mob uagb-block-c95d1753 alignfull uagb-is-root-container\">\n<div class=\"wp-block-uagb-container uagb-block-272477c6 alignfull uagb-is-root-container\"><div class=\"uagb-container-inner-blocks-wrap\">\n<div class=\"wp-block-uagb-container uagb-block-af4778b2\"><\/div>\n\n\n\n<div class=\"wp-block-uagb-container uagb-block-89eef9d8\">\n<div class=\"wp-block-uagb-advanced-heading uagb-block-fabf472b\"><p class=\"uagb-desc-text\">La<\/p><h2 class=\"uagb-heading-text\">Ruta<\/h2><\/div>\n\n\n\n<div class=\"wp-block-uagb-container uagb-block-4d2a5941\">\n<p>Te presentamos un viaje original e inolvidable por el Maestrazgo. En \u00e9l, seguir\u00e1s el itinerario que realiz\u00f3 Labordeta en el primer cap\u00edtulo de \u201cUn pa\u00eds en la mochila\u201d, y podr\u00e1s disfrutar del patrimonio gastron\u00f3mico y cultural que ofrece este territorio. \u00bfC\u00f3mo lo har\u00e1s? \u00a1Muy sencillo! Para completar el recorrido, hemos preparado una historia con Labordeta y otros personajes que no te dejar\u00e1 indiferente. \u00danicamente tendr\u00e1s que seguir cada cap\u00edtulo y resolver varios enigmas haciendo uso de tu observaci\u00f3n e ingenio. Pero atenci\u00f3n: necesitar\u00e1s estar localizable para poder descubrir en la web las pruebas a resolver. As\u00ed que, activa la ubicaci\u00f3n del m\u00f3vil y\u2026 \u00a1Comienza la aventura!<\/p>\n<\/div>\n<\/div>\n<\/div><\/div>\n<\/div>\n\n\n\n<div class=\"wp-block-uagb-container uag-hide-desktop uagb-block-20373934 alignfull uagb-is-root-container\"><div class=\"uagb-container-inner-blocks-wrap\">\n<div class=\"wp-block-uagb-container uagb-block-8feded4c\">\n<div class=\"wp-block-uagb-image uagb-block-cfb93905 wp-block-uagb-image--layout-default wp-block-uagb-image--effect-static wp-block-uagb-image--align-none\"><figure class=\"wp-block-uagb-image__figure\"><img decoding=\"async\" srcset=\"https:\/\/maestrazgo.org\/rutalabordeta\/wp-content\/uploads\/2024\/10\/composivcion-labordeta-min.png ,https:\/\/maestrazgo.org\/rutalabordeta\/wp-content\/uploads\/2024\/10\/composivcion-labordeta-min.png 780w, https:\/\/maestrazgo.org\/rutalabordeta\/wp-content\/uploads\/2024\/10\/composivcion-labordeta-min.png 360w\" sizes=\"auto, (max-width: 480px) 150px\" src=\"https:\/\/maestrazgo.org\/rutalabordeta\/wp-content\/uploads\/2024\/10\/composivcion-labordeta-min.png\" alt=\"\" class=\"uag-image-871\" width=\"1080\" height=\"1359\" title=\"composivcion labordeta-min\" loading=\"lazy\" role=\"img\"\/><\/figure><\/div>\n<\/div>\n\n\n\n<div class=\"wp-block-uagb-container uagb-block-1cec1166\">\n<p>Te presentamos un viaje original e inolvidable por el Maestrazgo. En \u00e9l, seguir\u00e1s el itinerario que realiz\u00f3 Labordeta en el primer cap\u00edtulo de \u201cUn pa\u00eds en la mochila\u201d, y podr\u00e1s disfrutar del patrimonio gastron\u00f3mico y cultural que ofrece este territorio. \u00bfC\u00f3mo lo har\u00e1s? \u00a1Muy sencillo! Para completar el recorrido, hemos preparado una historia con Labordeta y otros personajes que no te dejar\u00e1 indiferente. \u00danicamente tendr\u00e1s que seguir cada cap\u00edtulo y resolver varios enigmas haciendo uso de tu observaci\u00f3n e ingenio. Pero atenci\u00f3n: necesitar\u00e1s estar localizable para poder descubrir en la web las pruebas a resolver. As\u00ed que, activa la ubicaci\u00f3n del m\u00f3vil y\u2026 \u00a1Comienza la aventura!<\/p>\n<\/div>\n<\/div><\/div>\n\n\n\n<div class=\"wp-block-uagb-container uag-hide-desktop uagb-block-b9f15456 alignfull uagb-is-root-container\"><div class=\"uagb-container-inner-blocks-wrap\">\n<div class=\"wp-block-uagb-container uagb-block-35310592\">\n<div class=\"wp-block-uagb-image uagb-block-e8e87edf wp-block-uagb-image--layout-default wp-block-uagb-image--effect-static wp-block-uagb-image--align-none\"><figure class=\"wp-block-uagb-image__figure\"><img decoding=\"async\" srcset=\"https:\/\/maestrazgo.org\/rutalabordeta\/wp-content\/uploads\/2024\/10\/iglesia-recorte-min-1024x721.png ,https:\/\/maestrazgo.org\/rutalabordeta\/wp-content\/uploads\/2024\/10\/iglesia-recorte-min.png 780w, https:\/\/maestrazgo.org\/rutalabordeta\/wp-content\/uploads\/2024\/10\/iglesia-recorte-min.png 360w\" sizes=\"auto, (max-width: 480px) 150px\" src=\"https:\/\/maestrazgo.org\/rutalabordeta\/wp-content\/uploads\/2024\/10\/iglesia-recorte-min-1024x721.png\" alt=\"\" class=\"uag-image-62\" width=\"1024\" height=\"721\" title=\"iglesia-recorte-min\" loading=\"lazy\" role=\"img\"\/><\/figure><\/div>\n<\/div>\n\n\n\n<div class=\"wp-block-uagb-container uagb-block-d56dc24a\">\n<div class=\"wp-block-uagb-advanced-heading uagb-block-429363c0\"><p class=\"uagb-desc-text\">No te lo pienses m\u00e1s<\/p><h2 class=\"uagb-heading-text\">Ven y Disfruta<\/h2><\/div>\n\n\n\n<div class=\"wp-block-uagb-advanced-heading uagb-block-ca896488\"><p class=\"uagb-desc-text\">Conociendo el maestrazgo y labordeta<\/p><\/div>\n\n\n\n<div class=\"wp-block-uagb-buttons uagb-buttons__outer-wrap uagb-btn__default-btn uagb-btn-tablet__default-btn uagb-btn-mobile__default-btn uagb-block-d702ccd3\"><div class=\"uagb-buttons__wrap uagb-buttons-layout-wrap \">\n<div class=\"wp-block-uagb-buttons-child uagb-buttons__outer-wrap uagb-block-c2c5336f wp-block-button\"><div class=\"uagb-button__wrapper\"><a class=\"uagb-buttons-repeater wp-block-button__link\" aria-label=\"\" href=\"https:\/\/maestrazgo.org\/rutalabordeta\/reglas-juego\/\" rel=\"follow noopener\" target=\"_self\" role=\"button\"><div class=\"uagb-button__link\">Participa en el juego<\/div><\/a><\/div><\/div>\n<\/div><\/div>\n<\/div>\n<\/div><\/div>\n\n\n\n<div class=\"wp-block-uagb-container uag-hide-tab uag-hide-mob uagb-block-3a27517d alignfull uagb-is-root-container\">\n<div class=\"wp-block-uagb-container uagb-block-b0f02b65 alignfull uagb-is-root-container\"><div class=\"uagb-container-inner-blocks-wrap\">\n<div class=\"wp-block-uagb-container uagb-block-c6d5b3a2\">\n<div class=\"wp-block-uagb-advanced-heading uagb-block-e6d0a769\"><p class=\"uagb-desc-text\">No te lo pienses m\u00e1s<\/p><h2 class=\"uagb-heading-text\">Ven y Disfruta<\/h2><\/div>\n\n\n\n<div class=\"wp-block-uagb-advanced-heading uagb-block-1c795b92\"><p class=\"uagb-desc-text\">Conociendo el maestrazgo y labordeta<\/p><\/div>\n\n\n\n<div class=\"wp-block-uagb-buttons uagb-buttons__outer-wrap uagb-btn__default-btn uagb-btn-tablet__default-btn uagb-btn-mobile__default-btn uagb-block-0896dfed\"><div class=\"uagb-buttons__wrap uagb-buttons-layout-wrap \">\n<div class=\"wp-block-uagb-buttons-child uagb-buttons__outer-wrap uagb-block-d74a2dc4 wp-block-button\"><div class=\"uagb-button__wrapper\"><a class=\"uagb-buttons-repeater wp-block-button__link\" aria-label=\"\" href=\"https:\/\/maestrazgo.org\/rutalabordeta\/reglas-juego\/\" rel=\"follow noopener\" target=\"_self\" role=\"button\"><div class=\"uagb-button__link\">Participa en el juego<\/div><\/a><\/div><\/div>\n<\/div><\/div>\n<\/div>\n\n\n\n<div class=\"wp-block-uagb-container uagb-block-de0ca610\"><\/div>\n<\/div><\/div>\n<\/div>\n","protected":false},"excerpt":{"rendered":"<p>La Ruta Te presentamos un viaje original e inolvidable por el Maestrazgo. En \u00e9l, seguir\u00e1s el itinerario que realiz\u00f3 Labordeta [&hellip;]<\/p>\n","protected":false},"author":1,"featured_media":0,"parent":0,"menu_order":0,"comment_status":"closed","ping_status":"closed","template":"","meta":{"_uag_custom_page_level_css":"","site-sidebar-layout":"no-sidebar","site-content-layout":"plain-container","ast-site-content-layout":"default","site-content-style":"default","site-sidebar-style":"default","ast-global-header-display":"","ast-banner-title-visibility":"","ast-main-header-display":"","ast-hfb-above-header-display":"","ast-hfb-below-header-display":"","ast-hfb-mobile-header-display":"","site-post-title":"disabled","ast-breadcrumbs-content":"","ast-featured-img":"","footer-sml-layout":"","ast-disable-related-posts":"","theme-transparent-header-meta":"enabled","adv-header-id-meta":"","stick-header-meta":"","header-above-stick-meta":"","header-main-stick-meta":"","header-below-stick-meta":"","astra-migrate-meta-layouts":"default","ast-page-background-enabled":"default","ast-page-background-meta":{"desktop":{"background-color":"var(--ast-global-color-4)","background-image":"","background-repeat":"repeat","background-position":"center center","background-size":"auto","background-attachment":"scroll","background-type":"","background-media":"","overlay-type":"","overlay-color":"","overlay-opacity":"","overlay-gradient":""},"tablet":{"background-color":"","background-image":"","background-repeat":"repeat","background-position":"center center","background-size":"auto","background-attachment":"scroll","background-type":"","background-media":"","overlay-type":"","overlay-color":"","overlay-opacity":"","overlay-gradient":""},"mobile":{"background-color":"","background-image":"","background-repeat":"repeat","background-position":"center center","background-size":"auto","background-attachment":"scroll","background-type":"","background-media":"","overlay-type":"","overlay-color":"","overlay-opacity":"","overlay-gradient":""}},"ast-content-background-meta":{"desktop":{"background-color":"var(--ast-global-color-5)","background-image":"","background-repeat":"repeat","background-position":"center center","background-size":"auto","background-attachment":"scroll","background-type":"","background-media":"","overlay-type":"","overlay-color":"","overlay-opacity":"","overlay-gradient":""},"tablet":{"background-color":"var(--ast-global-color-5)","background-image":"","background-repeat":"repeat","background-position":"center center","background-size":"auto","background-attachment":"scroll","background-type":"","background-media":"","overlay-type":"","overlay-color":"","overlay-opacity":"","overlay-gradient":""},"mobile":{"background-color":"var(--ast-global-color-5)","background-image":"","background-repeat":"repeat","background-position":"center center","background-size":"auto","background-attachment":"scroll","background-type":"","background-media":"","overlay-type":"","overlay-color":"","overlay-opacity":"","overlay-gradient":""}},"footnotes":""},"class_list":["post-9","page","type-page","status-publish","hentry"],"yoast_head":"<!-- This site is optimized with the Yoast SEO plugin v27.1.1 - https:\/\/yoast.com\/product\/yoast-seo-wordpress\/ -->\n<title>Inicio - La Ruta Labordeta por el Maestrazgo<\/title>\n<meta name=\"robots\" content=\"index, follow, max-snippet:-1, max-image-preview:large, max-video-preview:-1\" \/>\n<link rel=\"canonical\" href=\"https:\/\/maestrazgo.org\/rutalabordeta\/\" \/>\n<meta property=\"og:locale\" content=\"es_ES\" \/>\n<meta property=\"og:type\" content=\"article\" \/>\n<meta property=\"og:title\" content=\"Inicio - La Ruta Labordeta por el Maestrazgo\" \/>\n<meta property=\"og:description\" content=\"La Ruta Te presentamos un viaje original e inolvidable por el Maestrazgo. En \u00e9l, seguir\u00e1s el itinerario que realiz\u00f3 Labordeta [&hellip;]\" \/>\n<meta property=\"og:url\" content=\"https:\/\/maestrazgo.org\/rutalabordeta\/\" \/>\n<meta property=\"og:site_name\" content=\"La Ruta Labordeta por el Maestrazgo\" \/>\n<meta property=\"article:modified_time\" content=\"2024-11-06T11:47:14+00:00\" \/>\n<meta property=\"og:image\" content=\"https:\/\/maestrazgo.org\/rutalabordeta\/wp-content\/uploads\/2024\/10\/composivcion-labordeta-min.png\" \/>\n<meta name=\"twitter:card\" content=\"summary_large_image\" \/>\n<meta name=\"twitter:label1\" content=\"Tiempo de lectura\" \/>\n\t<meta name=\"twitter:data1\" content=\"2 minutos\" \/>\n<script type=\"application\/ld+json\" class=\"yoast-schema-graph\">{\"@context\":\"https:\/\/schema.org\",\"@graph\":[{\"@type\":\"WebPage\",\"@id\":\"https:\/\/maestrazgo.org\/rutalabordeta\/\",\"url\":\"https:\/\/maestrazgo.org\/rutalabordeta\/\",\"name\":\"Inicio - La Ruta Labordeta por el Maestrazgo\",\"isPartOf\":{\"@id\":\"https:\/\/maestrazgo.org\/rutalabordeta\/#website\"},\"primaryImageOfPage\":{\"@id\":\"https:\/\/maestrazgo.org\/rutalabordeta\/#primaryimage\"},\"image\":{\"@id\":\"https:\/\/maestrazgo.org\/rutalabordeta\/#primaryimage\"},\"thumbnailUrl\":\"https:\/\/maestrazgo.org\/rutalabordeta\/wp-content\/uploads\/2024\/10\/composivcion-labordeta-min.png\",\"datePublished\":\"2024-09-30T10:28:35+00:00\",\"dateModified\":\"2024-11-06T11:47:14+00:00\",\"breadcrumb\":{\"@id\":\"https:\/\/maestrazgo.org\/rutalabordeta\/#breadcrumb\"},\"inLanguage\":\"es\",\"potentialAction\":[{\"@type\":\"ReadAction\",\"target\":[\"https:\/\/maestrazgo.org\/rutalabordeta\/\"]}]},{\"@type\":\"ImageObject\",\"inLanguage\":\"es\",\"@id\":\"https:\/\/maestrazgo.org\/rutalabordeta\/#primaryimage\",\"url\":\"https:\/\/maestrazgo.org\/rutalabordeta\/wp-content\/uploads\/2024\/10\/composivcion-labordeta-min.png\",\"contentUrl\":\"https:\/\/maestrazgo.org\/rutalabordeta\/wp-content\/uploads\/2024\/10\/composivcion-labordeta-min.png\",\"width\":1080,\"height\":1359},{\"@type\":\"BreadcrumbList\",\"@id\":\"https:\/\/maestrazgo.org\/rutalabordeta\/#breadcrumb\",\"itemListElement\":[{\"@type\":\"ListItem\",\"position\":1,\"name\":\"Portada\",\"item\":\"https:\/\/maestrazgo.org\/rutalabordeta\/\"},{\"@type\":\"ListItem\",\"position\":2,\"name\":\"Inicio\"}]},{\"@type\":\"WebSite\",\"@id\":\"https:\/\/maestrazgo.org\/rutalabordeta\/#website\",\"url\":\"https:\/\/maestrazgo.org\/rutalabordeta\/\",\"name\":\"La Ruta Labordeta por el Maestrazgo\",\"description\":\"\",\"publisher\":{\"@id\":\"https:\/\/maestrazgo.org\/rutalabordeta\/#organization\"},\"potentialAction\":[{\"@type\":\"SearchAction\",\"target\":{\"@type\":\"EntryPoint\",\"urlTemplate\":\"https:\/\/maestrazgo.org\/rutalabordeta\/?s={search_term_string}\"},\"query-input\":{\"@type\":\"PropertyValueSpecification\",\"valueRequired\":true,\"valueName\":\"search_term_string\"}}],\"inLanguage\":\"es\"},{\"@type\":\"Organization\",\"@id\":\"https:\/\/maestrazgo.org\/rutalabordeta\/#organization\",\"name\":\"La Ruta Labordeta por el Maestrazgo\",\"url\":\"https:\/\/maestrazgo.org\/rutalabordeta\/\",\"logo\":{\"@type\":\"ImageObject\",\"inLanguage\":\"es\",\"@id\":\"https:\/\/maestrazgo.org\/rutalabordeta\/#\/schema\/logo\/image\/\",\"url\":\"https:\/\/maestrazgo.org\/rutalabordeta\/wp-content\/uploads\/2024\/10\/logo-silueta-labordeta.png\",\"contentUrl\":\"https:\/\/maestrazgo.org\/rutalabordeta\/wp-content\/uploads\/2024\/10\/logo-silueta-labordeta.png\",\"width\":144,\"height\":312,\"caption\":\"La Ruta Labordeta por el Maestrazgo\"},\"image\":{\"@id\":\"https:\/\/maestrazgo.org\/rutalabordeta\/#\/schema\/logo\/image\/\"}}]}<\/script>\n<!-- \/ Yoast SEO plugin. -->","yoast_head_json":{"title":"Inicio - La Ruta Labordeta por el Maestrazgo","robots":{"index":"index","follow":"follow","max-snippet":"max-snippet:-1","max-image-preview":"max-image-preview:large","max-video-preview":"max-video-preview:-1"},"canonical":"https:\/\/maestrazgo.org\/rutalabordeta\/","og_locale":"es_ES","og_type":"article","og_title":"Inicio - La Ruta Labordeta por el Maestrazgo","og_description":"La Ruta Te presentamos un viaje original e inolvidable por el Maestrazgo. En \u00e9l, seguir\u00e1s el itinerario que realiz\u00f3 Labordeta [&hellip;]","og_url":"https:\/\/maestrazgo.org\/rutalabordeta\/","og_site_name":"La Ruta Labordeta por el Maestrazgo","article_modified_time":"2024-11-06T11:47:14+00:00","og_image":[{"url":"https:\/\/maestrazgo.org\/rutalabordeta\/wp-content\/uploads\/2024\/10\/composivcion-labordeta-min.png","type":"","width":"","height":""}],"twitter_card":"summary_large_image","twitter_misc":{"Tiempo de lectura":"2 minutos"},"schema":{"@context":"https:\/\/schema.org","@graph":[{"@type":"WebPage","@id":"https:\/\/maestrazgo.org\/rutalabordeta\/","url":"https:\/\/maestrazgo.org\/rutalabordeta\/","name":"Inicio - La Ruta Labordeta por el Maestrazgo","isPartOf":{"@id":"https:\/\/maestrazgo.org\/rutalabordeta\/#website"},"primaryImageOfPage":{"@id":"https:\/\/maestrazgo.org\/rutalabordeta\/#primaryimage"},"image":{"@id":"https:\/\/maestrazgo.org\/rutalabordeta\/#primaryimage"},"thumbnailUrl":"https:\/\/maestrazgo.org\/rutalabordeta\/wp-content\/uploads\/2024\/10\/composivcion-labordeta-min.png","datePublished":"2024-09-30T10:28:35+00:00","dateModified":"2024-11-06T11:47:14+00:00","breadcrumb":{"@id":"https:\/\/maestrazgo.org\/rutalabordeta\/#breadcrumb"},"inLanguage":"es","potentialAction":[{"@type":"ReadAction","target":["https:\/\/maestrazgo.org\/rutalabordeta\/"]}]},{"@type":"ImageObject","inLanguage":"es","@id":"https:\/\/maestrazgo.org\/rutalabordeta\/#primaryimage","url":"https:\/\/maestrazgo.org\/rutalabordeta\/wp-content\/uploads\/2024\/10\/composivcion-labordeta-min.png","contentUrl":"https:\/\/maestrazgo.org\/rutalabordeta\/wp-content\/uploads\/2024\/10\/composivcion-labordeta-min.png","width":1080,"height":1359},{"@type":"BreadcrumbList","@id":"https:\/\/maestrazgo.org\/rutalabordeta\/#breadcrumb","itemListElement":[{"@type":"ListItem","position":1,"name":"Portada","item":"https:\/\/maestrazgo.org\/rutalabordeta\/"},{"@type":"ListItem","position":2,"name":"Inicio"}]},{"@type":"WebSite","@id":"https:\/\/maestrazgo.org\/rutalabordeta\/#website","url":"https:\/\/maestrazgo.org\/rutalabordeta\/","name":"La Ruta Labordeta por el Maestrazgo","description":"","publisher":{"@id":"https:\/\/maestrazgo.org\/rutalabordeta\/#organization"},"potentialAction":[{"@type":"SearchAction","target":{"@type":"EntryPoint","urlTemplate":"https:\/\/maestrazgo.org\/rutalabordeta\/?s={search_term_string}"},"query-input":{"@type":"PropertyValueSpecification","valueRequired":true,"valueName":"search_term_string"}}],"inLanguage":"es"},{"@type":"Organization","@id":"https:\/\/maestrazgo.org\/rutalabordeta\/#organization","name":"La Ruta Labordeta por el Maestrazgo","url":"https:\/\/maestrazgo.org\/rutalabordeta\/","logo":{"@type":"ImageObject","inLanguage":"es","@id":"https:\/\/maestrazgo.org\/rutalabordeta\/#\/schema\/logo\/image\/","url":"https:\/\/maestrazgo.org\/rutalabordeta\/wp-content\/uploads\/2024\/10\/logo-silueta-labordeta.png","contentUrl":"https:\/\/maestrazgo.org\/rutalabordeta\/wp-content\/uploads\/2024\/10\/logo-silueta-labordeta.png","width":144,"height":312,"caption":"La Ruta Labordeta por el Maestrazgo"},"image":{"@id":"https:\/\/maestrazgo.org\/rutalabordeta\/#\/schema\/logo\/image\/"}}]}},"uagb_featured_image_src":{"full":false,"thumbnail":false,"medium":false,"medium_large":false,"large":false,"1536x1536":false,"2048x2048":false},"uagb_author_info":{"display_name":"admin","author_link":"https:\/\/maestrazgo.org\/rutalabordeta\/author\/desarrollosephor\/"},"uagb_comment_info":0,"uagb_excerpt":"La Ruta Te presentamos un viaje original e inolvidable por el Maestrazgo. En \u00e9l, seguir\u00e1s el itinerario que realiz\u00f3 Labordeta [&hellip;]","_links":{"self":[{"href":"https:\/\/maestrazgo.org\/rutalabordeta\/wp-json\/wp\/v2\/pages\/9","targetHints":{"allow":["GET"]}}],"collection":[{"href":"https:\/\/maestrazgo.org\/rutalabordeta\/wp-json\/wp\/v2\/pages"}],"about":[{"href":"https:\/\/maestrazgo.org\/rutalabordeta\/wp-json\/wp\/v2\/types\/page"}],"author":[{"embeddable":true,"href":"https:\/\/maestrazgo.org\/rutalabordeta\/wp-json\/wp\/v2\/users\/1"}],"replies":[{"embeddable":true,"href":"https:\/\/maestrazgo.org\/rutalabordeta\/wp-json\/wp\/v2\/comments?post=9"}],"version-history":[{"count":40,"href":"https:\/\/maestrazgo.org\/rutalabordeta\/wp-json\/wp\/v2\/pages\/9\/revisions"}],"predecessor-version":[{"id":1171,"href":"https:\/\/maestrazgo.org\/rutalabordeta\/wp-json\/wp\/v2\/pages\/9\/revisions\/1171"}],"wp:attachment":[{"href":"https:\/\/maestrazgo.org\/rutalabordeta\/wp-json\/wp\/v2\/media?parent=9"}],"curies":[{"name":"wp","href":"https:\/\/api.w.org\/{rel}","templated":true}]}}