{"id":893,"date":"2024-10-29T13:47:41","date_gmt":"2024-10-29T12:47:41","guid":{"rendered":"https:\/\/maestrazgo.org\/rutalabordeta\/?page_id=893"},"modified":"2024-12-03T11:43:47","modified_gmt":"2024-12-03T10:43:47","slug":"capitulo-7","status":"publish","type":"page","link":"https:\/\/maestrazgo.org\/rutalabordeta\/cuaderno-de-viaje\/capitulo-7\/","title":{"rendered":"Cap\u00edtulo 7: La Iglesuela del Cid enfrentada"},"content":{"rendered":"\n<div class=\"wp-block-uagb-container uag-hide-mob uagb-block-d6ff807c alignfull uagb-is-root-container\"><div class=\"uagb-container-inner-blocks-wrap\">\n<div class=\"wp-block-uagb-container uagb-block-60bff9ef\">\n<div class=\"wp-block-uagb-advanced-heading uagb-block-c5686189\"><h1 class=\"uagb-heading-text\">\u00a1Te hemos pillado tramposo!<\/h1><\/div>\n\n\n\n<p class=\"has-ast-global-color-7-color has-text-color has-link-color has-medium-font-size wp-elements-62dd1a5901eac544a46795bd9921cc46\">Este divertido juego solo est\u00e1 disponible para m\u00f3vil y durante la ruta de Labordeta en el Maestrazgo. Ponte a prueba y demuestra tus habilidades mientras exploras esta hermosa zona.<\/p>\n\n\n\n<p class=\"has-ast-global-color-7-color has-text-color has-link-color has-medium-font-size wp-elements-b0fe356a3104eb87d1367916adbbafb6\">Pero cuidado, \u00a1no intentes hacer trampas porque te tenemos vigilado! \u00bfEst\u00e1s listo para la aventura?<\/p>\n<\/div>\n\n\n\n<div class=\"wp-block-uagb-container uagb-block-e0183c9e\"><\/div>\n<\/div><\/div>\n\n\n\n<div class=\"wp-block-uagb-container uag-hide-desktop uag-hide-tab uagb-block-4f18426b alignfull uagb-is-root-container\"><div class=\"uagb-container-inner-blocks-wrap\">\n<div class=\"wp-block-uagb-container uagb-block-d92aa8fe\">\n<div class=\"wp-block-uagb-advanced-heading uagb-block-429363c0\"><p class=\"uagb-desc-text\">Capitulo 7<\/p><h1 class=\"uagb-heading-text\">La Iglesuela del Cid enfrentada<\/h1><\/div>\n\n\n\n<div class=\"wp-block-uagb-advanced-heading uagb-block-89306e37\"><p class=\"uagb-heading-text\">Conforme se acercaba al final del itinerario que recorri\u00f3 en el primer cap\u00edtulo de \u201cUn pa\u00eds en la mochila\u201d, Jos\u00e9 Antonio Labordeta sent\u00eda nostalgia. Sab\u00eda que los a\u00f1os pesaban y que es bueno ceder el paso a las nuevas generaciones. Por lo que hab\u00eda visto, desde su \u00faltima visita al Maestrazgo se hab\u00edan emprendido numerosos proyectos para poner en valor el rico patrimonio de la comarca, su rica gastronom\u00eda y su legado hist\u00f3rico.<\/p><\/div>\n\n\n\n<div class=\"wp-block-uagb-advanced-heading uagb-block-ee8eeaeb\"><p class=\"uagb-heading-text\">A lo lejos divis\u00f3 La Iglesuela del Cid, aquella imponente fortaleza templaria, rico basti\u00f3n de los aragoneses en la conquista del territorio de Valencia hace m\u00e1s de setecientos a\u00f1os. Entr\u00f3 por la Calle Camino Real y, a trav\u00e9s de una de las ventanas de una casa modesta, vio a un abuelo ense\u00f1arle a su nieto a manejar un telar de madera. Uno de los m\u00e1s de setenta que hubo a lo largo de los siglos XVIII y XIX.<\/p><\/div>\n\n\n\n<div class=\"wp-block-uagb-advanced-heading uagb-block-c7ceb65c\"><p class=\"uagb-heading-text\">Gir\u00f3 hacia\u00a0 la calle Raballa con la idea de enlazar con la calle Mayor a trav\u00e9s del callizo Cruz. Quer\u00eda volver a ver todas aquellas casas y palacios que testimonian un rico pasado desle\u00eddo con el paso de los a\u00f1os. Escuch\u00f3 unos gritos a lo lejos\u2026<\/p><\/div>\n<\/div>\n\n\n\n<div class=\"wp-block-uagb-container uagb-block-95ee3b3c\">\n<div class=\"wp-block-uagb-advanced-heading uagb-block-1938d25e\"><p class=\"uagb-desc-text\">Prueba 7<\/p><h2 class=\"uagb-heading-text\">Casas enfrentadas<\/h2><\/div>\n\n\n\n<div class=\"wp-block-uagb-advanced-heading uagb-block-da376a1c\"><p class=\"uagb-heading-text\">Donde confluyen la calle Mayor y la calle San Pablo hay una peque\u00f1a plaza. All\u00ed se hayan situadas <strong>dos casas enfrentadas<\/strong>: la Aliaga y la Guijarro (de la estirpe de los Estevan). Igualmente enfrentadas estuvieron en el pasado, dejando constancia de ello en la decoraci\u00f3n de sus fachadas.<br>Para resolver este <strong>enigma visual<\/strong> has de mirar hacia lo alto. Descubrir\u00e1s dos rostros tallados pr\u00f3ximos a las cornisas, uno en cada casa, que dejan claro que no quer\u00edan cruzar palabra. Para obtener el sello has de identificar cu\u00e1l de las siguientes im\u00e1genes NO aparece representado. <\/p><\/div>\n\n\n\n<div class=\"wp-block-uagb-image uagb-block-e2a743df wp-block-uagb-image--layout-default wp-block-uagb-image--effect-static wp-block-uagb-image--align-none\"><figure class=\"wp-block-uagb-image__figure\"><img decoding=\"async\" srcset=\"https:\/\/maestrazgo.org\/rutalabordeta\/wp-content\/uploads\/2024\/10\/PA273469-1024x390.jpg ,https:\/\/maestrazgo.org\/rutalabordeta\/wp-content\/uploads\/2024\/10\/PA273469-scaled.jpg 780w, https:\/\/maestrazgo.org\/rutalabordeta\/wp-content\/uploads\/2024\/10\/PA273469-scaled.jpg 360w\" sizes=\"auto, (max-width: 480px) 150px\" src=\"https:\/\/maestrazgo.org\/rutalabordeta\/wp-content\/uploads\/2024\/10\/PA273469-1024x390.jpg\" alt=\"\" class=\"uag-image-994\" width=\"1024\" height=\"390\" title=\"OLYMPUS DIGITAL CAMERA\" loading=\"lazy\" role=\"img\"\/><\/figure><\/div>\n<\/div>\n\n\n\n<div class=\"wp-block-uagb-container uagb-block-2cf95645\">\n<h3 class=\"wp-block-heading has-text-align-center\">Sellado 7<\/h3>\n\n\n\n<div class=\"wp-block-uagb-advanced-heading uagb-block-e68cf8f4\"><p class=\"uagb-heading-text\">Para que te sellen el pasaporte tendr\u00e1s que ir a <a href=\"https:\/\/www.lacasadelosjamones.com\/\">La Casa de los Jamones<\/a> e indicarles cu\u00e1l de las tres caras NO aparecen en ninguna de las fachadas. <\/p><\/div>\n\n\n\n<div class=\"wp-block-uagb-icon-list uagb-block-c923ea4a\"><div class=\"uagb-icon-list__wrap\">\n<div class=\"wp-block-uagb-icon-list-child uagb-block-a915e2de\"><a target=\"_blank\" aria-label=\"C\/ San Pablo,1, 44142, La Iglesuela del Cid, Teruel.\" rel=\"noopener noreferrer\" href=\"https:\/\/maps.app.goo.gl\/kzSaurzk4PfwDuLM8\"> <\/a><span class=\"uagb-icon-list__source-wrap\"><svg xmlns=\"https:\/\/www.w3.org\/2000\/svg\" viewBox=\"0 0 576 512\"><path d=\"M408 120C408 174.6 334.9 271.9 302.8 311.1C295.1 321.6 280.9 321.6 273.2 311.1C241.1 271.9 168 174.6 168 120C168 53.73 221.7 0 288 0C354.3 0 408 53.73 408 120zM288 152C310.1 152 328 134.1 328 112C328 89.91 310.1 72 288 72C265.9 72 248 89.91 248 112C248 134.1 265.9 152 288 152zM425.6 179.8C426.1 178.6 426.6 177.4 427.1 176.1L543.1 129.7C558.9 123.4 576 135 576 152V422.8C576 432.6 570 441.4 560.9 445.1L416 503V200.4C419.5 193.5 422.7 186.7 425.6 179.8zM150.4 179.8C153.3 186.7 156.5 193.5 160 200.4V451.8L32.91 502.7C17.15 508.1 0 497.4 0 480.4V209.6C0 199.8 5.975 190.1 15.09 187.3L137.6 138.3C140 152.5 144.9 166.6 150.4 179.8H150.4zM327.8 331.1C341.7 314.6 363.5 286.3 384 255V504.3L192 449.4V255C212.5 286.3 234.3 314.6 248.2 331.1C268.7 357.6 307.3 357.6 327.8 331.1L327.8 331.1z\"><\/path><\/svg><\/span><span class=\"uagb-icon-list__label\">C\/ San Pablo,1, 44142, La Iglesuela del Cid, Teruel.<\/span><\/div>\n\n\n\n<div class=\"wp-block-uagb-icon-list-child uagb-block-de6f6fff\"><a target=\"_self\" aria-label=\"964 443 357\" rel=\"noopener noreferrer\" href=\"tel:637 72 86 08\"> <\/a><span class=\"uagb-icon-list__source-wrap\"><svg xmlns=\"https:\/\/www.w3.org\/2000\/svg\" viewBox=\"0 0 512 512\"><path d=\"M511.2 387l-23.25 100.8c-3.266 14.25-15.79 24.22-30.46 24.22C205.2 512 0 306.8 0 54.5c0-14.66 9.969-27.2 24.22-30.45l100.8-23.25C139.7-2.602 154.7 5.018 160.8 18.92l46.52 108.5c5.438 12.78 1.77 27.67-8.98 36.45L144.5 207.1c33.98 69.22 90.26 125.5 159.5 159.5l44.08-53.8c8.688-10.78 23.69-14.51 36.47-8.975l108.5 46.51C506.1 357.2 514.6 372.4 511.2 387z\"><\/path><\/svg><\/span><span class=\"uagb-icon-list__label\">964 443 357<\/span><\/div>\n<\/div><\/div>\n\n\n\n<div class=\"wp-block-uagb-advanced-heading uagb-block-9a88a4f4\"><p class=\"uagb-heading-text\">Si el establecimiento de sellado est\u00e1 cerrado al llegar, env\u00edanos un correo electr\u00f3nico a <a href=\"mailto:rutalabordeta@maestrazgo.org\">rutalabordeta@maestrazgo.org<\/a> con la foto delante del establecimiento y la foto de la prueba resuelta, indicando la fecha y la hora de la visita, con el asunto: \u201cVerificar punto de sellado cerrado\u201d. De esta manera, desde ADEMA os validaremos la continuidad en el juego si resolv\u00e9is la prueba vinculada\u201d.<\/p><\/div>\n\n\n\n<div class=\"wp-block-uagb-image uagb-block-2fa2291d wp-block-uagb-image--layout-default wp-block-uagb-image--effect-static wp-block-uagb-image--align-none\"><figure class=\"wp-block-uagb-image__figure\"><img decoding=\"async\" srcset=\"https:\/\/maestrazgo.org\/rutalabordeta\/wp-content\/uploads\/2024\/10\/Sellos-iglesuela.png ,https:\/\/maestrazgo.org\/rutalabordeta\/wp-content\/uploads\/2024\/10\/Sellos-iglesuela.png 780w, https:\/\/maestrazgo.org\/rutalabordeta\/wp-content\/uploads\/2024\/10\/Sellos-iglesuela.png 360w\" sizes=\"auto, (max-width: 480px) 150px\" src=\"https:\/\/maestrazgo.org\/rutalabordeta\/wp-content\/uploads\/2024\/10\/Sellos-iglesuela.png\" alt=\"\" class=\"uag-image-710\" width=\"150\" height=\"150\" title=\"Sellos-iglesuela\" loading=\"lazy\" role=\"img\"\/><\/figure><\/div>\n<\/div>\n<\/div><\/div>\n\n\n\n<div class=\"wp-block-uagb-container uag-hide-desktop uag-hide-tab uagb-block-8506219f alignfull uagb-is-root-container\">\n<div class=\"wp-block-uagb-container uagb-block-6ed90191 alignfull uagb-is-root-container\"><div class=\"uagb-container-inner-blocks-wrap\">\n<div class=\"wp-block-uagb-advanced-heading uagb-block-e452c806\"><p class=\"uagb-heading-text\"><strong>DESCUBRE<\/strong> a <strong>LABORDETA<\/strong> en la <strong><a href=\"https:\/\/maestrazgo.org\/rutalabordeta\/recursos-laborderta\/\">selecci\u00f3n<\/a><\/strong> de su obra que hemos preparado.<\/p><\/div>\n<\/div><\/div>\n<\/div>\n\n\n\n<div class=\"wp-block-uagb-container uag-hide-desktop uag-hide-tab uagb-block-5224a827 alignfull uagb-is-root-container\"><div class=\"uagb-container-inner-blocks-wrap\">\n<div class=\"wp-block-uagb-buttons uagb-buttons__outer-wrap uagb-btn__default-btn uagb-btn-tablet__default-btn uagb-btn-mobile__default-btn uagb-block-57097e79\"><div class=\"uagb-buttons__wrap uagb-buttons-layout-wrap \">\n<div class=\"wp-block-uagb-buttons-child uagb-buttons__outer-wrap uagb-block-31c4f77c wp-block-button\"><div class=\"uagb-button__wrapper\"><a class=\"uagb-buttons-repeater wp-block-button__link\" aria-label=\"\" href=\"https:\/\/maestrazgo.org\/rutalabordeta\/cuaderno-de-viaje\/capitulo-8\/\" rel=\"follow noopener\" target=\"_self\" role=\"button\"><div class=\"uagb-button__link\">Cap\u00edtulo 8<\/div><span class=\"uagb-button__icon uagb-button__icon-position-after\"><svg xmlns=\"https:\/\/www.w3.org\/2000\/svg\" viewBox=\"0 0 448 512\" aria-hidden=\"true\" focussable=\"false\"><path d=\"M246.6 233.4l-160-160c-12.5-12.5-32.75-12.5-45.25 0s-12.5 32.75 0 45.25L178.8 256l-137.4 137.4c-12.5 12.5-12.5 32.75 0 45.25C47.63 444.9 55.81 448 64 448s16.38-3.125 22.62-9.375l160-160C259.1 266.1 259.1 245.9 246.6 233.4zM438.6 233.4l-160-160c-12.5-12.5-32.75-12.5-45.25 0s-12.5 32.75 0 45.25L370.8 256l-137.4 137.4c-12.5 12.5-12.5 32.75 0 45.25C239.6 444.9 247.8 448 256 448s16.38-3.125 22.62-9.375l160-160C451.1 266.1 451.1 245.9 438.6 233.4z\"><\/path><\/svg><\/span><\/a><\/div><\/div>\n<\/div><\/div>\n<\/div><\/div>\n","protected":false},"excerpt":{"rendered":"<p>\u00a1Te hemos pillado tramposo! Este divertido juego solo est\u00e1 disponible para m\u00f3vil y durante la ruta de Labordeta en el [&hellip;]<\/p>\n","protected":false},"author":1,"featured_media":0,"parent":246,"menu_order":0,"comment_status":"closed","ping_status":"closed","template":"","meta":{"_uag_custom_page_level_css":"","site-sidebar-layout":"default","site-content-layout":"","ast-site-content-layout":"default","site-content-style":"default","site-sidebar-style":"default","ast-global-header-display":"","ast-banner-title-visibility":"","ast-main-header-display":"","ast-hfb-above-header-display":"","ast-hfb-below-header-display":"","ast-hfb-mobile-header-display":"","site-post-title":"disabled","ast-breadcrumbs-content":"","ast-featured-img":"","footer-sml-layout":"","ast-disable-related-posts":"","theme-transparent-header-meta":"enabled","adv-header-id-meta":"","stick-header-meta":"","header-above-stick-meta":"","header-main-stick-meta":"","header-below-stick-meta":"","astra-migrate-meta-layouts":"default","ast-page-background-enabled":"default","ast-page-background-meta":{"desktop":{"background-color":"var(--ast-global-color-4)","background-image":"","background-repeat":"repeat","background-position":"center center","background-size":"auto","background-attachment":"scroll","background-type":"","background-media":"","overlay-type":"","overlay-color":"","overlay-opacity":"","overlay-gradient":""},"tablet":{"background-color":"","background-image":"","background-repeat":"repeat","background-position":"center center","background-size":"auto","background-attachment":"scroll","background-type":"","background-media":"","overlay-type":"","overlay-color":"","overlay-opacity":"","overlay-gradient":""},"mobile":{"background-color":"","background-image":"","background-repeat":"repeat","background-position":"center center","background-size":"auto","background-attachment":"scroll","background-type":"","background-media":"","overlay-type":"","overlay-color":"","overlay-opacity":"","overlay-gradient":""}},"ast-content-background-meta":{"desktop":{"background-color":"var(--ast-global-color-5)","background-image":"","background-repeat":"repeat","background-position":"center center","background-size":"auto","background-attachment":"scroll","background-type":"","background-media":"","overlay-type":"","overlay-color":"","overlay-opacity":"","overlay-gradient":""},"tablet":{"background-color":"var(--ast-global-color-5)","background-image":"","background-repeat":"repeat","background-position":"center center","background-size":"auto","background-attachment":"scroll","background-type":"","background-media":"","overlay-type":"","overlay-color":"","overlay-opacity":"","overlay-gradient":""},"mobile":{"background-color":"var(--ast-global-color-5)","background-image":"","background-repeat":"repeat","background-position":"center center","background-size":"auto","background-attachment":"scroll","background-type":"","background-media":"","overlay-type":"","overlay-color":"","overlay-opacity":"","overlay-gradient":""}},"footnotes":""},"class_list":["post-893","page","type-page","status-publish","hentry"],"yoast_head":"<!-- This site is optimized with the Yoast SEO plugin v27.1.1 - https:\/\/yoast.com\/product\/yoast-seo-wordpress\/ -->\n<title>Cap\u00edtulo 7: La Iglesuela del Cid enfrentada - La Ruta Labordeta por el Maestrazgo<\/title>\n<meta name=\"robots\" content=\"index, follow, max-snippet:-1, max-image-preview:large, max-video-preview:-1\" \/>\n<link rel=\"canonical\" href=\"https:\/\/maestrazgo.org\/rutalabordeta\/cuaderno-de-viaje\/capitulo-7\/\" \/>\n<meta property=\"og:locale\" content=\"es_ES\" \/>\n<meta property=\"og:type\" content=\"article\" \/>\n<meta property=\"og:title\" content=\"Cap\u00edtulo 7: La Iglesuela del Cid enfrentada - La Ruta Labordeta por el Maestrazgo\" \/>\n<meta property=\"og:description\" content=\"\u00a1Te hemos pillado tramposo! Este divertido juego solo est\u00e1 disponible para m\u00f3vil y durante la ruta de Labordeta en el [&hellip;]\" \/>\n<meta property=\"og:url\" content=\"https:\/\/maestrazgo.org\/rutalabordeta\/cuaderno-de-viaje\/capitulo-7\/\" \/>\n<meta property=\"og:site_name\" content=\"La Ruta Labordeta por el Maestrazgo\" \/>\n<meta property=\"article:modified_time\" content=\"2024-12-03T10:43:47+00:00\" \/>\n<meta property=\"og:image\" content=\"https:\/\/maestrazgo.org\/rutalabordeta\/wp-content\/uploads\/2024\/10\/PA273469-1024x390.jpg\" \/>\n<meta name=\"twitter:card\" content=\"summary_large_image\" \/>\n<meta name=\"twitter:label1\" content=\"Tiempo de lectura\" \/>\n\t<meta name=\"twitter:data1\" content=\"3 minutos\" \/>\n<script type=\"application\/ld+json\" class=\"yoast-schema-graph\">{\"@context\":\"https:\/\/schema.org\",\"@graph\":[{\"@type\":\"WebPage\",\"@id\":\"https:\/\/maestrazgo.org\/rutalabordeta\/cuaderno-de-viaje\/capitulo-7\/\",\"url\":\"https:\/\/maestrazgo.org\/rutalabordeta\/cuaderno-de-viaje\/capitulo-7\/\",\"name\":\"Cap\u00edtulo 7: La Iglesuela del Cid enfrentada - La Ruta Labordeta por el Maestrazgo\",\"isPartOf\":{\"@id\":\"https:\/\/maestrazgo.org\/rutalabordeta\/#website\"},\"primaryImageOfPage\":{\"@id\":\"https:\/\/maestrazgo.org\/rutalabordeta\/cuaderno-de-viaje\/capitulo-7\/#primaryimage\"},\"image\":{\"@id\":\"https:\/\/maestrazgo.org\/rutalabordeta\/cuaderno-de-viaje\/capitulo-7\/#primaryimage\"},\"thumbnailUrl\":\"https:\/\/maestrazgo.org\/rutalabordeta\/wp-content\/uploads\/2024\/10\/PA273469-1024x390.jpg\",\"datePublished\":\"2024-10-29T12:47:41+00:00\",\"dateModified\":\"2024-12-03T10:43:47+00:00\",\"breadcrumb\":{\"@id\":\"https:\/\/maestrazgo.org\/rutalabordeta\/cuaderno-de-viaje\/capitulo-7\/#breadcrumb\"},\"inLanguage\":\"es\",\"potentialAction\":[{\"@type\":\"ReadAction\",\"target\":[\"https:\/\/maestrazgo.org\/rutalabordeta\/cuaderno-de-viaje\/capitulo-7\/\"]}]},{\"@type\":\"ImageObject\",\"inLanguage\":\"es\",\"@id\":\"https:\/\/maestrazgo.org\/rutalabordeta\/cuaderno-de-viaje\/capitulo-7\/#primaryimage\",\"url\":\"https:\/\/maestrazgo.org\/rutalabordeta\/wp-content\/uploads\/2024\/10\/PA273469-scaled.jpg\",\"contentUrl\":\"https:\/\/maestrazgo.org\/rutalabordeta\/wp-content\/uploads\/2024\/10\/PA273469-scaled.jpg\",\"width\":2560,\"height\":976,\"caption\":\"OLYMPUS DIGITAL CAMERA\"},{\"@type\":\"BreadcrumbList\",\"@id\":\"https:\/\/maestrazgo.org\/rutalabordeta\/cuaderno-de-viaje\/capitulo-7\/#breadcrumb\",\"itemListElement\":[{\"@type\":\"ListItem\",\"position\":1,\"name\":\"Portada\",\"item\":\"https:\/\/maestrazgo.org\/rutalabordeta\/\"},{\"@type\":\"ListItem\",\"position\":2,\"name\":\"Cuaderno de viaje\",\"item\":\"https:\/\/maestrazgo.org\/rutalabordeta\/cuaderno-de-viaje\/\"},{\"@type\":\"ListItem\",\"position\":3,\"name\":\"Cap\u00edtulo 7: La Iglesuela del Cid enfrentada\"}]},{\"@type\":\"WebSite\",\"@id\":\"https:\/\/maestrazgo.org\/rutalabordeta\/#website\",\"url\":\"https:\/\/maestrazgo.org\/rutalabordeta\/\",\"name\":\"La Ruta Labordeta por el Maestrazgo\",\"description\":\"\",\"publisher\":{\"@id\":\"https:\/\/maestrazgo.org\/rutalabordeta\/#organization\"},\"potentialAction\":[{\"@type\":\"SearchAction\",\"target\":{\"@type\":\"EntryPoint\",\"urlTemplate\":\"https:\/\/maestrazgo.org\/rutalabordeta\/?s={search_term_string}\"},\"query-input\":{\"@type\":\"PropertyValueSpecification\",\"valueRequired\":true,\"valueName\":\"search_term_string\"}}],\"inLanguage\":\"es\"},{\"@type\":\"Organization\",\"@id\":\"https:\/\/maestrazgo.org\/rutalabordeta\/#organization\",\"name\":\"La Ruta Labordeta por el Maestrazgo\",\"url\":\"https:\/\/maestrazgo.org\/rutalabordeta\/\",\"logo\":{\"@type\":\"ImageObject\",\"inLanguage\":\"es\",\"@id\":\"https:\/\/maestrazgo.org\/rutalabordeta\/#\/schema\/logo\/image\/\",\"url\":\"https:\/\/maestrazgo.org\/rutalabordeta\/wp-content\/uploads\/2024\/10\/logo-silueta-labordeta.png\",\"contentUrl\":\"https:\/\/maestrazgo.org\/rutalabordeta\/wp-content\/uploads\/2024\/10\/logo-silueta-labordeta.png\",\"width\":144,\"height\":312,\"caption\":\"La Ruta Labordeta por el Maestrazgo\"},\"image\":{\"@id\":\"https:\/\/maestrazgo.org\/rutalabordeta\/#\/schema\/logo\/image\/\"}}]}<\/script>\n<!-- \/ Yoast SEO plugin. -->","yoast_head_json":{"title":"Cap\u00edtulo 7: La Iglesuela del Cid enfrentada - La Ruta Labordeta por el Maestrazgo","robots":{"index":"index","follow":"follow","max-snippet":"max-snippet:-1","max-image-preview":"max-image-preview:large","max-video-preview":"max-video-preview:-1"},"canonical":"https:\/\/maestrazgo.org\/rutalabordeta\/cuaderno-de-viaje\/capitulo-7\/","og_locale":"es_ES","og_type":"article","og_title":"Cap\u00edtulo 7: La Iglesuela del Cid enfrentada - La Ruta Labordeta por el Maestrazgo","og_description":"\u00a1Te hemos pillado tramposo! Este divertido juego solo est\u00e1 disponible para m\u00f3vil y durante la ruta de Labordeta en el [&hellip;]","og_url":"https:\/\/maestrazgo.org\/rutalabordeta\/cuaderno-de-viaje\/capitulo-7\/","og_site_name":"La Ruta Labordeta por el Maestrazgo","article_modified_time":"2024-12-03T10:43:47+00:00","og_image":[{"url":"https:\/\/maestrazgo.org\/rutalabordeta\/wp-content\/uploads\/2024\/10\/PA273469-1024x390.jpg","type":"","width":"","height":""}],"twitter_card":"summary_large_image","twitter_misc":{"Tiempo de lectura":"3 minutos"},"schema":{"@context":"https:\/\/schema.org","@graph":[{"@type":"WebPage","@id":"https:\/\/maestrazgo.org\/rutalabordeta\/cuaderno-de-viaje\/capitulo-7\/","url":"https:\/\/maestrazgo.org\/rutalabordeta\/cuaderno-de-viaje\/capitulo-7\/","name":"Cap\u00edtulo 7: La Iglesuela del Cid enfrentada - La Ruta Labordeta por el Maestrazgo","isPartOf":{"@id":"https:\/\/maestrazgo.org\/rutalabordeta\/#website"},"primaryImageOfPage":{"@id":"https:\/\/maestrazgo.org\/rutalabordeta\/cuaderno-de-viaje\/capitulo-7\/#primaryimage"},"image":{"@id":"https:\/\/maestrazgo.org\/rutalabordeta\/cuaderno-de-viaje\/capitulo-7\/#primaryimage"},"thumbnailUrl":"https:\/\/maestrazgo.org\/rutalabordeta\/wp-content\/uploads\/2024\/10\/PA273469-1024x390.jpg","datePublished":"2024-10-29T12:47:41+00:00","dateModified":"2024-12-03T10:43:47+00:00","breadcrumb":{"@id":"https:\/\/maestrazgo.org\/rutalabordeta\/cuaderno-de-viaje\/capitulo-7\/#breadcrumb"},"inLanguage":"es","potentialAction":[{"@type":"ReadAction","target":["https:\/\/maestrazgo.org\/rutalabordeta\/cuaderno-de-viaje\/capitulo-7\/"]}]},{"@type":"ImageObject","inLanguage":"es","@id":"https:\/\/maestrazgo.org\/rutalabordeta\/cuaderno-de-viaje\/capitulo-7\/#primaryimage","url":"https:\/\/maestrazgo.org\/rutalabordeta\/wp-content\/uploads\/2024\/10\/PA273469-scaled.jpg","contentUrl":"https:\/\/maestrazgo.org\/rutalabordeta\/wp-content\/uploads\/2024\/10\/PA273469-scaled.jpg","width":2560,"height":976,"caption":"OLYMPUS DIGITAL CAMERA"},{"@type":"BreadcrumbList","@id":"https:\/\/maestrazgo.org\/rutalabordeta\/cuaderno-de-viaje\/capitulo-7\/#breadcrumb","itemListElement":[{"@type":"ListItem","position":1,"name":"Portada","item":"https:\/\/maestrazgo.org\/rutalabordeta\/"},{"@type":"ListItem","position":2,"name":"Cuaderno de viaje","item":"https:\/\/maestrazgo.org\/rutalabordeta\/cuaderno-de-viaje\/"},{"@type":"ListItem","position":3,"name":"Cap\u00edtulo 7: La Iglesuela del Cid enfrentada"}]},{"@type":"WebSite","@id":"https:\/\/maestrazgo.org\/rutalabordeta\/#website","url":"https:\/\/maestrazgo.org\/rutalabordeta\/","name":"La Ruta Labordeta por el Maestrazgo","description":"","publisher":{"@id":"https:\/\/maestrazgo.org\/rutalabordeta\/#organization"},"potentialAction":[{"@type":"SearchAction","target":{"@type":"EntryPoint","urlTemplate":"https:\/\/maestrazgo.org\/rutalabordeta\/?s={search_term_string}"},"query-input":{"@type":"PropertyValueSpecification","valueRequired":true,"valueName":"search_term_string"}}],"inLanguage":"es"},{"@type":"Organization","@id":"https:\/\/maestrazgo.org\/rutalabordeta\/#organization","name":"La Ruta Labordeta por el Maestrazgo","url":"https:\/\/maestrazgo.org\/rutalabordeta\/","logo":{"@type":"ImageObject","inLanguage":"es","@id":"https:\/\/maestrazgo.org\/rutalabordeta\/#\/schema\/logo\/image\/","url":"https:\/\/maestrazgo.org\/rutalabordeta\/wp-content\/uploads\/2024\/10\/logo-silueta-labordeta.png","contentUrl":"https:\/\/maestrazgo.org\/rutalabordeta\/wp-content\/uploads\/2024\/10\/logo-silueta-labordeta.png","width":144,"height":312,"caption":"La Ruta Labordeta por el Maestrazgo"},"image":{"@id":"https:\/\/maestrazgo.org\/rutalabordeta\/#\/schema\/logo\/image\/"}}]}},"uagb_featured_image_src":{"full":false,"thumbnail":false,"medium":false,"medium_large":false,"large":false,"1536x1536":false,"2048x2048":false},"uagb_author_info":{"display_name":"admin","author_link":"https:\/\/maestrazgo.org\/rutalabordeta\/author\/desarrollosephor\/"},"uagb_comment_info":0,"uagb_excerpt":"\u00a1Te hemos pillado tramposo! Este divertido juego solo est\u00e1 disponible para m\u00f3vil y durante la ruta de Labordeta en el [&hellip;]","_links":{"self":[{"href":"https:\/\/maestrazgo.org\/rutalabordeta\/wp-json\/wp\/v2\/pages\/893","targetHints":{"allow":["GET"]}}],"collection":[{"href":"https:\/\/maestrazgo.org\/rutalabordeta\/wp-json\/wp\/v2\/pages"}],"about":[{"href":"https:\/\/maestrazgo.org\/rutalabordeta\/wp-json\/wp\/v2\/types\/page"}],"author":[{"embeddable":true,"href":"https:\/\/maestrazgo.org\/rutalabordeta\/wp-json\/wp\/v2\/users\/1"}],"replies":[{"embeddable":true,"href":"https:\/\/maestrazgo.org\/rutalabordeta\/wp-json\/wp\/v2\/comments?post=893"}],"version-history":[{"count":15,"href":"https:\/\/maestrazgo.org\/rutalabordeta\/wp-json\/wp\/v2\/pages\/893\/revisions"}],"predecessor-version":[{"id":1220,"href":"https:\/\/maestrazgo.org\/rutalabordeta\/wp-json\/wp\/v2\/pages\/893\/revisions\/1220"}],"up":[{"embeddable":true,"href":"https:\/\/maestrazgo.org\/rutalabordeta\/wp-json\/wp\/v2\/pages\/246"}],"wp:attachment":[{"href":"https:\/\/maestrazgo.org\/rutalabordeta\/wp-json\/wp\/v2\/media?parent=893"}],"curies":[{"name":"wp","href":"https:\/\/api.w.org\/{rel}","templated":true}]}}