{"id":246,"date":"2024-10-10T13:22:32","date_gmt":"2024-10-10T11:22:32","guid":{"rendered":"https:\/\/maestrazgo.org\/rutalabordeta\/?page_id=246"},"modified":"2024-10-28T11:47:06","modified_gmt":"2024-10-28T10:47:06","slug":"cuaderno-de-viaje","status":"publish","type":"page","link":"https:\/\/maestrazgo.org\/rutalabordeta\/cuaderno-de-viaje\/","title":{"rendered":"Cuaderno de viaje"},"content":{"rendered":"\n<div class=\"wp-block-uagb-container uag-hide-mob uagb-block-d6ff807c alignfull uagb-is-root-container\"><div class=\"uagb-container-inner-blocks-wrap\">\n<div class=\"wp-block-uagb-container uagb-block-60bff9ef\">\n<div class=\"wp-block-uagb-advanced-heading uagb-block-c5686189\"><h1 class=\"uagb-heading-text\">\u00a1Te hemos pillado tramposo!<\/h1><\/div>\n\n\n\n<p class=\"has-ast-global-color-7-color has-text-color has-link-color has-medium-font-size wp-elements-62dd1a5901eac544a46795bd9921cc46\">Este divertido juego solo est\u00e1 disponible para m\u00f3vil y durante la ruta de Labordeta en el Maestrazgo. Ponte a prueba y demuestra tus habilidades mientras exploras esta hermosa zona.<\/p>\n\n\n\n<p class=\"has-ast-global-color-7-color has-text-color has-link-color has-medium-font-size wp-elements-b0fe356a3104eb87d1367916adbbafb6\">Pero cuidado, \u00a1no intentes hacer trampas porque te tenemos vigilado! \u00bfEst\u00e1s listo para la aventura?<\/p>\n<\/div>\n\n\n\n<div class=\"wp-block-uagb-container uagb-block-e0183c9e\"><\/div>\n<\/div><\/div>\n\n\n\n<div class=\"wp-block-uagb-container uag-hide-desktop uag-hide-tab uagb-block-4f18426b alignfull uagb-is-root-container\"><div class=\"uagb-container-inner-blocks-wrap\">\n<div class=\"wp-block-uagb-container uagb-block-d92aa8fe\">\n<div class=\"wp-block-uagb-advanced-heading uagb-block-429363c0\"><p class=\"uagb-desc-text\">Pre\u00e1mbulo<\/p><h1 class=\"uagb-heading-text\">Mi cuaderno de viaje<\/h1><\/div>\n\n\n\n<div class=\"wp-block-uagb-advanced-heading uagb-block-89306e37\"><p class=\"uagb-heading-text\">Hay quien piensa que una parte de nosotros se queda all\u00e1 por donde vamos, y es quiz\u00e1s por eso que me siento tan extra\u00f1o. Esta ma\u00f1ana, despu\u00e9s de atravesar los \u00d3rganos de Montoro, he querido recorrer el camino que lleva al nacimiento del r\u00edo Pitarque. Estaba llegando al final cuando me he encontrado con dos turistas. Al verme se han quedado p\u00e1lidos, como si hubiesen visto un fantasma. Y, mir\u00e1ndome con extra\u00f1eza, me han dicho: \u201cSe parece much\u00edsimo a Jose Antonio Labordeta, \u00a1parece su viva estampa!\u201d. Y yo no he podido sino responderles: \u201cEs que soy Labordeta.\u201d Entonces se han mirado con una sonrisa de incredulidad y cierto sarcasmo y, tras un \u00a1Venga ya! a modo de despedida, han proseguido su camino.<\/p><\/div>\n\n\n\n<div class=\"wp-block-uagb-image uagb-block-caaaa795 wp-block-uagb-image--layout-default wp-block-uagb-image--effect-static wp-block-uagb-image--align-none\"><figure class=\"wp-block-uagb-image__figure\"><img decoding=\"async\" srcset=\"https:\/\/maestrazgo.org\/rutalabordeta\/wp-content\/uploads\/2024\/10\/img-labordeta.png ,https:\/\/maestrazgo.org\/rutalabordeta\/wp-content\/uploads\/2024\/10\/img-labordeta.png 780w, https:\/\/maestrazgo.org\/rutalabordeta\/wp-content\/uploads\/2024\/10\/img-labordeta.png 360w\" sizes=\"auto, (max-width: 480px) 150px\" src=\"https:\/\/maestrazgo.org\/rutalabordeta\/wp-content\/uploads\/2024\/10\/img-labordeta.png\" alt=\"\" class=\"uag-image-339\" width=\"600\" height=\"796\" title=\"img-labordeta\" loading=\"lazy\" role=\"img\"\/><\/figure><\/div>\n\n\n\n<div class=\"wp-block-uagb-advanced-heading uagb-block-1a88c2c2\"><p class=\"uagb-heading-text\">No me han dado tiempo a explicarles que sent\u00eda ganas de volver a recorrer estas maravillosas tierras, y a degustar sus sabrosas recetas que se remontan, algunas de ellas, a la \u00e9poca de los templarios. As\u00ed que me he propuesto regresar sobre los pasos que di cuando rod\u00e9 el primer cap\u00edtulo de \u201cUn pa\u00eds en la mochila\u201d. Guardaba con especial cari\u00f1o este trozo del camino, que me pareci\u00f3 en su d\u00eda lleno de una incre\u00edble belleza y verdad, un verdadero milagro para los sentidos y el alma, sobre todo en primavera. Y as\u00ed perdura. \u00bfQuieres acompa\u00f1arme?<\/p><\/div>\n<\/div>\n<\/div><\/div>\n\n\n\n<div class=\"wp-block-uagb-container uag-hide-desktop uag-hide-tab uagb-block-5224a827 alignfull uagb-is-root-container\">\n<div class=\"wp-block-uagb-buttons uagb-buttons__outer-wrap uagb-btn__default-btn uagb-btn-tablet__default-btn uagb-btn-mobile__default-btn uagb-block-3e0c5b22\"><div class=\"uagb-buttons__wrap uagb-buttons-layout-wrap \">\n<div class=\"wp-block-uagb-buttons-child uagb-buttons__outer-wrap uagb-block-e63c5df8 wp-block-button\"><div class=\"uagb-button__wrapper\"><a class=\"uagb-buttons-repeater wp-block-button__link\" aria-label=\"\" href=\"https:\/\/maestrazgo.org\/rutalabordeta\/cuaderno-de-viaje\/capitulo-1\/\" rel=\"follow noopener\" target=\"_self\" role=\"button\"><div class=\"uagb-button__link\">Pasar al Cap\u00edtulo 1<\/div><span class=\"uagb-button__icon uagb-button__icon-position-after\"><svg xmlns=\"https:\/\/www.w3.org\/2000\/svg\" viewBox=\"0 0 448 512\" aria-hidden=\"true\" focussable=\"false\"><path d=\"M246.6 233.4l-160-160c-12.5-12.5-32.75-12.5-45.25 0s-12.5 32.75 0 45.25L178.8 256l-137.4 137.4c-12.5 12.5-12.5 32.75 0 45.25C47.63 444.9 55.81 448 64 448s16.38-3.125 22.62-9.375l160-160C259.1 266.1 259.1 245.9 246.6 233.4zM438.6 233.4l-160-160c-12.5-12.5-32.75-12.5-45.25 0s-12.5 32.75 0 45.25L370.8 256l-137.4 137.4c-12.5 12.5-12.5 32.75 0 45.25C239.6 444.9 247.8 448 256 448s16.38-3.125 22.62-9.375l160-160C451.1 266.1 451.1 245.9 438.6 233.4z\"><\/path><\/svg><\/span><\/a><\/div><\/div>\n<\/div><\/div>\n<\/div>\n\n\n\n<p><\/p>\n","protected":false},"excerpt":{"rendered":"<p>\u00a1Te hemos pillado tramposo! Este divertido juego solo est\u00e1 disponible para m\u00f3vil y durante la ruta de Labordeta en el [&hellip;]<\/p>\n","protected":false},"author":1,"featured_media":0,"parent":0,"menu_order":0,"comment_status":"closed","ping_status":"closed","template":"","meta":{"_uag_custom_page_level_css":"","site-sidebar-layout":"default","site-content-layout":"","ast-site-content-layout":"default","site-content-style":"default","site-sidebar-style":"default","ast-global-header-display":"","ast-banner-title-visibility":"","ast-main-header-display":"","ast-hfb-above-header-display":"","ast-hfb-below-header-display":"","ast-hfb-mobile-header-display":"","site-post-title":"disabled","ast-breadcrumbs-content":"","ast-featured-img":"","footer-sml-layout":"","ast-disable-related-posts":"","theme-transparent-header-meta":"enabled","adv-header-id-meta":"","stick-header-meta":"","header-above-stick-meta":"","header-main-stick-meta":"","header-below-stick-meta":"","astra-migrate-meta-layouts":"default","ast-page-background-enabled":"default","ast-page-background-meta":{"desktop":{"background-color":"var(--ast-global-color-4)","background-image":"","background-repeat":"repeat","background-position":"center center","background-size":"auto","background-attachment":"scroll","background-type":"","background-media":"","overlay-type":"","overlay-color":"","overlay-opacity":"","overlay-gradient":""},"tablet":{"background-color":"","background-image":"","background-repeat":"repeat","background-position":"center center","background-size":"auto","background-attachment":"scroll","background-type":"","background-media":"","overlay-type":"","overlay-color":"","overlay-opacity":"","overlay-gradient":""},"mobile":{"background-color":"","background-image":"","background-repeat":"repeat","background-position":"center center","background-size":"auto","background-attachment":"scroll","background-type":"","background-media":"","overlay-type":"","overlay-color":"","overlay-opacity":"","overlay-gradient":""}},"ast-content-background-meta":{"desktop":{"background-color":"var(--ast-global-color-5)","background-image":"","background-repeat":"repeat","background-position":"center center","background-size":"auto","background-attachment":"scroll","background-type":"","background-media":"","overlay-type":"","overlay-color":"","overlay-opacity":"","overlay-gradient":""},"tablet":{"background-color":"var(--ast-global-color-5)","background-image":"","background-repeat":"repeat","background-position":"center center","background-size":"auto","background-attachment":"scroll","background-type":"","background-media":"","overlay-type":"","overlay-color":"","overlay-opacity":"","overlay-gradient":""},"mobile":{"background-color":"var(--ast-global-color-5)","background-image":"","background-repeat":"repeat","background-position":"center center","background-size":"auto","background-attachment":"scroll","background-type":"","background-media":"","overlay-type":"","overlay-color":"","overlay-opacity":"","overlay-gradient":""}},"footnotes":""},"class_list":["post-246","page","type-page","status-publish","hentry"],"yoast_head":"<!-- This site is optimized with the Yoast SEO plugin v27.1.1 - https:\/\/yoast.com\/product\/yoast-seo-wordpress\/ -->\n<title>Cuaderno de viaje - La Ruta Labordeta por el Maestrazgo<\/title>\n<meta name=\"robots\" content=\"index, follow, max-snippet:-1, max-image-preview:large, max-video-preview:-1\" \/>\n<link rel=\"canonical\" href=\"https:\/\/maestrazgo.org\/rutalabordeta\/cuaderno-de-viaje\/\" \/>\n<meta property=\"og:locale\" content=\"es_ES\" \/>\n<meta property=\"og:type\" content=\"article\" \/>\n<meta property=\"og:title\" content=\"Cuaderno de viaje - La Ruta Labordeta por el Maestrazgo\" \/>\n<meta property=\"og:description\" content=\"\u00a1Te hemos pillado tramposo! Este divertido juego solo est\u00e1 disponible para m\u00f3vil y durante la ruta de Labordeta en el [&hellip;]\" \/>\n<meta property=\"og:url\" content=\"https:\/\/maestrazgo.org\/rutalabordeta\/cuaderno-de-viaje\/\" \/>\n<meta property=\"og:site_name\" content=\"La Ruta Labordeta por el Maestrazgo\" \/>\n<meta property=\"article:modified_time\" content=\"2024-10-28T10:47:06+00:00\" \/>\n<meta property=\"og:image\" content=\"https:\/\/maestrazgo.org\/rutalabordeta\/wp-content\/uploads\/2024\/10\/img-labordeta.png\" \/>\n<meta name=\"twitter:card\" content=\"summary_large_image\" \/>\n<meta name=\"twitter:label1\" content=\"Tiempo de lectura\" \/>\n\t<meta name=\"twitter:data1\" content=\"2 minutos\" \/>\n<script type=\"application\/ld+json\" class=\"yoast-schema-graph\">{\"@context\":\"https:\/\/schema.org\",\"@graph\":[{\"@type\":\"WebPage\",\"@id\":\"https:\/\/maestrazgo.org\/rutalabordeta\/cuaderno-de-viaje\/\",\"url\":\"https:\/\/maestrazgo.org\/rutalabordeta\/cuaderno-de-viaje\/\",\"name\":\"Cuaderno de viaje - La Ruta Labordeta por el Maestrazgo\",\"isPartOf\":{\"@id\":\"https:\/\/maestrazgo.org\/rutalabordeta\/#website\"},\"primaryImageOfPage\":{\"@id\":\"https:\/\/maestrazgo.org\/rutalabordeta\/cuaderno-de-viaje\/#primaryimage\"},\"image\":{\"@id\":\"https:\/\/maestrazgo.org\/rutalabordeta\/cuaderno-de-viaje\/#primaryimage\"},\"thumbnailUrl\":\"https:\/\/maestrazgo.org\/rutalabordeta\/wp-content\/uploads\/2024\/10\/img-labordeta.png\",\"datePublished\":\"2024-10-10T11:22:32+00:00\",\"dateModified\":\"2024-10-28T10:47:06+00:00\",\"breadcrumb\":{\"@id\":\"https:\/\/maestrazgo.org\/rutalabordeta\/cuaderno-de-viaje\/#breadcrumb\"},\"inLanguage\":\"es\",\"potentialAction\":[{\"@type\":\"ReadAction\",\"target\":[\"https:\/\/maestrazgo.org\/rutalabordeta\/cuaderno-de-viaje\/\"]}]},{\"@type\":\"ImageObject\",\"inLanguage\":\"es\",\"@id\":\"https:\/\/maestrazgo.org\/rutalabordeta\/cuaderno-de-viaje\/#primaryimage\",\"url\":\"https:\/\/maestrazgo.org\/rutalabordeta\/wp-content\/uploads\/2024\/10\/img-labordeta.png\",\"contentUrl\":\"https:\/\/maestrazgo.org\/rutalabordeta\/wp-content\/uploads\/2024\/10\/img-labordeta.png\",\"width\":601,\"height\":575},{\"@type\":\"BreadcrumbList\",\"@id\":\"https:\/\/maestrazgo.org\/rutalabordeta\/cuaderno-de-viaje\/#breadcrumb\",\"itemListElement\":[{\"@type\":\"ListItem\",\"position\":1,\"name\":\"Portada\",\"item\":\"https:\/\/maestrazgo.org\/rutalabordeta\/\"},{\"@type\":\"ListItem\",\"position\":2,\"name\":\"Cuaderno de viaje\"}]},{\"@type\":\"WebSite\",\"@id\":\"https:\/\/maestrazgo.org\/rutalabordeta\/#website\",\"url\":\"https:\/\/maestrazgo.org\/rutalabordeta\/\",\"name\":\"La Ruta Labordeta por el Maestrazgo\",\"description\":\"\",\"publisher\":{\"@id\":\"https:\/\/maestrazgo.org\/rutalabordeta\/#organization\"},\"potentialAction\":[{\"@type\":\"SearchAction\",\"target\":{\"@type\":\"EntryPoint\",\"urlTemplate\":\"https:\/\/maestrazgo.org\/rutalabordeta\/?s={search_term_string}\"},\"query-input\":{\"@type\":\"PropertyValueSpecification\",\"valueRequired\":true,\"valueName\":\"search_term_string\"}}],\"inLanguage\":\"es\"},{\"@type\":\"Organization\",\"@id\":\"https:\/\/maestrazgo.org\/rutalabordeta\/#organization\",\"name\":\"La Ruta Labordeta por el Maestrazgo\",\"url\":\"https:\/\/maestrazgo.org\/rutalabordeta\/\",\"logo\":{\"@type\":\"ImageObject\",\"inLanguage\":\"es\",\"@id\":\"https:\/\/maestrazgo.org\/rutalabordeta\/#\/schema\/logo\/image\/\",\"url\":\"https:\/\/maestrazgo.org\/rutalabordeta\/wp-content\/uploads\/2024\/10\/logo-silueta-labordeta.png\",\"contentUrl\":\"https:\/\/maestrazgo.org\/rutalabordeta\/wp-content\/uploads\/2024\/10\/logo-silueta-labordeta.png\",\"width\":144,\"height\":312,\"caption\":\"La Ruta Labordeta por el Maestrazgo\"},\"image\":{\"@id\":\"https:\/\/maestrazgo.org\/rutalabordeta\/#\/schema\/logo\/image\/\"}}]}<\/script>\n<!-- \/ Yoast SEO plugin. -->","yoast_head_json":{"title":"Cuaderno de viaje - La Ruta Labordeta por el Maestrazgo","robots":{"index":"index","follow":"follow","max-snippet":"max-snippet:-1","max-image-preview":"max-image-preview:large","max-video-preview":"max-video-preview:-1"},"canonical":"https:\/\/maestrazgo.org\/rutalabordeta\/cuaderno-de-viaje\/","og_locale":"es_ES","og_type":"article","og_title":"Cuaderno de viaje - La Ruta Labordeta por el Maestrazgo","og_description":"\u00a1Te hemos pillado tramposo! Este divertido juego solo est\u00e1 disponible para m\u00f3vil y durante la ruta de Labordeta en el [&hellip;]","og_url":"https:\/\/maestrazgo.org\/rutalabordeta\/cuaderno-de-viaje\/","og_site_name":"La Ruta Labordeta por el Maestrazgo","article_modified_time":"2024-10-28T10:47:06+00:00","og_image":[{"url":"https:\/\/maestrazgo.org\/rutalabordeta\/wp-content\/uploads\/2024\/10\/img-labordeta.png","type":"","width":"","height":""}],"twitter_card":"summary_large_image","twitter_misc":{"Tiempo de lectura":"2 minutos"},"schema":{"@context":"https:\/\/schema.org","@graph":[{"@type":"WebPage","@id":"https:\/\/maestrazgo.org\/rutalabordeta\/cuaderno-de-viaje\/","url":"https:\/\/maestrazgo.org\/rutalabordeta\/cuaderno-de-viaje\/","name":"Cuaderno de viaje - La Ruta Labordeta por el Maestrazgo","isPartOf":{"@id":"https:\/\/maestrazgo.org\/rutalabordeta\/#website"},"primaryImageOfPage":{"@id":"https:\/\/maestrazgo.org\/rutalabordeta\/cuaderno-de-viaje\/#primaryimage"},"image":{"@id":"https:\/\/maestrazgo.org\/rutalabordeta\/cuaderno-de-viaje\/#primaryimage"},"thumbnailUrl":"https:\/\/maestrazgo.org\/rutalabordeta\/wp-content\/uploads\/2024\/10\/img-labordeta.png","datePublished":"2024-10-10T11:22:32+00:00","dateModified":"2024-10-28T10:47:06+00:00","breadcrumb":{"@id":"https:\/\/maestrazgo.org\/rutalabordeta\/cuaderno-de-viaje\/#breadcrumb"},"inLanguage":"es","potentialAction":[{"@type":"ReadAction","target":["https:\/\/maestrazgo.org\/rutalabordeta\/cuaderno-de-viaje\/"]}]},{"@type":"ImageObject","inLanguage":"es","@id":"https:\/\/maestrazgo.org\/rutalabordeta\/cuaderno-de-viaje\/#primaryimage","url":"https:\/\/maestrazgo.org\/rutalabordeta\/wp-content\/uploads\/2024\/10\/img-labordeta.png","contentUrl":"https:\/\/maestrazgo.org\/rutalabordeta\/wp-content\/uploads\/2024\/10\/img-labordeta.png","width":601,"height":575},{"@type":"BreadcrumbList","@id":"https:\/\/maestrazgo.org\/rutalabordeta\/cuaderno-de-viaje\/#breadcrumb","itemListElement":[{"@type":"ListItem","position":1,"name":"Portada","item":"https:\/\/maestrazgo.org\/rutalabordeta\/"},{"@type":"ListItem","position":2,"name":"Cuaderno de viaje"}]},{"@type":"WebSite","@id":"https:\/\/maestrazgo.org\/rutalabordeta\/#website","url":"https:\/\/maestrazgo.org\/rutalabordeta\/","name":"La Ruta Labordeta por el Maestrazgo","description":"","publisher":{"@id":"https:\/\/maestrazgo.org\/rutalabordeta\/#organization"},"potentialAction":[{"@type":"SearchAction","target":{"@type":"EntryPoint","urlTemplate":"https:\/\/maestrazgo.org\/rutalabordeta\/?s={search_term_string}"},"query-input":{"@type":"PropertyValueSpecification","valueRequired":true,"valueName":"search_term_string"}}],"inLanguage":"es"},{"@type":"Organization","@id":"https:\/\/maestrazgo.org\/rutalabordeta\/#organization","name":"La Ruta Labordeta por el Maestrazgo","url":"https:\/\/maestrazgo.org\/rutalabordeta\/","logo":{"@type":"ImageObject","inLanguage":"es","@id":"https:\/\/maestrazgo.org\/rutalabordeta\/#\/schema\/logo\/image\/","url":"https:\/\/maestrazgo.org\/rutalabordeta\/wp-content\/uploads\/2024\/10\/logo-silueta-labordeta.png","contentUrl":"https:\/\/maestrazgo.org\/rutalabordeta\/wp-content\/uploads\/2024\/10\/logo-silueta-labordeta.png","width":144,"height":312,"caption":"La Ruta Labordeta por el Maestrazgo"},"image":{"@id":"https:\/\/maestrazgo.org\/rutalabordeta\/#\/schema\/logo\/image\/"}}]}},"uagb_featured_image_src":{"full":false,"thumbnail":false,"medium":false,"medium_large":false,"large":false,"1536x1536":false,"2048x2048":false},"uagb_author_info":{"display_name":"admin","author_link":"https:\/\/maestrazgo.org\/rutalabordeta\/author\/desarrollosephor\/"},"uagb_comment_info":0,"uagb_excerpt":"\u00a1Te hemos pillado tramposo! Este divertido juego solo est\u00e1 disponible para m\u00f3vil y durante la ruta de Labordeta en el [&hellip;]","_links":{"self":[{"href":"https:\/\/maestrazgo.org\/rutalabordeta\/wp-json\/wp\/v2\/pages\/246","targetHints":{"allow":["GET"]}}],"collection":[{"href":"https:\/\/maestrazgo.org\/rutalabordeta\/wp-json\/wp\/v2\/pages"}],"about":[{"href":"https:\/\/maestrazgo.org\/rutalabordeta\/wp-json\/wp\/v2\/types\/page"}],"author":[{"embeddable":true,"href":"https:\/\/maestrazgo.org\/rutalabordeta\/wp-json\/wp\/v2\/users\/1"}],"replies":[{"embeddable":true,"href":"https:\/\/maestrazgo.org\/rutalabordeta\/wp-json\/wp\/v2\/comments?post=246"}],"version-history":[{"count":35,"href":"https:\/\/maestrazgo.org\/rutalabordeta\/wp-json\/wp\/v2\/pages\/246\/revisions"}],"predecessor-version":[{"id":833,"href":"https:\/\/maestrazgo.org\/rutalabordeta\/wp-json\/wp\/v2\/pages\/246\/revisions\/833"}],"wp:attachment":[{"href":"https:\/\/maestrazgo.org\/rutalabordeta\/wp-json\/wp\/v2\/media?parent=246"}],"curies":[{"name":"wp","href":"https:\/\/api.w.org\/{rel}","templated":true}]}}