{"id":163,"date":"2024-10-10T08:56:30","date_gmt":"2024-10-10T06:56:30","guid":{"rendered":"https:\/\/maestrazgo.org\/rutalabordeta\/?page_id=163"},"modified":"2024-11-08T10:44:01","modified_gmt":"2024-11-08T09:44:01","slug":"los-pueblos","status":"publish","type":"page","link":"https:\/\/maestrazgo.org\/rutalabordeta\/los-pueblos\/","title":{"rendered":"Los pueblos"},"content":{"rendered":"\n<div class=\"wp-block-uagb-container uagb-block-22cf0944 alignfull uagb-is-root-container\"><div class=\"uagb-container-inner-blocks-wrap\">\n<div class=\"wp-block-uagb-advanced-heading uagb-block-429363c0\"><p class=\"uagb-desc-text\">Un paseo por<\/p><h1 class=\"uagb-heading-text\">Los Pueblos<\/h1><\/div>\n<\/div><\/div>\n\n\n\n<div class=\"wp-block-uagb-container uagb-block-c95d1753 alignfull uagb-is-root-container\">\n<div class=\"wp-block-uagb-container uagb-block-272477c6 alignfull uagb-is-root-container\"><div class=\"uagb-container-inner-blocks-wrap\">\n<div class=\"wp-block-uagb-container uagb-block-af4778b2\"><\/div>\n\n\n\n<div class=\"wp-block-uagb-container uagb-block-89eef9d8\">\n<div class=\"wp-block-uagb-advanced-heading uagb-block-fabf472b\"><p class=\"uagb-desc-text\">Comienza<\/p><h2 class=\"uagb-heading-text\">La aventura<\/h2><\/div>\n\n\n\n<div class=\"wp-block-uagb-container uagb-block-4d2a5941\">\n<p class=\"has-ast-global-color-2-color has-text-color has-link-color wp-elements-fb8176c0db994613c60f7617b656e697\">Vas a adentrarte en <strong>un territorio milenario<\/strong>. De todos los pueblos que componen <strong>la comarca del Maestrazgo<\/strong> hemos seleccionado aquellos que protagonizaron <strong>la ruta de Labordeta en el programa \u201cUn pa\u00eds en la mochila\u201d.<\/strong> Pero seguro que, cuando empieces a <strong><a href=\"https:\/\/turismomaestrazgo.org\/organiza-tu-viaje\/\">organizar el viaje<\/a><\/strong>, te encuentras con multitud de ideas que complementan esta ruta.<\/p>\n\n\n\n<p class=\"has-ast-global-color-2-color has-text-color has-link-color wp-elements-1a86fb552210d6eee184bfa7c2ccc41f\">La orograf\u00eda, el clima y su ecosistema, junto a oficios centenarios y la presencia de m\u00faltiples culturas, han dado como resultado la puesta en valor de sus productos gastron\u00f3micos con <strong>Sellos Denominaci\u00f3n de Origen<\/strong> que incitan a <strong><a href=\"https:\/\/turismomaestrazgo.org\/tag\/saborea\/\">disfrutar de estas tierras con todos los sentidos<\/a><\/strong>.<\/p>\n\n\n\n<p class=\"has-ast-global-color-2-color has-text-color has-link-color wp-elements-e017c84375a453d64ad249a272da5593\">En este viaje descubrir\u00e1s <strong>un territorio querido por sus gentes<\/strong>, que no cesan de promover programas culturales innovadores, que ponen en valor su patrimonio hist\u00f3rico-art\u00edstico, su gastronom\u00eda y sus tradiciones. Y, sobre todo, un territorio que no deja de sorprender a quienes lo conocen. Muestra de ello es su reconocimiento por organismos internacionales, como la <strong>UNESCO<\/strong> y la <strong>Organizaci\u00f3n Mundial del Turismo (OMT)<\/strong>.&nbsp;&nbsp;&nbsp;&nbsp;&nbsp;&nbsp;&nbsp;&nbsp;&nbsp;&nbsp;&nbsp;&nbsp;&nbsp;&nbsp;&nbsp;&nbsp;&nbsp;&nbsp;&nbsp;&nbsp;&nbsp;&nbsp;&nbsp;&nbsp;&nbsp;&nbsp;&nbsp;&nbsp;&nbsp;&nbsp;&nbsp;<\/p>\n<\/div>\n<\/div>\n<\/div><\/div>\n<\/div>\n\n\n\n<div class=\"wp-block-uagb-container uagb-block-d80a8022 alignfull uagb-is-root-container\"><div class=\"uagb-container-inner-blocks-wrap\">\n<div class=\"wp-block-uagb-container uagb-block-7473bb72\">\n<div class=\"wp-block-uagb-container uagb-block-65c989d4\">\n<div class=\"wp-block-uagb-container uagb-block-663e9351\">\n<div class=\"wp-block-uagb-info-box uagb-block-9dd20541 uagb-infobox__content-wrap  uagb-infobox_cta-type-all uagb-infobox-icon-above-title uagb-infobox-image-valign-top\"><a href=\"https:\/\/maestrazgo.org\/rutalabordeta\/montoro-de-mezquita\/\" class=\"uagb-infobox-link-wrap uagb-infbox__link-to-all\" target=\"_self\" aria-label=\"Infobox Link\" rel=\"noopener noreferrer\" onclick=\"return true;\"><\/a><div class=\"uagb-ifb-content\"><div class=\"uagb-ifb-icon-wrap\"><svg xmlns=\"https:\/\/www.w3.org\/2000\/svg\" viewBox=\"0 0 512 512\"><path d=\"M0 256C0 114.6 114.6 0 256 0C397.4 0 512 114.6 512 256C512 397.4 397.4 512 256 512C114.6 512 0 397.4 0 256zM256 368C269.3 368 280 357.3 280 344V280H344C357.3 280 368 269.3 368 256C368 242.7 357.3 232 344 232H280V168C280 154.7 269.3 144 256 144C242.7 144 232 154.7 232 168V232H168C154.7 232 144 242.7 144 256C144 269.3 154.7 280 168 280H232V344C232 357.3 242.7 368 256 368z\"><\/path><\/svg><\/div><div class=\"uagb-ifb-title-wrap\"><h3 class=\"uagb-ifb-title\">Montoro de Mezquita<\/h3><\/div><div class=\"uagb-ifb-button-wrapper wp-block-button\"><\/div><\/div><\/div>\n<\/div>\n<\/div>\n\n\n\n<div class=\"wp-block-uagb-container uagb-block-882be439\">\n<div class=\"wp-block-uagb-container uagb-block-c8d63d27\">\n<div class=\"wp-block-uagb-info-box uagb-block-aaa1692c uagb-infobox__content-wrap  uagb-infobox_cta-type-all uagb-infobox-icon-above-title uagb-infobox-image-valign-top\"><a href=\"https:\/\/maestrazgo.org\/rutalabordeta\/pitarque\/\" class=\"uagb-infobox-link-wrap uagb-infbox__link-to-all\" target=\"_self\" aria-label=\"Infobox Link\" rel=\"noopener noreferrer\" onclick=\"return true;\"><\/a><div class=\"uagb-ifb-content\"><div class=\"uagb-ifb-icon-wrap\"><svg xmlns=\"https:\/\/www.w3.org\/2000\/svg\" viewBox=\"0 0 512 512\"><path d=\"M0 256C0 114.6 114.6 0 256 0C397.4 0 512 114.6 512 256C512 397.4 397.4 512 256 512C114.6 512 0 397.4 0 256zM256 368C269.3 368 280 357.3 280 344V280H344C357.3 280 368 269.3 368 256C368 242.7 357.3 232 344 232H280V168C280 154.7 269.3 144 256 144C242.7 144 232 154.7 232 168V232H168C154.7 232 144 242.7 144 256C144 269.3 154.7 280 168 280H232V344C232 357.3 242.7 368 256 368z\"><\/path><\/svg><\/div><div class=\"uagb-ifb-title-wrap\"><h3 class=\"uagb-ifb-title\">Pitarque<\/h3><\/div><div class=\"uagb-ifb-button-wrapper wp-block-button\"><\/div><\/div><\/div>\n<\/div>\n<\/div>\n\n\n\n<div class=\"wp-block-uagb-container uagb-block-e6b3ff00\">\n<div class=\"wp-block-uagb-container uagb-block-0613b4da\">\n<div class=\"wp-block-uagb-info-box uagb-block-0e55da58 uagb-infobox__content-wrap  uagb-infobox_cta-type-all uagb-infobox-icon-above-title uagb-infobox-image-valign-top\"><a href=\"https:\/\/maestrazgo.org\/rutalabordeta\/villarluengo\/\" class=\"uagb-infobox-link-wrap uagb-infbox__link-to-all\" target=\"_self\" aria-label=\"Infobox Link\" rel=\"noopener noreferrer\" onclick=\"return true;\"><\/a><div class=\"uagb-ifb-content\"><div class=\"uagb-ifb-icon-wrap\"><svg xmlns=\"https:\/\/www.w3.org\/2000\/svg\" viewBox=\"0 0 512 512\"><path d=\"M0 256C0 114.6 114.6 0 256 0C397.4 0 512 114.6 512 256C512 397.4 397.4 512 256 512C114.6 512 0 397.4 0 256zM256 368C269.3 368 280 357.3 280 344V280H344C357.3 280 368 269.3 368 256C368 242.7 357.3 232 344 232H280V168C280 154.7 269.3 144 256 144C242.7 144 232 154.7 232 168V232H168C154.7 232 144 242.7 144 256C144 269.3 154.7 280 168 280H232V344C232 357.3 242.7 368 256 368z\"><\/path><\/svg><\/div><div class=\"uagb-ifb-title-wrap\"><h3 class=\"uagb-ifb-title\">Villarluego<\/h3><\/div><div class=\"uagb-ifb-button-wrapper wp-block-button\"><\/div><\/div><\/div>\n<\/div>\n<\/div>\n\n\n\n<div class=\"wp-block-uagb-container uagb-block-480b758e\">\n<div class=\"wp-block-uagb-container uagb-block-b7e383ec\">\n<div class=\"wp-block-uagb-info-box uagb-block-8d02c9c9 uagb-infobox__content-wrap  uagb-infobox_cta-type-all uagb-infobox-icon-above-title uagb-infobox-image-valign-top\"><a href=\"https:\/\/maestrazgo.org\/rutalabordeta\/tronchon\/\" class=\"uagb-infobox-link-wrap uagb-infbox__link-to-all\" target=\"_self\" aria-label=\"Infobox Link\" rel=\"noopener noreferrer\" onclick=\"return true;\"><\/a><div class=\"uagb-ifb-content\"><div class=\"uagb-ifb-icon-wrap\"><svg xmlns=\"https:\/\/www.w3.org\/2000\/svg\" viewBox=\"0 0 512 512\"><path d=\"M0 256C0 114.6 114.6 0 256 0C397.4 0 512 114.6 512 256C512 397.4 397.4 512 256 512C114.6 512 0 397.4 0 256zM256 368C269.3 368 280 357.3 280 344V280H344C357.3 280 368 269.3 368 256C368 242.7 357.3 232 344 232H280V168C280 154.7 269.3 144 256 144C242.7 144 232 154.7 232 168V232H168C154.7 232 144 242.7 144 256C144 269.3 154.7 280 168 280H232V344C232 357.3 242.7 368 256 368z\"><\/path><\/svg><\/div><div class=\"uagb-ifb-title-wrap\"><h3 class=\"uagb-ifb-title\">Tronch\u00f3n<\/h3><\/div><div class=\"uagb-ifb-button-wrapper wp-block-button\"><\/div><\/div><\/div>\n<\/div>\n<\/div>\n<\/div>\n\n\n\n<div class=\"wp-block-uagb-container uagb-block-eb47a047\">\n<div class=\"wp-block-uagb-container uagb-block-c0a9a17d\"><\/div>\n\n\n\n<div class=\"wp-block-uagb-container uagb-block-bc853204\">\n<div class=\"wp-block-uagb-container uagb-block-5e266587\">\n<div class=\"wp-block-uagb-info-box uagb-block-1e05448f uagb-infobox__content-wrap  uagb-infobox_cta-type-all uagb-infobox-icon-above-title uagb-infobox-image-valign-top\"><a href=\"https:\/\/maestrazgo.org\/rutalabordeta\/mirambel\/\" class=\"uagb-infobox-link-wrap uagb-infbox__link-to-all\" target=\"_self\" aria-label=\"Infobox Link\" rel=\"noopener noreferrer\" onclick=\"return true;\"><\/a><div class=\"uagb-ifb-content\"><div class=\"uagb-ifb-icon-wrap\"><svg xmlns=\"https:\/\/www.w3.org\/2000\/svg\" viewBox=\"0 0 512 512\"><path d=\"M0 256C0 114.6 114.6 0 256 0C397.4 0 512 114.6 512 256C512 397.4 397.4 512 256 512C114.6 512 0 397.4 0 256zM256 368C269.3 368 280 357.3 280 344V280H344C357.3 280 368 269.3 368 256C368 242.7 357.3 232 344 232H280V168C280 154.7 269.3 144 256 144C242.7 144 232 154.7 232 168V232H168C154.7 232 144 242.7 144 256C144 269.3 154.7 280 168 280H232V344C232 357.3 242.7 368 256 368z\"><\/path><\/svg><\/div><div class=\"uagb-ifb-title-wrap\"><h3 class=\"uagb-ifb-title\">Mirambel<\/h3><\/div><div class=\"uagb-ifb-button-wrapper wp-block-button\"><\/div><\/div><\/div>\n<\/div>\n<\/div>\n\n\n\n<div class=\"wp-block-uagb-container uagb-block-019ce0e8\">\n<div class=\"wp-block-uagb-container uagb-block-8d663635\">\n<div class=\"wp-block-uagb-info-box uagb-block-4a8a871f uagb-infobox__content-wrap  uagb-infobox_cta-type-all uagb-infobox-icon-above-title uagb-infobox-image-valign-top\"><a href=\"https:\/\/maestrazgo.org\/rutalabordeta\/cantavieja\/\" class=\"uagb-infobox-link-wrap uagb-infbox__link-to-all\" target=\"_self\" aria-label=\"Infobox Link\" rel=\"noopener noreferrer\" onclick=\"return true;\"><\/a><div class=\"uagb-ifb-content\"><div class=\"uagb-ifb-icon-wrap\"><svg xmlns=\"https:\/\/www.w3.org\/2000\/svg\" viewBox=\"0 0 512 512\"><path d=\"M0 256C0 114.6 114.6 0 256 0C397.4 0 512 114.6 512 256C512 397.4 397.4 512 256 512C114.6 512 0 397.4 0 256zM256 368C269.3 368 280 357.3 280 344V280H344C357.3 280 368 269.3 368 256C368 242.7 357.3 232 344 232H280V168C280 154.7 269.3 144 256 144C242.7 144 232 154.7 232 168V232H168C154.7 232 144 242.7 144 256C144 269.3 154.7 280 168 280H232V344C232 357.3 242.7 368 256 368z\"><\/path><\/svg><\/div><div class=\"uagb-ifb-title-wrap\"><h3 class=\"uagb-ifb-title\">Cantavieja<\/h3><\/div><div class=\"uagb-ifb-button-wrapper wp-block-button\"><\/div><\/div><\/div>\n<\/div>\n<\/div>\n\n\n\n<div class=\"wp-block-uagb-container uagb-block-b949c5c5\">\n<div class=\"wp-block-uagb-container uagb-block-73dcf7ca\">\n<div class=\"wp-block-uagb-info-box uagb-block-eaafadf8 uagb-infobox__content-wrap  uagb-infobox_cta-type-all uagb-infobox-icon-above-title uagb-infobox-image-valign-top\"><a href=\"https:\/\/maestrazgo.org\/rutalabordeta\/la-iglesuela\/\" class=\"uagb-infobox-link-wrap uagb-infbox__link-to-all\" target=\"_self\" aria-label=\"Infobox Link\" rel=\"noopener noreferrer\" onclick=\"return true;\"><\/a><div class=\"uagb-ifb-content\"><div class=\"uagb-ifb-icon-wrap\"><svg xmlns=\"https:\/\/www.w3.org\/2000\/svg\" viewBox=\"0 0 512 512\"><path d=\"M0 256C0 114.6 114.6 0 256 0C397.4 0 512 114.6 512 256C512 397.4 397.4 512 256 512C114.6 512 0 397.4 0 256zM256 368C269.3 368 280 357.3 280 344V280H344C357.3 280 368 269.3 368 256C368 242.7 357.3 232 344 232H280V168C280 154.7 269.3 144 256 144C242.7 144 232 154.7 232 168V232H168C154.7 232 144 242.7 144 256C144 269.3 154.7 280 168 280H232V344C232 357.3 242.7 368 256 368z\"><\/path><\/svg><\/div><div class=\"uagb-ifb-title-wrap\"><h3 class=\"uagb-ifb-title\">La Iglesuela<\/h3><\/div><div class=\"uagb-ifb-button-wrapper wp-block-button\"><\/div><\/div><\/div>\n<\/div>\n<\/div>\n\n\n\n<div class=\"wp-block-uagb-container uagb-block-0ac479bf\"><\/div>\n<\/div>\n<\/div><\/div>\n\n\n\n<div class=\"wp-block-uagb-container uagb-block-3a27517d alignfull uagb-is-root-container\">\n<div class=\"wp-block-uagb-container uagb-block-b0f02b65 alignfull uagb-is-root-container\"><div class=\"uagb-container-inner-blocks-wrap\">\n<div class=\"wp-block-uagb-container uagb-block-c6d5b3a2\">\n<div class=\"wp-block-uagb-advanced-heading uagb-block-0b5ca9be\"><p class=\"uagb-desc-text\">Y adem\u00e1s&#8230;<\/p><h2 class=\"uagb-heading-text\">Ep\u00edlogo<\/h2><\/div>\n<\/div>\n\n\n\n<div class=\"wp-block-uagb-container uagb-block-de0ca610\">\n<div class=\"wp-block-uagb-container uagb-block-5ac597e9\">\n<div class=\"wp-block-uagb-container uagb-block-bbbd5fef\">\n<div class=\"wp-block-uagb-info-box uagb-block-aae5e876 uagb-infobox__content-wrap  uagb-infobox_cta-type-all uagb-infobox-icon-above-title uagb-infobox-image-valign-top\"><a href=\"https:\/\/maestrazgo.org\/rutalabordeta\/los-pueblos\/epilogo\/\" class=\"uagb-infobox-link-wrap uagb-infbox__link-to-all\" target=\"_self\" aria-label=\"Infobox Link\" rel=\"noopener noreferrer\" onclick=\"return true;\"><\/a><div class=\"uagb-ifb-content\"><div class=\"uagb-ifb-icon-wrap\"><svg xmlns=\"https:\/\/www.w3.org\/2000\/svg\" viewBox=\"0 0 512 512\"><path d=\"M0 256C0 114.6 114.6 0 256 0C397.4 0 512 114.6 512 256C512 397.4 397.4 512 256 512C114.6 512 0 397.4 0 256zM256 368C269.3 368 280 357.3 280 344V280H344C357.3 280 368 269.3 368 256C368 242.7 357.3 232 344 232H280V168C280 154.7 269.3 144 256 144C242.7 144 232 154.7 232 168V232H168C154.7 232 144 242.7 144 256C144 269.3 154.7 280 168 280H232V344C232 357.3 242.7 368 256 368z\"><\/path><\/svg><\/div><div class=\"uagb-ifb-title-wrap\"><h3 class=\"uagb-ifb-title\">Mosqueruela<\/h3><\/div><div class=\"uagb-ifb-button-wrapper wp-block-button\"><\/div><\/div><\/div>\n<\/div>\n<\/div>\n<\/div>\n<\/div><\/div>\n<\/div>\n","protected":false},"excerpt":{"rendered":"<p>Un paseo por Los Pueblos Comienza La aventura Vas a adentrarte en un territorio milenario. De todos los pueblos que [&hellip;]<\/p>\n","protected":false},"author":1,"featured_media":0,"parent":0,"menu_order":0,"comment_status":"closed","ping_status":"closed","template":"","meta":{"_uag_custom_page_level_css":"a:hover .uagb-ifb-title {\n\tcolor: var(--ast-global-color-0);\n}","site-sidebar-layout":"default","site-content-layout":"","ast-site-content-layout":"default","site-content-style":"default","site-sidebar-style":"default","ast-global-header-display":"","ast-banner-title-visibility":"","ast-main-header-display":"","ast-hfb-above-header-display":"","ast-hfb-below-header-display":"","ast-hfb-mobile-header-display":"","site-post-title":"disabled","ast-breadcrumbs-content":"","ast-featured-img":"","footer-sml-layout":"","ast-disable-related-posts":"","theme-transparent-header-meta":"enabled","adv-header-id-meta":"","stick-header-meta":"","header-above-stick-meta":"","header-main-stick-meta":"","header-below-stick-meta":"","astra-migrate-meta-layouts":"default","ast-page-background-enabled":"default","ast-page-background-meta":{"desktop":{"background-color":"var(--ast-global-color-4)","background-image":"","background-repeat":"repeat","background-position":"center center","background-size":"auto","background-attachment":"scroll","background-type":"","background-media":"","overlay-type":"","overlay-color":"","overlay-opacity":"","overlay-gradient":""},"tablet":{"background-color":"","background-image":"","background-repeat":"repeat","background-position":"center center","background-size":"auto","background-attachment":"scroll","background-type":"","background-media":"","overlay-type":"","overlay-color":"","overlay-opacity":"","overlay-gradient":""},"mobile":{"background-color":"","background-image":"","background-repeat":"repeat","background-position":"center center","background-size":"auto","background-attachment":"scroll","background-type":"","background-media":"","overlay-type":"","overlay-color":"","overlay-opacity":"","overlay-gradient":""}},"ast-content-background-meta":{"desktop":{"background-color":"var(--ast-global-color-5)","background-image":"","background-repeat":"repeat","background-position":"center center","background-size":"auto","background-attachment":"scroll","background-type":"","background-media":"","overlay-type":"","overlay-color":"","overlay-opacity":"","overlay-gradient":""},"tablet":{"background-color":"var(--ast-global-color-5)","background-image":"","background-repeat":"repeat","background-position":"center center","background-size":"auto","background-attachment":"scroll","background-type":"","background-media":"","overlay-type":"","overlay-color":"","overlay-opacity":"","overlay-gradient":""},"mobile":{"background-color":"var(--ast-global-color-5)","background-image":"","background-repeat":"repeat","background-position":"center center","background-size":"auto","background-attachment":"scroll","background-type":"","background-media":"","overlay-type":"","overlay-color":"","overlay-opacity":"","overlay-gradient":""}},"footnotes":""},"class_list":["post-163","page","type-page","status-publish","hentry"],"yoast_head":"<!-- This site is optimized with the Yoast SEO plugin v27.1.1 - https:\/\/yoast.com\/product\/yoast-seo-wordpress\/ -->\n<title>Los pueblos - La Ruta Labordeta por el Maestrazgo<\/title>\n<meta name=\"robots\" content=\"index, follow, max-snippet:-1, max-image-preview:large, max-video-preview:-1\" \/>\n<link rel=\"canonical\" href=\"https:\/\/maestrazgo.org\/rutalabordeta\/los-pueblos\/\" \/>\n<meta property=\"og:locale\" content=\"es_ES\" \/>\n<meta property=\"og:type\" content=\"article\" \/>\n<meta property=\"og:title\" content=\"Los pueblos - La Ruta Labordeta por el Maestrazgo\" \/>\n<meta property=\"og:description\" content=\"Un paseo por Los Pueblos Comienza La aventura Vas a adentrarte en un territorio milenario. De todos los pueblos que [&hellip;]\" \/>\n<meta property=\"og:url\" content=\"https:\/\/maestrazgo.org\/rutalabordeta\/los-pueblos\/\" \/>\n<meta property=\"og:site_name\" content=\"La Ruta Labordeta por el Maestrazgo\" \/>\n<meta property=\"article:modified_time\" content=\"2024-11-08T09:44:01+00:00\" \/>\n<meta name=\"twitter:card\" content=\"summary_large_image\" \/>\n<meta name=\"twitter:label1\" content=\"Tiempo de lectura\" \/>\n\t<meta name=\"twitter:data1\" content=\"1 minuto\" \/>\n<script type=\"application\/ld+json\" class=\"yoast-schema-graph\">{\"@context\":\"https:\/\/schema.org\",\"@graph\":[{\"@type\":\"WebPage\",\"@id\":\"https:\/\/maestrazgo.org\/rutalabordeta\/los-pueblos\/\",\"url\":\"https:\/\/maestrazgo.org\/rutalabordeta\/los-pueblos\/\",\"name\":\"Los pueblos - La Ruta Labordeta por el Maestrazgo\",\"isPartOf\":{\"@id\":\"https:\/\/maestrazgo.org\/rutalabordeta\/#website\"},\"datePublished\":\"2024-10-10T06:56:30+00:00\",\"dateModified\":\"2024-11-08T09:44:01+00:00\",\"breadcrumb\":{\"@id\":\"https:\/\/maestrazgo.org\/rutalabordeta\/los-pueblos\/#breadcrumb\"},\"inLanguage\":\"es\",\"potentialAction\":[{\"@type\":\"ReadAction\",\"target\":[\"https:\/\/maestrazgo.org\/rutalabordeta\/los-pueblos\/\"]}]},{\"@type\":\"BreadcrumbList\",\"@id\":\"https:\/\/maestrazgo.org\/rutalabordeta\/los-pueblos\/#breadcrumb\",\"itemListElement\":[{\"@type\":\"ListItem\",\"position\":1,\"name\":\"Portada\",\"item\":\"https:\/\/maestrazgo.org\/rutalabordeta\/\"},{\"@type\":\"ListItem\",\"position\":2,\"name\":\"Los pueblos\"}]},{\"@type\":\"WebSite\",\"@id\":\"https:\/\/maestrazgo.org\/rutalabordeta\/#website\",\"url\":\"https:\/\/maestrazgo.org\/rutalabordeta\/\",\"name\":\"La Ruta Labordeta por el Maestrazgo\",\"description\":\"\",\"publisher\":{\"@id\":\"https:\/\/maestrazgo.org\/rutalabordeta\/#organization\"},\"potentialAction\":[{\"@type\":\"SearchAction\",\"target\":{\"@type\":\"EntryPoint\",\"urlTemplate\":\"https:\/\/maestrazgo.org\/rutalabordeta\/?s={search_term_string}\"},\"query-input\":{\"@type\":\"PropertyValueSpecification\",\"valueRequired\":true,\"valueName\":\"search_term_string\"}}],\"inLanguage\":\"es\"},{\"@type\":\"Organization\",\"@id\":\"https:\/\/maestrazgo.org\/rutalabordeta\/#organization\",\"name\":\"La Ruta Labordeta por el Maestrazgo\",\"url\":\"https:\/\/maestrazgo.org\/rutalabordeta\/\",\"logo\":{\"@type\":\"ImageObject\",\"inLanguage\":\"es\",\"@id\":\"https:\/\/maestrazgo.org\/rutalabordeta\/#\/schema\/logo\/image\/\",\"url\":\"https:\/\/maestrazgo.org\/rutalabordeta\/wp-content\/uploads\/2024\/10\/logo-silueta-labordeta.png\",\"contentUrl\":\"https:\/\/maestrazgo.org\/rutalabordeta\/wp-content\/uploads\/2024\/10\/logo-silueta-labordeta.png\",\"width\":144,\"height\":312,\"caption\":\"La Ruta Labordeta por el Maestrazgo\"},\"image\":{\"@id\":\"https:\/\/maestrazgo.org\/rutalabordeta\/#\/schema\/logo\/image\/\"}}]}<\/script>\n<!-- \/ Yoast SEO plugin. -->","yoast_head_json":{"title":"Los pueblos - La Ruta Labordeta por el Maestrazgo","robots":{"index":"index","follow":"follow","max-snippet":"max-snippet:-1","max-image-preview":"max-image-preview:large","max-video-preview":"max-video-preview:-1"},"canonical":"https:\/\/maestrazgo.org\/rutalabordeta\/los-pueblos\/","og_locale":"es_ES","og_type":"article","og_title":"Los pueblos - La Ruta Labordeta por el Maestrazgo","og_description":"Un paseo por Los Pueblos Comienza La aventura Vas a adentrarte en un territorio milenario. De todos los pueblos que [&hellip;]","og_url":"https:\/\/maestrazgo.org\/rutalabordeta\/los-pueblos\/","og_site_name":"La Ruta Labordeta por el Maestrazgo","article_modified_time":"2024-11-08T09:44:01+00:00","twitter_card":"summary_large_image","twitter_misc":{"Tiempo de lectura":"1 minuto"},"schema":{"@context":"https:\/\/schema.org","@graph":[{"@type":"WebPage","@id":"https:\/\/maestrazgo.org\/rutalabordeta\/los-pueblos\/","url":"https:\/\/maestrazgo.org\/rutalabordeta\/los-pueblos\/","name":"Los pueblos - La Ruta Labordeta por el Maestrazgo","isPartOf":{"@id":"https:\/\/maestrazgo.org\/rutalabordeta\/#website"},"datePublished":"2024-10-10T06:56:30+00:00","dateModified":"2024-11-08T09:44:01+00:00","breadcrumb":{"@id":"https:\/\/maestrazgo.org\/rutalabordeta\/los-pueblos\/#breadcrumb"},"inLanguage":"es","potentialAction":[{"@type":"ReadAction","target":["https:\/\/maestrazgo.org\/rutalabordeta\/los-pueblos\/"]}]},{"@type":"BreadcrumbList","@id":"https:\/\/maestrazgo.org\/rutalabordeta\/los-pueblos\/#breadcrumb","itemListElement":[{"@type":"ListItem","position":1,"name":"Portada","item":"https:\/\/maestrazgo.org\/rutalabordeta\/"},{"@type":"ListItem","position":2,"name":"Los pueblos"}]},{"@type":"WebSite","@id":"https:\/\/maestrazgo.org\/rutalabordeta\/#website","url":"https:\/\/maestrazgo.org\/rutalabordeta\/","name":"La Ruta Labordeta por el Maestrazgo","description":"","publisher":{"@id":"https:\/\/maestrazgo.org\/rutalabordeta\/#organization"},"potentialAction":[{"@type":"SearchAction","target":{"@type":"EntryPoint","urlTemplate":"https:\/\/maestrazgo.org\/rutalabordeta\/?s={search_term_string}"},"query-input":{"@type":"PropertyValueSpecification","valueRequired":true,"valueName":"search_term_string"}}],"inLanguage":"es"},{"@type":"Organization","@id":"https:\/\/maestrazgo.org\/rutalabordeta\/#organization","name":"La Ruta Labordeta por el Maestrazgo","url":"https:\/\/maestrazgo.org\/rutalabordeta\/","logo":{"@type":"ImageObject","inLanguage":"es","@id":"https:\/\/maestrazgo.org\/rutalabordeta\/#\/schema\/logo\/image\/","url":"https:\/\/maestrazgo.org\/rutalabordeta\/wp-content\/uploads\/2024\/10\/logo-silueta-labordeta.png","contentUrl":"https:\/\/maestrazgo.org\/rutalabordeta\/wp-content\/uploads\/2024\/10\/logo-silueta-labordeta.png","width":144,"height":312,"caption":"La Ruta Labordeta por el Maestrazgo"},"image":{"@id":"https:\/\/maestrazgo.org\/rutalabordeta\/#\/schema\/logo\/image\/"}}]}},"uagb_featured_image_src":{"full":false,"thumbnail":false,"medium":false,"medium_large":false,"large":false,"1536x1536":false,"2048x2048":false},"uagb_author_info":{"display_name":"admin","author_link":"https:\/\/maestrazgo.org\/rutalabordeta\/author\/desarrollosephor\/"},"uagb_comment_info":0,"uagb_excerpt":"Un paseo por Los Pueblos Comienza La aventura Vas a adentrarte en un territorio milenario. De todos los pueblos que [&hellip;]","_links":{"self":[{"href":"https:\/\/maestrazgo.org\/rutalabordeta\/wp-json\/wp\/v2\/pages\/163","targetHints":{"allow":["GET"]}}],"collection":[{"href":"https:\/\/maestrazgo.org\/rutalabordeta\/wp-json\/wp\/v2\/pages"}],"about":[{"href":"https:\/\/maestrazgo.org\/rutalabordeta\/wp-json\/wp\/v2\/types\/page"}],"author":[{"embeddable":true,"href":"https:\/\/maestrazgo.org\/rutalabordeta\/wp-json\/wp\/v2\/users\/1"}],"replies":[{"embeddable":true,"href":"https:\/\/maestrazgo.org\/rutalabordeta\/wp-json\/wp\/v2\/comments?post=163"}],"version-history":[{"count":30,"href":"https:\/\/maestrazgo.org\/rutalabordeta\/wp-json\/wp\/v2\/pages\/163\/revisions"}],"predecessor-version":[{"id":1185,"href":"https:\/\/maestrazgo.org\/rutalabordeta\/wp-json\/wp\/v2\/pages\/163\/revisions\/1185"}],"wp:attachment":[{"href":"https:\/\/maestrazgo.org\/rutalabordeta\/wp-json\/wp\/v2\/media?parent=163"}],"curies":[{"name":"wp","href":"https:\/\/api.w.org\/{rel}","templated":true}]}}