{"id":1090,"date":"2024-11-04T11:23:49","date_gmt":"2024-11-04T10:23:49","guid":{"rendered":"https:\/\/maestrazgo.org\/rutalabordeta\/?page_id=1090"},"modified":"2024-11-14T13:29:37","modified_gmt":"2024-11-14T12:29:37","slug":"epilogo","status":"publish","type":"page","link":"https:\/\/maestrazgo.org\/rutalabordeta\/cuaderno-de-viaje\/epilogo\/","title":{"rendered":"Ep\u00edlogo: Mosqueruela y la estrella"},"content":{"rendered":"\n<div class=\"wp-block-uagb-container uag-hide-mob uagb-block-d6ff807c alignfull uagb-is-root-container\"><div class=\"uagb-container-inner-blocks-wrap\">\n<div class=\"wp-block-uagb-container uagb-block-60bff9ef\">\n<div class=\"wp-block-uagb-advanced-heading uagb-block-c5686189\"><h1 class=\"uagb-heading-text\">\u00a1Te hemos pillado tramposo!<\/h1><\/div>\n\n\n\n<p class=\"has-ast-global-color-7-color has-text-color has-link-color has-medium-font-size wp-elements-62dd1a5901eac544a46795bd9921cc46\">Este divertido juego solo est\u00e1 disponible para m\u00f3vil y durante la ruta de Labordeta en el Maestrazgo. Ponte a prueba y demuestra tus habilidades mientras exploras esta hermosa zona.<\/p>\n\n\n\n<p class=\"has-ast-global-color-7-color has-text-color has-link-color has-medium-font-size wp-elements-b0fe356a3104eb87d1367916adbbafb6\">Pero cuidado, \u00a1no intentes hacer trampas porque te tenemos vigilado! \u00bfEst\u00e1s listo para la aventura?<\/p>\n<\/div>\n\n\n\n<div class=\"wp-block-uagb-container uagb-block-e0183c9e\"><\/div>\n<\/div><\/div>\n\n\n\n<div class=\"wp-block-uagb-container uag-hide-desktop uag-hide-tab uagb-block-4f18426b alignfull uagb-is-root-container\"><div class=\"uagb-container-inner-blocks-wrap\">\n<div class=\"wp-block-uagb-container uagb-block-d92aa8fe\">\n<div class=\"wp-block-uagb-advanced-heading uagb-block-429363c0\"><p class=\"uagb-desc-text\">Ep\u00edlogo<\/p><h1 class=\"uagb-heading-text\">Mosqueruela y Estrella<\/h1><\/div>\n\n\n\n<div class=\"wp-block-uagb-advanced-heading uagb-block-89306e37\"><p class=\"uagb-heading-text\">Lleg\u00f3 a tiempo. Labordeta se dirigi\u00f3 a La Estrella para ver, como todo domingo \u00faltimo de mayo, a los habitantes de Mosqueruela y toda la redolada, en la romer\u00eda hacia el Santuario de la Virgen.<\/p><\/div>\n\n\n\n<div class=\"wp-block-uagb-advanced-heading uagb-block-ee8eeaeb\"><p class=\"uagb-heading-text\">En la puerta de una de las casas de aquella pedan\u00eda, se asom\u00f3 una dama vestida con atuendos de otra \u00e9poca. El poeta caminante, en su inter\u00e9s constante por conocer de primera mano los testimonios de quienes allende habitaron, se acer\u00f3 a preguntarle. Aquella mujer resolvi\u00f3 a contestarle lo que imaginaba: se trataba de una de las tantas damas de Mosqueruela que anta\u00f1o pasaban los inviernos en La Estrella, ya que los 900 metros de altitud les proporcionaba un clima m\u00e1s suave que los casi 1.500 de su localidad.<\/p><\/div>\n\n\n\n<div class=\"wp-block-uagb-advanced-heading uagb-block-c7ceb65c\"><p class=\"uagb-heading-text\">A lo lejos divis\u00f3 tambi\u00e9n a dos personas m\u00e1s, en este caso vestidas acorde con la moda contempor\u00e1nea. Ten\u00edan ya preparado el almuerzo para todos los asistentes: un huevo duro y una rosca de pan. Uno por participante en la romer\u00eda.<\/p><\/div>\n\n\n\n<div class=\"wp-block-uagb-advanced-heading uagb-block-1e405939\"><p class=\"uagb-heading-text\">Se acerc\u00f3 a ellos a la vez que los primeros que llegaban desde lo alto. Le miraron extra\u00f1ados, como si le conociesen de algo. Labordeta sonri\u00f3 a la vez que le daba un primer mordisco y, tras despedirse alzando el brazo, tom\u00f3 rumbo hacia lo alto de la colina.<\/p><\/div>\n\n\n\n<div class=\"wp-block-uagb-advanced-heading uagb-block-e0fae197\"><p class=\"uagb-heading-text\">No pod\u00eda marcharse sin visitar Mosqueruela, <strong><a href=\"https:\/\/www.pueblosmagicos.es\/mosqueruela\/\">un pueblo m\u00e1gico<\/a><\/strong> declarado <strong>Conjunto Hist\u00f3rico-Art\u00edstico<\/strong> en 1982,&nbsp; y con el certificado de <strong>Destino Tur\u00edstico y Reserva Starlight<\/strong>.<br>Quiz\u00e1s aprovechase la visita para pernoctar y ver el cielo estrellado, como tantos pastores trashumantes hicieron desde hace siglos, aprovechando la situaci\u00f3n de este municipio a mitad de camino en su ruta por la comarca turolense G\u00fadar-Javalambre.<\/p><\/div>\n<\/div>\n<\/div><\/div>\n\n\n\n<div class=\"wp-block-uagb-container uag-hide-desktop uag-hide-tab uagb-block-5224a827 alignfull uagb-is-root-container\"><div class=\"uagb-container-inner-blocks-wrap\">\n<div class=\"wp-block-uagb-buttons uagb-buttons__outer-wrap uagb-btn__default-btn uagb-btn-tablet__default-btn uagb-btn-mobile__default-btn uagb-block-57097e79\"><div class=\"uagb-buttons__wrap uagb-buttons-layout-wrap \">\n<div class=\"wp-block-uagb-buttons-child uagb-buttons__outer-wrap uagb-block-cc57e404 wp-block-button\"><div class=\"uagb-button__wrapper\"><a class=\"uagb-buttons-repeater wp-block-button__link\" aria-label=\"\" href=\"https:\/\/maestrazgo.org\/rutalabordeta\/recursos-laborderta\/\" rel=\"follow noopener\" target=\"_self\" role=\"button\"><div class=\"uagb-button__link\"><strong>DESCUBRE<\/strong> a <strong>LABORDETA<\/strong> <\/div><span class=\"uagb-button__icon uagb-button__icon-position-after\"><svg xmlns=\"https:\/\/www.w3.org\/2000\/svg\" viewBox=\"0 0 448 512\" aria-hidden=\"true\" focussable=\"false\"><path d=\"M246.6 233.4l-160-160c-12.5-12.5-32.75-12.5-45.25 0s-12.5 32.75 0 45.25L178.8 256l-137.4 137.4c-12.5 12.5-12.5 32.75 0 45.25C47.63 444.9 55.81 448 64 448s16.38-3.125 22.62-9.375l160-160C259.1 266.1 259.1 245.9 246.6 233.4zM438.6 233.4l-160-160c-12.5-12.5-32.75-12.5-45.25 0s-12.5 32.75 0 45.25L370.8 256l-137.4 137.4c-12.5 12.5-12.5 32.75 0 45.25C239.6 444.9 247.8 448 256 448s16.38-3.125 22.62-9.375l160-160C451.1 266.1 451.1 245.9 438.6 233.4z\"><\/path><\/svg><\/span><\/a><\/div><\/div>\n<\/div><\/div>\n<\/div><\/div>\n\n\n\n<p><\/p>\n","protected":false},"excerpt":{"rendered":"<p>\u00a1Te hemos pillado tramposo! Este divertido juego solo est\u00e1 disponible para m\u00f3vil y durante la ruta de Labordeta en el [&hellip;]<\/p>\n","protected":false},"author":1,"featured_media":0,"parent":246,"menu_order":0,"comment_status":"closed","ping_status":"closed","template":"","meta":{"_uag_custom_page_level_css":"","site-sidebar-layout":"default","site-content-layout":"","ast-site-content-layout":"default","site-content-style":"default","site-sidebar-style":"default","ast-global-header-display":"","ast-banner-title-visibility":"","ast-main-header-display":"","ast-hfb-above-header-display":"","ast-hfb-below-header-display":"","ast-hfb-mobile-header-display":"","site-post-title":"disabled","ast-breadcrumbs-content":"","ast-featured-img":"","footer-sml-layout":"","ast-disable-related-posts":"","theme-transparent-header-meta":"enabled","adv-header-id-meta":"","stick-header-meta":"","header-above-stick-meta":"","header-main-stick-meta":"","header-below-stick-meta":"","astra-migrate-meta-layouts":"default","ast-page-background-enabled":"default","ast-page-background-meta":{"desktop":{"background-color":"var(--ast-global-color-4)","background-image":"","background-repeat":"repeat","background-position":"center center","background-size":"auto","background-attachment":"scroll","background-type":"","background-media":"","overlay-type":"","overlay-color":"","overlay-opacity":"","overlay-gradient":""},"tablet":{"background-color":"","background-image":"","background-repeat":"repeat","background-position":"center center","background-size":"auto","background-attachment":"scroll","background-type":"","background-media":"","overlay-type":"","overlay-color":"","overlay-opacity":"","overlay-gradient":""},"mobile":{"background-color":"","background-image":"","background-repeat":"repeat","background-position":"center center","background-size":"auto","background-attachment":"scroll","background-type":"","background-media":"","overlay-type":"","overlay-color":"","overlay-opacity":"","overlay-gradient":""}},"ast-content-background-meta":{"desktop":{"background-color":"var(--ast-global-color-5)","background-image":"","background-repeat":"repeat","background-position":"center center","background-size":"auto","background-attachment":"scroll","background-type":"","background-media":"","overlay-type":"","overlay-color":"","overlay-opacity":"","overlay-gradient":""},"tablet":{"background-color":"var(--ast-global-color-5)","background-image":"","background-repeat":"repeat","background-position":"center center","background-size":"auto","background-attachment":"scroll","background-type":"","background-media":"","overlay-type":"","overlay-color":"","overlay-opacity":"","overlay-gradient":""},"mobile":{"background-color":"var(--ast-global-color-5)","background-image":"","background-repeat":"repeat","background-position":"center center","background-size":"auto","background-attachment":"scroll","background-type":"","background-media":"","overlay-type":"","overlay-color":"","overlay-opacity":"","overlay-gradient":""}},"footnotes":""},"class_list":["post-1090","page","type-page","status-publish","hentry"],"yoast_head":"<!-- This site is optimized with the Yoast SEO plugin v27.1.1 - https:\/\/yoast.com\/product\/yoast-seo-wordpress\/ -->\n<title>Ep\u00edlogo: Mosqueruela y la estrella - La Ruta Labordeta por el Maestrazgo<\/title>\n<meta name=\"robots\" content=\"index, follow, max-snippet:-1, max-image-preview:large, max-video-preview:-1\" \/>\n<link rel=\"canonical\" href=\"https:\/\/maestrazgo.org\/rutalabordeta\/cuaderno-de-viaje\/epilogo\/\" \/>\n<meta property=\"og:locale\" content=\"es_ES\" \/>\n<meta property=\"og:type\" content=\"article\" \/>\n<meta property=\"og:title\" content=\"Ep\u00edlogo: Mosqueruela y la estrella - La Ruta Labordeta por el Maestrazgo\" \/>\n<meta property=\"og:description\" content=\"\u00a1Te hemos pillado tramposo! Este divertido juego solo est\u00e1 disponible para m\u00f3vil y durante la ruta de Labordeta en el [&hellip;]\" \/>\n<meta property=\"og:url\" content=\"https:\/\/maestrazgo.org\/rutalabordeta\/cuaderno-de-viaje\/epilogo\/\" \/>\n<meta property=\"og:site_name\" content=\"La Ruta Labordeta por el Maestrazgo\" \/>\n<meta property=\"article:modified_time\" content=\"2024-11-14T12:29:37+00:00\" \/>\n<meta name=\"twitter:card\" content=\"summary_large_image\" \/>\n<meta name=\"twitter:label1\" content=\"Tiempo de lectura\" \/>\n\t<meta name=\"twitter:data1\" content=\"2 minutos\" \/>\n<script type=\"application\/ld+json\" class=\"yoast-schema-graph\">{\"@context\":\"https:\/\/schema.org\",\"@graph\":[{\"@type\":\"WebPage\",\"@id\":\"https:\/\/maestrazgo.org\/rutalabordeta\/cuaderno-de-viaje\/epilogo\/\",\"url\":\"https:\/\/maestrazgo.org\/rutalabordeta\/cuaderno-de-viaje\/epilogo\/\",\"name\":\"Ep\u00edlogo: Mosqueruela y la estrella - La Ruta Labordeta por el Maestrazgo\",\"isPartOf\":{\"@id\":\"https:\/\/maestrazgo.org\/rutalabordeta\/#website\"},\"datePublished\":\"2024-11-04T10:23:49+00:00\",\"dateModified\":\"2024-11-14T12:29:37+00:00\",\"breadcrumb\":{\"@id\":\"https:\/\/maestrazgo.org\/rutalabordeta\/cuaderno-de-viaje\/epilogo\/#breadcrumb\"},\"inLanguage\":\"es\",\"potentialAction\":[{\"@type\":\"ReadAction\",\"target\":[\"https:\/\/maestrazgo.org\/rutalabordeta\/cuaderno-de-viaje\/epilogo\/\"]}]},{\"@type\":\"BreadcrumbList\",\"@id\":\"https:\/\/maestrazgo.org\/rutalabordeta\/cuaderno-de-viaje\/epilogo\/#breadcrumb\",\"itemListElement\":[{\"@type\":\"ListItem\",\"position\":1,\"name\":\"Portada\",\"item\":\"https:\/\/maestrazgo.org\/rutalabordeta\/\"},{\"@type\":\"ListItem\",\"position\":2,\"name\":\"Cuaderno de viaje\",\"item\":\"https:\/\/maestrazgo.org\/rutalabordeta\/cuaderno-de-viaje\/\"},{\"@type\":\"ListItem\",\"position\":3,\"name\":\"Ep\u00edlogo: Mosqueruela y la estrella\"}]},{\"@type\":\"WebSite\",\"@id\":\"https:\/\/maestrazgo.org\/rutalabordeta\/#website\",\"url\":\"https:\/\/maestrazgo.org\/rutalabordeta\/\",\"name\":\"La Ruta Labordeta por el Maestrazgo\",\"description\":\"\",\"publisher\":{\"@id\":\"https:\/\/maestrazgo.org\/rutalabordeta\/#organization\"},\"potentialAction\":[{\"@type\":\"SearchAction\",\"target\":{\"@type\":\"EntryPoint\",\"urlTemplate\":\"https:\/\/maestrazgo.org\/rutalabordeta\/?s={search_term_string}\"},\"query-input\":{\"@type\":\"PropertyValueSpecification\",\"valueRequired\":true,\"valueName\":\"search_term_string\"}}],\"inLanguage\":\"es\"},{\"@type\":\"Organization\",\"@id\":\"https:\/\/maestrazgo.org\/rutalabordeta\/#organization\",\"name\":\"La Ruta Labordeta por el Maestrazgo\",\"url\":\"https:\/\/maestrazgo.org\/rutalabordeta\/\",\"logo\":{\"@type\":\"ImageObject\",\"inLanguage\":\"es\",\"@id\":\"https:\/\/maestrazgo.org\/rutalabordeta\/#\/schema\/logo\/image\/\",\"url\":\"https:\/\/maestrazgo.org\/rutalabordeta\/wp-content\/uploads\/2024\/10\/logo-silueta-labordeta.png\",\"contentUrl\":\"https:\/\/maestrazgo.org\/rutalabordeta\/wp-content\/uploads\/2024\/10\/logo-silueta-labordeta.png\",\"width\":144,\"height\":312,\"caption\":\"La Ruta Labordeta por el Maestrazgo\"},\"image\":{\"@id\":\"https:\/\/maestrazgo.org\/rutalabordeta\/#\/schema\/logo\/image\/\"}}]}<\/script>\n<!-- \/ Yoast SEO plugin. -->","yoast_head_json":{"title":"Ep\u00edlogo: Mosqueruela y la estrella - La Ruta Labordeta por el Maestrazgo","robots":{"index":"index","follow":"follow","max-snippet":"max-snippet:-1","max-image-preview":"max-image-preview:large","max-video-preview":"max-video-preview:-1"},"canonical":"https:\/\/maestrazgo.org\/rutalabordeta\/cuaderno-de-viaje\/epilogo\/","og_locale":"es_ES","og_type":"article","og_title":"Ep\u00edlogo: Mosqueruela y la estrella - La Ruta Labordeta por el Maestrazgo","og_description":"\u00a1Te hemos pillado tramposo! Este divertido juego solo est\u00e1 disponible para m\u00f3vil y durante la ruta de Labordeta en el [&hellip;]","og_url":"https:\/\/maestrazgo.org\/rutalabordeta\/cuaderno-de-viaje\/epilogo\/","og_site_name":"La Ruta Labordeta por el Maestrazgo","article_modified_time":"2024-11-14T12:29:37+00:00","twitter_card":"summary_large_image","twitter_misc":{"Tiempo de lectura":"2 minutos"},"schema":{"@context":"https:\/\/schema.org","@graph":[{"@type":"WebPage","@id":"https:\/\/maestrazgo.org\/rutalabordeta\/cuaderno-de-viaje\/epilogo\/","url":"https:\/\/maestrazgo.org\/rutalabordeta\/cuaderno-de-viaje\/epilogo\/","name":"Ep\u00edlogo: Mosqueruela y la estrella - La Ruta Labordeta por el Maestrazgo","isPartOf":{"@id":"https:\/\/maestrazgo.org\/rutalabordeta\/#website"},"datePublished":"2024-11-04T10:23:49+00:00","dateModified":"2024-11-14T12:29:37+00:00","breadcrumb":{"@id":"https:\/\/maestrazgo.org\/rutalabordeta\/cuaderno-de-viaje\/epilogo\/#breadcrumb"},"inLanguage":"es","potentialAction":[{"@type":"ReadAction","target":["https:\/\/maestrazgo.org\/rutalabordeta\/cuaderno-de-viaje\/epilogo\/"]}]},{"@type":"BreadcrumbList","@id":"https:\/\/maestrazgo.org\/rutalabordeta\/cuaderno-de-viaje\/epilogo\/#breadcrumb","itemListElement":[{"@type":"ListItem","position":1,"name":"Portada","item":"https:\/\/maestrazgo.org\/rutalabordeta\/"},{"@type":"ListItem","position":2,"name":"Cuaderno de viaje","item":"https:\/\/maestrazgo.org\/rutalabordeta\/cuaderno-de-viaje\/"},{"@type":"ListItem","position":3,"name":"Ep\u00edlogo: Mosqueruela y la estrella"}]},{"@type":"WebSite","@id":"https:\/\/maestrazgo.org\/rutalabordeta\/#website","url":"https:\/\/maestrazgo.org\/rutalabordeta\/","name":"La Ruta Labordeta por el Maestrazgo","description":"","publisher":{"@id":"https:\/\/maestrazgo.org\/rutalabordeta\/#organization"},"potentialAction":[{"@type":"SearchAction","target":{"@type":"EntryPoint","urlTemplate":"https:\/\/maestrazgo.org\/rutalabordeta\/?s={search_term_string}"},"query-input":{"@type":"PropertyValueSpecification","valueRequired":true,"valueName":"search_term_string"}}],"inLanguage":"es"},{"@type":"Organization","@id":"https:\/\/maestrazgo.org\/rutalabordeta\/#organization","name":"La Ruta Labordeta por el Maestrazgo","url":"https:\/\/maestrazgo.org\/rutalabordeta\/","logo":{"@type":"ImageObject","inLanguage":"es","@id":"https:\/\/maestrazgo.org\/rutalabordeta\/#\/schema\/logo\/image\/","url":"https:\/\/maestrazgo.org\/rutalabordeta\/wp-content\/uploads\/2024\/10\/logo-silueta-labordeta.png","contentUrl":"https:\/\/maestrazgo.org\/rutalabordeta\/wp-content\/uploads\/2024\/10\/logo-silueta-labordeta.png","width":144,"height":312,"caption":"La Ruta Labordeta por el Maestrazgo"},"image":{"@id":"https:\/\/maestrazgo.org\/rutalabordeta\/#\/schema\/logo\/image\/"}}]}},"uagb_featured_image_src":{"full":false,"thumbnail":false,"medium":false,"medium_large":false,"large":false,"1536x1536":false,"2048x2048":false},"uagb_author_info":{"display_name":"admin","author_link":"https:\/\/maestrazgo.org\/rutalabordeta\/author\/desarrollosephor\/"},"uagb_comment_info":0,"uagb_excerpt":"\u00a1Te hemos pillado tramposo! Este divertido juego solo est\u00e1 disponible para m\u00f3vil y durante la ruta de Labordeta en el [&hellip;]","_links":{"self":[{"href":"https:\/\/maestrazgo.org\/rutalabordeta\/wp-json\/wp\/v2\/pages\/1090","targetHints":{"allow":["GET"]}}],"collection":[{"href":"https:\/\/maestrazgo.org\/rutalabordeta\/wp-json\/wp\/v2\/pages"}],"about":[{"href":"https:\/\/maestrazgo.org\/rutalabordeta\/wp-json\/wp\/v2\/types\/page"}],"author":[{"embeddable":true,"href":"https:\/\/maestrazgo.org\/rutalabordeta\/wp-json\/wp\/v2\/users\/1"}],"replies":[{"embeddable":true,"href":"https:\/\/maestrazgo.org\/rutalabordeta\/wp-json\/wp\/v2\/comments?post=1090"}],"version-history":[{"count":6,"href":"https:\/\/maestrazgo.org\/rutalabordeta\/wp-json\/wp\/v2\/pages\/1090\/revisions"}],"predecessor-version":[{"id":1205,"href":"https:\/\/maestrazgo.org\/rutalabordeta\/wp-json\/wp\/v2\/pages\/1090\/revisions\/1205"}],"up":[{"embeddable":true,"href":"https:\/\/maestrazgo.org\/rutalabordeta\/wp-json\/wp\/v2\/pages\/246"}],"wp:attachment":[{"href":"https:\/\/maestrazgo.org\/rutalabordeta\/wp-json\/wp\/v2\/media?parent=1090"}],"curies":[{"name":"wp","href":"https:\/\/api.w.org\/{rel}","templated":true}]}}