{"id":269,"date":"2016-06-16T05:56:27","date_gmt":"2016-06-16T05:56:27","guid":{"rendered":"http:\/\/maestrazgo.org\/periodico\/politica-de-cookies\/"},"modified":"2021-01-12T06:55:59","modified_gmt":"2021-01-12T06:55:59","slug":"politica-de-cookies","status":"publish","type":"page","link":"https:\/\/maestrazgo.org\/periodico\/politica-de-cookies\/","title":{"rendered":"Pol\u00edtica de Privacidad y cookies"},"content":{"rendered":"<h3>Pol\u00edtica de privacidad<\/h3>\n<p>Asociaci\u00f3n para el Desarrollo del Maestrazgo informa a los usuarios de que los Datos de Car\u00e1cter personal que recoge por formularios de petici\u00f3n de informaci\u00f3n, son objeto de tratamiento automatizado y se incorporan en el Registro de actividades de tratamiento correspondientes, titularidad de Asociaci\u00f3n para el Desarrollo del Maestrazgo<\/p>\n<p>La recogida y tratamiento automatizado de los Datos de Car\u00e1cter Personal tiene como finalidad el mantenimiento de la relaci\u00f3n contractual que en su caso se establezca con Asociaci\u00f3n para el Desarrollo del Maestrazgo, as\u00ed como el desempe\u00f1o de las tareas de informaci\u00f3n, formaci\u00f3n, comercializaci\u00f3n (tarea esta \u00faltima siempre identificada como tal) y otras actividades propias.<\/p>\n<p>En aquellos casos en que Asociaci\u00f3n para el Desarrollo del Maestrazgo figure como Encargado del Tratamiento asume las obligaciones establecidas en el RGPD al efecto, y manifiesta que \u00fanicamente tratar\u00e1 los datos conforme a las instrucciones del responsable de tratamiento y que no los aplicar\u00e1 o utilizar\u00e1 con fines distintos a los que figuren en el contrato celebrado al efecto.<\/p>\n<p>Asimismo, Asociaci\u00f3n para el Desarrollo del Maestrazgo, informa que, en caso de que as\u00ed se haya autorizado de forma expresa, podr\u00e1 utilizar las direcciones de correo electr\u00f3nico facilitadas por usted, para mantenerle informado de sus novedades comerciales y sus distintas ofertas promocionales. Si, en cualquier momento, usted se opone a recibir comunicaciones comerciales, escribamos a la direcci\u00f3n de correo electr\u00f3nico caire@maestrazgo.org indicando Baja RGPD en el asunto. El consentimiento se podr\u00e1 revocar en cualquier momento.<\/p>\n<p>El usuario podr\u00e1, en todo momento, ejercitar los derechos reconocidos en la normativa vigente, de Acceso, Rectificaci\u00f3n, Supresi\u00f3n, Limitaci\u00f3n, no ser objeto de decisiones individualizadas y Oposici\u00f3n. El ejercicio de estos derechos puede realizarlo el propio usuario mediante comunicaci\u00f3n escrita a la siguiente direcci\u00f3n: C\/ Tuset, 5-11 &#8211; 5\u00ba E, 08006, Barcelona, Barcelona; O enviando un e mail a la direcci\u00f3n: caire@maestrazgo.org.<\/p>\n<p>Tambi\u00e9n puede ejercitar estos derechos en los t\u00e9rminos que la normativa aplicable establece y que pueden consultar en <a href=\"http:\/\/www.agpd.es\/\">www.agpd.es<\/a><\/p>\n<p>El usuario del Sitio ser\u00e1 el \u00fanico responsable de la veracidad y exactitud de los datos aportados, actuando el propietario de la web de buena fe como mero prestador del servicio. En caso de haber facilitado datos falsos o de terceras personas sin mediar su consentimiento para ello, el propietario de la web se reserva el derecho a la destrucci\u00f3n inmediata de los citados datos a fin de proteger el derecho del titular o titulares de los mismos.<\/p>\n<p>Asociaci\u00f3n para el Desarrollo del Maestrazgo, se compromete al cumplimiento de su obligaci\u00f3n de secreto de los datos de car\u00e1cter personal y de su deber de guardarlos y adoptar\u00e1 todas las medidas de \u00edndole t\u00e9cnica y organizativa para garantizar la seguridad de los datos de car\u00e1cter personal y evitar su alteraci\u00f3n, p\u00e9rdida, tratamiento o acceso no autorizado, habida cuenta del estado de la tecnolog\u00eda, la naturaleza de los datos almacenados y los riesgos a que est\u00e9n expuestos.<\/p>\n<p>El sitio Web dispone de las medidas de seguridad de la informaci\u00f3n generalmente utilizadas para evitar el acceso no autorizado a los datos personales.<\/p>\n<p>Por favor, lea detenidamente esta declaraci\u00f3n de privacidad antes de usar este Sitio, conocer\u00e1 la forma en que procesaremos sus datos personales y usamos las cookies. El uso de este Sitio implica la aceptaci\u00f3n de nuestra pol\u00edtica de privacidad. En caso contrario no use este Sitio.<\/p>\n<h3>Tipos de datos procesados \/ Enlaces a otras p\u00e1ginas web<\/h3>\n<p>La Web respeta su privacidad. A trav\u00e9s de este Sitio La Web no recoge ni procesa ning\u00fan tipo de datos personales, excepto los recogidos a trav\u00e9s de los formularios de contacto y las cookies, seg\u00fan se explica a continuaci\u00f3n.<\/p>\n<p>Este Sitio puede contener enlaces a otras p\u00e1ginas web de otras empresas vinculadas o medios sociales. Al pulsar sobre un enlace a otra p\u00e1gina web de La Web o de terceros relacionados, recuerde que estas p\u00e1ginas tienen su propia pol\u00edtica de privacidad. Por favor, antes de usar estas p\u00e1ginas web conozca su pol\u00edtica de privacidad.<\/p>\n<p>La Web no asume ninguna responsabilidad de ning\u00fan tipo sobre las p\u00e1ginas web de terceros que aparezcan vinculadas en este Sitio.<\/p>\n<h3>Recogida y uso de la informaci\u00f3n<\/h3>\n<p>Para mejorar este Sitio, en t\u00e9rminos de rendimiento del sistema y facilidad de uso, as\u00ed como para proporcionar informaci\u00f3n \u00fatil sobre nuestros productos y servicios, recogemos autom\u00e1ticamente y almacenamos informaci\u00f3n en los archivos de registro (log files) de su ordenador.<\/p>\n<p><strong>\u00bfQu\u00e9 tipo de datos incluye esta informaci\u00f3n?<\/strong><\/p>\n<ul>\n<li><strong>\u00a0<\/strong>su direcci\u00f3n IP<\/li>\n<li>\u00a0tipo de navegador<\/li>\n<li>\u00a0idioma seleccionado<\/li>\n<li>\u00a0sistema operativo<\/li>\n<li>\u00a0proveedor de servicios de Internet (ISP)<\/li>\n<li>\u00a0fecha\/hora.<\/li>\n<\/ul>\n<p><strong>\u00bfCon qu\u00e9 finalidad usamos esta informaci\u00f3n?<\/strong><\/p>\n<p>Esta informaci\u00f3n se emplea de forma global para mejorar la gesti\u00f3n de este Sitio, analizar las tendencias y recoger datos demogr\u00e1ficos sobre nuestros usuarios. La informaci\u00f3n recogida puede ser usada por nuestros servicios de marketing, publicidad y comunicaci\u00f3n (por ejemplo, para optimizar y mejorar la experiencia del usuario y\/o presentar ofertas especiales, estudios estad\u00edsticos y servicios m\u00e1s atractivos).<\/p>\n<p>Si la informaci\u00f3n no personal es utilizada en combinaci\u00f3n con los Datos Personales, el conjunto es tratado como Datos Personales.<\/p>\n<h3>Uso de cookies<\/h3>\n<p>Para optimizar nuestros servicios, este Sitio, los mensajes enviados por correo electr\u00f3nico, los servicios online, los anuncios y las aplicaciones interactivas pueden utilizar \u201ccookies\u201d<\/p>\n<p><strong>\u00bfQu\u00e9 es una cookie?<\/strong><\/p>\n<p>Una cookie es un fichero (peque\u00f1o archivo) que se descarga en su ordenador al acceder a determinadas p\u00e1ginas web, normalmente formado por letras y n\u00fameros, enviado por el servidor de nuestra web al archivo de cookies de su navegador. Las cookies permiten a nuestra p\u00e1gina web, entre otras cosas, almacenar y recuperar informaci\u00f3n sobre sus h\u00e1bitos de navegaci\u00f3n o de su equipo y recordar su presencia al establecerse una nueva conexi\u00f3n entre nuestro servidor y su navegador. El principal prop\u00f3sito de una cookie es permitir a nuestro servidor presentar p\u00e1ginas web personalizadas que puedan convertir la visita a la web en una experiencia individual y ajustada a las preferencias personales.<\/p>\n<p><strong>\u00bfQu\u00e9 tipo de cookies emplea este Sitio?<\/strong><\/p>\n<p><strong>Necesario (4)<\/strong><\/p>\n<p>Las cookies necesarias ayudan a hacer una p\u00e1gina web utilizable activando funciones b\u00e1sicas como la navegaci\u00f3n en la p\u00e1gina y el acceso a \u00e1reas seguras de la p\u00e1gina web. La p\u00e1gina web no puede funcionar adecuadamente sin estas cookies.<\/p>\n<table width=\"1440\">\n<thead>\n<tr>\n<td><strong>Nombre<\/strong><\/td>\n<td><strong>Proveedor<\/strong><\/td>\n<td><strong>Prop\u00f3sito<\/strong><\/td>\n<td><strong>Caducidad<\/strong><\/td>\n<td><strong>Tipo<\/strong><\/td>\n<\/tr>\n<\/thead>\n<tbody>\n<tr>\n<td>CookieConsent<\/td>\n<td><a href=\"https:\/\/www.cookiebot.com\/goto\/privacy-policy\/\">Cookiebot<\/a><\/td>\n<td>Almacena el estado de consentimiento de cookies del usuario para el dominio actual<\/td>\n<td>1 a\u00f1o<\/td>\n<td>HTTP Cookie<\/td>\n<\/tr>\n<tr>\n<td>language<\/td>\n<td><a href=\"https:\/\/www.linkedin.com\/legal\/privacy-policy\">LinkedIn<\/a><\/td>\n<td>Guarda el idioma preferido del usuario en el sitio web.<\/td>\n<td>1 d\u00eda<\/td>\n<td>HTTP Cookie<\/td>\n<\/tr>\n<tr>\n<td>local_storage_support_test<\/td>\n<td><a href=\"https:\/\/twitter.com\/en\/privacy\">Twitter<\/a><\/td>\n<td>La cookie se utiliza en relaci\u00f3n a la funci\u00f3n de almacenamiento local en el navegador. Esta funci\u00f3n permite a la web cargar m\u00e1s r\u00e1pido mediante la precarga de ciertos procedimientos.<\/td>\n<td>Persistent<\/td>\n<td>HTML Local Storage<\/td>\n<\/tr>\n<tr>\n<td>PHPSESSID<\/td>\n<td>maestrazgo.org<\/td>\n<td>Conserva los estados de los usuarios en todas las peticiones de la p\u00e1gina.<\/td>\n<td>Session<\/td>\n<td>HTTP Cookie<\/td>\n<\/tr>\n<\/tbody>\n<\/table>\n<p><strong>Preferencias (2)<\/strong><\/p>\n<p>Las cookies de preferencias permiten a la p\u00e1gina web recordar informaci\u00f3n que cambia la forma en que la p\u00e1gina se comporta o el aspecto que tiene, como su idioma preferido o la regi\u00f3n en la que usted se encuentra.<\/p>\n<table width=\"1440\">\n<thead>\n<tr>\n<td><strong>Nombre<\/strong><\/td>\n<td><strong>Proveedor<\/strong><\/td>\n<td><strong>Prop\u00f3sito<\/strong><\/td>\n<td><strong>Caducidad<\/strong><\/td>\n<td><strong>Tipo<\/strong><\/td>\n<\/tr>\n<\/thead>\n<tbody>\n<tr>\n<td>lang [x2]<\/td>\n<td><a href=\"https:\/\/twitter.com\/en\/privacy\">Twitter<\/a><br \/>\n<a href=\"https:\/\/www.linkedin.com\/legal\/privacy-policy\">LinkedIn<\/a><\/td>\n<td>Recuerda el idioma seleccionado por un usuario con el que visualizar una p\u00e1gina web<\/td>\n<td>1 d\u00eda<\/td>\n<td>HTTP Cookie<\/td>\n<\/tr>\n<\/tbody>\n<\/table>\n<p><strong>Estad\u00edstica (5)<\/strong><\/p>\n<p>Las cookies estad\u00edsticas ayudan a los propietarios de p\u00e1ginas web a comprender c\u00f3mo interact\u00faan los visitantes con las p\u00e1ginas web reuniendo y proporcionando informaci\u00f3n de forma an\u00f3nima.<\/p>\n<table width=\"1440\">\n<thead>\n<tr>\n<td><strong>Nombre<\/strong><\/td>\n<td><strong>Proveedor<\/strong><\/td>\n<td><strong>Prop\u00f3sito<\/strong><\/td>\n<td><strong>Caducidad<\/strong><\/td>\n<td><strong>Tipo<\/strong><\/td>\n<\/tr>\n<\/thead>\n<tbody>\n<tr>\n<td>_ga<\/td>\n<td><a href=\"https:\/\/policies.google.com\/privacy\">Google<\/a><\/td>\n<td>Registra una identificaci\u00f3n \u00fanica que se utiliza para generar datos estad\u00edsticos acerca de c\u00f3mo utiliza el visitante el sitio web.<\/td>\n<td>2 a\u00f1os<\/td>\n<td>HTTP Cookie<\/td>\n<\/tr>\n<tr>\n<td>_gat<\/td>\n<td><a href=\"https:\/\/policies.google.com\/privacy\">Google<\/a><\/td>\n<td>Utilizado por Google Analytics para controlar la tasa de peticiones<\/td>\n<td>1 d\u00eda<\/td>\n<td>HTTP Cookie<\/td>\n<\/tr>\n<tr>\n<td>_gid<\/td>\n<td><a href=\"https:\/\/policies.google.com\/privacy\">Google<\/a><\/td>\n<td>Registra una identificaci\u00f3n \u00fanica que se utiliza para generar datos estad\u00edsticos acerca de c\u00f3mo utiliza el visitante el sitio web.<\/td>\n<td>1 d\u00eda<\/td>\n<td>HTTP Cookie<\/td>\n<\/tr>\n<tr>\n<td>slideshare.experiments<\/td>\n<td><a href=\"https:\/\/www.linkedin.com\/legal\/privacy-policy\">LinkedIn<\/a><\/td>\n<td>Utilizada por SlideShare para determinar si el visitante est\u00e1 participando en un experimento de dise\u00f1o.<\/td>\n<td>Persistent<\/td>\n<td>HTML Local Storage<\/td>\n<\/tr>\n<tr>\n<td>yaaburnee_post_views_count_#<\/td>\n<td>maestrazgo.org<\/td>\n<td>Pendiente<\/td>\n<td>30 d\u00edas<\/td>\n<td>HTTP Cookie<\/td>\n<\/tr>\n<\/tbody>\n<\/table>\n<p><strong>Marketing (20)<\/strong><\/p>\n<p>Las cookies de marketing se utilizan para rastrear a los visitantes en las p\u00e1ginas web. La intenci\u00f3n es mostrar anuncios relevantes y atractivos para el usuario individual, y por lo tanto, m\u00e1s valiosos para los editores y terceros anunciantes.<\/p>\n<table width=\"1440\">\n<thead>\n<tr>\n<td><strong>Nombre<\/strong><\/td>\n<td><strong>Proveedor<\/strong><\/td>\n<td><strong>Prop\u00f3sito<\/strong><\/td>\n<td><strong>Caducidad<\/strong><\/td>\n<td><strong>Tipo<\/strong><\/td>\n<\/tr>\n<\/thead>\n<tbody>\n<tr>\n<td>__widgetsettings<\/td>\n<td><a href=\"https:\/\/twitter.com\/en\/privacy\">Twitter<\/a><\/td>\n<td>Establecida por Twitter &#8211; La cookie permite al visitante compartir contenido de la web en su perfil de Twitter.<\/td>\n<td>Persistent<\/td>\n<td>HTML Local Storage<\/td>\n<\/tr>\n<tr>\n<td>bcookie<\/td>\n<td><a href=\"https:\/\/www.linkedin.com\/legal\/privacy-policy\">LinkedIn<\/a><\/td>\n<td>Utilizada por el servicio de networking social LinkedIn para rastrear el uso de servicios incrustados.<\/td>\n<td>2 a\u00f1os<\/td>\n<td>HTTP Cookie<\/td>\n<\/tr>\n<tr>\n<td>bscookie<\/td>\n<td><a href=\"https:\/\/www.linkedin.com\/legal\/privacy-policy\">LinkedIn<\/a><\/td>\n<td>Utilizada por el servicio de networking social LinkedIn para rastrear el uso de servicios incrustados.<\/td>\n<td>2 a\u00f1os<\/td>\n<td>HTTP Cookie<\/td>\n<\/tr>\n<tr>\n<td>common\/cavalry_endpoint.php<\/td>\n<td><a href=\"https:\/\/www.facebook.com\/policies\/cookies\/\">Facebook<\/a><\/td>\n<td>Recoge informaci\u00f3n del comportamiento del usuario en diferentes webs para mostrar publicidad m\u00e1s relevante &#8211; Tambi\u00e9n le permite a la web limitar el n\u00famero de veces que el usuario est\u00e1 expuesto a un mismo anuncio.<\/td>\n<td>Session<\/td>\n<td>Pixel Tracker<\/td>\n<\/tr>\n<tr>\n<td>IDE<\/td>\n<td><a href=\"https:\/\/policies.google.com\/privacy\">Google<\/a><\/td>\n<td>Utilizada por Google DoubleClick para registrar e informar sobre las acciones del usuario en el sitio web tras visualizar o hacer clic en uno de los anuncios del anunciante con el prop\u00f3sito de medir la eficacia de un anuncio y presentar anuncios espec\u00edficos para el usuario.<\/td>\n<td>1 a\u00f1o<\/td>\n<td>HTTP Cookie<\/td>\n<\/tr>\n<tr>\n<td>images\/1&#215;1.gif<\/td>\n<td><a href=\"https:\/\/www.linkedin.com\/legal\/privacy-policy\">LinkedIn<\/a><\/td>\n<td>Utilizada por el servicio de networking social LinkedIn para rastrear el uso de servicios incrustados.<\/td>\n<td>Session<\/td>\n<td>Pixel Tracker<\/td>\n<\/tr>\n<tr>\n<td>lidc<\/td>\n<td><a href=\"https:\/\/www.linkedin.com\/legal\/privacy-policy\">LinkedIn<\/a><\/td>\n<td>Utilizada por el servicio de networking social LinkedIn para rastrear el uso de servicios incrustados.<\/td>\n<td>1 d\u00eda<\/td>\n<td>HTTP Cookie<\/td>\n<\/tr>\n<tr>\n<td>lissc<\/td>\n<td><a href=\"https:\/\/www.linkedin.com\/legal\/privacy-policy\">LinkedIn<\/a><\/td>\n<td>Utilizada por el servicio de networking social LinkedIn para rastrear el uso de servicios incrustados.<\/td>\n<td>1 a\u00f1o<\/td>\n<td>HTTP Cookie<\/td>\n<\/tr>\n<tr>\n<td>st_samesite<\/td>\n<td>c.sharethis.mgr.consensu.org<\/td>\n<td>Utilizada por ShareThis para rastrear la navegaci\u00f3n en la web del visitante y sus preferencias \u2013 Se usa para estad\u00edsticas internas y marketing.<\/td>\n<td>Session<\/td>\n<td>HTTP Cookie<\/td>\n<\/tr>\n<tr>\n<td>test_cookie<\/td>\n<td><a href=\"https:\/\/policies.google.com\/privacy\">Google<\/a><\/td>\n<td>Utilizada para comprobar si el navegador del usuario admite cookies.<\/td>\n<td>1 d\u00eda<\/td>\n<td>HTTP Cookie<\/td>\n<\/tr>\n<tr>\n<td>UID<\/td>\n<td><a href=\"http:\/\/www.scorecardresearch.com\/privacy.aspx?newlanguage=1\">Scorecardresearch<\/a><\/td>\n<td>Recopila informaci\u00f3n del usuario y su movimiento, como un sello temporal de las visitas, las p\u00e1ginas cargadas m\u00e1s recientemente y la direcci\u00f3n IP. Los datos se utilizan por la red de investigaci\u00f3n de marketing Scorecard Research para analizar patrones de tr\u00e1fico y llevar a cabo encuestas para ayudar a sus clientes a comprender mejor las preferencias del cliente.<\/td>\n<td>2 a\u00f1os<\/td>\n<td>HTTP Cookie<\/td>\n<\/tr>\n<tr>\n<td>UIDR<\/td>\n<td><a href=\"http:\/\/www.scorecardresearch.com\/privacy.aspx?newlanguage=1\">Scorecardresearch<\/a><\/td>\n<td>Recopila informaci\u00f3n del usuario y su movimiento, como un sello temporal de las visitas, las p\u00e1ginas cargadas m\u00e1s recientemente y la direcci\u00f3n IP. Los datos se utilizan por la red de investigaci\u00f3n de marketing Scorecard Research para analizar patrones de tr\u00e1fico y llevar a cabo encuestas para ayudar a sus clientes a comprender mejor las preferencias del cliente.<\/td>\n<td>2 a\u00f1os<\/td>\n<td>HTTP Cookie<\/td>\n<\/tr>\n<tr>\n<td>VISITOR_INFO1_LIVE<\/td>\n<td><a href=\"https:\/\/policies.google.com\/privacy\">YouTube<\/a><\/td>\n<td>Intenta calcular el ancho de banda del usuario en p\u00e1ginas con v\u00eddeos de YouTube integrados.<\/td>\n<td>179 d\u00edas<\/td>\n<td>HTTP Cookie<\/td>\n<\/tr>\n<tr>\n<td>YSC<\/td>\n<td><a href=\"https:\/\/policies.google.com\/privacy\">YouTube<\/a><\/td>\n<td>Registra una identificaci\u00f3n \u00fanica para mantener estad\u00edsticas de qu\u00e9 v\u00eddeos de YouTube ha visto el usuario.<\/td>\n<td>Session<\/td>\n<td>HTTP Cookie<\/td>\n<\/tr>\n<tr>\n<td>yt-remote-cast-installed<\/td>\n<td><a href=\"https:\/\/policies.google.com\/privacy\">YouTube<\/a><\/td>\n<td>Registra las preferencias del reproductor de v\u00eddeo del usuario al ver v\u00eddeos incrustados de YouTube<\/td>\n<td>Session<\/td>\n<td>HTML Local Storage<\/td>\n<\/tr>\n<tr>\n<td>yt-remote-connected-devices<\/td>\n<td><a href=\"https:\/\/policies.google.com\/privacy\">YouTube<\/a><\/td>\n<td>Registra las preferencias del reproductor de v\u00eddeo del usuario al ver v\u00eddeos incrustados de YouTube<\/td>\n<td>Persistent<\/td>\n<td>HTML Local Storage<\/td>\n<\/tr>\n<tr>\n<td>yt-remote-device-id<\/td>\n<td><a href=\"https:\/\/policies.google.com\/privacy\">YouTube<\/a><\/td>\n<td>Registra las preferencias del reproductor de v\u00eddeo del usuario al ver v\u00eddeos incrustados de YouTube<\/td>\n<td>Persistent<\/td>\n<td>HTML Local Storage<\/td>\n<\/tr>\n<tr>\n<td>yt-remote-fast-check-period<\/td>\n<td><a href=\"https:\/\/policies.google.com\/privacy\">YouTube<\/a><\/td>\n<td>Registra las preferencias del reproductor de v\u00eddeo del usuario al ver v\u00eddeos incrustados de YouTube<\/td>\n<td>Session<\/td>\n<td>HTML Local Storage<\/td>\n<\/tr>\n<tr>\n<td>yt-remote-session-app<\/td>\n<td><a href=\"https:\/\/policies.google.com\/privacy\">YouTube<\/a><\/td>\n<td>Registra las preferencias del reproductor de v\u00eddeo del usuario al ver v\u00eddeos incrustados de YouTube<\/td>\n<td>Session<\/td>\n<td>HTML Local Storage<\/td>\n<\/tr>\n<tr>\n<td>yt-remote-session-name<\/td>\n<td><a href=\"https:\/\/policies.google.com\/privacy\">YouTube<\/a><\/td>\n<td>Registra las preferencias del reproductor de v\u00eddeo del usuario al ver v\u00eddeos incrustados de YouTube<\/td>\n<td>Session<\/td>\n<td>HTML Local Storage<\/td>\n<\/tr>\n<\/tbody>\n<\/table>\n<h3>Cookies de terceros<\/h3>\n<p>Para mostrar publicidad y realizar el seguimiento de nuestras comunicaciones de marketing, La Web puede usar medios de terceros. Estos usan los cookies para medir la efectividad de los anuncios y personalizar su contenido. La informaci\u00f3n que puede ser recogida por terceros puede incluir datos tales como la localizaci\u00f3n geogr\u00e1fica (a trav\u00e9s de la direcci\u00f3n IP), datos de contacto o, s\u00f3lo si es introducida a trav\u00e9s de este Sitio, la direcci\u00f3n de correo electr\u00f3nico.<\/p>\n<h3>Seguimiento y An\u00e1lisis<\/h3>\n<p>Para la continua optimizaci\u00f3n de sus comunicaciones de marketing, La Web emplea el software anal\u00edtico Google Analitycs. Esta tecnolog\u00eda permite conocer el comportamiento online del visitante en t\u00e9rminos de tiempo, localizaci\u00f3n geogr\u00e1fica y uso de este Sitio. La informaci\u00f3n se recoge a trav\u00e9s de pixels tags y\/o cookies de seguimiento. Esta informaci\u00f3n es an\u00f3nima, no es vinculada con los datos personales y La Web no la comparte con terceros para su uso independiente. Toda la informaci\u00f3n necesaria para el an\u00e1lisis es almacenada en los servidores en Google.<\/p>\n<h3>Habilitaci\u00f3n y deshabilitaci\u00f3n de los cookies y de recursos similares<\/h3>\n<p>Recuerde que ciertas funciones y la plena funcionalidad de este Sitio pueden no estar disponibles despu\u00e9s de deshabilitar los cookies.<\/p>\n<p>Puede usted permitir, bloquear o eliminar las cookies instaladas en su equipo mediante la configuraci\u00f3n de las opciones del navegador instalado en su ordenador.<\/p>\n<p>&#8211; Si utiliza Mozzilla Firefox :<\/p>\n<ol>\n<li>Elija Herramientas y despu\u00e9s, 2. Opciones\u00a0 3.Haga clic en Privacidad\u00a0 4. Seleccione o deseleccione la opci\u00f3n Aceptar cookies y la opci\u00f3n Incluso de Terceros.<\/li>\n<\/ol>\n<p>&#8211; Si usa Internet Explorer 8.0:<\/p>\n<p>1: Seleccionar Herramientas \/ Opciones de Internet.\u00a0 2: Pulsar la solapa Privacidad.\u00a0 3: Elegir los ajustes deseados.<\/p>\n<p>&#8211; Si utiliza Internet Explorer 5.0:<\/p>\n<ol>\n<li>Elija Herramientas y, despu\u00e9s, 2. Opciones de Internet. 3. Haga clic en la ficha Seguridad, 4. en Internet y, por \u00faltimo, en Nivel personalizado. 5. Vaya a Cookies y elija una de las dos opciones.<\/li>\n<\/ol>\n<p>&#8211; Si utiliza Internet Explorer 4.0:<\/p>\n<ol>\n<li>Elija Ver y, despu\u00e9s, 2. Opciones de Internet.\u00a0 3. Haga clic en la ficha Avanzadas, 4. vaya al icono con un signo de exclamaci\u00f3n amarillo que se encuentra en Seguridad y elija una de las tres opciones para regular el uso de cookies.<\/li>\n<\/ol>\n<p>&#8211; En Internet Explorer 3.0, puede hacer clic en Ver, Opciones, Avanzadas y en el bot\u00f3n Avisar antes de aceptar \u201ccookies\u201d.<\/p>\n<p>&#8211; Si utiliza Netscape Communicator 4.0: en la barra de tareas, haga clic en:<\/p>\n<ol>\n<li>Edit, en 2. Preferences y, despu\u00e9s, en\u00a0 3. Advanced. 4. Establezca las opciones que desee en el cuadro que tiene la etiqueta \u201cCookies\u201d.<\/li>\n<\/ol>\n<p>&#8211; Si utiliza Google Chrome:<\/p>\n<ol>\n<li>Haga clic en el icono de men\u00fa de Google Chrome Chrome; 2 Seleccione Configuraci\u00f3n, 3. Haga clic en Mostrar opciones avanzadas\u2026, que encontrar\u00e1 hacia el final de la p\u00e1gina; 4. En la secci\u00f3n \u201cPrivacidad\u201d, haga clic en Configuraci\u00f3n de contenido\u2026\u00a0 5. Para deshabilitar\u00a0 o habilitar las cookies, pulse la casilla \u201cBloquear los datos de sitios y las cookies de terceros\u201d. Para permitir cookies de origen y de terceros, selecciona la opci\u00f3n Permitir que se establezcan datos locales. Si solo quieres aceptar cookies de origen, activa la casilla de verificaci\u00f3n situada junto a \u201cBloquear los datos de sitios y las cookies de terceros\u201d.<\/li>\n<li>Cambios en nuestra Pol\u00edtica de Privacidad<\/li>\n<\/ol>\n<p>Cualquier cambio que en el futuro podamos introducir en nuestra pol\u00edtica de privacidad ser\u00e1 comunicado en esta p\u00e1gina. De este modo, podr\u00e1 comprobar regularmente las actualizaciones o cambios en nuestra pol\u00edtica de privacidad.<\/p>\n<h3>Contacto<\/h3>\n<p>Responsable: Asociaci\u00f3n para el Desarrollo del Maestrazgo \u2013\u00a0 CIF: G44189033 \u2013 Tel\u00e9fono de contacto: (+34) 978849709<\/p>\n<p>Correo electr\u00f3nico: <a href=\"mailto:%20caire@maestrazgo.org\">\u00a0caire@maestrazgo.org<\/a> \u2013 Direcci\u00f3n postal: C\/ Pueyo,33, \u00a044556, Molinos, Teruel.<\/p>\n<p>Tambi\u00e9n puede contactar con nosotros para acceder a cualquier informaci\u00f3n personal que hayamos recogido a trav\u00e9s de este Sitio o para ejercer su derecho de rectificaci\u00f3n, bloqueo o anulaci\u00f3n de esta informaci\u00f3n.<\/p>\n<p>Consulte nuestras Condiciones de Uso o Aviso Legal para conocer todos los datos referentes al propietario de la Web.<\/p>\n<p>La Web realiza todos los esfuerzos razonables para asegurar que el contenido del Sitio es preciso y vigente.<\/p>\n","protected":false},"excerpt":{"rendered":"<p>Pol\u00edtica de privacidad Asociaci\u00f3n para el Desarrollo del Maestrazgo informa a los usuarios de que los Datos de Car\u00e1cter personal que recoge por formularios de petici\u00f3n de informaci\u00f3n, son objeto de tratamiento automatizado y se incorporan en el Registro de actividades de tratamiento correspondientes, titularidad de Asociaci\u00f3n para el Desarrollo\u2026<\/p>\n<p> <a class=\"continue-reading-link\" href=\"https:\/\/maestrazgo.org\/periodico\/politica-de-cookies\/\"><span>Continue reading<\/span><i class=\"crycon-right-dir\"><\/i><\/a> <\/p>\n","protected":false},"author":2,"featured_media":0,"parent":0,"menu_order":0,"comment_status":"closed","ping_status":"closed","template":"","meta":{"_monsterinsights_skip_tracking":false,"_monsterinsights_sitenote_active":false,"_monsterinsights_sitenote_note":"","_monsterinsights_sitenote_category":0,"footnotes":""},"_links":{"self":[{"href":"https:\/\/maestrazgo.org\/periodico\/wp-json\/wp\/v2\/pages\/269"}],"collection":[{"href":"https:\/\/maestrazgo.org\/periodico\/wp-json\/wp\/v2\/pages"}],"about":[{"href":"https:\/\/maestrazgo.org\/periodico\/wp-json\/wp\/v2\/types\/page"}],"author":[{"embeddable":true,"href":"https:\/\/maestrazgo.org\/periodico\/wp-json\/wp\/v2\/users\/2"}],"replies":[{"embeddable":true,"href":"https:\/\/maestrazgo.org\/periodico\/wp-json\/wp\/v2\/comments?post=269"}],"version-history":[{"count":3,"href":"https:\/\/maestrazgo.org\/periodico\/wp-json\/wp\/v2\/pages\/269\/revisions"}],"predecessor-version":[{"id":455,"href":"https:\/\/maestrazgo.org\/periodico\/wp-json\/wp\/v2\/pages\/269\/revisions\/455"}],"wp:attachment":[{"href":"https:\/\/maestrazgo.org\/periodico\/wp-json\/wp\/v2\/media?parent=269"}],"curies":[{"name":"wp","href":"https:\/\/api.w.org\/{rel}","templated":true}]}}