{"id":652,"date":"2023-05-04T07:36:25","date_gmt":"2023-05-04T07:36:25","guid":{"rendered":"http:\/\/maestrazgo.org\/leader\/?page_id=652"},"modified":"2024-01-15T12:26:59","modified_gmt":"2024-01-15T12:26:59","slug":"montanas-de-teruel-proceso-participativo","status":"publish","type":"page","link":"https:\/\/maestrazgo.org\/leader\/montanas-de-teruel-proceso-participativo\/","title":{"rendered":"\u00abMonta\u00f1as de Teruel\u00bb Proceso participativo"},"content":{"rendered":"\n<p>Repercusi\u00f3n en medios de comunicaci\u00f3n<\/p>\n\n\n\n<p><a rel=\"noreferrer noopener\" href=\"https:\/\/www.lacomarca.net\/vecinos-maestrazgo-gudar-javalambre-deciden-que-destinar-fondos-leader\/\" target=\"_blank\">30_04_2023 Los vecinos de Maestrazgo y G\u00fadar- Javalambre deciden en qu\u00e9 destinar los fondos LEADER_ Peri\u00f3dico La Comarca<\/a><\/p>\n\n\n\n<p><a href=\"http:\/\/maestrazgo.org\/periodico\/wp-content\/uploads\/2023\/05\/Periodico-112_definitivo_03_05_compressed.pdf\" target=\"_blank\" rel=\"noreferrer noopener\">04_05_2023 Programa de desarrollo rural &#8216;Monta\u00f1as de Teruel&#8217;- Proceso participativo- Peri\u00f3dico Maestrazgo Informaci\u00f3n N\u00ba 112<\/a><\/p>\n\n\n\n<p class=\"has-vivid-red-color has-text-color has-link-color wp-elements-7158bca20a9f8ced2cce40674349ad79\"><a href=\"https:\/\/agujama.org\/programas-leader\/leader-2023-2027\/estrategia-de-desarrollo-local-leader\" target=\"_blank\" rel=\"noopener\" title=\"\">ESTRATEGIA DE DESARROLLO LOCAL LEADER \u00abMONTA\u00d1AS DE TERUEL\u00bb AGUJAMA<\/a><\/p>\n","protected":false},"excerpt":{"rendered":"<p>Repercusi\u00f3n en medios de comunicaci\u00f3n 30_04_2023 Los vecinos de Maestrazgo y G\u00fadar- Javalambre deciden en qu\u00e9 destinar los fondos LEADER_ Peri\u00f3dico La Comarca 04_05_2023 Programa de desarrollo rural &#8216;Monta\u00f1as de Teruel&#8217;- Proceso participativo- Peri\u00f3dico Maestrazgo Informaci\u00f3n N\u00ba 112 ESTRATEGIA DE DESARROLLO LOCAL LEADER \u00abMONTA\u00d1AS DE TERUEL\u00bb AGUJAMA<\/p>\n","protected":false},"author":3,"featured_media":0,"parent":0,"menu_order":0,"comment_status":"closed","ping_status":"closed","template":"","meta":{"om_disable_all_campaigns":false,"_monsterinsights_skip_tracking":false,"_monsterinsights_sitenote_active":false,"_monsterinsights_sitenote_note":"","_monsterinsights_sitenote_category":0,"footnotes":""},"aioseo_notices":[],"_links":{"self":[{"href":"https:\/\/maestrazgo.org\/leader\/wp-json\/wp\/v2\/pages\/652"}],"collection":[{"href":"https:\/\/maestrazgo.org\/leader\/wp-json\/wp\/v2\/pages"}],"about":[{"href":"https:\/\/maestrazgo.org\/leader\/wp-json\/wp\/v2\/types\/page"}],"author":[{"embeddable":true,"href":"https:\/\/maestrazgo.org\/leader\/wp-json\/wp\/v2\/users\/3"}],"replies":[{"embeddable":true,"href":"https:\/\/maestrazgo.org\/leader\/wp-json\/wp\/v2\/comments?post=652"}],"version-history":[{"count":3,"href":"https:\/\/maestrazgo.org\/leader\/wp-json\/wp\/v2\/pages\/652\/revisions"}],"predecessor-version":[{"id":697,"href":"https:\/\/maestrazgo.org\/leader\/wp-json\/wp\/v2\/pages\/652\/revisions\/697"}],"wp:attachment":[{"href":"https:\/\/maestrazgo.org\/leader\/wp-json\/wp\/v2\/media?parent=652"}],"curies":[{"name":"wp","href":"https:\/\/api.w.org\/{rel}","templated":true}]}}