{"id":268,"date":"2020-01-08T07:43:50","date_gmt":"2020-01-08T07:43:50","guid":{"rendered":"http:\/\/maestrazgo.org\/leader\/?page_id=268"},"modified":"2020-01-08T07:43:50","modified_gmt":"2020-01-08T07:43:50","slug":"politica-de-privacidad","status":"publish","type":"page","link":"https:\/\/maestrazgo.org\/leader\/politica-de-privacidad\/","title":{"rendered":"Pol\u00edtica de Privacidad"},"content":{"rendered":"\n<p>Asociaci\u00f3n para el Desarrollo del Maestrazgo informa a los usuarios de que\nlos Datos de Car\u00e1cter personal que recoge (por diferentes medios tales como:\nEncuestas al interesado, formularios de petici\u00f3n de informaci\u00f3n, chats online y\nfuentes accesibles al p\u00fablico) son objeto de tratamiento automatizado y se\nincorporan en el Registro de actividades de tratamiento correspondientes.<\/p>\n\n\n\n<p>La recogida y tratamiento automatizado de los Datos de Car\u00e1cter Personal\ntiene como finalidad el cumplimiento de las obligaciones legales y de la\nrelaci\u00f3n contractual que en su caso se establezca con Asociaci\u00f3n para el\nDesarrollo del Maestrazgo, as\u00ed como facilitarle informaci\u00f3n sobre los productos\no servicios sobre los que usted lo solicite, siendo la base jur\u00eddica de dichos\ntratamiento el consentimiento expreso o la firma y ejecuci\u00f3n del contrato o\nmedidas precontractuales. El desempe\u00f1o de las tareas de informaci\u00f3n, formaci\u00f3n,\ncomercializaci\u00f3n (tarea esta \u00faltima siempre identificada como tal) y otras\nactividades propias, se realizar\u00e1 previo consentimiento y aceptaci\u00f3n por su\nparte.<\/p>\n\n\n\n<p>Los datos de clientes se conservar\u00e1n mientras dure la relaci\u00f3n contractual\ny posteriormente durante los plazos exigidos para el cumplimiento de\nobligaciones legales. Los datos de preclientes o antiguos clientes para la\nrealizaci\u00f3n de acciones promocionales, se conservar\u00e1n durante 4 a\u00f1os, sin\nperjuicio de la conservaci\u00f3n que resultase necesaria para la formulaci\u00f3n de\nreclamaciones judiciales o extrajudiciales y\/o siempre que lo permita u obligue\nla legislaci\u00f3n.<\/p>\n\n\n\n<p>Del mismo modo, se podr\u00e1n ceder sus datos a las entidades p\u00fablicas con las\nexista una obligaci\u00f3n legal (Agencia Tributaria, juzgados y tribunales\u2026).<\/p>\n\n\n\n<p>En aquellos casos en que Asociaci\u00f3n para el Desarrollo del Maestrazgo,\nfigure como Encargado del Tratamiento asume las obligaciones establecidas en el\nRGPD al efecto, y manifiesta que \u00fanicamente tratar\u00e1 los datos conforme a las\ninstrucciones del responsable de tratamiento y que no los aplicar\u00e1 o utilizar\u00e1\ncon fines distintos a los que figuren en el contrato celebrado al efecto.<\/p>\n\n\n\n<p>Asimismo, Asociaci\u00f3n para el Desarrollo del Maestrazgo, informa que, en\ncaso de que as\u00ed se haya autorizado de forma expresa, podr\u00e1 utilizar las\ndirecciones de correo electr\u00f3nico facilitadas por usted y sus n\u00fameros de\ntel\u00e9fono, para mantenerle informado de sus novedades comerciales y sus\ndistintas ofertas promocionales. Si, en cualquier momento, usted se opone a\nrecibir comunicaciones comerciales, escribamos a la direcci\u00f3n de correo\nelectr\u00f3nico caire@maestrazgo.org indicando Baja RGPD en el asunto. El\nconsentimiento se podr\u00e1 revocar en cualquier momento.<\/p>\n\n\n\n<p>Informamos que tiene derecho a acceder a sus datos personales, rectificar\nlos datos inexactos, solicitar su supresi\u00f3n, limitar alguno de los tratamientos\nu oponerse a alg\u00fan uso (por ej. oponerse con posterioridad a la firma de este\ncontrato al env\u00edo de publicidad), v\u00eda e-mail, personalmente o mediante correo\npostal, en la direcci\u00f3n: <\/p>\n\n\n\n<p>C\/ Pueyo,33 , 44556, Molinos, Teruel.<\/p>\n\n\n\n<p>Tambi\u00e9n puede ejercitar estos derechos en los t\u00e9rminos que la normativa\naplicable establece y que pueden consultar en <a href=\"http:\/\/www.agpd.es\/\">www.agpd.es<\/a><\/p>\n\n\n\n<p>El usuario del Sitio ser\u00e1 el \u00fanico responsable de la veracidad y exactitud\nde los datos aportados, actuando el propietario de la web de buena fe como mero\nprestador del servicio. En caso de haber facilitado datos falsos o de terceras\npersonas sin mediar su consentimiento para ello, el propietario de la web se\nreserva el derecho a la destrucci\u00f3n inmediata de los citados datos a fin de\nproteger el derecho del titular o titulares de los mismos.<\/p>\n\n\n\n<p>Asociaci\u00f3n para el Desarrollo del Maestrazgo se compromete al cumplimiento\nde su obligaci\u00f3n de secreto de los datos de car\u00e1cter personal y de su deber de\nguardarlos y adoptar\u00e1 todas las medidas de \u00edndole t\u00e9cnica y organizativa para\ngarantizar la seguridad de los datos de car\u00e1cter personal y evitar su\nalteraci\u00f3n, p\u00e9rdida, tratamiento o acceso no autorizado, habida cuenta del\nestado de la tecnolog\u00eda, la naturaleza de los datos almacenados y los riesgos a\nque est\u00e9n expuestos.<\/p>\n\n\n\n<p>El sitio Web dispone de las medidas de seguridad de la informaci\u00f3n\ngeneralmente utilizadas para evitar el acceso no autorizado a los datos\npersonales.<\/p>\n\n\n\n<p>Por favor, lea detenidamente esta declaraci\u00f3n de privacidad antes de usar\neste Sitio, conocer\u00e1 la forma en que procesaremos sus datos personales y usamos\nlas cookies. El uso de este Sitio implica la aceptaci\u00f3n de nuestra pol\u00edtica de\nprivacidad. En caso contrario no use este Sitio.<\/p>\n\n\n\n<p><strong>Cambios en nuestra Pol\u00edtica de Privacidad<\/strong><\/p>\n\n\n\n<p>Cualquier cambio que en el futuro podamos introducir en nuestra pol\u00edtica de\nprivacidad ser\u00e1 comunicado en esta p\u00e1gina. De este modo, podr\u00e1 comprobar\nregularmente las actualizaciones o cambios en nuestra pol\u00edtica de privacidad.<\/p>\n\n\n\n<p><strong>Modos de contacto y datos del Responsable<\/strong><\/p>\n\n\n\n<p>Responsable: Asociaci\u00f3n para el Desarrollo del Maestrazgo \u2013 CIF: G44189033<\/p>\n\n\n\n<p>Tel\u00e9fono de contacto: (+34) 978849709 \u2013 Correo electr\u00f3nico:\ncaire@maestrazgo.org<\/p>\n\n\n\n<p>Direcci\u00f3n postal: C\/ Pueyo,33 , 44556, Molinos, Teruel.<\/p>\n\n\n\n<p>Tambi\u00e9n puede contactar con nosotros para acceder a cualquier informaci\u00f3n\npersonal que hayamos recogido a trav\u00e9s de este Sitio o para ejercer su derecho\nde rectificaci\u00f3n, bloqueo o anulaci\u00f3n de esta informaci\u00f3n.<\/p>\n\n\n\n<p>Consulte nuestro <a href=\"http:\/\/maestrazgo.org\/leader\/aviso-legal\/\">Aviso Legal<\/a> para conocer todos los datos referentes al propietario de la Web.<\/p>\n\n\n\n<p>La Web realiza todos los esfuerzos razonables para asegurar que el\ncontenido del Sitio es preciso y vigente.<\/p>\n","protected":false},"excerpt":{"rendered":"<p>Asociaci\u00f3n para el Desarrollo del Maestrazgo informa a los usuarios de que los Datos de Car\u00e1cter personal que recoge (por diferentes medios tales como: Encuestas al interesado, formularios de petici\u00f3n de informaci\u00f3n, chats online y fuentes accesibles al p\u00fablico) son objeto de tratamiento automatizado y se incorporan en el Registro de actividades de tratamiento correspondientes. &hellip; <a href=\"https:\/\/maestrazgo.org\/leader\/politica-de-privacidad\/\" class=\"more-link\">Seguir leyendo <span class=\"screen-reader-text\">Pol\u00edtica de Privacidad<\/span><\/a><\/p>\n","protected":false},"author":1,"featured_media":0,"parent":0,"menu_order":0,"comment_status":"closed","ping_status":"closed","template":"","meta":{"om_disable_all_campaigns":false,"_monsterinsights_skip_tracking":false,"_monsterinsights_sitenote_active":false,"_monsterinsights_sitenote_note":"","_monsterinsights_sitenote_category":0,"footnotes":""},"aioseo_notices":[],"_links":{"self":[{"href":"https:\/\/maestrazgo.org\/leader\/wp-json\/wp\/v2\/pages\/268"}],"collection":[{"href":"https:\/\/maestrazgo.org\/leader\/wp-json\/wp\/v2\/pages"}],"about":[{"href":"https:\/\/maestrazgo.org\/leader\/wp-json\/wp\/v2\/types\/page"}],"author":[{"embeddable":true,"href":"https:\/\/maestrazgo.org\/leader\/wp-json\/wp\/v2\/users\/1"}],"replies":[{"embeddable":true,"href":"https:\/\/maestrazgo.org\/leader\/wp-json\/wp\/v2\/comments?post=268"}],"version-history":[{"count":1,"href":"https:\/\/maestrazgo.org\/leader\/wp-json\/wp\/v2\/pages\/268\/revisions"}],"predecessor-version":[{"id":269,"href":"https:\/\/maestrazgo.org\/leader\/wp-json\/wp\/v2\/pages\/268\/revisions\/269"}],"wp:attachment":[{"href":"https:\/\/maestrazgo.org\/leader\/wp-json\/wp\/v2\/media?parent=268"}],"curies":[{"name":"wp","href":"https:\/\/api.w.org\/{rel}","templated":true}]}}