{"id":265,"date":"2020-01-08T07:42:39","date_gmt":"2020-01-08T07:42:39","guid":{"rendered":"http:\/\/maestrazgo.org\/leader\/?page_id=265"},"modified":"2020-01-08T07:42:39","modified_gmt":"2020-01-08T07:42:39","slug":"aviso-legal","status":"publish","type":"page","link":"https:\/\/maestrazgo.org\/leader\/aviso-legal\/","title":{"rendered":"Aviso legal"},"content":{"rendered":"\n<p>Esta\np\u00e1gina Web es propiedad de Asociaci\u00f3n para el Desarrollo del Maestrazgo con\nCIF&nbsp;&nbsp;&nbsp;&nbsp;&nbsp; G44189033 y domicilio en C\/\nPueyo, 33, 44556, Molinos, Teruel. Para cualquier consulta o propuesta,\ncont\u00e1ctenos en el e-mail: caire@maestrazgo.org<\/p>\n\n\n\n<p>Esta\np\u00e1gina Web se rige por la normativa exclusivamente aplicable en Espa\u00f1a y en\nespacio que comprende la Uni\u00f3n Europea, quedando sometida a ella, tanto\nnacionales como extranjeros que utilicen esta Web.<\/p>\n\n\n\n<p>El acceso\na nuestra p\u00e1gina Web por parte del USUARIO es gratuito y est\u00e1 condicionado a la\nprevia lectura y aceptaci\u00f3n integra, expresa y sin reservas del presente Aviso\nLegal vigente en el momento del acceso, que rogamos lea detenidamente. El\nUSUARIO en el momento que utiliza nuestro portal, sus contenidos o servicios,\nacepta y se somete expresamente a las condiciones generales de uso del mismo.\nSi el usuario no estuviere de acuerdo con las presentes condiciones de uso,\ndeber\u00e1 abstenerse de utilizar este portal y operar por medio del mismo.<\/p>\n\n\n\n<p>En\ncualquier momento podremos modificar la presentaci\u00f3n y configuraci\u00f3n de nuestra\nWeb, ampliar o reducir servicios, e incluso suprimirla de la Red, as\u00ed como los\nservicios y contenidos prestados, todo ello de forma unilateral y sin previo\naviso.<\/p>\n\n\n\n<p><strong>Propiedad intelectual<\/strong><\/p>\n\n\n\n<p>Todos los\ncontenidos, textos, im\u00e1genes, marcas y c\u00f3digos fuente son de nuestra propiedad\no de terceros a los que se han adquirido sus derechos de explotaci\u00f3n, y est\u00e1n\nprotegidos por los derechos de Propiedad Intelectual e Industrial.<\/p>\n\n\n\n<p>El usuario\n\u00fanicamente tiene derecho a un uso privado de los mismos, sin \u00e1nimo de lucro, y\nnecesita autorizaci\u00f3n expresa para modificarlos, reproducirlos, explotarlos,\ndistribuirlos o ejercer cualquier derecho perteneciente a su titular.<\/p>\n\n\n\n<p><strong>Condiciones de acceso<\/strong><\/p>\n\n\n\n<p>El acceso\na nuestra p\u00e1gina Web es gratuito y no exige previa suscripci\u00f3n o registro. La\nfinalidad de la misma es meramente informativa o publicitaria, de cualquier\nmodo se ofrece un formulario de contacto para que pueda solicitar m\u00e1s\ninformaci\u00f3n.<\/p>\n\n\n\n<p>El env\u00edo\nde datos personales a trav\u00e9s del formulario de contacto implicar\u00e1 la aceptaci\u00f3n\nexpresa por parte del USUARIO de nuestra pol\u00edtica de privacidad, con la\nhabilitaci\u00f3n del check respectivo en el momento del env\u00edo de sus datos. Con\nrespecto al uso de sus datos con fines publicitarios se habilitar\u00e1 otro check\nque podr\u00e1 o no marcar.<\/p>\n\n\n\n<p>El usuario\ndebe acceder a nuestra p\u00e1gina Web conforme a la buena fe, las normas de orden\np\u00fablico y a las presentes Condiciones Generales de uso. El acceso a nuestro\nsitio Web se realiza bajo la propia y exclusiva responsabilidad del usuario,\nque responder\u00e1 en todo caso de los da\u00f1os y perjuicios que pueda causar a\nterceros o a nosotros mismos.<\/p>\n\n\n\n<p>Teniendo\nen cuenta la imposibilidad de control respecto a la informaci\u00f3n, contenidos y\nservicios que contengan otras p\u00e1ginas web a los que se pueda acceder a trav\u00e9s\nde los enlaces que nuestra p\u00e1gina web pueda poner a su disposici\u00f3n, le\ncomunicamos que quedamos eximidos de cualquier responsabilidad por los da\u00f1os y\nperjuicios de toda clase que pudiesen derivar por la utilizaci\u00f3n de esas\np\u00e1ginas web, ajenas a nuestra empresa, por parte del usuario.\n\nPuede obtener m\u00e1s informaci\u00f3n sobre el uso que\nhacemos de sus datos de car\u00e1cter personal en la Pol\u00edtica de Privacidad\nde nuestra web.\n\n\n\n<\/p>\n","protected":false},"excerpt":{"rendered":"<p>Esta p\u00e1gina Web es propiedad de Asociaci\u00f3n para el Desarrollo del Maestrazgo con CIF&nbsp;&nbsp;&nbsp;&nbsp;&nbsp; G44189033 y domicilio en C\/ Pueyo, 33, 44556, Molinos, Teruel. Para cualquier consulta o propuesta, cont\u00e1ctenos en el e-mail: caire@maestrazgo.org Esta p\u00e1gina Web se rige por la normativa exclusivamente aplicable en Espa\u00f1a y en espacio que comprende la Uni\u00f3n Europea, quedando &hellip; <a href=\"https:\/\/maestrazgo.org\/leader\/aviso-legal\/\" class=\"more-link\">Seguir leyendo <span class=\"screen-reader-text\">Aviso legal<\/span><\/a><\/p>\n","protected":false},"author":1,"featured_media":0,"parent":0,"menu_order":0,"comment_status":"closed","ping_status":"closed","template":"","meta":{"om_disable_all_campaigns":false,"_monsterinsights_skip_tracking":false,"_monsterinsights_sitenote_active":false,"_monsterinsights_sitenote_note":"","_monsterinsights_sitenote_category":0,"footnotes":""},"aioseo_notices":[],"_links":{"self":[{"href":"https:\/\/maestrazgo.org\/leader\/wp-json\/wp\/v2\/pages\/265"}],"collection":[{"href":"https:\/\/maestrazgo.org\/leader\/wp-json\/wp\/v2\/pages"}],"about":[{"href":"https:\/\/maestrazgo.org\/leader\/wp-json\/wp\/v2\/types\/page"}],"author":[{"embeddable":true,"href":"https:\/\/maestrazgo.org\/leader\/wp-json\/wp\/v2\/users\/1"}],"replies":[{"embeddable":true,"href":"https:\/\/maestrazgo.org\/leader\/wp-json\/wp\/v2\/comments?post=265"}],"version-history":[{"count":2,"href":"https:\/\/maestrazgo.org\/leader\/wp-json\/wp\/v2\/pages\/265\/revisions"}],"predecessor-version":[{"id":267,"href":"https:\/\/maestrazgo.org\/leader\/wp-json\/wp\/v2\/pages\/265\/revisions\/267"}],"wp:attachment":[{"href":"https:\/\/maestrazgo.org\/leader\/wp-json\/wp\/v2\/media?parent=265"}],"curies":[{"name":"wp","href":"https:\/\/api.w.org\/{rel}","templated":true}]}}