{"id":238,"date":"2020-01-03T07:33:49","date_gmt":"2020-01-03T07:33:49","guid":{"rendered":"http:\/\/maestrazgo.org\/leader\/?page_id=238"},"modified":"2020-01-03T07:45:53","modified_gmt":"2020-01-03T07:45:53","slug":"esdi","status":"publish","type":"page","link":"https:\/\/maestrazgo.org\/leader\/esdi\/","title":{"rendered":"ESDI"},"content":{"rendered":"\n<p>El\u00a0<strong>Espacio Social de Innovaci\u00f3n (ESDI)<\/strong>\u00a0puedes entenderlo como un h\u00e1bitat en el que los procesos de investigaci\u00f3n e innovaci\u00f3n se ci\u00f1en a las necesidades reales y limitaciones de la Comunidad que va a ser beneficiaria de los mismos. Es decir, que implica en igual medida a todos los agentes de la Sociedad en el proceso de innovaci\u00f3n desde la ciudadan\u00eda, pasando por la Administraci\u00f3n, la Escuela o la iniciativa privada.<\/p>\n\n\n\n<p>La estructura de un Espacio Social de Innovaci\u00f3n debe tener viabilidad por s\u00ed misma, m\u00e1s all\u00e1 de la financiaci\u00f3n de un determinado proyecto para asegurarse su permanencia en el tiempo. En este sentido, se vuelve imprescindible una estructura organizativa bien definida.<\/p>\n\n\n\n<p>El proceso de innovaci\u00f3n es continuo y existe un espacio de creaci\u00f3n colaborativa entre los diferentes agentes sociales&#8217;Las reglas b\u00e1sicas de juego&#8217;\u2022 Innovaci\u00f3n social aplicada<\/p>\n\n\n\n<ul><li> Participaci\u00f3n activa de todos los actores<\/li><li>Financiaci\u00f3n mixta<\/li><li>Sostenible en el tiempo<\/li><li>Ilusionante<\/li><\/ul>\n\n\n\n<p>M\u00e1s informaci\u00f3n en <a href=\"http:\/\/maestrazgo.org\/esdi\/\" target=\"_blank\" rel=\"noreferrer noopener\" aria-label=\"ESDI (abre en una nueva pesta\u00f1a)\">ESDI<\/a><\/p>\n","protected":false},"excerpt":{"rendered":"<p>El\u00a0Espacio Social de Innovaci\u00f3n (ESDI)\u00a0puedes entenderlo como un h\u00e1bitat en el que los procesos de investigaci\u00f3n e innovaci\u00f3n se ci\u00f1en a las necesidades reales y limitaciones de la Comunidad que va a ser beneficiaria de los mismos. Es decir, que implica en igual medida a todos los agentes de la Sociedad en el proceso de &hellip; <a href=\"https:\/\/maestrazgo.org\/leader\/esdi\/\" class=\"more-link\">Seguir leyendo <span class=\"screen-reader-text\">ESDI<\/span><\/a><\/p>\n","protected":false},"author":3,"featured_media":0,"parent":0,"menu_order":0,"comment_status":"closed","ping_status":"closed","template":"","meta":{"om_disable_all_campaigns":false,"_monsterinsights_skip_tracking":false,"_monsterinsights_sitenote_active":false,"_monsterinsights_sitenote_note":"","_monsterinsights_sitenote_category":0,"footnotes":""},"aioseo_notices":[],"_links":{"self":[{"href":"https:\/\/maestrazgo.org\/leader\/wp-json\/wp\/v2\/pages\/238"}],"collection":[{"href":"https:\/\/maestrazgo.org\/leader\/wp-json\/wp\/v2\/pages"}],"about":[{"href":"https:\/\/maestrazgo.org\/leader\/wp-json\/wp\/v2\/types\/page"}],"author":[{"embeddable":true,"href":"https:\/\/maestrazgo.org\/leader\/wp-json\/wp\/v2\/users\/3"}],"replies":[{"embeddable":true,"href":"https:\/\/maestrazgo.org\/leader\/wp-json\/wp\/v2\/comments?post=238"}],"version-history":[{"count":2,"href":"https:\/\/maestrazgo.org\/leader\/wp-json\/wp\/v2\/pages\/238\/revisions"}],"predecessor-version":[{"id":245,"href":"https:\/\/maestrazgo.org\/leader\/wp-json\/wp\/v2\/pages\/238\/revisions\/245"}],"wp:attachment":[{"href":"https:\/\/maestrazgo.org\/leader\/wp-json\/wp\/v2\/media?parent=238"}],"curies":[{"name":"wp","href":"https:\/\/api.w.org\/{rel}","templated":true}]}}