{"id":234,"date":"2020-01-03T07:33:11","date_gmt":"2020-01-03T07:33:11","guid":{"rendered":"http:\/\/maestrazgo.org\/leader\/?page_id=234"},"modified":"2020-02-05T10:09:30","modified_gmt":"2020-02-05T10:09:30","slug":"europe-direct","status":"publish","type":"page","link":"https:\/\/maestrazgo.org\/leader\/europe-direct\/","title":{"rendered":"Europe Direct"},"content":{"rendered":"\n<p>El EUROPE DIRECT-CAIRE se dirige a todos los p\u00fablicos y entidades p\u00fablicas y privadas de Arag\u00f3n que buscan informaci\u00f3n sobre la Uni\u00f3n Europea o que trabajan en la dinamizaci\u00f3n socio-cultural del territorio aragon\u00e9s rural.<br>Europe Direct CAIRE es un centro de informaci\u00f3n financiado y avalado por la Comisi\u00f3n Europea para informar a la ciudadan\u00eda sobre la UE, sobre nuestros derechos y sobre las posibilidades de ejercer una ciudadan\u00eda participativa en los \u00e1mbitos local y regional. <\/p>\n\n\n\n<p>El Centro Aragon\u00e9s de Informaci\u00f3n Rural Europea, entidad dependiente de la Asociaci\u00f3n para el Desarrollo del Maestrazgo (ADEMA), fue escogido como enlace de informaci\u00f3n y contin\u00faa su andadura al ser escogido en la convocatoria en curso 2018 -2020, perteneciendo a una red de 480 centros en toda Europa.<br><\/p>\n\n\n\n<p>EUROPE DIRECT ha asignado a la Asociaci\u00f3n para el Desarrollo del Maestrazgo la misi\u00f3n de, en una red de \u00e1mbito europeo, dar a conocer la Uni\u00f3n Europea, fomentar el debate local y regional y ofrecer a la ciudadan\u00eda la posibilidad de transmitir sus opiniones, preguntas y sugerencias a las instituciones comunitarias.<br><\/p>\n\n\n\n<p>EUROPE DIRECT-CAIRE es un servicio <strong>gratuito<\/strong> al servicio de la ciudadan\u00eda, las instituciones y las entidades sociales y empresariales aragonesas. El ED CAIRE est\u00e1 financiado por la Comisi\u00f3n Europea, por la Asociaci\u00f3n para el Desarrollo del Maestrazgo (ADEMA), por la Comarca del Maestrazgo y por otras entidades socio-culturales que dan su apoyo financiero y t\u00e9cnico para desarrollar las actividades que a lo largo de todo el a\u00f1o desarrolla el CAIRE.<br><\/p>\n\n\n\n<p>De acuerdo con el principio de descentralizaci\u00f3n, la Comisi\u00f3n Europea se sirve de una serie de enlaces en su pol\u00edtica de informaci\u00f3n. Los Centros de enlace e informaci\u00f3n son estructuras cercanas al p\u00fablico, creadas en organismos preexistentes y con experiencia. Informan a los ciudadanos acerca de la Uni\u00f3n y sus pol\u00edticas de una manera adaptada e informal.<br><\/p>\n\n\n\n<p>La sede de ADEMA en Molinos cuenta desde 1.994 con uno de los centros pertenecientes a la red de informaci\u00f3n de la Uni\u00f3n Europea, denominado CAIRE (Centro Aragon\u00e9s de Informaci\u00f3n Rural Europea), respondiendo de esta manera a la necesidad de difundir en el medio rural las pol\u00edticas de \u00e1mbito comunitario.<\/p>\n\n\n\n<p>M\u00e1s informaci\u00f3n en <a href=\"http:\/\/maestrazgo.org\/EuropeDirect\/\" target=\"_blank\" rel=\"noreferrer noopener\" aria-label=\" (abre en una nueva pesta\u00f1a)\">Europe Direct CAIRE Maestrazgo.<\/a><\/p>\n\n\n\n<p><br><\/p>\n","protected":false},"excerpt":{"rendered":"<p>El EUROPE DIRECT-CAIRE se dirige a todos los p\u00fablicos y entidades p\u00fablicas y privadas de Arag\u00f3n que buscan informaci\u00f3n sobre la Uni\u00f3n Europea o que trabajan en la dinamizaci\u00f3n socio-cultural del territorio aragon\u00e9s rural.Europe Direct CAIRE es un centro de informaci\u00f3n financiado y avalado por la Comisi\u00f3n Europea para informar a la ciudadan\u00eda sobre la &hellip; <a href=\"https:\/\/maestrazgo.org\/leader\/europe-direct\/\" class=\"more-link\">Seguir leyendo <span class=\"screen-reader-text\">Europe Direct<\/span><\/a><\/p>\n","protected":false},"author":3,"featured_media":0,"parent":0,"menu_order":0,"comment_status":"closed","ping_status":"closed","template":"","meta":{"om_disable_all_campaigns":false,"_monsterinsights_skip_tracking":false,"_monsterinsights_sitenote_active":false,"_monsterinsights_sitenote_note":"","_monsterinsights_sitenote_category":0,"footnotes":""},"aioseo_notices":[],"_links":{"self":[{"href":"https:\/\/maestrazgo.org\/leader\/wp-json\/wp\/v2\/pages\/234"}],"collection":[{"href":"https:\/\/maestrazgo.org\/leader\/wp-json\/wp\/v2\/pages"}],"about":[{"href":"https:\/\/maestrazgo.org\/leader\/wp-json\/wp\/v2\/types\/page"}],"author":[{"embeddable":true,"href":"https:\/\/maestrazgo.org\/leader\/wp-json\/wp\/v2\/users\/3"}],"replies":[{"embeddable":true,"href":"https:\/\/maestrazgo.org\/leader\/wp-json\/wp\/v2\/comments?post=234"}],"version-history":[{"count":3,"href":"https:\/\/maestrazgo.org\/leader\/wp-json\/wp\/v2\/pages\/234\/revisions"}],"predecessor-version":[{"id":325,"href":"https:\/\/maestrazgo.org\/leader\/wp-json\/wp\/v2\/pages\/234\/revisions\/325"}],"wp:attachment":[{"href":"https:\/\/maestrazgo.org\/leader\/wp-json\/wp\/v2\/media?parent=234"}],"curies":[{"name":"wp","href":"https:\/\/api.w.org\/{rel}","templated":true}]}}