{"id":16,"date":"2015-12-18T11:09:00","date_gmt":"2015-12-18T11:09:00","guid":{"rendered":"https:\/\/leadermaestrazgo20142020.wordpress.com\/?page_id=11"},"modified":"2024-01-15T12:25:28","modified_gmt":"2024-01-15T12:25:28","slug":"solicitud-de-ayudas-leader","status":"publish","type":"page","link":"https:\/\/maestrazgo.org\/leader\/solicitud-de-ayudas-leader\/","title":{"rendered":"AYUDAS LEADER"},"content":{"rendered":"\n<h2 class=\"wp-block-heading\">Programa LEADER 2023-2027<\/h2>\n\n\n\n<p>El nuevo periodo de ayudas LEADER para la Comarca del Maestrazgo comienza su andadura con las convocatorias previstas en el a\u00f1o 2024, a trav\u00e9s del Grupo de Acci\u00f3n Local AGUJAMA.<\/p>\n\n\n<div class=\"wp-block-image\">\n<figure class=\"aligncenter size-large\"><img loading=\"lazy\" decoding=\"async\" width=\"751\" height=\"1024\" src=\"http:\/\/maestrazgo.org\/leader\/wp-content\/uploads\/2024\/01\/cartel-ayudas-leader-2024-751x1024.jpg\" alt=\"\" class=\"wp-image-692\" srcset=\"https:\/\/maestrazgo.org\/leader\/wp-content\/uploads\/2024\/01\/cartel-ayudas-leader-2024-751x1024.jpg 751w, https:\/\/maestrazgo.org\/leader\/wp-content\/uploads\/2024\/01\/cartel-ayudas-leader-2024-220x300.jpg 220w, https:\/\/maestrazgo.org\/leader\/wp-content\/uploads\/2024\/01\/cartel-ayudas-leader-2024-768x1047.jpg 768w, https:\/\/maestrazgo.org\/leader\/wp-content\/uploads\/2024\/01\/cartel-ayudas-leader-2024-1126x1536.jpg 1126w, https:\/\/maestrazgo.org\/leader\/wp-content\/uploads\/2024\/01\/cartel-ayudas-leader-2024-1502x2048.jpg 1502w, https:\/\/maestrazgo.org\/leader\/wp-content\/uploads\/2024\/01\/cartel-ayudas-leader-2024-279x380.jpg 279w, https:\/\/maestrazgo.org\/leader\/wp-content\/uploads\/2024\/01\/cartel-ayudas-leader-2024.jpg 1646w\" sizes=\"(max-width: 751px) 100vw, 751px\" \/><\/figure><\/div>\n\n\n<h5 class=\"wp-block-heading\"><strong><span style=\"background-color:rgba(0, 0, 0, 0)\" class=\"has-inline-color has-vivid-red-color\">V\u00eddeo Convocatoria Ayudas LEADER 2024. <\/span><\/strong><\/h5>\n\n\n\n<figure class=\"wp-block-video aligncenter\"><video controls src=\"http:\/\/maestrazgo.org\/leader\/wp-content\/uploads\/2024\/01\/PROMOCION-LEADER.mp4\"><\/video><\/figure>\n\n\n\n<p class=\"has-vivid-red-color has-text-color has-link-color has-medium-font-size wp-elements-2b578af49733deb201dc6165c79ea1c9\"><a href=\"https:\/\/agujama.org\/programas-leader\/leader-2023-2027\" title=\"\">INFORMACION GENERAL LEADER AGUJAMA 2023-2027<\/a><\/p>\n\n\n\n<p class=\"has-text-color has-link-color wp-elements-b17d25359390e535d301dbda420d031f\" style=\"color:#055035\"><a href=\"https:\/\/agujama.org\/programas-leader\/leader-2023-2027\/estrategia-de-desarrollo-local-leader\" target=\"_blank\" rel=\"noopener\" title=\"\">ESTRATEGIA DE DESARROLLO LOCAL LEADER AGUJAMA 2023-2027<\/a><\/p>\n\n\n\n<p class=\"has-white-color has-vivid-red-background-color has-text-color has-background has-link-color wp-elements-e11fe7b34223951de09f5587c1abb3f6\">DOCUMENTACI\u00d3N L\u00cdNEAS DE AYUDA:<\/p>\n\n\n\n<ul>\n<li><a href=\"https:\/\/agujama.org\/programas-leader\/leader-2023-2027\/ayudas-a-la-inversion-de-empresas-y-emprendedores\" target=\"_blank\" rel=\"noopener\" title=\"\">Ayudas para inversiones en proyectos productivos para empresas y emprendedores<\/a><\/li>\n<\/ul>\n\n\n\n<ul>\n<li><a href=\"https:\/\/agujama.org\/programas-leader\/leader-2023-2027\/proyectos-sin-animo-de-lucro\" target=\"_blank\" rel=\"noopener\" title=\"\">Ayudas proyectos no productivos para entidades locales y entidades sin \u00e1nimo de lucro<\/a><\/li>\n<\/ul>\n\n\n\n<ul>\n<li><a href=\"https:\/\/agujama.org\/programas-leader\/leader-2023-2027\/ayudas-a-nuevos-emprendedores\" target=\"_blank\" rel=\"noopener\" title=\"\">Ayudas a nuevos emprendedores (nueva l\u00ednea Emprende Rural Leader)<\/a><\/li>\n<\/ul>\n\n\n\n<ul>\n<li><a href=\"https:\/\/agujama.org\/programas-leader\/leader-2023-2027\/proyectos-cooperacion-entre-particulares\" target=\"_blank\" rel=\"noopener\" title=\"\">Ayudas a proyectos de cooperaci\u00f3n entre particulares (personas f\u00edsicas o jur\u00eddicas)<\/a><\/li>\n<\/ul>\n\n\n\n<ul>\n<li><a href=\"https:\/\/agujama.org\/programas-leader\/leader-2023-2027\/ayudas-a-la-formacion\" target=\"_blank\" rel=\"noopener\" title=\"\">Ayudas a la formaci\u00f3n no reglada para entidades p\u00fablicas y privadas<\/a><\/li>\n<\/ul>\n\n\n\n<p>Cualquier consulta os pod\u00e9is poner en contacto a trav\u00e9s del tel\u00e9fono 978807126 en Mora de Rubielos o 978849709 en Molinos (Teruel), o a trav\u00e9s de los siguientes e-mail para la Comarca del Maestrazgo:<\/p>\n\n\n\n<p>leader@maestrazgo.org \/ cooperacion@agujama.org (Oficina de Molinos)<\/p>\n\n\n<\/p>\n<\/p>","protected":false},"excerpt":{"rendered":"<p>Programa LEADER 2023-2027 El nuevo periodo de ayudas LEADER para la Comarca del Maestrazgo comienza su andadura con las convocatorias previstas en el a\u00f1o 2024, a trav\u00e9s del Grupo de Acci\u00f3n Local AGUJAMA. V\u00eddeo Convocatoria Ayudas LEADER 2024. INFORMACION GENERAL LEADER AGUJAMA 2023-2027 ESTRATEGIA DE DESARROLLO LOCAL LEADER AGUJAMA 2023-2027 DOCUMENTACI\u00d3N L\u00cdNEAS DE AYUDA: Cualquier &hellip; <a href=\"https:\/\/maestrazgo.org\/leader\/solicitud-de-ayudas-leader\/\" class=\"more-link\">Seguir leyendo <span class=\"screen-reader-text\">AYUDAS LEADER<\/span><\/a><\/p>\n","protected":false},"author":3,"featured_media":37,"parent":0,"menu_order":0,"comment_status":"closed","ping_status":"closed","template":"","meta":{"om_disable_all_campaigns":false,"_monsterinsights_skip_tracking":false,"_monsterinsights_sitenote_active":false,"_monsterinsights_sitenote_note":"","_monsterinsights_sitenote_category":0,"footnotes":""},"aioseo_notices":[],"_links":{"self":[{"href":"https:\/\/maestrazgo.org\/leader\/wp-json\/wp\/v2\/pages\/16"}],"collection":[{"href":"https:\/\/maestrazgo.org\/leader\/wp-json\/wp\/v2\/pages"}],"about":[{"href":"https:\/\/maestrazgo.org\/leader\/wp-json\/wp\/v2\/types\/page"}],"author":[{"embeddable":true,"href":"https:\/\/maestrazgo.org\/leader\/wp-json\/wp\/v2\/users\/3"}],"replies":[{"embeddable":true,"href":"https:\/\/maestrazgo.org\/leader\/wp-json\/wp\/v2\/comments?post=16"}],"version-history":[{"count":20,"href":"https:\/\/maestrazgo.org\/leader\/wp-json\/wp\/v2\/pages\/16\/revisions"}],"predecessor-version":[{"id":695,"href":"https:\/\/maestrazgo.org\/leader\/wp-json\/wp\/v2\/pages\/16\/revisions\/695"}],"wp:featuredmedia":[{"embeddable":true,"href":"https:\/\/maestrazgo.org\/leader\/wp-json\/wp\/v2\/media\/37"}],"wp:attachment":[{"href":"https:\/\/maestrazgo.org\/leader\/wp-json\/wp\/v2\/media?parent=16"}],"curies":[{"name":"wp","href":"https:\/\/api.w.org\/{rel}","templated":true}]}}