{"id":123,"date":"2017-01-31T13:20:11","date_gmt":"2017-01-31T13:20:11","guid":{"rendered":"http:\/\/maestrazgo.org\/leader\/?page_id=123"},"modified":"2022-07-06T11:00:33","modified_gmt":"2022-07-06T11:00:33","slug":"plan-estrategico-adema-2014-2020","status":"publish","type":"page","link":"https:\/\/maestrazgo.org\/leader\/acerca-de\/plan-de-comunicacion-y-transparencia\/plan-estrategico-adema-2014-2020\/","title":{"rendered":"PLAN ESTRAT\u00c9GICO ADEMA 2014-2020"},"content":{"rendered":"<p><strong>E<\/strong>l plan estrat\u00e9gico es\u00a0 un plan de trabajo que pretende marcar una orientaci\u00f3n de los diferentes programas e iniciativas de trabajo de la Asociaci\u00f3n en los diferentes ejes y programas que gestiona la Asociaci\u00f3n. El plan\u00a0 no pretende sustituir o complementar planes directores anteriores emitidos por la propia Asociaci\u00f3n, sino que quiere ser una gu\u00eda de orientaci\u00f3n para miembros de la Asamblea y la junta directiva para informar de las estrategias a desarrollar por la Asociaci\u00f3n a lo largo de la presente anualidad. Este plan es susceptible de actualizarse a lo largo de todo el a\u00f1o<\/p>\n<p>La Asociaci\u00f3n para el Desarrollo del Maestrazgo pretende diversificar sus fuentes de financiaci\u00f3n y de trabajo con el objetivo de poder cumplir sus fines estatutarios, y por tanto hay tres ejes de trabajo complementarios de ADEMA<\/p>\n<ul>\n<li>LEADER 2014- 2020. Gesti\u00f3n del programa de desarrollo rural LEADER en coordinaci\u00f3n con AGUJAMA<\/li>\n<li>Europe Direct- CAIRE. Punto de informaci\u00f3n Europea y centro de informaci\u00f3n rural sobre programas y pol\u00edtica Europea. Para m\u00e1s informaci\u00f3n <a href=\"http:\/\/maestrazgo.org\/EuropeDirect\/\" target=\"_blank\" rel=\"noopener noreferrer\">www.maestrazo.org\/EuropeDirect<\/a><\/li>\n<\/ul>\n<p>Espacio de Innovaci\u00f3n Social. Nuevos proyectos e iniciativas de innovaci\u00f3n con un car\u00e1cter social, ambiental y econ\u00f3mico.<\/p>\n<p>Hist\u00f3rico planes estrat\u00e9gicos.<\/p>\n<p><a href=\"http:\/\/maestrazgo.org\/leader\/wp-content\/uploads\/2017\/01\/PLAN-ESTRAT\u00c9GICO-2016.pdf\">PLAN ESTRAT\u00c9GICO 2016<\/a><\/p>\n<p><a href=\"http:\/\/maestrazgo.org\/leader\/wp-content\/uploads\/2017\/01\/Plan-estrategico-2018.pdf\">PLAN ESTRATEGICO 2018<\/a><\/p>\n<p><a href=\"http:\/\/maestrazgo.org\/leader\/wp-content\/uploads\/2022\/07\/plan-estrat\u00e9gico-2022.pdf\">PLAN ESTRAT\u00c9GICO 2022<\/a><\/p>\n","protected":false},"excerpt":{"rendered":"<p>El plan estrat\u00e9gico es\u00a0 un plan de trabajo que pretende marcar una orientaci\u00f3n de los diferentes programas e iniciativas de trabajo de la Asociaci\u00f3n en los diferentes ejes y programas que gestiona la Asociaci\u00f3n. El plan\u00a0 no pretende sustituir o complementar planes directores anteriores emitidos por la propia Asociaci\u00f3n, sino que quiere ser una gu\u00eda &hellip; <a href=\"https:\/\/maestrazgo.org\/leader\/acerca-de\/plan-de-comunicacion-y-transparencia\/plan-estrategico-adema-2014-2020\/\" class=\"more-link\">Seguir leyendo <span class=\"screen-reader-text\">PLAN ESTRAT\u00c9GICO ADEMA 2014-2020<\/span><\/a><\/p>\n","protected":false},"author":3,"featured_media":0,"parent":105,"menu_order":0,"comment_status":"closed","ping_status":"closed","template":"","meta":{"om_disable_all_campaigns":false,"_monsterinsights_skip_tracking":false,"_monsterinsights_sitenote_active":false,"_monsterinsights_sitenote_note":"","_monsterinsights_sitenote_category":0,"footnotes":""},"aioseo_notices":[],"_links":{"self":[{"href":"https:\/\/maestrazgo.org\/leader\/wp-json\/wp\/v2\/pages\/123"}],"collection":[{"href":"https:\/\/maestrazgo.org\/leader\/wp-json\/wp\/v2\/pages"}],"about":[{"href":"https:\/\/maestrazgo.org\/leader\/wp-json\/wp\/v2\/types\/page"}],"author":[{"embeddable":true,"href":"https:\/\/maestrazgo.org\/leader\/wp-json\/wp\/v2\/users\/3"}],"replies":[{"embeddable":true,"href":"https:\/\/maestrazgo.org\/leader\/wp-json\/wp\/v2\/comments?post=123"}],"version-history":[{"count":6,"href":"https:\/\/maestrazgo.org\/leader\/wp-json\/wp\/v2\/pages\/123\/revisions"}],"predecessor-version":[{"id":625,"href":"https:\/\/maestrazgo.org\/leader\/wp-json\/wp\/v2\/pages\/123\/revisions\/625"}],"up":[{"embeddable":true,"href":"https:\/\/maestrazgo.org\/leader\/wp-json\/wp\/v2\/pages\/105"}],"wp:attachment":[{"href":"https:\/\/maestrazgo.org\/leader\/wp-json\/wp\/v2\/media?parent=123"}],"curies":[{"name":"wp","href":"https:\/\/api.w.org\/{rel}","templated":true}]}}