{"id":118,"date":"2017-01-31T13:14:45","date_gmt":"2017-01-31T13:14:45","guid":{"rendered":"http:\/\/maestrazgo.org\/leader\/?page_id=118"},"modified":"2019-12-20T12:42:27","modified_gmt":"2019-12-20T12:42:27","slug":"equipo-tecnico","status":"publish","type":"page","link":"https:\/\/maestrazgo.org\/leader\/acerca-de\/plan-de-comunicacion-y-transparencia\/equipo-tecnico\/","title":{"rendered":"EQUIPO T\u00c9CNICO"},"content":{"rendered":"<p>La Asociaci\u00f3n para el Desarrollo del Maestrazgo tiene en plantilla fija y estable un total de dos\u00a0\u00a0 personas contratadas a tiempo indefinidos para la gesti\u00f3n de los diferentes programas de desarrollo rural. No obstante, para poder cumplir con todos los objetivos marcados en los diferentes programas y planes directores de la Asociaci\u00f3n, La Asociaci\u00f3n en virtud del presupuesto disponible contrata\u00a0 un tercer t\u00e9cnico de desarrollo. Este es el esquema laboral de la Asociaci\u00f3n<\/p>\n<ul>\n<li>Jorge Abril Aznar. Coordinador de ADEMA<\/li>\n<li>Lorena Sales. T\u00e9cnico del CAIRE- Europe Direct.<\/li>\n<\/ul>\n<p>El horario laboral de los t\u00e9cnicos\u00a0 es de\u00a0 37 horas y media tal y como marca el convenio de oficinas y despachos\u00a0de la provincia de Teruel, si bien, dadas las caracter\u00edsticas del trabajo vinculado al desarrollo local participativo, el horario laboral tiende a la flexibilidad, ya que son numerosas las acciones e iniciativas de dinamizaci\u00f3n y animaci\u00f3n que se desarrolla en periodos festivos.<\/p>\n<p>La sede f\u00edsica de la Asociaci\u00f3n se encuentra en Molinos ( C\/ Pueyo 33) en un espacio multifuncional destinado a oficinas, formaci\u00f3n y dinamizaci\u00f3n. No obstante, el equipo t\u00e9cnico de la Asociaci\u00f3n trabaja en todo el \u00e1mbito geogr\u00e1fico de la Comarca del Maestrazgo. En este enlace est\u00e1 el informe de la distribuci\u00f3n de tareas y funciones del equipo t\u00e9cnico:<\/p>\n<p><a href=\"http:\/\/maestrazgo.org\/leader\/wp-content\/uploads\/2017\/01\/Documento-num-1-INFORME-LABORAL-Y-FUNCIONES-TRABAJADORES.pdf\">Documento num 1 INFORME LABORAL Y FUNCIONES TRABAJADORES<\/a><\/p>\n","protected":false},"excerpt":{"rendered":"<p>La Asociaci\u00f3n para el Desarrollo del Maestrazgo tiene en plantilla fija y estable un total de dos\u00a0\u00a0 personas contratadas a tiempo indefinidos para la gesti\u00f3n de los diferentes programas de desarrollo rural. No obstante, para poder cumplir con todos los objetivos marcados en los diferentes programas y planes directores de la Asociaci\u00f3n, La Asociaci\u00f3n en &hellip; <a href=\"https:\/\/maestrazgo.org\/leader\/acerca-de\/plan-de-comunicacion-y-transparencia\/equipo-tecnico\/\" class=\"more-link\">Seguir leyendo <span class=\"screen-reader-text\">EQUIPO T\u00c9CNICO<\/span><\/a><\/p>\n","protected":false},"author":3,"featured_media":0,"parent":105,"menu_order":0,"comment_status":"closed","ping_status":"closed","template":"","meta":{"om_disable_all_campaigns":false,"_monsterinsights_skip_tracking":false,"_monsterinsights_sitenote_active":false,"_monsterinsights_sitenote_note":"","_monsterinsights_sitenote_category":0,"footnotes":""},"aioseo_notices":[],"_links":{"self":[{"href":"https:\/\/maestrazgo.org\/leader\/wp-json\/wp\/v2\/pages\/118"}],"collection":[{"href":"https:\/\/maestrazgo.org\/leader\/wp-json\/wp\/v2\/pages"}],"about":[{"href":"https:\/\/maestrazgo.org\/leader\/wp-json\/wp\/v2\/types\/page"}],"author":[{"embeddable":true,"href":"https:\/\/maestrazgo.org\/leader\/wp-json\/wp\/v2\/users\/3"}],"replies":[{"embeddable":true,"href":"https:\/\/maestrazgo.org\/leader\/wp-json\/wp\/v2\/comments?post=118"}],"version-history":[{"count":4,"href":"https:\/\/maestrazgo.org\/leader\/wp-json\/wp\/v2\/pages\/118\/revisions"}],"predecessor-version":[{"id":204,"href":"https:\/\/maestrazgo.org\/leader\/wp-json\/wp\/v2\/pages\/118\/revisions\/204"}],"up":[{"embeddable":true,"href":"https:\/\/maestrazgo.org\/leader\/wp-json\/wp\/v2\/pages\/105"}],"wp:attachment":[{"href":"https:\/\/maestrazgo.org\/leader\/wp-json\/wp\/v2\/media?parent=118"}],"curies":[{"name":"wp","href":"https:\/\/api.w.org\/{rel}","templated":true}]}}