{"id":11,"date":"2015-12-18T10:07:04","date_gmt":"2015-12-18T10:07:04","guid":{"rendered":"http:\/\/leadermaestrazgo20142020.wordpress.com\/?page_id=1"},"modified":"2020-04-06T07:59:30","modified_gmt":"2020-04-06T07:59:30","slug":"acerca-de","status":"publish","type":"page","link":"https:\/\/maestrazgo.org\/leader\/","title":{"rendered":"Maestrazgo Asociaci\u00f3n Desarrollo"},"content":{"rendered":"\n<div class=\"wp-block-image\"><figure class=\"aligncenter is-resized\"><img loading=\"lazy\" decoding=\"async\" src=\"http:\/\/maestrazgo.org\/leader\/wp-content\/uploads\/2019\/10\/ADEMA-300x229.jpg\" alt=\"\" class=\"wp-image-183\" width=\"225\" height=\"172\"\/><\/figure><\/div>\n\n\n<p>La Asociaci\u00f3n para el Desarrollo del Maestrazgo (ADEMA) es una entidad \u00a0constituida como Asociaci\u00f3n al amparo de la ley org\u00e1nica 1\/2002\u00a0 con capacidad jur\u00eddica y plena capacidad de obrar, careciendo de \u00e1nimo de lucro. Esta Asociaci\u00f3n se constituye en Noviembre del 2002 con el objeto de desarrollar los siguientes fines encomendados:<\/p>\n<ul>\n<li>Participar en la iniciativa comunitaria LEADER,y otras iniciativas y programas de desarrollo rural de car\u00e1cter Comunitario, Nacional y Auton\u00f3micos.<\/li>\n<li>Sensibilizar a las Administraciones Locales, Provincial , Auton\u00f3mica y Estatal y a las instituciones Comunitarias para aprovechar los recursos end\u00f3genos de la Comarca del Maestrazgo de cara a su desarrollo arm\u00f3nico e integral.<\/li>\n<li>Servir a los Asociados y a la poblaci\u00f3n local de centro receptor y distribuidor de toda la informaci\u00f3n relativa al campo del desarrollo local y regional , tanto a nivel nacional como internacional<\/li>\n<li>Posibilitar entre los Asociados el intercambio de experiencias y metodolog\u00edas de intervenci\u00f3n en el \u00e1mbito del desarrollo local y regional.<\/li>\n<\/ul>\n<p>Su \u00a0fin social fundamental es el desarrollo sostenible e integral de su zona de actuaci\u00f3n, formada por los 15 municipios que componen la comarca del Maestrazgo. Para llevar a cabo dicho objetivo, su actividad se centra en la b\u00fasqueda, gesti\u00f3n y puesta en marcha de programas e iniciativas comunitarias financiadas desde las distintas administraciones. ADEMA est\u00e1 compuesta por 15 socios que representan a los sectores m\u00e1s importantes de la zona (turismo, agroalimentaci\u00f3n, ganader\u00eda, cultura y educaci\u00f3n, medioambiente&#8230;). Sus procedimientos de gesti\u00f3n est\u00e1n basados en un enfoque participativo y dinamizador, intentando servir de referencia a los agentes socio-econ\u00f3micos, pol\u00edticos y culturales para canalizar sus proyectos y enmarcarlos dentro de una estrategia conjunta de desarrollo.<\/p>\n<p>La Asociaci\u00f3n para el Desarrollo del Maestrazgo ADEMA gestiona \u00a0en la actualidad los siguientes programas de desarrollo rural en virtud de un convenio entre diferentes administraciones p\u00fablicas.<\/p>\n<ul>\n<li>Gesti\u00f3n y desarrollo del programa LEADER 2014-2020. Convenio con el grupo titular del programa Leader AGUJAMA<\/li>\n<li>Centro Aragon\u00e9s de Informaci\u00f3n Rural Europea Europe Direct- CAIRE. ADEMA es la entidad de acogida de la antena de informaci\u00f3n rural Europea en virtud de un Convenio entre el grupo y la Comisi\u00f3n Europea<\/li>\n<li>Secretaria t\u00e9cnica de la Red Aragonesa de Custodia del Territorio<\/li>\n<li>Espacio de Innovaci\u00f3n social del Maestrazgo<\/li>\n<\/ul>\n<ul>\n<li>Gesti\u00f3n puntual de otros programas concretos. (INAEM, Comarca del Maestrazgo, \u00a0Gobierno de Arag\u00f3n, programas Estatales de desarrollo rural&#8230;)<\/li>\n<\/ul>\n<p><strong>NUEVOS PROYECTOS \u00a02014- 2020. APOSTANDO POR LA INNOVACI\u00d3N Y EL DESARROLLO LOCAL PARTICIPATIVO.<\/strong><\/p>\n<p>Dentro de la estrategia de la Asociaci\u00f3n, desde el equipo t\u00e9cnico se planteo a la junta directiva la necesidad de intentar reconfigurar el rol de la Asociaci\u00f3n, tanto de las funciones que puede desempe\u00f1ar en el territorio comarcal del Maestrazgo como desde el punto de vista estrat\u00e9gico, la necesidad de diversificar sus fuentes de financiaci\u00f3n m\u00e1s all\u00e1 del programa LEADER. En este marco de acci\u00f3n, se ha ido iniciando nuevos proyectos que puedan generar marca propia y que puedan garantizar la viabilidad futura de la Asociaci\u00f3n m\u00e1s all\u00e1 del programa LEADER. Estos son algunos de los pasos dados<\/p>\n<ul>\n<li>Modificaci\u00f3n de los estatutos de la Asociaci\u00f3n para proponer nuevas entradas de socios y entidades sociales y econ\u00f3micas en la junta directiva<\/li>\n<li>Tejer alianzas con entidades p\u00fablicas y privadas estrat\u00e9gicas: Comarca del Maestrazgo, Monumentos Naturales, entidades sociales, Universidades\u2026.<\/li>\n<li>Fortalecer el eje de INNOVACI\u00d3N SOCIAL como marca espec\u00edfica del grupo y consolidar el papel de ADEMA como espacio referente en cuanto a innovaci\u00f3n social se refiere<\/li>\n<li>Desarrollar l\u00edneas de trabajo que puedan ayudar a diversificar las fuentes de financiaci\u00f3n y crear un tercer eje de financiaci\u00f3n\u201d estable\u201d dentro de la Asociaci\u00f3n: Custodia del Territorio.<\/li>\n<li>Especializarse en Asesoramiento empresarial en innovaci\u00f3n a las empresas y promotores del Maestrazgo<\/li>\n<li>Orientarnos hacia la especializaci\u00f3n de los programas Europeos m\u00e1s all\u00e1 del programa LEADER en temas<\/li>\n<\/ul>\n<p><a href=\"http:\/\/maestrazgo.org\/leader\/wp-content\/uploads\/2016\/04\/adema-general.ppt\">ADEMA General<\/a>. Presentaci\u00f3n de la Asociaci\u00f3n para el Desarrollo del Maestrazgo con un balance de la evoluci\u00f3n del programa LEADER \u00a02014- 2020 en la Comarca del Maestrazgo.<\/p>\n\n\n<ul class=\"wp-block-gallery aligncenter columns-3 wp-block-gallery-1 is-layout-flex wp-block-gallery-is-layout-flex\"><li class=\"blocks-gallery-item\"><figure><img loading=\"lazy\" decoding=\"async\" width=\"300\" height=\"114\" src=\"http:\/\/maestrazgo.org\/leader\/wp-content\/uploads\/2019\/10\/logo_desarrollo_rural-300x114.jpg\" alt=\"\" data-id=\"185\" data-link=\"http:\/\/maestrazgo.org\/leader\/acerca-de\/logo_desarrollo_rural-300x114\/#main\" class=\"wp-image-185\"\/><\/figure><\/li><li class=\"blocks-gallery-item\"><figure><img loading=\"lazy\" decoding=\"async\" width=\"150\" height=\"150\" src=\"http:\/\/maestrazgo.org\/leader\/wp-content\/uploads\/2019\/10\/Logo_Leader-07-13-FDOMINGUEZ-150x150-1.jpg\" alt=\"\" data-id=\"186\" data-link=\"http:\/\/maestrazgo.org\/leader\/acerca-de\/logo_leader-07-13-fdominguez-150x150-1\/#main\" class=\"wp-image-186\" srcset=\"https:\/\/maestrazgo.org\/leader\/wp-content\/uploads\/2019\/10\/Logo_Leader-07-13-FDOMINGUEZ-150x150-1.jpg 150w, https:\/\/maestrazgo.org\/leader\/wp-content\/uploads\/2019\/10\/Logo_Leader-07-13-FDOMINGUEZ-150x150-1-90x90.jpg 90w\" sizes=\"(max-width: 150px) 100vw, 150px\" \/><\/figure><\/li><li class=\"blocks-gallery-item\"><figure><img loading=\"lazy\" decoding=\"async\" width=\"150\" height=\"150\" src=\"http:\/\/maestrazgo.org\/leader\/wp-content\/uploads\/2019\/10\/UE-Feader-con-lectura-150x150.jpg\" alt=\"\" data-id=\"187\" data-link=\"http:\/\/maestrazgo.org\/leader\/acerca-de\/ue-feader-con-lectura-150x150\/#main\" class=\"wp-image-187\" srcset=\"https:\/\/maestrazgo.org\/leader\/wp-content\/uploads\/2019\/10\/UE-Feader-con-lectura-150x150.jpg 150w, https:\/\/maestrazgo.org\/leader\/wp-content\/uploads\/2019\/10\/UE-Feader-con-lectura-150x150-90x90.jpg 90w\" sizes=\"(max-width: 150px) 100vw, 150px\" \/><\/figure><\/li><\/ul>\n","protected":false},"excerpt":{"rendered":"<p>La Asociaci\u00f3n para el Desarrollo del Maestrazgo (ADEMA) es una entidad \u00a0constituida como Asociaci\u00f3n al amparo de la ley org\u00e1nica 1\/2002\u00a0 con capacidad jur\u00eddica y plena capacidad de obrar, careciendo de \u00e1nimo de lucro. Esta Asociaci\u00f3n se constituye en Noviembre del 2002 con el objeto de desarrollar los siguientes fines encomendados: Participar en la iniciativa &hellip; <a href=\"https:\/\/maestrazgo.org\/leader\/\" class=\"more-link\">Seguir leyendo <span class=\"screen-reader-text\">Maestrazgo Asociaci\u00f3n Desarrollo<\/span><\/a><\/p>\n","protected":false},"author":3,"featured_media":12,"parent":0,"menu_order":0,"comment_status":"closed","ping_status":"closed","template":"","meta":{"om_disable_all_campaigns":false,"_monsterinsights_skip_tracking":false,"_monsterinsights_sitenote_active":false,"_monsterinsights_sitenote_note":"","_monsterinsights_sitenote_category":0,"footnotes":""},"aioseo_notices":[],"_links":{"self":[{"href":"https:\/\/maestrazgo.org\/leader\/wp-json\/wp\/v2\/pages\/11"}],"collection":[{"href":"https:\/\/maestrazgo.org\/leader\/wp-json\/wp\/v2\/pages"}],"about":[{"href":"https:\/\/maestrazgo.org\/leader\/wp-json\/wp\/v2\/types\/page"}],"author":[{"embeddable":true,"href":"https:\/\/maestrazgo.org\/leader\/wp-json\/wp\/v2\/users\/3"}],"replies":[{"embeddable":true,"href":"https:\/\/maestrazgo.org\/leader\/wp-json\/wp\/v2\/comments?post=11"}],"version-history":[{"count":5,"href":"https:\/\/maestrazgo.org\/leader\/wp-json\/wp\/v2\/pages\/11\/revisions"}],"predecessor-version":[{"id":369,"href":"https:\/\/maestrazgo.org\/leader\/wp-json\/wp\/v2\/pages\/11\/revisions\/369"}],"wp:featuredmedia":[{"embeddable":true,"href":"https:\/\/maestrazgo.org\/leader\/wp-json\/wp\/v2\/media\/12"}],"wp:attachment":[{"href":"https:\/\/maestrazgo.org\/leader\/wp-json\/wp\/v2\/media?parent=11"}],"curies":[{"name":"wp","href":"https:\/\/api.w.org\/{rel}","templated":true}]}}