{"id":105,"date":"2017-01-31T12:16:07","date_gmt":"2017-01-31T12:16:07","guid":{"rendered":"http:\/\/maestrazgo.org\/leader\/?page_id=105"},"modified":"2023-06-30T10:35:47","modified_gmt":"2023-06-30T10:35:47","slug":"plan-de-comunicacion-y-transparencia","status":"publish","type":"page","link":"https:\/\/maestrazgo.org\/leader\/acerca-de\/plan-de-comunicacion-y-transparencia\/","title":{"rendered":"Plan de Comunicaci\u00f3n y Transparencia"},"content":{"rendered":"<p>La Asociaci\u00f3n para el Desarrollo del Maestrazgo ha redactado un <strong>reglamento de r\u00e9gimen interno<\/strong> para poder ordenar y estructurar el sistema de gesti\u00f3n interna de la entidad, y sentar normas de funcionamiento interno. Los principales objetivos que queremos lograr con este plan son los siguientes:<\/p>\n<ul>\n<li>Garantizar los principios de Publicidad, transparencia, concurrencia, objetividad, eficacia, eficiencia, igualdad y no discriminaci\u00f3n, en concreto a trav\u00e9s del sistema de participaci\u00f3n, presentaci\u00f3n de solicitudes, an\u00e1lisis de las mismas, motivaci\u00f3n de las resoluciones, difusi\u00f3n de las ayudas, etc.<\/li>\n<li>Procurar un adecuado funcionamiento en la toma de decisiones por sus \u00f3rganos decisorios, empezando por la misma composici\u00f3n de los mismos y continuando con los procedimientos y documentos para analizar las solicitudes, el an\u00e1lisis t\u00e9cnico, las decisiones adoptadas, las medidas para mitigar los conflictos de inter\u00e9s, etc.<\/li>\n<li>Sentar las bases del funcionamiento interno entre las diferentes entidades y \u00f3rganos que componen la Asociaci\u00f3n para una estricta aplicaci\u00f3n de los objetivos de la Estrategia de Desarrollo y una m\u00e1xima adecuaci\u00f3n de las decisiones a las preferencias y necesidades del territorio.<\/li>\n<li>Desarrollar un correcto desarrollo local con la participaci\u00f3n de los agentes sociales y econ\u00f3micos de la Comarca del Maestrazgo.<\/li>\n<\/ul>\n<p><a href=\"http:\/\/maestrazgo.org\/leader\/wp-content\/uploads\/2023\/06\/Procedimientos_de_gesti\u00f3n_2014-2020.pdf\">PROCEDIMIENTO DE GESTI\u00d3N- PROGRAMA LEADER 2014-2020 AGUJAMA<\/a><\/p>\n\n\n<p><\/p>\n","protected":false},"excerpt":{"rendered":"<p>La Asociaci\u00f3n para el Desarrollo del Maestrazgo ha redactado un reglamento de r\u00e9gimen interno para poder ordenar y estructurar el sistema de gesti\u00f3n interna de la entidad, y sentar normas de funcionamiento interno. Los principales objetivos que queremos lograr con este plan son los siguientes: Garantizar los principios de Publicidad, transparencia, concurrencia, objetividad, eficacia, eficiencia, &hellip; <a href=\"https:\/\/maestrazgo.org\/leader\/acerca-de\/plan-de-comunicacion-y-transparencia\/\" class=\"more-link\">Seguir leyendo <span class=\"screen-reader-text\">Plan de Comunicaci\u00f3n y Transparencia<\/span><\/a><\/p>\n","protected":false},"author":3,"featured_media":0,"parent":11,"menu_order":0,"comment_status":"closed","ping_status":"closed","template":"","meta":{"om_disable_all_campaigns":false,"_monsterinsights_skip_tracking":false,"_monsterinsights_sitenote_active":false,"_monsterinsights_sitenote_note":"","_monsterinsights_sitenote_category":0,"footnotes":""},"aioseo_notices":[],"_links":{"self":[{"href":"https:\/\/maestrazgo.org\/leader\/wp-json\/wp\/v2\/pages\/105"}],"collection":[{"href":"https:\/\/maestrazgo.org\/leader\/wp-json\/wp\/v2\/pages"}],"about":[{"href":"https:\/\/maestrazgo.org\/leader\/wp-json\/wp\/v2\/types\/page"}],"author":[{"embeddable":true,"href":"https:\/\/maestrazgo.org\/leader\/wp-json\/wp\/v2\/users\/3"}],"replies":[{"embeddable":true,"href":"https:\/\/maestrazgo.org\/leader\/wp-json\/wp\/v2\/comments?post=105"}],"version-history":[{"count":5,"href":"https:\/\/maestrazgo.org\/leader\/wp-json\/wp\/v2\/pages\/105\/revisions"}],"predecessor-version":[{"id":671,"href":"https:\/\/maestrazgo.org\/leader\/wp-json\/wp\/v2\/pages\/105\/revisions\/671"}],"up":[{"embeddable":true,"href":"https:\/\/maestrazgo.org\/leader\/wp-json\/wp\/v2\/pages\/11"}],"wp:attachment":[{"href":"https:\/\/maestrazgo.org\/leader\/wp-json\/wp\/v2\/media?parent=105"}],"curies":[{"name":"wp","href":"https:\/\/api.w.org\/{rel}","templated":true}]}}