{"id":2467,"date":"2022-11-23T07:39:09","date_gmt":"2022-11-23T06:39:09","guid":{"rendered":"https:\/\/maestrazgo.org\/esdi\/?page_id=2467"},"modified":"2023-03-28T08:32:23","modified_gmt":"2023-03-28T06:32:23","slug":"esdi-maestrazgo","status":"publish","type":"page","link":"https:\/\/maestrazgo.org\/esdi\/esdi-maestrazgo\/","title":{"rendered":"ESDI Maestrazgo"},"content":{"rendered":"<p>[vc_row css_animation=\u00bb\u00bb row_type=\u00bbrow\u00bb use_row_as_full_screen_section=\u00bbno\u00bb type=\u00bbgrid\u00bb angled_section=\u00bbno\u00bb text_align=\u00bbleft\u00bb background_image_as_pattern=\u00bbwithout_pattern\u00bb z_index=\u00bb\u00bb][vc_column][vc_empty_space height=\u00bb100px\u00bb][vc_row_inner row_type=\u00bbrow\u00bb type=\u00bbfull_width\u00bb text_align=\u00bbleft\u00bb css_animation=\u00bb\u00bb][vc_column_inner width=\u00bb1\/6&#8243;][\/vc_column_inner][vc_column_inner width=\u00bb2\/3&#8243;]<div class=\"custom_font_holder\" style=\" font-size: 22px; line-height: 26px; font-style: italic; font-weight: 400; text-decoration: none; text-align: center;\">Promovemos la innovaci\u00f3n social para mejorar el bien com\u00fan de nuestro colectivo social.<\/div>[\/vc_column_inner][vc_column_inner width=\u00bb1\/6&#8243;][\/vc_column_inner][\/vc_row_inner][vc_empty_space height=\u00bb100px\u00bb][\/vc_column][\/vc_row][vc_row css_animation=\u00bb\u00bb row_type=\u00bbrow\u00bb use_row_as_full_screen_section=\u00bbno\u00bb type=\u00bbgrid\u00bb angled_section=\u00bbno\u00bb text_align=\u00bbleft\u00bb background_image_as_pattern=\u00bbwithout_pattern\u00bb z_index=\u00bb\u00bb el_id=\u00bbback-left\u00bb css=\u00bb.vc_custom_1669122662785{background-image: url(https:\/\/maestrazgo.org\/esdi\/wp-content\/uploads\/2022\/11\/rec2.jpg?id=2443) !important;background-position: center !important;background-repeat: no-repeat !important;background-size: contain !important;}\u00bb][vc_column offset=\u00bbvc_hidden-sm vc_hidden-xs\u00bb][vc_empty_space height=\u00bb100px\u00bb][vc_row_inner row_type=\u00bbrow\u00bb type=\u00bbfull_width\u00bb text_align=\u00bbleft\u00bb css_animation=\u00bb\u00bb css=\u00bb.vc_custom_1669272800312{padding-top: 50px !important;padding-right: 50px !important;padding-bottom: 50px !important;padding-left: 50px !important;background-color: #ffffff !important;}\u00bb el_id=\u00bbque-es\u00bb][vc_column_inner][vc_column_text]<\/p>\n<h2><span style=\"color: #0091c5;\">\u00bfQu\u00e9 es?<\/span><\/h2>\n<p>Un Espacio Social de Innovaci\u00f3n (ESDI) es un espacio en el que se promueve la innovaci\u00f3n social como forma de trabajo alternativa para aportar respuestas novedosas a necesidades nuevas, insatisfechas o insuficientemente satisfechas con el objetivo de satisfacer no s\u00f3lo las demandas individuales, sino mejorando, adem\u00e1s, el bienestar colectivo de la sociedad.<\/p>\n<p>Lo que caracteriza la innovaci\u00f3n social es que implica a todos los actores de la Sociedad en la cadena de valor de la innovaci\u00f3n- desde la ciudadan\u00eda, a la Administraci\u00f3n, pasando por centros educativos o la iniciativa privada-, centr\u00e1ndose en dar respuesta a las necesidades reales y limitaciones de la Comunidad que va a ser beneficiaria de los mismos.[\/vc_column_text][\/vc_column_inner][\/vc_row_inner][vc_empty_space height=\u00bb100px\u00bb][\/vc_column][\/vc_row][vc_row css_animation=\u00bb\u00bb row_type=\u00bbrow\u00bb use_row_as_full_screen_section=\u00bbno\u00bb type=\u00bbgrid\u00bb angled_section=\u00bbno\u00bb text_align=\u00bbleft\u00bb background_image_as_pattern=\u00bbwithout_pattern\u00bb z_index=\u00bb\u00bb css=\u00bb.vc_custom_1679912377972{background-position: center !important;background-repeat: no-repeat !important;background-size: contain !important;}\u00bb][vc_column offset=\u00bbvc_hidden-lg vc_hidden-md\u00bb][vc_separator type=\u00bbnormal\u00bb color=\u00bb#0091c5&#8243;][vc_column_text]<\/p>\n<h2><span style=\"color: #0091c5;\">\u00bfQu\u00e9 es?<\/span><\/h2>\n<p>Un Espacio Social de Innovaci\u00f3n (ESDI) es un espacio en el que se promueve la innovaci\u00f3n social como forma de trabajo alternativa para aportar respuestas novedosas a necesidades nuevas, insatisfechas o insuficientemente satisfechas con el objetivo de satisfacer no s\u00f3lo las demandas individuales, sino mejorando, adem\u00e1s, el bienestar colectivo de la sociedad.<\/p>\n<p>Lo que caracteriza la innovaci\u00f3n social es que implica a todos los actores de la Sociedad en la cadena de valor de la innovaci\u00f3n- desde la ciudadan\u00eda, a la Administraci\u00f3n, pasando por centros educativos o la iniciativa privada-, centr\u00e1ndose en dar respuesta a las necesidades reales y limitaciones de la Comunidad que va a ser beneficiaria de los mismos.[\/vc_column_text][vc_empty_space height=\u00bb100px\u00bb][\/vc_column][\/vc_row][vc_row row_type=\u00bbparallax\u00bb parallax_content_width=\u00bbin_grid\u00bb text_align=\u00bbleft\u00bb full_screen_section_height=\u00bbno\u00bb css=\u00bb.vc_custom_1669190142845{background-position: center !important;background-repeat: no-repeat !important;background-size: cover !important;}\u00bb background_image=\u00bb2482&#8243;][vc_column offset=\u00bbvc_hidden-lg vc_hidden-md\u00bb][vc_empty_space height=\u00bb100px\u00bb][vc_column_text]<\/p>\n<h2 style=\"text-align: center;\"><span style=\"color: #ffffff;\">\u00bfPor qu\u00e9 es un ESDI?<\/span><\/h2>\n<p>[\/vc_column_text][vc_column_text]<\/p>\n<p style=\"text-align: center;\"><span style=\"color: #ffffff;\"><strong>\u00bfQu\u00e9 ventajas ofrece la innovaci\u00f3n social frente a la innovaci\u00f3n tradicional?<\/strong><\/span><\/p>\n<p>[\/vc_column_text][vc_empty_space][vc_row_inner row_type=\u00bbrow\u00bb type=\u00bbfull_width\u00bb text_align=\u00bbleft\u00bb css_animation=\u00bb\u00bb css=\u00bb.vc_custom_1679913025788{background-color: #ffffff !important;}\u00bb][vc_column_inner offset=\u00bbvc_hidden-lg vc_hidden-md\u00bb][vc_empty_space height=\u00bb22px\u00bb][vc_column_text]<strong>1. Dar respuestas nuevas y m\u00e1s eficientes a las necesidades sociales crecientes.<\/strong>[\/vc_column_text][vc_empty_space][\/vc_column_inner][\/vc_row_inner][vc_row_inner row_type=\u00bbrow\u00bb type=\u00bbfull_width\u00bb text_align=\u00bbleft\u00bb css_animation=\u00bb\u00bb css=\u00bb.vc_custom_1679913068972{background-color: #0091c5 !important;}\u00bb][vc_column_inner offset=\u00bbvc_hidden-lg vc_hidden-md\u00bb][vc_empty_space height=\u00bb22px\u00bb][vc_column_text]<span style=\"color: #ffffff;\"><strong>2. Dar respuestas locales a desaf\u00edos sociales complejos movilizando a los actores locales.<\/strong><\/span>[\/vc_column_text][vc_empty_space][\/vc_column_inner][\/vc_row_inner][vc_row_inner row_type=\u00bbrow\u00bb type=\u00bbfull_width\u00bb text_align=\u00bbleft\u00bb css_animation=\u00bb\u00bb css=\u00bb.vc_custom_1679913025788{background-color: #ffffff !important;}\u00bb][vc_column_inner offset=\u00bbvc_hidden-lg vc_hidden-md\u00bb][vc_empty_space height=\u00bb22px\u00bb][vc_column_text]<\/p>\n<p style=\"text-align: center;\"><strong>3. Crear red entre distintos actores para abordar los problemas de manera conjunta, d\u00e1ndoles un papel activo en la toma de decisiones.<\/strong><\/p>\n<p>[\/vc_column_text][vc_empty_space][\/vc_column_inner][\/vc_row_inner][vc_row_inner row_type=\u00bbrow\u00bb type=\u00bbfull_width\u00bb text_align=\u00bbleft\u00bb css_animation=\u00bb\u00bb css=\u00bb.vc_custom_1679913068972{background-color: #0091c5 !important;}\u00bb][vc_column_inner offset=\u00bbvc_hidden-lg vc_hidden-md\u00bb][vc_empty_space height=\u00bb22px\u00bb][vc_column_text]<\/p>\n<p style=\"text-align: center;\"><span style=\"color: #ffffff;\"><strong>4. Optimizar los recursos.<\/strong><\/span><\/p>\n<p>[\/vc_column_text][vc_empty_space][\/vc_column_inner][\/vc_row_inner][vc_empty_space height=\u00bb90px\u00bb][\/vc_column][\/vc_row][vc_row row_type=\u00bbparallax\u00bb parallax_content_width=\u00bbin_grid\u00bb text_align=\u00bbleft\u00bb full_screen_section_height=\u00bbno\u00bb css=\u00bb.vc_custom_1679983409122{background-position: center !important;background-repeat: no-repeat !important;background-size: cover !important;}\u00bb background_image=\u00bb2482&#8243; el_class=\u00bbocultar-div\u00bb][vc_column offset=\u00bbvc_hidden-sm vc_hidden-xs\u00bb][vc_empty_space height=\u00bb100px\u00bb][vc_column_text]<\/p>\n<h2 style=\"text-align: center;\"><span style=\"color: #ffffff;\">\u00bfPor qu\u00e9 es un ESDI?<\/span><\/h2>\n<p>[\/vc_column_text][vc_column_text]<\/p>\n<p style=\"text-align: center;\"><span style=\"color: #ffffff;\"><strong>\u00bfQu\u00e9 ventajas ofrece la innovaci\u00f3n social frente a la innovaci\u00f3n tradicional?<\/strong><\/span><\/p>\n<p>[\/vc_column_text][vc_empty_space][qode_elements_holder number_of_columns=\u00bbone_column\u00bb switch_to_one_column=\u00bb768&#8243; alignment_one_column=\u00bbleft\u00bb custom_class=\u00bbborde-azul\u00bb][qode_elements_holder_item vertical_alignment=\u00bbmiddle\u00bb horizontal_alignment=\u00bbcenter\u00bb advanced_animations=\u00bbno\u00bb item_padding=\u00bb30px\u00bb background_color=\u00bb#ffffff\u00bb][vc_column_text]<\/p>\n<p style=\"text-align: center;\"><strong>1. Dar respuestas nuevas y m\u00e1s eficientes a las necesidades sociales crecientes.<\/strong><\/p>\n<p>[\/vc_column_text][\/qode_elements_holder_item][qode_elements_holder_item vertical_alignment=\u00bbmiddle\u00bb horizontal_alignment=\u00bbcenter\u00bb advanced_animations=\u00bbno\u00bb item_padding=\u00bb30px\u00bb background_color=\u00bb#0091c1&#8243;][vc_column_text]<\/p>\n<p style=\"text-align: center;\"><span style=\"color: #ffffff;\"><strong>2. Dar respuestas locales a desaf\u00edos sociales complejos movilizando a los actores locales.<\/strong><\/span><\/p>\n<p>[\/vc_column_text][\/qode_elements_holder_item][qode_elements_holder_item vertical_alignment=\u00bbmiddle\u00bb horizontal_alignment=\u00bbcenter\u00bb advanced_animations=\u00bbno\u00bb item_padding=\u00bb30px\u00bb background_color=\u00bb#ffffff\u00bb][vc_column_text]<\/p>\n<p style=\"text-align: center;\"><strong>3. Crear red entre distintos actores para abordar los problemas de manera conjunta, d\u00e1ndoles un papel activo en la toma de decisiones.<\/strong><\/p>\n<p>[\/vc_column_text][\/qode_elements_holder_item][qode_elements_holder_item vertical_alignment=\u00bbmiddle\u00bb horizontal_alignment=\u00bbcenter\u00bb advanced_animations=\u00bbno\u00bb item_padding=\u00bb30px\u00bb background_color=\u00bb#0091c1&#8243;][vc_column_text]<\/p>\n<p style=\"text-align: center;\"><span style=\"color: #ffffff;\"><strong>4. Optimizar los recursos.<\/strong><\/span><\/p>\n<p>[\/vc_column_text][\/qode_elements_holder_item][\/qode_elements_holder][vc_empty_space height=\u00bb150px\u00bb][\/vc_column][\/vc_row][vc_row css_animation=\u00bb\u00bb row_type=\u00bbrow\u00bb use_row_as_full_screen_section=\u00bbno\u00bb type=\u00bbgrid\u00bb angled_section=\u00bbno\u00bb text_align=\u00bbleft\u00bb background_image_as_pattern=\u00bbwithout_pattern\u00bb z_index=\u00bb\u00bb css=\u00bb.vc_custom_1667990065283{background-image: url(https:\/\/maestrazgo.org\/esdi\/wp-content\/uploads\/2022\/11\/fondo-mitad.jpg?id=2413) !important;background-position: center !important;background-repeat: no-repeat !important;background-size: contain !important;}\u00bb][vc_column width=\u00bb1\/2&#8243; offset=\u00bbvc_hidden-sm vc_hidden-xs\u00bb][vc_empty_space height=\u00bb100px\u00bb][vc_row_inner row_type=\u00bbrow\u00bb type=\u00bbfull_width\u00bb text_align=\u00bbleft\u00bb css_animation=\u00bb\u00bb][vc_column_inner][vc_empty_space height=\u00bb175px\u00bb][vc_column_text]<\/p>\n<h2><span style=\"color: #ffffff;\">Desaf\u00edos y retos<\/span><\/h2>\n<p><span style=\"color: #ffffff;\">La puesta en marcha y funcionamiento de un ESDI no est\u00e1 exento de desaf\u00edos y retos a los que hacer frente. Cabr\u00eda destacar:<\/span>[\/vc_column_text][vc_empty_space][\/vc_column_inner][\/vc_row_inner][vc_empty_space height=\u00bb100px\u00bb][\/vc_column][vc_column width=\u00bb1\/2&#8243; css=\u00bb.vc_custom_1679914170455{background-color: #ffffff !important;}\u00bb offset=\u00bbvc_hidden-sm vc_hidden-xs\u00bb][vc_empty_space height=\u00bb50px\u00bb]<div class=\"qode-int-icon-showcase qode-autoplay\"data-interval=\"3000\"><div class=\"qode-int-icon-showcase-inner\"><div class=\"qode-showcase-item-holder\">\n\t<div class=\"qode-showcase-icon\">\n\t\t<span class=\"qode-icon-holder qode-icon-circle\" style=\"background-color: #c1c1c1\">\n\t\t\t<i class=\"qode_icon_font_awesome_5 fa5 fa fa-leaf qode-icon-element\" ><\/i>\t\t<\/span>\n\t<\/div>\n\t<div class=\"qode-showcase-content\">\n\t\t<div class=\"qode-showcase-content-table\">\n\t\t\t<div class=\"qode-showcase-content-cell\">\n\t\t\t\t\t\t\t\t\t<h3>Condiciones ambientales duras<\/h3>\n\t\t\t\t\t\t\t\t\t\t\t<\/div>\n\t\t<\/div>\n\t<\/div>\n<\/div><div class=\"qode-showcase-item-holder\">\n\t<div class=\"qode-showcase-icon\">\n\t\t<span class=\"qode-icon-holder qode-icon-circle\" style=\"background-color: #c1c1c1\">\n\t\t\t<i class=\"qode_icon_font_awesome_5 fa5 fa fa-building qode-icon-element\" ><\/i>\t\t<\/span>\n\t<\/div>\n\t<div class=\"qode-showcase-content\">\n\t\t<div class=\"qode-showcase-content-table\">\n\t\t\t<div class=\"qode-showcase-content-cell\">\n\t\t\t\t\t\t\t\t\t<h3>Falta de infraestructuras<\/h3>\n\t\t\t\t\t\t\t\t\t\t\t<\/div>\n\t\t<\/div>\n\t<\/div>\n<\/div><div class=\"qode-showcase-item-holder\">\n\t<div class=\"qode-showcase-icon\">\n\t\t<span class=\"qode-icon-holder qode-icon-circle\" style=\"background-color: #c1c1c1\">\n\t\t\t<i class=\"qode_icon_font_awesome_5 fa5 fa fa-laptop-code qode-icon-element\" ><\/i>\t\t<\/span>\n\t<\/div>\n\t<div class=\"qode-showcase-content\">\n\t\t<div class=\"qode-showcase-content-table\">\n\t\t\t<div class=\"qode-showcase-content-cell\">\n\t\t\t\t\t\t\t\t\t<h3>Falta de conocimiento de las TIC<\/h3>\n\t\t\t\t\t\t\t\t\t\t\t<\/div>\n\t\t<\/div>\n\t<\/div>\n<\/div><div class=\"qode-showcase-item-holder\">\n\t<div class=\"qode-showcase-icon\">\n\t\t<span class=\"qode-icon-holder qode-icon-circle\" style=\"background-color: #c1c1c1\">\n\t\t\t<i class=\"qode_icon_font_awesome_5 fa5 fa fa-briefcase qode-icon-element\" ><\/i>\t\t<\/span>\n\t<\/div>\n\t<div class=\"qode-showcase-content\">\n\t\t<div class=\"qode-showcase-content-table\">\n\t\t\t<div class=\"qode-showcase-content-cell\">\n\t\t\t\t\t\t\t\t\t<h3>Aceptaci\u00f3n de nuevos m\u00e9todos de trabajo<\/h3>\n\t\t\t\t\t\t\t\t\t\t\t<\/div>\n\t\t<\/div>\n\t<\/div>\n<\/div><div class=\"qode-showcase-item-holder\">\n\t<div class=\"qode-showcase-icon\">\n\t\t<span class=\"qode-icon-holder qode-icon-circle\" style=\"background-color: #c1c1c1\">\n\t\t\t<i class=\"qode_icon_font_awesome_5 fa5 fa fa-people-group qode-icon-element\" ><\/i>\t\t<\/span>\n\t<\/div>\n\t<div class=\"qode-showcase-content\">\n\t\t<div class=\"qode-showcase-content-table\">\n\t\t\t<div class=\"qode-showcase-content-cell\">\n\t\t\t\t\t\t\t\t\t<h3>Falta de involucraci\u00f3n<\/h3>\n\t\t\t\t\t\t\t\t\t\t\t<\/div>\n\t\t<\/div>\n\t<\/div>\n<\/div><div class=\"qode-showcase-item-holder\">\n\t<div class=\"qode-showcase-icon\">\n\t\t<span class=\"qode-icon-holder qode-icon-circle\" style=\"background-color: #c1c1c1\">\n\t\t\t<i class=\"qode_icon_font_awesome_5 fa5 fa fa-money-check qode-icon-element\" ><\/i>\t\t<\/span>\n\t<\/div>\n\t<div class=\"qode-showcase-content\">\n\t\t<div class=\"qode-showcase-content-table\">\n\t\t\t<div class=\"qode-showcase-content-cell\">\n\t\t\t\t\t\t\t\t\t<h3>Falta de financiaci\u00f3n<\/h3>\n\t\t\t\t\t\t\t\t\t\t\t<\/div>\n\t\t<\/div>\n\t<\/div>\n<\/div><div class=\"qode-showcase-item-holder\">\n\t<div class=\"qode-showcase-icon\">\n\t\t<span class=\"qode-icon-holder qode-icon-circle\" style=\"background-color: #c1c1c1\">\n\t\t\t<i class=\"qode_icon_font_awesome_5 fa5 fa fa-handshake qode-icon-element\" ><\/i>\t\t<\/span>\n\t<\/div>\n\t<div class=\"qode-showcase-content\">\n\t\t<div class=\"qode-showcase-content-table\">\n\t\t\t<div class=\"qode-showcase-content-cell\">\n\t\t\t\t\t\t\t\t\t<h3>Dificultad de trabajar en colaboraci\u00f3n<\/h3>\n\t\t\t\t\t\t\t\t\t\t\t<\/div>\n\t\t<\/div>\n\t<\/div>\n<\/div><div class=\"qode-showcase-item-holder\">\n\t<div class=\"qode-showcase-icon\">\n\t\t<span class=\"qode-icon-holder qode-icon-circle\" style=\"background-color: #c1c1c1\">\n\t\t\t<i class=\"qode_icon_font_awesome_5 fa5 fa fa-eye-slash qode-icon-element\" ><\/i>\t\t<\/span>\n\t<\/div>\n\t<div class=\"qode-showcase-content\">\n\t\t<div class=\"qode-showcase-content-table\">\n\t\t\t<div class=\"qode-showcase-content-cell\">\n\t\t\t\t\t\t\t\t\t<h3>Desconocimiento de nuestro espacio<\/h3>\n\t\t\t\t\t\t\t\t\t\t\t<\/div>\n\t\t<\/div>\n\t<\/div>\n<\/div><\/div><div class=\"qode-int-icon-circle\"style=\"border-width: 2pxpx;border-style: solid;border-color: #dedede\"><\/div><\/div>[vc_empty_space height=\u00bb100px\u00bb][\/vc_column][vc_column][\/vc_column][\/vc_row][vc_row css_animation=\u00bb\u00bb row_type=\u00bbrow\u00bb use_row_as_full_screen_section=\u00bbno\u00bb type=\u00bbgrid\u00bb angled_section=\u00bbno\u00bb text_align=\u00bbleft\u00bb background_image_as_pattern=\u00bbwithout_pattern\u00bb z_index=\u00bb\u00bb css=\u00bb.vc_custom_1679914208706{background-position: center !important;background-repeat: no-repeat !important;background-size: contain !important;}\u00bb][vc_column width=\u00bb1\/2&#8243; css=\u00bb.vc_custom_1679914268748{background-color: #0091c5 !important;}\u00bb offset=\u00bbvc_hidden-lg vc_hidden-md\u00bb][vc_row_inner row_type=\u00bbrow\u00bb type=\u00bbfull_width\u00bb text_align=\u00bbleft\u00bb css_animation=\u00bb\u00bb][vc_column_inner][vc_empty_space height=\u00bb100px\u00bb][vc_column_text]<\/p>\n<h2><span style=\"color: #ffffff;\">Desaf\u00edos y retos<\/span><\/h2>\n<p><span style=\"color: #ffffff;\">La puesta en marcha y funcionamiento de un ESDI no est\u00e1 exento de desaf\u00edos y retos a los que hacer frente. Cabr\u00eda destacar:<\/span>[\/vc_column_text][vc_empty_space][\/vc_column_inner][\/vc_row_inner][vc_empty_space height=\u00bb100px\u00bb][\/vc_column][vc_column width=\u00bb1\/2&#8243; css=\u00bb.vc_custom_1679914462839{background-color: #ffffff !important;}\u00bb offset=\u00bbvc_hidden-lg vc_hidden-md\u00bb]<div class=\"qode-int-icon-showcase qode-autoplay\"data-interval=\"3000\"><div class=\"qode-int-icon-showcase-inner\"><div class=\"qode-showcase-item-holder\">\n\t<div class=\"qode-showcase-icon\">\n\t\t<span class=\"qode-icon-holder qode-icon-circle\" style=\"background-color: #c1c1c1\">\n\t\t\t<i class=\"qode_icon_font_awesome_5 fa5 fa fa-leaf qode-icon-element\" ><\/i>\t\t<\/span>\n\t<\/div>\n\t<div class=\"qode-showcase-content\">\n\t\t<div class=\"qode-showcase-content-table\">\n\t\t\t<div class=\"qode-showcase-content-cell\">\n\t\t\t\t\t\t\t\t\t<h5>Condiciones ambientales duras<\/h5>\n\t\t\t\t\t\t\t\t\t\t\t<\/div>\n\t\t<\/div>\n\t<\/div>\n<\/div><div class=\"qode-showcase-item-holder\">\n\t<div class=\"qode-showcase-icon\">\n\t\t<span class=\"qode-icon-holder qode-icon-circle\" style=\"background-color: #c1c1c1\">\n\t\t\t<i class=\"qode_icon_font_awesome_5 fa5 fa fa-building qode-icon-element\" ><\/i>\t\t<\/span>\n\t<\/div>\n\t<div class=\"qode-showcase-content\">\n\t\t<div class=\"qode-showcase-content-table\">\n\t\t\t<div class=\"qode-showcase-content-cell\">\n\t\t\t\t\t\t\t\t\t<h5>Falta de infraestructuras<\/h5>\n\t\t\t\t\t\t\t\t\t\t\t<\/div>\n\t\t<\/div>\n\t<\/div>\n<\/div><div class=\"qode-showcase-item-holder\">\n\t<div class=\"qode-showcase-icon\">\n\t\t<span class=\"qode-icon-holder qode-icon-circle\" style=\"background-color: #c1c1c1\">\n\t\t\t<i class=\"qode_icon_font_awesome_5 fa5 fa fa-laptop-code qode-icon-element\" ><\/i>\t\t<\/span>\n\t<\/div>\n\t<div class=\"qode-showcase-content\">\n\t\t<div class=\"qode-showcase-content-table\">\n\t\t\t<div class=\"qode-showcase-content-cell\">\n\t\t\t\t\t\t\t\t\t<h5>Falta de conocimiento de las TIC<\/h5>\n\t\t\t\t\t\t\t\t\t\t\t<\/div>\n\t\t<\/div>\n\t<\/div>\n<\/div><div class=\"qode-showcase-item-holder\">\n\t<div class=\"qode-showcase-icon\">\n\t\t<span class=\"qode-icon-holder qode-icon-circle\" style=\"background-color: #c1c1c1\">\n\t\t\t<i class=\"qode_icon_font_awesome_5 fa5 fa fa-briefcase qode-icon-element\" ><\/i>\t\t<\/span>\n\t<\/div>\n\t<div class=\"qode-showcase-content\">\n\t\t<div class=\"qode-showcase-content-table\">\n\t\t\t<div class=\"qode-showcase-content-cell\">\n\t\t\t\t\t\t\t\t\t<h5>Aceptaci\u00f3n de nuevos m\u00e9todos de trabajo<\/h5>\n\t\t\t\t\t\t\t\t\t\t\t<\/div>\n\t\t<\/div>\n\t<\/div>\n<\/div><div class=\"qode-showcase-item-holder\">\n\t<div class=\"qode-showcase-icon\">\n\t\t<span class=\"qode-icon-holder qode-icon-circle\" style=\"background-color: #c1c1c1\">\n\t\t\t<i class=\"qode_icon_font_awesome_5 fa5 fa fa-people-group qode-icon-element\" ><\/i>\t\t<\/span>\n\t<\/div>\n\t<div class=\"qode-showcase-content\">\n\t\t<div class=\"qode-showcase-content-table\">\n\t\t\t<div class=\"qode-showcase-content-cell\">\n\t\t\t\t\t\t\t\t\t<h5>Falta de involucraci\u00f3n<\/h5>\n\t\t\t\t\t\t\t\t\t\t\t<\/div>\n\t\t<\/div>\n\t<\/div>\n<\/div><div class=\"qode-showcase-item-holder\">\n\t<div class=\"qode-showcase-icon\">\n\t\t<span class=\"qode-icon-holder qode-icon-circle\" style=\"background-color: #c1c1c1\">\n\t\t\t<i class=\"qode_icon_font_awesome_5 fa5 fa fa-money-check qode-icon-element\" ><\/i>\t\t<\/span>\n\t<\/div>\n\t<div class=\"qode-showcase-content\">\n\t\t<div class=\"qode-showcase-content-table\">\n\t\t\t<div class=\"qode-showcase-content-cell\">\n\t\t\t\t\t\t\t\t\t<h5>Falta de financiaci\u00f3n<\/h5>\n\t\t\t\t\t\t\t\t\t\t\t<\/div>\n\t\t<\/div>\n\t<\/div>\n<\/div><div class=\"qode-showcase-item-holder\">\n\t<div class=\"qode-showcase-icon\">\n\t\t<span class=\"qode-icon-holder qode-icon-circle\" style=\"background-color: #c1c1c1\">\n\t\t\t<i class=\"qode_icon_font_awesome_5 fa5 fa fa-handshake qode-icon-element\" ><\/i>\t\t<\/span>\n\t<\/div>\n\t<div class=\"qode-showcase-content\">\n\t\t<div class=\"qode-showcase-content-table\">\n\t\t\t<div class=\"qode-showcase-content-cell\">\n\t\t\t\t\t\t\t\t\t<h5>Dificultad de trabajar en colaboraci\u00f3n<\/h5>\n\t\t\t\t\t\t\t\t\t\t\t<\/div>\n\t\t<\/div>\n\t<\/div>\n<\/div><div class=\"qode-showcase-item-holder\">\n\t<div class=\"qode-showcase-icon\">\n\t\t<span class=\"qode-icon-holder qode-icon-circle\" style=\"background-color: #c1c1c1\">\n\t\t\t<i class=\"qode_icon_font_awesome_5 fa5 fa fa-eye-slash qode-icon-element\" ><\/i>\t\t<\/span>\n\t<\/div>\n\t<div class=\"qode-showcase-content\">\n\t\t<div class=\"qode-showcase-content-table\">\n\t\t\t<div class=\"qode-showcase-content-cell\">\n\t\t\t\t\t\t\t\t\t<h5>Desconocimiento de nuestro espacio<\/h5>\n\t\t\t\t\t\t\t\t\t\t\t<\/div>\n\t\t<\/div>\n\t<\/div>\n<\/div><\/div><div class=\"qode-int-icon-circle\"style=\"border-width: 2pxpx;border-style: solid;border-color: #dedede\"><\/div><\/div>[vc_empty_space height=\u00bb100px\u00bb][\/vc_column][vc_column][\/vc_column][\/vc_row]<\/p>\n","protected":false},"excerpt":{"rendered":"<p>[vc_row css_animation=\u00bb\u00bb row_type=\u00bbrow\u00bb use_row_as_full_screen_section=\u00bbno\u00bb type=\u00bbgrid\u00bb angled_section=\u00bbno\u00bb text_align=\u00bbleft\u00bb background_image_as_pattern=\u00bbwithout_pattern\u00bb z_index=\u00bb\u00bb][vc_column][vc_empty_space height=\u00bb100px\u00bb][vc_row_inner row_type=\u00bbrow\u00bb type=\u00bbfull_width\u00bb text_align=\u00bbleft\u00bb css_animation=\u00bb\u00bb][vc_column_inner width=\u00bb1\/6&#8243;][\/vc_column_inner][vc_column_inner width=\u00bb2\/3&#8243;][\/vc_column_inner][vc_column_inner width=\u00bb1\/6&#8243;][\/vc_column_inner][\/vc_row_inner][vc_empty_space height=\u00bb100px\u00bb][\/vc_column][\/vc_row][vc_row css_animation=\u00bb\u00bb row_type=\u00bbrow\u00bb use_row_as_full_screen_section=\u00bbno\u00bb type=\u00bbgrid\u00bb angled_section=\u00bbno\u00bb text_align=\u00bbleft\u00bb background_image_as_pattern=\u00bbwithout_pattern\u00bb z_index=\u00bb\u00bb el_id=\u00bbback-left\u00bb css=\u00bb.vc_custom_1669122662785{background-image: url(https:\/\/maestrazgo.org\/esdi\/wp-content\/uploads\/2022\/11\/rec2.jpg?id=2443) !important;background-position: center !important;background-repeat: no-repeat !important;background-size: contain !important;}\u00bb][vc_column offset=\u00bbvc_hidden-sm vc_hidden-xs\u00bb][vc_empty_space height=\u00bb100px\u00bb][vc_row_inner row_type=\u00bbrow\u00bb type=\u00bbfull_width\u00bb text_align=\u00bbleft\u00bb css_animation=\u00bb\u00bb css=\u00bb.vc_custom_1669272800312{padding-top: 50px&#8230;<\/p>\n","protected":false},"author":1,"featured_media":0,"parent":0,"menu_order":0,"comment_status":"closed","ping_status":"closed","template":"full_width.php","meta":{"footnotes":""},"class_list":["post-2467","page","type-page","status-publish","hentry"],"_links":{"self":[{"href":"https:\/\/maestrazgo.org\/esdi\/wp-json\/wp\/v2\/pages\/2467","targetHints":{"allow":["GET"]}}],"collection":[{"href":"https:\/\/maestrazgo.org\/esdi\/wp-json\/wp\/v2\/pages"}],"about":[{"href":"https:\/\/maestrazgo.org\/esdi\/wp-json\/wp\/v2\/types\/page"}],"author":[{"embeddable":true,"href":"https:\/\/maestrazgo.org\/esdi\/wp-json\/wp\/v2\/users\/1"}],"replies":[{"embeddable":true,"href":"https:\/\/maestrazgo.org\/esdi\/wp-json\/wp\/v2\/comments?post=2467"}],"version-history":[{"count":22,"href":"https:\/\/maestrazgo.org\/esdi\/wp-json\/wp\/v2\/pages\/2467\/revisions"}],"predecessor-version":[{"id":2703,"href":"https:\/\/maestrazgo.org\/esdi\/wp-json\/wp\/v2\/pages\/2467\/revisions\/2703"}],"wp:attachment":[{"href":"https:\/\/maestrazgo.org\/esdi\/wp-json\/wp\/v2\/media?parent=2467"}],"curies":[{"name":"wp","href":"https:\/\/api.w.org\/{rel}","templated":true}]}}