{"id":2404,"date":"2022-11-09T10:04:46","date_gmt":"2022-11-09T09:04:46","guid":{"rendered":"https:\/\/maestrazgo.org\/esdi\/?page_id=2404"},"modified":"2023-03-28T09:01:08","modified_gmt":"2023-03-28T07:01:08","slug":"formacion","status":"publish","type":"page","link":"https:\/\/maestrazgo.org\/esdi\/formacion-y-emprendimiento\/formacion\/","title":{"rendered":"Formaci\u00f3n"},"content":{"rendered":"<p>[vc_row css_animation=\u00bb\u00bb row_type=\u00bbrow\u00bb use_row_as_full_screen_section=\u00bbno\u00bb type=\u00bbgrid\u00bb angled_section=\u00bbno\u00bb text_align=\u00bbleft\u00bb background_image_as_pattern=\u00bbwithout_pattern\u00bb z_index=\u00bb\u00bb css=\u00bb.vc_custom_1667990065283{background-image: url(https:\/\/maestrazgo.org\/esdi\/wp-content\/uploads\/2022\/11\/fondo-mitad.jpg?id=2413) !important;background-position: center !important;background-repeat: no-repeat !important;background-size: contain !important;}\u00bb][vc_column width=\u00bb1\/2&#8243; offset=\u00bbvc_hidden-sm vc_hidden-xs\u00bb][vc_empty_space height=\u00bb50px\u00bb][vc_row_inner row_type=\u00bbrow\u00bb type=\u00bbfull_width\u00bb text_align=\u00bbleft\u00bb css_animation=\u00bb\u00bb][vc_column_inner][vc_empty_space height=\u00bb230px\u00bb][vc_column_text]<\/p>\n<h2><span style=\"color: #ffffff;\">Formaciones\u00a0<\/span><\/h2>\n<p><span style=\"color: #ffffff;\"><strong>El Maestrazgo<\/strong>\u00a0es un territorio emprendedor y queremos que\u00a0<strong>ESDI Maestrazgo<\/strong>\u00a0sea una pieza fundamental para ayudar a los emprendedores a desarrollar sus proyectos, pero, sobre todo, a apoyar a los que quieren crear, pero necesitan el empuj\u00f3n de qu\u00e9 hacer y c\u00f3mo hacer.<\/span>[\/vc_column_text][vc_empty_space height=\u00bb50px\u00bb][\/vc_column_inner][\/vc_row_inner][\/vc_column][vc_column width=\u00bb1\/2&#8243; css=\u00bb.vc_custom_1679983734589{padding-left: 20% !important;background-color: #ffffff !important;}\u00bb offset=\u00bbvc_hidden-sm vc_hidden-xs\u00bb][vc_empty_space height=\u00bb100px\u00bb][vc_single_image image=\u00bb2572&#8243; img_size=\u00bbfull\u00bb qode_css_animation=\u00bb\u00bb][\/vc_column][\/vc_row][vc_row css_animation=\u00bb\u00bb row_type=\u00bbrow\u00bb use_row_as_full_screen_section=\u00bbno\u00bb type=\u00bbgrid\u00bb angled_section=\u00bbno\u00bb text_align=\u00bbleft\u00bb background_image_as_pattern=\u00bbwithout_pattern\u00bb z_index=\u00bb\u00bb css=\u00bb.vc_custom_1679983748545{background-position: center !important;background-repeat: no-repeat !important;background-size: contain !important;}\u00bb][vc_column offset=\u00bbvc_hidden-lg vc_hidden-md\u00bb][vc_empty_space height=\u00bb50px\u00bb][vc_row_inner row_type=\u00bbrow\u00bb type=\u00bbfull_width\u00bb text_align=\u00bbleft\u00bb css_animation=\u00bb\u00bb][vc_column_inner css=\u00bb.vc_custom_1679983777361{background-color: #048dc1 !important;}\u00bb][vc_empty_space height=\u00bb60px\u00bb][vc_column_text]<\/p>\n<h2><span style=\"color: #ffffff;\">Formaciones\u00a0<\/span><\/h2>\n<p><span style=\"color: #ffffff;\"><strong>El Maestrazgo<\/strong>\u00a0es un territorio emprendedor y queremos que\u00a0<strong>ESDI Maestrazgo<\/strong>\u00a0sea una pieza fundamental para ayudar a los emprendedores a desarrollar sus proyectos, pero, sobre todo, a apoyar a los que quieren crear, pero necesitan el empuj\u00f3n de qu\u00e9 hacer y c\u00f3mo hacer.<\/span>[\/vc_column_text][vc_empty_space height=\u00bb50px\u00bb][\/vc_column_inner][\/vc_row_inner][vc_empty_space height=\u00bb100px\u00bb][vc_single_image image=\u00bb2572&#8243; img_size=\u00bbfull\u00bb qode_css_animation=\u00bb\u00bb][\/vc_column][\/vc_row][vc_row css_animation=\u00bb\u00bb row_type=\u00bbrow\u00bb use_row_as_full_screen_section=\u00bbno\u00bb type=\u00bbfull_width\u00bb angled_section=\u00bbno\u00bb text_align=\u00bbleft\u00bb background_image_as_pattern=\u00bbwithout_pattern\u00bb][vc_column][vc_empty_space height=\u00bb100px\u00bb][\/vc_column][\/vc_row][vc_row css_animation=\u00bb\u00bb row_type=\u00bbrow\u00bb use_row_as_full_screen_section=\u00bbno\u00bb type=\u00bbgrid\u00bb angled_section=\u00bbno\u00bb text_align=\u00bbcenter\u00bb background_image_as_pattern=\u00bbwithout_pattern\u00bb z_index=\u00bb\u00bb css=\u00bb.vc_custom_1676021543445{background-image: url(https:\/\/maestrazgo.org\/esdi\/wp-content\/uploads\/2023\/02\/formacion-esdi.png?id=2573) !important;background-position: center !important;background-repeat: no-repeat !important;background-size: cover !important;}\u00bb][vc_column offset=\u00bbvc_hidden-sm vc_hidden-xs\u00bb][vc_empty_space height=\u00bb150px\u00bb][vc_column_text]<\/p>\n<h2 style=\"text-align: center;\"><span style=\"color: #028ec1;\">Nuestras formaciones\u00a0<\/span><\/h2>\n<p>[\/vc_column_text][vc_empty_space]<div class=\"qode-blog-carousel-titled\" data-posts-shown=\"3\">\n\t<div class=\"qode-bct-title-holder\" style=\"background-color:#028ec1;color:#ffffff\">\n\t\t<a class=\"qode-bct-caroufredsel-prev\" href=\"#\">\n\t\t\t<span class=\"qode-bct-caroufredsel-nav-inner\">\n\t\t\t\t<span class=\"qode-bct-caroufredsel-nav-icon-holder\">\n\t\t\t\t\t<span class=\"arrow_carrot-left\"><\/span>\n\t\t\t\t<\/span>\n\t\t\t<\/span>\n\t\t<\/a>\n\t\t\t\t<a class=\"qode-bct-caroufredsel-next\" href=\"#\">\n\t\t<span class=\"qode-bct-caroufredsel-nav-inner\">\n\t\t\t<span class=\"qode-bct-caroufredsel-nav-icon-holder\">\n\t\t\t\t<span class=\"arrow_carrot-right\"><\/span>\n\t\t\t<\/span>\n\t\t<\/span>\n\t<\/a>\n\t<\/div>\n\t\t\t<div class=\"qode-bct-posts-holder\">\n\t\t<div class=\"qode-bct-posts\">\n\t\t\t\t\t\t\t\t\t\t\t\t<div class=\"qode-bct-post\">\n\t\t\t\t\t\t\t\t\t\t\t\t\t<div class=\"qode-bct-post-image\">\n\t\t\t\t\t\t\t\t<a href=\"https:\/\/maestrazgo.org\/esdi\/erea-ecosistemas-de-emprendimiento-rural-avanza-con-masterclass-sobre-empresa-y-economia-social-y-jornadas-inspiradoras-en-el-territorio\/\" itemprop=\"url\">\n\t\t\t\t\t\t\t\t\t<img loading=\"lazy\" decoding=\"async\" width=\"1131\" height=\"1600\" src=\"https:\/\/maestrazgo.org\/esdi\/wp-content\/uploads\/2022\/10\/Proyecto-EREA-Personalizado.jpeg\" class=\"attachment-full size-full wp-post-image\" alt=\"\" srcset=\"https:\/\/maestrazgo.org\/esdi\/wp-content\/uploads\/2022\/10\/Proyecto-EREA-Personalizado.jpeg 1131w, https:\/\/maestrazgo.org\/esdi\/wp-content\/uploads\/2022\/10\/Proyecto-EREA-Personalizado-212x300.jpeg 212w, https:\/\/maestrazgo.org\/esdi\/wp-content\/uploads\/2022\/10\/Proyecto-EREA-Personalizado-724x1024.jpeg 724w, https:\/\/maestrazgo.org\/esdi\/wp-content\/uploads\/2022\/10\/Proyecto-EREA-Personalizado-768x1086.jpeg 768w, https:\/\/maestrazgo.org\/esdi\/wp-content\/uploads\/2022\/10\/Proyecto-EREA-Personalizado-1086x1536.jpeg 1086w, https:\/\/maestrazgo.org\/esdi\/wp-content\/uploads\/2022\/10\/Proyecto-EREA-Personalizado-700x990.jpeg 700w\" sizes=\"auto, (max-width: 1131px) 100vw, 1131px\" \/>\t\t\t\t\t\t\t\t<\/a>\n\t\t\t\t\t\t\t<\/div>\n\t\t\t\t\t\t\t\t\t\t\t\t<div class=\"qode-bct-post-text\">\n\t\t\t\t\t\t\t<h3 class=\"qode-bct-post-title entry_title\" itemprop=\"name\">\n\t\t\t\t\t\t\t\t<a href=\"https:\/\/maestrazgo.org\/esdi\/erea-ecosistemas-de-emprendimiento-rural-avanza-con-masterclass-sobre-empresa-y-economia-social-y-jornadas-inspiradoras-en-el-territorio\/\" itemprop=\"url\">EREA, Ecosistemas de Emprendimiento Rural, avanza con masterclass sobre empresa y econom\u00eda social y jornadas inspiradoras en el territorio<\/a>\n\t\t\t\t\t\t\t<\/h3>\n\t\t\t\t\t\t\t\t\t\t\t\t\t\t<p itemprop=\"description\" class = \"qode-bct-post-excerpt\"> Ya est\u00e1 en marcha la segunda fase de EREA &#8216;Programa de impulso a los ecosistemas de emprendimiento y la econom\u00eda social en el medio rural aragon\u00e9s&#8217;, promovido por el Gobierno de Arag\u00f3n, a trav\u00e9s de la Fundaci\u00f3n Arag\u00f3n Emprende, y con el apoyo del Ministerio...<\/p>\n\t\t\t\t\t\t\t<div class=\"qode-bct-post-date entry_date updated\" itemprop=\"dateCreated\">\n\t\t\t\t\t\t\t\t4 octubre, 2022\t\t\t\t\t\t\t\t<meta itemprop=\"interactionCount\" content=\"UserComments: 0\"\/>\n\t\t\t\t\t\t\t<\/div>\n\t\t\t\t\t\t<\/div>\n\t\t\t\t\t<\/div>\n\t\t\t\t\t\t\t\t\t\t\t\t<div class=\"qode-bct-post\">\n\t\t\t\t\t\t\t\t\t\t\t\t\t<div class=\"qode-bct-post-image\">\n\t\t\t\t\t\t\t\t<a href=\"https:\/\/maestrazgo.org\/esdi\/pon-aragon-entu-mesa-presenta-un-manual-para-el-emprendedor-agroalimentario\/\" itemprop=\"url\">\n\t\t\t\t\t\t\t\t\t<img loading=\"lazy\" decoding=\"async\" width=\"488\" height=\"587\" src=\"https:\/\/maestrazgo.org\/esdi\/wp-content\/uploads\/2022\/08\/Emprendedor-agroalimentario.jpg\" class=\"attachment-full size-full wp-post-image\" alt=\"\" srcset=\"https:\/\/maestrazgo.org\/esdi\/wp-content\/uploads\/2022\/08\/Emprendedor-agroalimentario.jpg 488w, https:\/\/maestrazgo.org\/esdi\/wp-content\/uploads\/2022\/08\/Emprendedor-agroalimentario-249x300.jpg 249w\" sizes=\"auto, (max-width: 488px) 100vw, 488px\" \/>\t\t\t\t\t\t\t\t<\/a>\n\t\t\t\t\t\t\t<\/div>\n\t\t\t\t\t\t\t\t\t\t\t\t<div class=\"qode-bct-post-text\">\n\t\t\t\t\t\t\t<h3 class=\"qode-bct-post-title entry_title\" itemprop=\"name\">\n\t\t\t\t\t\t\t\t<a href=\"https:\/\/maestrazgo.org\/esdi\/pon-aragon-entu-mesa-presenta-un-manual-para-el-emprendedor-agroalimentario\/\" itemprop=\"url\">PON ARAG\u00d3N EN TU MESA presenta un manual para el emprendedor agroalimentario<\/a>\n\t\t\t\t\t\t\t<\/h3>\n\t\t\t\t\t\t\t\t\t\t\t\t\t\t<p itemprop=\"description\" class = \"qode-bct-post-excerpt\"> &nbsp; El manual incorpora informaci\u00f3n detallada para el emprendedor, desde que surge la idea hasta que se pone en marcha la actividad, incluyendo aspectos t\u00e9cnicos y sanitarios de instalaciones y productos, de higiene y seguridad alimentaria, entre otros. Se trata de una iniciativa que surge...<\/p>\n\t\t\t\t\t\t\t<div class=\"qode-bct-post-date entry_date updated\" itemprop=\"dateCreated\">\n\t\t\t\t\t\t\t\t3 agosto, 2022\t\t\t\t\t\t\t\t<meta itemprop=\"interactionCount\" content=\"UserComments: 0\"\/>\n\t\t\t\t\t\t\t<\/div>\n\t\t\t\t\t\t<\/div>\n\t\t\t\t\t<\/div>\n\t\t\t\t\t\t\t\t\t\t\t\t<div class=\"qode-bct-post\">\n\t\t\t\t\t\t\t\t\t\t\t\t\t<div class=\"qode-bct-post-image\">\n\t\t\t\t\t\t\t\t<a href=\"https:\/\/maestrazgo.org\/esdi\/fiscalidad-positiva-y-campanas-de-motivacion-para-el-emprendimiento-posibles-soluciones-para-el-desarrollo-economico-del-maestrazgo\/\" itemprop=\"url\">\n\t\t\t\t\t\t\t\t\t<img loading=\"lazy\" decoding=\"async\" width=\"1287\" height=\"697\" src=\"https:\/\/maestrazgo.org\/esdi\/wp-content\/uploads\/2022\/07\/WhatsApp-Image-2022-07-21-at-8.11.39-AM.jpeg\" class=\"attachment-full size-full wp-post-image\" alt=\"\" srcset=\"https:\/\/maestrazgo.org\/esdi\/wp-content\/uploads\/2022\/07\/WhatsApp-Image-2022-07-21-at-8.11.39-AM.jpeg 1287w, https:\/\/maestrazgo.org\/esdi\/wp-content\/uploads\/2022\/07\/WhatsApp-Image-2022-07-21-at-8.11.39-AM-300x162.jpeg 300w, https:\/\/maestrazgo.org\/esdi\/wp-content\/uploads\/2022\/07\/WhatsApp-Image-2022-07-21-at-8.11.39-AM-1024x555.jpeg 1024w, https:\/\/maestrazgo.org\/esdi\/wp-content\/uploads\/2022\/07\/WhatsApp-Image-2022-07-21-at-8.11.39-AM-768x416.jpeg 768w, https:\/\/maestrazgo.org\/esdi\/wp-content\/uploads\/2022\/07\/WhatsApp-Image-2022-07-21-at-8.11.39-AM-700x379.jpeg 700w\" sizes=\"auto, (max-width: 1287px) 100vw, 1287px\" \/>\t\t\t\t\t\t\t\t<\/a>\n\t\t\t\t\t\t\t<\/div>\n\t\t\t\t\t\t\t\t\t\t\t\t<div class=\"qode-bct-post-text\">\n\t\t\t\t\t\t\t<h3 class=\"qode-bct-post-title entry_title\" itemprop=\"name\">\n\t\t\t\t\t\t\t\t<a href=\"https:\/\/maestrazgo.org\/esdi\/fiscalidad-positiva-y-campanas-de-motivacion-para-el-emprendimiento-posibles-soluciones-para-el-desarrollo-economico-del-maestrazgo\/\" itemprop=\"url\">Conclusiones de la Carta de Futuro<\/a>\n\t\t\t\t\t\t\t<\/h3>\n\t\t\t\t\t\t\t\t\t\t\t\t\t\t<p itemprop=\"description\" class = \"qode-bct-post-excerpt\"> El pasado mi\u00e9rcoles 20 de julio se celebr\u00f3 en Mirambel el taller participativo \u00abCarta de Futuro\u00bb, entre emprendedores locales, t\u00e9cnicos de desarrollo y responsables institucionales en el marco del programa EREA. La primera parte de la sesi\u00f3n se centr\u00f3 en analizar las potencialidades y recursos...<\/p>\n\t\t\t\t\t\t\t<div class=\"qode-bct-post-date entry_date updated\" itemprop=\"dateCreated\">\n\t\t\t\t\t\t\t\t25 julio, 2022\t\t\t\t\t\t\t\t<meta itemprop=\"interactionCount\" content=\"UserComments: 0\"\/>\n\t\t\t\t\t\t\t<\/div>\n\t\t\t\t\t\t<\/div>\n\t\t\t\t\t<\/div>\n\t\t\t\t\t<\/div>\n\t\t<\/div>\n\t<\/div>[vc_empty_space height=\u00bb150px\u00bb][\/vc_column][\/vc_row][vc_row css_animation=\u00bb\u00bb row_type=\u00bbrow\u00bb use_row_as_full_screen_section=\u00bbno\u00bb type=\u00bbgrid\u00bb angled_section=\u00bbno\u00bb text_align=\u00bbcenter\u00bb background_image_as_pattern=\u00bbwithout_pattern\u00bb z_index=\u00bb\u00bb css=\u00bb.vc_custom_1676021543445{background-image: url(https:\/\/maestrazgo.org\/esdi\/wp-content\/uploads\/2023\/02\/formacion-esdi.png?id=2573) !important;background-position: center !important;background-repeat: no-repeat !important;background-size: cover !important;}\u00bb][vc_column offset=\u00bbvc_hidden-lg vc_hidden-md\u00bb][vc_empty_space height=\u00bb150px\u00bb][vc_column_text]<\/p>\n<h2 style=\"text-align: center;\"><span style=\"color: #028ec1;\">Nuestras formaciones\u00a0<\/span><\/h2>\n<p>[\/vc_column_text][vc_empty_space]<div class=\"qode-blog-carousel-titled\" >\n\t<div class=\"qode-bct-title-holder\" style=\"background-color:#028ec1;color:#ffffff\">\n\t\t<a class=\"qode-bct-caroufredsel-prev\" href=\"#\">\n\t\t\t<span class=\"qode-bct-caroufredsel-nav-inner\">\n\t\t\t\t<span class=\"qode-bct-caroufredsel-nav-icon-holder\">\n\t\t\t\t\t<span class=\"arrow_carrot-left\"><\/span>\n\t\t\t\t<\/span>\n\t\t\t<\/span>\n\t\t<\/a>\n\t\t\t\t<a class=\"qode-bct-caroufredsel-next\" href=\"#\">\n\t\t<span class=\"qode-bct-caroufredsel-nav-inner\">\n\t\t\t<span class=\"qode-bct-caroufredsel-nav-icon-holder\">\n\t\t\t\t<span class=\"arrow_carrot-right\"><\/span>\n\t\t\t<\/span>\n\t\t<\/span>\n\t<\/a>\n\t<\/div>\n\t\t\t<div class=\"qode-bct-posts-holder\">\n\t\t<div class=\"qode-bct-posts\">\n\t\t\t\t\t\t\t\t\t\t\t\t<div class=\"qode-bct-post\">\n\t\t\t\t\t\t\t\t\t\t\t\t\t<div class=\"qode-bct-post-image\">\n\t\t\t\t\t\t\t\t<a href=\"https:\/\/maestrazgo.org\/esdi\/erea-ecosistemas-de-emprendimiento-rural-avanza-con-masterclass-sobre-empresa-y-economia-social-y-jornadas-inspiradoras-en-el-territorio\/\" itemprop=\"url\">\n\t\t\t\t\t\t\t\t\t<img loading=\"lazy\" decoding=\"async\" width=\"600\" height=\"800\" src=\"https:\/\/maestrazgo.org\/esdi\/wp-content\/uploads\/2022\/10\/Proyecto-EREA-Personalizado-600x800.jpeg\" class=\"attachment-portfolio-portrait size-portfolio-portrait wp-post-image\" alt=\"\" \/>\t\t\t\t\t\t\t\t<\/a>\n\t\t\t\t\t\t\t<\/div>\n\t\t\t\t\t\t\t\t\t\t\t\t<div class=\"qode-bct-post-text\">\n\t\t\t\t\t\t\t<h6 class=\"qode-bct-post-title entry_title\" itemprop=\"name\">\n\t\t\t\t\t\t\t\t<a href=\"https:\/\/maestrazgo.org\/esdi\/erea-ecosistemas-de-emprendimiento-rural-avanza-con-masterclass-sobre-empresa-y-economia-social-y-jornadas-inspiradoras-en-el-territorio\/\" itemprop=\"url\">EREA, Ecosistemas de Emprendimiento Rural, avanza con masterclass sobre empresa y econom\u00eda social y jornadas inspiradoras en el territorio<\/a>\n\t\t\t\t\t\t\t<\/h6>\n\t\t\t\t\t\t\t\t\t\t\t\t\t\t<p itemprop=\"description\" class = \"qode-bct-post-excerpt\"> Ya est\u00e1 en marcha la segunda fase de EREA &#8216;Programa de impulso a los ecosistemas de emprendimiento y la econom\u00eda social en el medio rural aragon\u00e9s&#8217;, promovido por el Gobierno de Arag\u00f3n, a trav\u00e9s de la Fundaci\u00f3n Arag\u00f3n Emprende, y con el apoyo del Ministerio...<\/p>\n\t\t\t\t\t\t\t<div class=\"qode-bct-post-date entry_date updated\" itemprop=\"dateCreated\">\n\t\t\t\t\t\t\t\t4 octubre, 2022\t\t\t\t\t\t\t\t<meta itemprop=\"interactionCount\" content=\"UserComments: 0\"\/>\n\t\t\t\t\t\t\t<\/div>\n\t\t\t\t\t\t<\/div>\n\t\t\t\t\t<\/div>\n\t\t\t\t\t<\/div>\n\t\t<\/div>\n\t<\/div><div class=\"qode-blog-carousel-titled\" >\n\t<div class=\"qode-bct-title-holder\" style=\"background-color:#028ec1;color:#ffffff\">\n\t\t<a class=\"qode-bct-caroufredsel-prev\" href=\"#\">\n\t\t\t<span class=\"qode-bct-caroufredsel-nav-inner\">\n\t\t\t\t<span class=\"qode-bct-caroufredsel-nav-icon-holder\">\n\t\t\t\t\t<span class=\"arrow_carrot-left\"><\/span>\n\t\t\t\t<\/span>\n\t\t\t<\/span>\n\t\t<\/a>\n\t\t\t\t<a class=\"qode-bct-caroufredsel-next\" href=\"#\">\n\t\t<span class=\"qode-bct-caroufredsel-nav-inner\">\n\t\t\t<span class=\"qode-bct-caroufredsel-nav-icon-holder\">\n\t\t\t\t<span class=\"arrow_carrot-right\"><\/span>\n\t\t\t<\/span>\n\t\t<\/span>\n\t<\/a>\n\t<\/div>\n\t\t\t<div class=\"qode-bct-posts-holder\">\n\t\t<div class=\"qode-bct-posts\">\n\t\t\t\t\t\t\t\t\t\t\t\t<div class=\"qode-bct-post\">\n\t\t\t\t\t\t\t\t\t\t\t\t\t<div class=\"qode-bct-post-image\">\n\t\t\t\t\t\t\t\t<a href=\"https:\/\/maestrazgo.org\/esdi\/pon-aragon-entu-mesa-presenta-un-manual-para-el-emprendedor-agroalimentario\/\" itemprop=\"url\">\n\t\t\t\t\t\t\t\t\t<img loading=\"lazy\" decoding=\"async\" width=\"488\" height=\"587\" src=\"https:\/\/maestrazgo.org\/esdi\/wp-content\/uploads\/2022\/08\/Emprendedor-agroalimentario.jpg\" class=\"attachment-portfolio-portrait size-portfolio-portrait wp-post-image\" alt=\"\" srcset=\"https:\/\/maestrazgo.org\/esdi\/wp-content\/uploads\/2022\/08\/Emprendedor-agroalimentario.jpg 488w, https:\/\/maestrazgo.org\/esdi\/wp-content\/uploads\/2022\/08\/Emprendedor-agroalimentario-249x300.jpg 249w\" sizes=\"auto, (max-width: 488px) 100vw, 488px\" \/>\t\t\t\t\t\t\t\t<\/a>\n\t\t\t\t\t\t\t<\/div>\n\t\t\t\t\t\t\t\t\t\t\t\t<div class=\"qode-bct-post-text\">\n\t\t\t\t\t\t\t<h6 class=\"qode-bct-post-title entry_title\" itemprop=\"name\">\n\t\t\t\t\t\t\t\t<a href=\"https:\/\/maestrazgo.org\/esdi\/pon-aragon-entu-mesa-presenta-un-manual-para-el-emprendedor-agroalimentario\/\" itemprop=\"url\">PON ARAG\u00d3N EN TU MESA presenta un manual para el emprendedor agroalimentario<\/a>\n\t\t\t\t\t\t\t<\/h6>\n\t\t\t\t\t\t\t\t\t\t\t\t\t\t<p itemprop=\"description\" class = \"qode-bct-post-excerpt\"> &nbsp; El manual incorpora informaci\u00f3n detallada para el emprendedor, desde que surge la idea hasta que se pone en marcha la actividad, incluyendo aspectos t\u00e9cnicos y sanitarios de instalaciones y productos, de higiene y seguridad alimentaria, entre otros. Se trata de una iniciativa que surge...<\/p>\n\t\t\t\t\t\t\t<div class=\"qode-bct-post-date entry_date updated\" itemprop=\"dateCreated\">\n\t\t\t\t\t\t\t\t3 agosto, 2022\t\t\t\t\t\t\t\t<meta itemprop=\"interactionCount\" content=\"UserComments: 0\"\/>\n\t\t\t\t\t\t\t<\/div>\n\t\t\t\t\t\t<\/div>\n\t\t\t\t\t<\/div>\n\t\t\t\t\t<\/div>\n\t\t<\/div>\n\t<\/div><div class=\"qode-blog-carousel-titled\" >\n\t<div class=\"qode-bct-title-holder\" style=\"background-color:#028ec1;color:#ffffff\">\n\t\t<a class=\"qode-bct-caroufredsel-prev\" href=\"#\">\n\t\t\t<span class=\"qode-bct-caroufredsel-nav-inner\">\n\t\t\t\t<span class=\"qode-bct-caroufredsel-nav-icon-holder\">\n\t\t\t\t\t<span class=\"arrow_carrot-left\"><\/span>\n\t\t\t\t<\/span>\n\t\t\t<\/span>\n\t\t<\/a>\n\t\t\t\t<a class=\"qode-bct-caroufredsel-next\" href=\"#\">\n\t\t<span class=\"qode-bct-caroufredsel-nav-inner\">\n\t\t\t<span class=\"qode-bct-caroufredsel-nav-icon-holder\">\n\t\t\t\t<span class=\"arrow_carrot-right\"><\/span>\n\t\t\t<\/span>\n\t\t<\/span>\n\t<\/a>\n\t<\/div>\n\t\t\t<div class=\"qode-bct-posts-holder\">\n\t\t<div class=\"qode-bct-posts\">\n\t\t\t\t\t\t\t\t\t\t\t\t<div class=\"qode-bct-post\">\n\t\t\t\t\t\t\t\t\t\t\t\t\t<div class=\"qode-bct-post-image\">\n\t\t\t\t\t\t\t\t<a href=\"https:\/\/maestrazgo.org\/esdi\/fiscalidad-positiva-y-campanas-de-motivacion-para-el-emprendimiento-posibles-soluciones-para-el-desarrollo-economico-del-maestrazgo\/\" itemprop=\"url\">\n\t\t\t\t\t\t\t\t\t<img loading=\"lazy\" decoding=\"async\" width=\"600\" height=\"697\" src=\"https:\/\/maestrazgo.org\/esdi\/wp-content\/uploads\/2022\/07\/WhatsApp-Image-2022-07-21-at-8.11.39-AM-600x697.jpeg\" class=\"attachment-portfolio-portrait size-portfolio-portrait wp-post-image\" alt=\"\" \/>\t\t\t\t\t\t\t\t<\/a>\n\t\t\t\t\t\t\t<\/div>\n\t\t\t\t\t\t\t\t\t\t\t\t<div class=\"qode-bct-post-text\">\n\t\t\t\t\t\t\t<h6 class=\"qode-bct-post-title entry_title\" itemprop=\"name\">\n\t\t\t\t\t\t\t\t<a href=\"https:\/\/maestrazgo.org\/esdi\/fiscalidad-positiva-y-campanas-de-motivacion-para-el-emprendimiento-posibles-soluciones-para-el-desarrollo-economico-del-maestrazgo\/\" itemprop=\"url\">Conclusiones de la Carta de Futuro<\/a>\n\t\t\t\t\t\t\t<\/h6>\n\t\t\t\t\t\t\t\t\t\t\t\t\t\t<p itemprop=\"description\" class = \"qode-bct-post-excerpt\"> El pasado mi\u00e9rcoles 20 de julio se celebr\u00f3 en Mirambel el taller participativo \u00abCarta de Futuro\u00bb, entre emprendedores locales, t\u00e9cnicos de desarrollo y responsables institucionales en el marco del programa EREA. La primera parte de la sesi\u00f3n se centr\u00f3 en analizar las potencialidades y recursos...<\/p>\n\t\t\t\t\t\t\t<div class=\"qode-bct-post-date entry_date updated\" itemprop=\"dateCreated\">\n\t\t\t\t\t\t\t\t25 julio, 2022\t\t\t\t\t\t\t\t<meta itemprop=\"interactionCount\" content=\"UserComments: 0\"\/>\n\t\t\t\t\t\t\t<\/div>\n\t\t\t\t\t\t<\/div>\n\t\t\t\t\t<\/div>\n\t\t\t\t\t<\/div>\n\t\t<\/div>\n\t<\/div>[vc_empty_space height=\u00bb150px\u00bb][\/vc_column][\/vc_row]<\/p>\n","protected":false},"excerpt":{"rendered":"<p>[vc_row css_animation=\u00bb\u00bb row_type=\u00bbrow\u00bb use_row_as_full_screen_section=\u00bbno\u00bb type=\u00bbgrid\u00bb angled_section=\u00bbno\u00bb text_align=\u00bbleft\u00bb background_image_as_pattern=\u00bbwithout_pattern\u00bb z_index=\u00bb\u00bb css=\u00bb.vc_custom_1667990065283{background-image: url(https:\/\/maestrazgo.org\/esdi\/wp-content\/uploads\/2022\/11\/fondo-mitad.jpg?id=2413) !important;background-position: center !important;background-repeat: no-repeat !important;background-size: contain !important;}\u00bb][vc_column width=\u00bb1\/2&#8243; offset=\u00bbvc_hidden-sm vc_hidden-xs\u00bb][vc_empty_space height=\u00bb50px\u00bb][vc_row_inner row_type=\u00bbrow\u00bb type=\u00bbfull_width\u00bb text_align=\u00bbleft\u00bb css_animation=\u00bb\u00bb][vc_column_inner][vc_empty_space height=\u00bb230px\u00bb][vc_column_text] Formaciones\u00a0 El Maestrazgo\u00a0es un territorio emprendedor y queremos que\u00a0ESDI Maestrazgo\u00a0sea una pieza fundamental para ayudar a los emprendedores&#8230;<\/p>\n","protected":false},"author":1,"featured_media":0,"parent":2548,"menu_order":0,"comment_status":"closed","ping_status":"closed","template":"full_width.php","meta":{"footnotes":""},"class_list":["post-2404","page","type-page","status-publish","hentry"],"_links":{"self":[{"href":"https:\/\/maestrazgo.org\/esdi\/wp-json\/wp\/v2\/pages\/2404","targetHints":{"allow":["GET"]}}],"collection":[{"href":"https:\/\/maestrazgo.org\/esdi\/wp-json\/wp\/v2\/pages"}],"about":[{"href":"https:\/\/maestrazgo.org\/esdi\/wp-json\/wp\/v2\/types\/page"}],"author":[{"embeddable":true,"href":"https:\/\/maestrazgo.org\/esdi\/wp-json\/wp\/v2\/users\/1"}],"replies":[{"embeddable":true,"href":"https:\/\/maestrazgo.org\/esdi\/wp-json\/wp\/v2\/comments?post=2404"}],"version-history":[{"count":17,"href":"https:\/\/maestrazgo.org\/esdi\/wp-json\/wp\/v2\/pages\/2404\/revisions"}],"predecessor-version":[{"id":2710,"href":"https:\/\/maestrazgo.org\/esdi\/wp-json\/wp\/v2\/pages\/2404\/revisions\/2710"}],"up":[{"embeddable":true,"href":"https:\/\/maestrazgo.org\/esdi\/wp-json\/wp\/v2\/pages\/2548"}],"wp:attachment":[{"href":"https:\/\/maestrazgo.org\/esdi\/wp-json\/wp\/v2\/media?parent=2404"}],"curies":[{"name":"wp","href":"https:\/\/api.w.org\/{rel}","templated":true}]}}