{"id":687,"date":"2021-11-05T10:30:50","date_gmt":"2021-11-05T10:30:50","guid":{"rendered":"http:\/\/maestrazgo.org\/EuropeDirect\/?page_id=687"},"modified":"2023-03-17T09:00:11","modified_gmt":"2023-03-17T09:00:11","slug":"articulos-europe-direct-maestrazgo","status":"publish","type":"page","link":"https:\/\/maestrazgo.org\/EuropeDirect\/publicaciones\/articulos-europe-direct-maestrazgo\/","title":{"rendered":"Art\u00edculos de opini\u00f3n"},"content":{"rendered":"<p>[vc_row css_animation=\u00bb\u00bb row_type=\u00bbrow\u00bb use_row_as_full_screen_section=\u00bbno\u00bb type=\u00bbfull_width\u00bb angled_section=\u00bbno\u00bb text_align=\u00bbleft\u00bb background_image_as_pattern=\u00bbwithout_pattern\u00bb css=\u00bb.vc_custom_1636454198687{padding-top: 100px !important;padding-bottom: 100px !important;background: #ffffff url(https:\/\/maestrazgo.org\/EuropeDirect\/wp-content\/uploads\/2021\/11\/img-news.png?id=767) !important;background-position: center !important;background-repeat: no-repeat !important;background-size: cover !important;}\u00bb z_index=\u00bb\u00bb][vc_column][vc_row_inner row_type=\u00bbrow\u00bb type=\u00bbgrid\u00bb text_align=\u00bbleft\u00bb css_animation=\u00bb\u00bb][vc_column_inner css=\u00bb.vc_custom_1636454828014{padding-bottom: 30px !important;background-color: #104e99 !important;}\u00bb][vc_column_text]<span style=\"color: #ffffff;\">Una de las acciones encomendadas que tiene el centro es la relaci\u00f3n con los medios de comunicaci\u00f3n locales y regionales, por ello peri\u00f3dicamente se redactan art\u00edculos de prensa desde nuestro centro.<\/span>[\/vc_column_text][\/vc_column_inner][\/vc_row_inner][vc_empty_space][vc_row_inner row_type=\u00bbrow\u00bb type=\u00bbgrid\u00bb text_align=\u00bbcenter\u00bb css_animation=\u00bb\u00bb][vc_column_inner width=\u00bb1\/2&#8243;]<a  itemprop=\"url\" href=\"https:\/\/maestrazgo.org\/EuropeDirect\/wp-content\/uploads\/2022\/08\/2022-08-26-TRIBUNA.-Semana-Europea-de-la-Movilidad.pdf\" target=\"_self\"  class=\"qbutton  default\" style=\"color: #104e99; border-color: #104e99; \">Semana Europea de la Movilidad<\/a>[vc_empty_space][\/vc_column_inner][vc_column_inner width=\u00bb1\/2&#8243;]<a  itemprop=\"url\" href=\"https:\/\/maestrazgo.org\/EuropeDirect\/wp-content\/uploads\/2023\/03\/03_03_23_Ano-Europeo-Competencias.pdf\" target=\"_blank\" data-hover-color='#ffffff' class=\"qbutton  default\" style=\"color: #104e99; border-color: #104e99; \">A\u00f1o Europeo de las Competencias<\/a>[vc_empty_space][\/vc_column_inner][\/vc_row_inner][vc_empty_space][vc_row_inner row_type=\u00bbrow\u00bb type=\u00bbgrid\u00bb text_align=\u00bbcenter\u00bb css_animation=\u00bb\u00bb][vc_column_inner width=\u00bb1\/2&#8243;]<a  itemprop=\"url\" href=\"https:\/\/maestrazgo.org\/EuropeDirect\/wp-content\/uploads\/2021\/11\/Desde_1994_Europe_Direct_14_05_21.pdf\" target=\"_blank\" data-hover-color='#ffffff' class=\"qbutton  default\" style=\"color: #104e99; border-color: #104e99; \">Europe desde 1994<\/a>[\/vc_column_inner][vc_column_inner width=\u00bb1\/2&#8243;]<a  itemprop=\"url\" href=\"https:\/\/maestrazgo.org\/EuropeDirect\/wp-content\/uploads\/2021\/11\/SOTEU_2021_13_09_21.docx\" target=\"_blank\" data-hover-color='#ffffff' class=\"qbutton  default\" style=\"color: #104e99; border-color: #104e99; \">15 de Septiembre, Estado de la Uni\u00f3n<\/a>[\/vc_column_inner][\/vc_row_inner][vc_empty_space][vc_row_inner row_type=\u00bbrow\u00bb type=\u00bbgrid\u00bb text_align=\u00bbcenter\u00bb css_animation=\u00bb\u00bb][vc_column_inner width=\u00bb1\/2&#8243;]<a  itemprop=\"url\" href=\"https:\/\/maestrazgo.org\/EuropeDirect\/wp-content\/uploads\/2022\/07\/2022-03-14-TRIBUNA.-La-Union-Europea-por-los-derechos-humanos-y-la-democracia.pdf\" target=\"_self\"  class=\"qbutton  default\" style=\"color: #104e99; border-color: #104e99; \">La UE por los derechos humanos y la democracia<\/a>[\/vc_column_inner][vc_column_inner width=\u00bb1\/2&#8243;]<a  itemprop=\"url\" href=\"https:\/\/maestrazgo.org\/EuropeDirect\/wp-content\/uploads\/2022\/07\/2022-07-04-TRIBUNA.-Por-una-Europa-sin-plasticos-1.pdf\" target=\"_self\"  class=\"qbutton  default\" style=\"color: #104e99; border-color: #104e99; \">Por una Europa sin bolsas de pl\u00e1stico<\/a>[\/vc_column_inner][\/vc_row_inner][\/vc_column][\/vc_row]<\/p>\n","protected":false},"excerpt":{"rendered":"<p>[vc_row css_animation=\u00bb\u00bb row_type=\u00bbrow\u00bb use_row_as_full_screen_section=\u00bbno\u00bb type=\u00bbfull_width\u00bb angled_section=\u00bbno\u00bb text_align=\u00bbleft\u00bb background_image_as_pattern=\u00bbwithout_pattern\u00bb css=\u00bb.vc_custom_1636454198687{padding-top: 100px !important;padding-bottom: 100px !important;background: #ffffff url(https:\/\/maestrazgo.org\/EuropeDirect\/wp-content\/uploads\/2021\/11\/img-news.png?id=767) !important;background-position: center !important;background-repeat: no-repeat !important;background-size: cover !important;}\u00bb z_index=\u00bb\u00bb][vc_column][vc_row_inner row_type=\u00bbrow\u00bb type=\u00bbgrid\u00bb text_align=\u00bbleft\u00bb css_animation=\u00bb\u00bb][vc_column_inner css=\u00bb.vc_custom_1636454828014{padding-bottom: 30px !important;background-color: #104e99 !important;}\u00bb][vc_column_text]Una de las acciones encomendadas que tiene el centro&#8230;<\/p>\n","protected":false},"author":2,"featured_media":0,"parent":11,"menu_order":0,"comment_status":"closed","ping_status":"closed","template":"full_width.php","meta":{"_acf_changed":false,"footnotes":""},"class_list":["post-687","page","type-page","status-publish","hentry"],"acf":[],"_links":{"self":[{"href":"https:\/\/maestrazgo.org\/EuropeDirect\/wp-json\/wp\/v2\/pages\/687","targetHints":{"allow":["GET"]}}],"collection":[{"href":"https:\/\/maestrazgo.org\/EuropeDirect\/wp-json\/wp\/v2\/pages"}],"about":[{"href":"https:\/\/maestrazgo.org\/EuropeDirect\/wp-json\/wp\/v2\/types\/page"}],"author":[{"embeddable":true,"href":"https:\/\/maestrazgo.org\/EuropeDirect\/wp-json\/wp\/v2\/users\/2"}],"replies":[{"embeddable":true,"href":"https:\/\/maestrazgo.org\/EuropeDirect\/wp-json\/wp\/v2\/comments?post=687"}],"version-history":[{"count":34,"href":"https:\/\/maestrazgo.org\/EuropeDirect\/wp-json\/wp\/v2\/pages\/687\/revisions"}],"predecessor-version":[{"id":1461,"href":"https:\/\/maestrazgo.org\/EuropeDirect\/wp-json\/wp\/v2\/pages\/687\/revisions\/1461"}],"up":[{"embeddable":true,"href":"https:\/\/maestrazgo.org\/EuropeDirect\/wp-json\/wp\/v2\/pages\/11"}],"wp:attachment":[{"href":"https:\/\/maestrazgo.org\/EuropeDirect\/wp-json\/wp\/v2\/media?parent=687"}],"curies":[{"name":"wp","href":"https:\/\/api.w.org\/{rel}","templated":true}]}}