{"id":492,"date":"2021-10-27T12:43:04","date_gmt":"2021-10-27T12:43:04","guid":{"rendered":"http:\/\/maestrazgo.org\/EuropeDirect\/?page_id=492"},"modified":"2022-07-14T12:59:12","modified_gmt":"2022-07-14T12:59:12","slug":"periodico","status":"publish","type":"page","link":"https:\/\/maestrazgo.org\/EuropeDirect\/publicaciones\/periodico\/","title":{"rendered":"Peri\u00f3dico Maestrazgo Informaci\u00f3n"},"content":{"rendered":"<p>[vc_row css_animation=\u00bb\u00bb row_type=\u00bbrow\u00bb use_row_as_full_screen_section=\u00bbno\u00bb type=\u00bbgrid\u00bb angled_section=\u00bbno\u00bb text_align=\u00bbleft\u00bb background_image_as_pattern=\u00bbwithout_pattern\u00bb z_index=\u00bb\u00bb][vc_column][vc_row_inner row_type=\u00bbrow\u00bb type=\u00bbfull_width\u00bb text_align=\u00bbleft\u00bb css_animation=\u00bb\u00bb][vc_column_inner][vc_column_text]El peri\u00f3dico <strong>Maestrazgo Informaci\u00f3n<\/strong> fue fundado en el a\u00f1o 2004 . Desde entonces informa bimensualmente de las noticias de actualidad que afectan al territorio del Maestrazgo, prestando especial atenci\u00f3n a las cuestiones relacionadas con asuntos europeos.<\/p>\n<p>El peri\u00f3dico es editado y publicado por parte\u00a0del Europe Direct y su entidad de acogida, ADEMA, en colaboraci\u00f3n con la Comarca del Maestrazgo.<\/p>\n<p style=\"text-align: justify;\">En este apartado puedes consultar todos los peri\u00f3dicos disponibles en formato digital.<\/p>\n<p style=\"text-align: justify;\">Si lo prefieres, puedes suscribirte y recibir un ejemplar directamente en tu domicilio por una <strong>colaboraci\u00f3n anual de 10\u20ac<\/strong>.<\/p>\n<p>[\/vc_column_text][\/vc_column_inner][\/vc_row_inner][\/vc_column][\/vc_row][vc_row css_animation=\u00bb\u00bb row_type=\u00bbrow\u00bb use_row_as_full_screen_section=\u00bbno\u00bb type=\u00bbgrid\u00bb angled_section=\u00bbno\u00bb text_align=\u00bbleft\u00bb background_image_as_pattern=\u00bbwithout_pattern\u00bb z_index=\u00bb\u00bb][vc_column offset=\u00bbvc_hidden-xs\u00bb][vc_empty_space]<div class=\"call_to_action normal\" style=\"\"><div class=\"container_inner\"><div class=\"two_columns_75_25 clearfix\"><div class=\"text_wrapper column1\"><div class=\"call_to_action_text \" style=\"\">Consulta aqu\u00ed la \u00faltima edici\u00f3n del peri\u00f3dico bimensual<\/div><\/div><div class=\"button_wrapper column2\"><a itemprop=\"url\" href=\"http:\/\/maestrazgo.org\/periodico\/\" class=\"qbutton white \" target=\"_blank\" style=\"color: #104e99;border-color: #104e99;background-color: #ffffff;\" data-hover-background-color=#104e99 data-hover-border-color=#ffffff data-hover-color=#ffffff>Ver peri\u00f3dicos<\/a><\/div><\/div><\/div><\/div>[vc_empty_space height=\u00bb70px\u00bb][\/vc_column][\/vc_row][vc_row css_animation=\u00bb\u00bb row_type=\u00bbrow\u00bb use_row_as_full_screen_section=\u00bbno\u00bb type=\u00bbfull_width\u00bb angled_section=\u00bbno\u00bb text_align=\u00bbleft\u00bb background_image_as_pattern=\u00bbwithout_pattern\u00bb z_index=\u00bb\u00bb][vc_column offset=\u00bbvc_hidden-lg vc_hidden-md vc_hidden-sm\u00bb][vc_empty_space]<div class=\"call_to_action normal\" style=\"\"><div class=\"container_inner\"><div class=\"two_columns_75_25 clearfix\"><div class=\"text_wrapper column1\"><div class=\"call_to_action_text \" style=\"\">Consulta aqu\u00ed la \u00faltima edici\u00f3n del peri\u00f3dico bimensual<\/div><\/div><div class=\"button_wrapper column2\"><a itemprop=\"url\" href=\"http:\/\/maestrazgo.org\/periodico\/\" class=\"qbutton white \" target=\"_blank\" style=\"color: #104e99;border-color: #104e99;background-color: #ffffff;\" data-hover-background-color=#104e99 data-hover-border-color=#ffffff data-hover-color=#ffffff>Ver peri\u00f3dicos<\/a><\/div><\/div><\/div><\/div>[vc_empty_space height=\u00bb70px\u00bb][\/vc_column][\/vc_row]<\/p>\n","protected":false},"excerpt":{"rendered":"<p>[vc_row css_animation=\u00bb\u00bb row_type=\u00bbrow\u00bb use_row_as_full_screen_section=\u00bbno\u00bb type=\u00bbgrid\u00bb angled_section=\u00bbno\u00bb text_align=\u00bbleft\u00bb background_image_as_pattern=\u00bbwithout_pattern\u00bb z_index=\u00bb\u00bb][vc_column][vc_row_inner row_type=\u00bbrow\u00bb type=\u00bbfull_width\u00bb text_align=\u00bbleft\u00bb css_animation=\u00bb\u00bb][vc_column_inner][vc_column_text]El peri\u00f3dico Maestrazgo Informaci\u00f3n fue fundado en el a\u00f1o 2004 . Desde entonces informa bimensualmente de las noticias de actualidad que afectan al territorio del Maestrazgo, prestando especial&#8230;<\/p>\n","protected":false},"author":2,"featured_media":0,"parent":11,"menu_order":0,"comment_status":"closed","ping_status":"closed","template":"full_width.php","meta":{"_acf_changed":false,"footnotes":""},"class_list":["post-492","page","type-page","status-publish","hentry"],"acf":[],"_links":{"self":[{"href":"https:\/\/maestrazgo.org\/EuropeDirect\/wp-json\/wp\/v2\/pages\/492","targetHints":{"allow":["GET"]}}],"collection":[{"href":"https:\/\/maestrazgo.org\/EuropeDirect\/wp-json\/wp\/v2\/pages"}],"about":[{"href":"https:\/\/maestrazgo.org\/EuropeDirect\/wp-json\/wp\/v2\/types\/page"}],"author":[{"embeddable":true,"href":"https:\/\/maestrazgo.org\/EuropeDirect\/wp-json\/wp\/v2\/users\/2"}],"replies":[{"embeddable":true,"href":"https:\/\/maestrazgo.org\/EuropeDirect\/wp-json\/wp\/v2\/comments?post=492"}],"version-history":[{"count":5,"href":"https:\/\/maestrazgo.org\/EuropeDirect\/wp-json\/wp\/v2\/pages\/492\/revisions"}],"predecessor-version":[{"id":1145,"href":"https:\/\/maestrazgo.org\/EuropeDirect\/wp-json\/wp\/v2\/pages\/492\/revisions\/1145"}],"up":[{"embeddable":true,"href":"https:\/\/maestrazgo.org\/EuropeDirect\/wp-json\/wp\/v2\/pages\/11"}],"wp:attachment":[{"href":"https:\/\/maestrazgo.org\/EuropeDirect\/wp-json\/wp\/v2\/media?parent=492"}],"curies":[{"name":"wp","href":"https:\/\/api.w.org\/{rel}","templated":true}]}}