{"id":338,"date":"2021-09-23T09:42:59","date_gmt":"2021-09-23T09:42:59","guid":{"rendered":"http:\/\/maestrazgo.org\/EuropeDirect\/?page_id=338"},"modified":"2022-07-12T10:48:07","modified_gmt":"2022-07-12T10:48:07","slug":"servicios","status":"publish","type":"page","link":"https:\/\/maestrazgo.org\/EuropeDirect\/servicios\/","title":{"rendered":"Servicios"},"content":{"rendered":"<p>[vc_row css_animation=\u00bb\u00bb row_type=\u00bbrow\u00bb use_row_as_full_screen_section=\u00bbno\u00bb type=\u00bbfull_width\u00bb angled_section=\u00bbno\u00bb text_align=\u00bbleft\u00bb background_image_as_pattern=\u00bbwithout_pattern\u00bb][vc_column][vc_column_text]<\/p>\n<h3><strong>Europe Direct ofrece los siguientes servicios:<\/strong><\/h3>\n<p>[\/vc_column_text][vc_empty_space][qode_elements_holder number_of_columns=\u00bbthree_columns\u00bb][qode_elements_holder_item vertical_alignment=\u00bbtop\u00bb horizontal_alignment=\u00bbcenter\u00bb advanced_animations=\u00bbno\u00bb item_padding=\u00bb30px\u00bb custom_class=\u00bbborde-azul\u00bb][vc_single_image image=\u00bb350&#8243; img_size=\u00bb80&#215;80&#8243; alignment=\u00bbcenter\u00bb qode_css_animation=\u00bb\u00bb][vc_empty_space height=\u00bb15px\u00bb][vc_column_text]<\/p>\n<p style=\"text-align: center;\"><strong>COLABORACI\u00d3N Y APOYO<\/strong><\/p>\n<p style=\"text-align: center;\">Prestamos apoyo log\u00edstico a la Representaci\u00f3n de la Comisi\u00f3n Europea y del Parlamento Europeo en Espa\u00f1a, sobre todo, en campa\u00f1as de comunicaci\u00f3n.<\/p>\n<p>[\/vc_column_text][\/qode_elements_holder_item][qode_elements_holder_item vertical_alignment=\u00bbtop\u00bb horizontal_alignment=\u00bbcenter\u00bb advanced_animations=\u00bbno\u00bb background_color=\u00bb#d9e4f0&#8243; item_padding=\u00bb30px\u00bb][vc_single_image image=\u00bb352&#8243; img_size=\u00bb80&#215;80&#8243; alignment=\u00bbcenter\u00bb qode_css_animation=\u00bb\u00bb][vc_empty_space height=\u00bb15px\u00bb][vc_column_text]<\/p>\n<p style=\"text-align: center;\"><strong>FOMENTO<\/strong><\/p>\n<p style=\"text-align: center;\">Promovemos el debate local y regional sobre la Uni\u00f3n Europea y sus pol\u00edticas en el territorio.<\/p>\n<p>[\/vc_column_text][\/qode_elements_holder_item][qode_elements_holder_item vertical_alignment=\u00bbtop\u00bb horizontal_alignment=\u00bbcenter\u00bb advanced_animations=\u00bbno\u00bb item_padding=\u00bb30px\u00bb custom_class=\u00bbborde-azul\u00bb][vc_single_image image=\u00bb351&#8243; img_size=\u00bb80&#215;80&#8243; alignment=\u00bbcenter\u00bb qode_css_animation=\u00bb\u00bb][vc_empty_space height=\u00bb15px\u00bb][vc_column_text]<\/p>\n<p style=\"text-align: center;\"><strong>FORMACI\u00d3N<\/strong><\/p>\n<p style=\"text-align: center;\">Realizamos talleres, charlas, conferencias, seminarios y debates centrados en los temas prioritarios definidos por la Comisi\u00f3n Europea.<\/p>\n<p>&nbsp;<\/p>\n<p>[\/vc_column_text][\/qode_elements_holder_item][\/qode_elements_holder][qode_elements_holder number_of_columns=\u00bbthree_columns\u00bb][qode_elements_holder_item vertical_alignment=\u00bbtop\u00bb horizontal_alignment=\u00bbcenter\u00bb advanced_animations=\u00bbno\u00bb item_padding=\u00bb30px\u00bb custom_class=\u00bbborde-azul\u00bb background_color=\u00bb#d9e4f0&#8243;][vc_single_image image=\u00bb346&#8243; img_size=\u00bb80&#215;80&#8243; alignment=\u00bbcenter\u00bb qode_css_animation=\u00bb\u00bb][vc_empty_space height=\u00bb15px\u00bb][vc_column_text]<\/p>\n<p style=\"text-align: center;\"><strong>VENTANILLA \u00daNICA<\/strong><\/p>\n<p style=\"text-align: center;\">Asesoramos, asistimos y damos respuesta a las cuestiones que nos plantean los ciudadanos sobre las instituciones, legislaci\u00f3n, pol\u00edticas, programas y financiaci\u00f3n de la Uni\u00f3n Europea.<\/p>\n<p>[\/vc_column_text][\/qode_elements_holder_item][qode_elements_holder_item vertical_alignment=\u00bbtop\u00bb horizontal_alignment=\u00bbcenter\u00bb advanced_animations=\u00bbno\u00bb item_padding=\u00bb30px\u00bb custom_class=\u00bbborde-azul\u00bb][vc_single_image image=\u00bb488&#8243; img_size=\u00bb80&#215;80&#8243; alignment=\u00bbcenter\u00bb qode_css_animation=\u00bb\u00bb][vc_empty_space height=\u00bb15px\u00bb][vc_column_text]<\/p>\n<p style=\"text-align: center;\"><strong>CENTRO DE VISITANTES<\/strong><\/p>\n<p style=\"text-align: center;\">En nuestra sede f\u00edsica en Molinos disponemos de un lugar de consulta de bibliograf\u00eda relacionada con cuestiones europeas, as\u00ed como materiales did\u00e1cticos como folletos, cuadernos, libros, juegos de mesa, etc.<\/p>\n<p>[\/vc_column_text][\/qode_elements_holder_item][qode_elements_holder_item vertical_alignment=\u00bbtop\u00bb horizontal_alignment=\u00bbcenter\u00bb advanced_animations=\u00bbno\u00bb background_color=\u00bb#d9e4f0&#8243; item_padding=\u00bb30px\u00bb][vc_single_image image=\u00bb348&#8243; img_size=\u00bb80&#215;80&#8243; alignment=\u00bbcenter\u00bb qode_css_animation=\u00bb\u00bb][vc_empty_space height=\u00bb15px\u00bb][vc_column_text]<\/p>\n<p style=\"text-align: center;\"><strong>PROMOCI\u00d3N<\/strong><\/p>\n<p style=\"text-align: center;\">Promocionamos los valores de la Uni\u00f3n Europea entre la poblaci\u00f3n, especialmente en centros educativos y de formaci\u00f3n.<\/p>\n<p>[\/vc_column_text][\/qode_elements_holder_item][\/qode_elements_holder][vc_empty_space height=\u00bb50px\u00bb][\/vc_column][\/vc_row]<\/p>\n","protected":false},"excerpt":{"rendered":"<p>[vc_row css_animation=\u00bb\u00bb row_type=\u00bbrow\u00bb use_row_as_full_screen_section=\u00bbno\u00bb type=\u00bbfull_width\u00bb angled_section=\u00bbno\u00bb text_align=\u00bbleft\u00bb background_image_as_pattern=\u00bbwithout_pattern\u00bb][vc_column][vc_column_text] Europe Direct ofrece los siguientes servicios: [\/vc_column_text][vc_empty_space][qode_elements_holder number_of_columns=\u00bbthree_columns\u00bb][qode_elements_holder_item vertical_alignment=\u00bbtop\u00bb horizontal_alignment=\u00bbcenter\u00bb advanced_animations=\u00bbno\u00bb item_padding=\u00bb30px\u00bb custom_class=\u00bbborde-azul\u00bb][vc_single_image image=\u00bb350&#8243; img_size=\u00bb80&#215;80&#8243; alignment=\u00bbcenter\u00bb qode_css_animation=\u00bb\u00bb][vc_empty_space height=\u00bb15px\u00bb][vc_column_text] COLABORACI\u00d3N Y APOYO Prestamos apoyo log\u00edstico a la Representaci\u00f3n de la Comisi\u00f3n Europea y&#8230;<\/p>\n","protected":false},"author":2,"featured_media":0,"parent":0,"menu_order":0,"comment_status":"closed","ping_status":"closed","template":"","meta":{"_acf_changed":false,"footnotes":""},"class_list":["post-338","page","type-page","status-publish","hentry"],"acf":[],"_links":{"self":[{"href":"https:\/\/maestrazgo.org\/EuropeDirect\/wp-json\/wp\/v2\/pages\/338","targetHints":{"allow":["GET"]}}],"collection":[{"href":"https:\/\/maestrazgo.org\/EuropeDirect\/wp-json\/wp\/v2\/pages"}],"about":[{"href":"https:\/\/maestrazgo.org\/EuropeDirect\/wp-json\/wp\/v2\/types\/page"}],"author":[{"embeddable":true,"href":"https:\/\/maestrazgo.org\/EuropeDirect\/wp-json\/wp\/v2\/users\/2"}],"replies":[{"embeddable":true,"href":"https:\/\/maestrazgo.org\/EuropeDirect\/wp-json\/wp\/v2\/comments?post=338"}],"version-history":[{"count":46,"href":"https:\/\/maestrazgo.org\/EuropeDirect\/wp-json\/wp\/v2\/pages\/338\/revisions"}],"predecessor-version":[{"id":1130,"href":"https:\/\/maestrazgo.org\/EuropeDirect\/wp-json\/wp\/v2\/pages\/338\/revisions\/1130"}],"wp:attachment":[{"href":"https:\/\/maestrazgo.org\/EuropeDirect\/wp-json\/wp\/v2\/media?parent=338"}],"curies":[{"name":"wp","href":"https:\/\/api.w.org\/{rel}","templated":true}]}}