{"id":333,"date":"2021-09-23T09:37:06","date_gmt":"2021-09-23T09:37:06","guid":{"rendered":"http:\/\/maestrazgo.org\/EuropeDirect\/?page_id=333"},"modified":"2023-05-04T10:50:38","modified_gmt":"2023-05-04T10:50:38","slug":"newsletter","status":"publish","type":"page","link":"https:\/\/maestrazgo.org\/EuropeDirect\/publicaciones\/newsletter\/","title":{"rendered":"Newsletter"},"content":{"rendered":"<p>[vc_row css_animation=\u00bb\u00bb row_type=\u00bbrow\u00bb use_row_as_full_screen_section=\u00bbno\u00bb type=\u00bbfull_width\u00bb angled_section=\u00bbno\u00bb text_align=\u00bbleft\u00bb background_image_as_pattern=\u00bbwithout_pattern\u00bb css=\u00bb.vc_custom_1632991672451{background-color: rgba(0,77,157,0.15) !important;*background-color: rgb(0,77,157) !important;}\u00bb z_index=\u00bb\u00bb][vc_column][vc_row_inner row_type=\u00bbrow\u00bb type=\u00bbgrid\u00bb text_align=\u00bbleft\u00bb css_animation=\u00bb\u00bb css=\u00bb.vc_custom_1632991544111{padding-top: 10px !important;padding-right: 15px !important;padding-bottom: 10px !important;padding-left: 20px !important;background-color: rgba(0,77,157,0.15) !important;*background-color: rgb(0,77,157) !important;}\u00bb][vc_column_inner width=\u00bb1\/2&#8243;][vc_empty_space][vc_column_text]<\/p>\n<p style=\"text-align: justify;\">Mensualmente Europe Direct Maestrazgo emitimos un bolet\u00edn actualizado con las \u00faltimas novedades de la Uni\u00f3n Europea y nuestro centro.<\/p>\n<p style=\"text-align: justify;\">Puedes consultar aqu\u00ed todos los boletines publicados.<\/p>\n<p style=\"text-align: justify;\">Recuerda que tambi\u00e9n puedes suscribirte y recibirlo directamente en tu correo.<\/p>\n<p>[\/vc_column_text][\/vc_column_inner][vc_column_inner width=\u00bb1\/2&#8243;][vc_empty_space][vc_column_text]<div class=\"frm_forms  with_frm_style frm_style_estilos-formidable\" id=\"frm_form_4_container\" >\n<form enctype=\"multipart\/form-data\" method=\"post\" class=\"frm-show-form \" id=\"form_contact-formcb478e4fee0f49071460\" >\n<div class=\"frm_form_fields \">\n<fieldset>\n<legend class=\"frm_screen_reader\">Newsletter-full width<\/legend>\r\n\r\n<div class=\"frm_fields_container\">\n<input type=\"hidden\" name=\"frm_action\" value=\"create\" \/>\n<input type=\"hidden\" name=\"form_id\" value=\"4\" \/>\n<input type=\"hidden\" name=\"frm_hide_fields_4\" id=\"frm_hide_fields_4\" value=\"\" \/>\n<input type=\"hidden\" name=\"form_key\" value=\"contact-formcb478e4fee0f49071460\" \/>\n<input type=\"hidden\" name=\"item_meta[0]\" value=\"\" \/>\n<input type=\"hidden\" id=\"frm_submit_entry_4\" name=\"frm_submit_entry_4\" value=\"50ddb22b9e\" \/><input type=\"hidden\" name=\"_wp_http_referer\" value=\"\/EuropeDirect\/wp-json\/wp\/v2\/pages\/333\" \/><div id=\"frm_field_11_container\" class=\"frm_form_field form-field  frm_required_field frm_inside_container frm12\">\r\n    <label for=\"field_ocfup1eacf6b32d54added011e\" id=\"field_ocfup1eacf6b32d54added011e_label\" class=\"frm_primary_label\">E-MAIL\r\n        <span class=\"frm_required\" aria-hidden=\"true\">*<\/span>\r\n    <\/label>\r\n    <input type=\"text\" id=\"field_ocfup1eacf6b32d54added011e\" name=\"item_meta[11]\" value=\"\"  data-reqmsg=\"Este campo no puede estar en blanco.\" aria-required=\"true\" data-invmsg=\"Last no es v\u00e1lido\" aria-invalid=\"false\"  \/>\r\n    \r\n    \r\n<\/div>\n\t<input type=\"hidden\" name=\"item_key\" value=\"\" \/>\n\t\t\t<div id=\"frm_field_28_container\">\n\t\t\t<label for=\"field_d8lv7\" >\n\t\t\t\tSi eres humano, deja este campo en blanco.\t\t\t<\/label>\n\t\t\t<input  id=\"field_d8lv7\" type=\"text\" class=\"frm_form_field form-field frm_verify\" name=\"item_meta[28]\" value=\"\"  \/>\n\t\t<\/div>\n\t\t<input name=\"frm_state\" type=\"hidden\" value=\"VoesSJuhf1W55F2WWN0mx4pGnPuNzo\/kmcyHrJLp0xU=\" \/><div class=\"frm_submit\">\r\n\r\n<button class=\"frm_button_submit\" type=\"submit\"  >Enviar<\/button>\r\n\r\n<\/div><\/div>\n<\/fieldset>\n<\/div>\n\n<\/form>\n<\/div>\n[\/vc_column_text][\/vc_column_inner][\/vc_row_inner][vc_empty_space][\/vc_column][\/vc_row][vc_row css_animation=\u00bb\u00bb row_type=\u00bbrow\u00bb use_row_as_full_screen_section=\u00bbno\u00bb type=\u00bbgrid\u00bb angled_section=\u00bbno\u00bb text_align=\u00bbleft\u00bb background_image_as_pattern=\u00bbwithout_pattern\u00bb z_index=\u00bb\u00bb][vc_column width=\u00bb1\/3&#8243;][vc_empty_space][vc_column_text]<strong>A\u00d1O 2023<\/strong>[\/vc_column_text][vc_column_text]<strong>Europe Direct Maestrazgo<\/strong>[\/vc_column_text][vc_separator type=\u00bbnormal\u00bb color=\u00bb#104e99&#8243;][vc_column_text]<\/p>\n<ul>\n<li><a href=\"https:\/\/maestrazgo.org\/EuropeDirect\/wp-content\/uploads\/2023\/05\/04_05_23-NEWSLETTER-ABRIL.pdf\">Bolet\u00edn N\u00ba 3\/23. Abril 2023. Europe Direct Maestrazgo<\/a><\/li>\n<li><a href=\"https:\/\/maestrazgo.org\/EuropeDirect\/wp-content\/uploads\/2023\/03\/30_03_2023-03-Boletin-Marzo-2023.pdf\">Bolet\u00edn N\u00ba 2\/23. Marzo 2023. Europe Direct Maestrazgo.<\/a><\/li>\n<li><a href=\"https:\/\/maestrazgo.org\/EuropeDirect\/wp-content\/uploads\/2023\/03\/02_03_2023-02-Boletin-febrero-2023.pdf\">Bolet\u00edn N\u00ba 1\/23. Febrero 2023. Europe Direct Maestrazgo.<\/a><\/li>\n<\/ul>\n<p>[\/vc_column_text][vc_empty_space][vc_column_text]<strong>A\u00d1O 2022<\/strong>[\/vc_column_text][vc_separator type=\u00bbnormal\u00bb color=\u00bb#104e99&#8243;][vc_column_text]<\/p>\n<ul>\n<li><a href=\"https:\/\/maestrazgo.org\/EuropeDirect\/wp-content\/uploads\/2022\/12\/11.-BOLETIN-EUROPE-DIRECT-MAESTRAZGO-Noviembre-11_22.pdf\">Bolet\u00edn N\u00ba11\/22. Noviembre 2022. Europe Direct CAIRE Maestrazgo<\/a><\/li>\n<li><a href=\"https:\/\/maestrazgo.org\/EuropeDirect\/wp-content\/uploads\/2022\/09\/2022-09-29-Newsletter-Septiembre.pdf\">Bolet\u00edn N\u00ba10\/22. Octubre 2022. Europe Direct CAIRE Maestrazgo<\/a><\/li>\n<li><a href=\"https:\/\/maestrazgo.org\/EuropeDirect\/wp-content\/uploads\/2022\/12\/10.-BOLETIN-EUROPE-DIRECT-MAESTRAZGO-Octubre-10_22.pdf\">Bolet\u00edn N\u00ba9\/22. Septiembre 2022. Europe Direct CAIRE Maestrazgo<\/a><\/li>\n<li><a href=\"https:\/\/maestrazgo.org\/EuropeDirect\/wp-content\/uploads\/2022\/09\/8.-BOLETIN-EUROPE-DIRECT-MAESTRAZGO-Agosto-8_22.pdf\">Bolet\u00edn N\u00ba8\/22. Agosto 2022. Europe Direct CAIRE Maestrazgo<\/a><\/li>\n<li><a href=\"https:\/\/maestrazgo.org\/EuropeDirect\/wp-content\/uploads\/2022\/07\/7.-BOLETIN-EUROPE-DIRECT-MAESTRAZGO-Julio-7_22.pdf\">Bolet\u00edn N\u00ba7\/22. Julio 2022. Europe Direct CAIRE Maestrazgo<\/a><\/li>\n<li><a href=\"https:\/\/maestrazgo.org\/EuropeDirect\/wp-content\/uploads\/2022\/07\/6.-BOLETIN-EUROPE-DIRECT-MAESTRAZGO-Junio-6_22-1.pdf\">Bolet\u00edn N\u00ba6\/22. Junio 2022. Europe Direct CAIRE Maestrazgo<\/a><\/li>\n<li><a href=\"https:\/\/maestrazgo.org\/EuropeDirect\/wp-content\/uploads\/2022\/05\/BOLETIN-EUROPE-DIRECT-MAESTRAZGO-Mayo-5_22-1.pdf\">Bolet\u00edn N\u00ba 5\/22. Mayo 2022. Europe Direct CAIRE Maestrazgo<\/a><\/li>\n<li><a href=\"https:\/\/maestrazgo.org\/EuropeDirect\/wp-content\/uploads\/2022\/05\/BOLETIN-EUROPE-DIRECT-MAESTRAZGO-Abril-4_22.pdf\">Bolet\u00edn N\u00ba 4\/22. Abril 2022.\u00a0 Europe Direct CAIRE Maestrazgo<\/a><\/li>\n<li><a href=\"https:\/\/maestrazgo.org\/EuropeDirect\/wp-content\/uploads\/2022\/04\/BOLETIN-EUROPE-DIRECT-MAESTRAZGO-Marzo-3_22.pdf\">Bolet\u00edn N\u00ba 3\/22. Marzo 2022. Europe Direct CAIRE Maestrazgo<\/a><\/li>\n<li><a href=\"https:\/\/maestrazgo.org\/EuropeDirect\/wp-content\/uploads\/2022\/04\/BOLETIN-EUROPE-DIRECT-MAESTRAZGO-Febrero-2_22.pdf\">Bolet\u00edn N\u00ba 2\/22. Febrero 2022. Europe Direct CAIRE Maestrazgo<\/a><\/li>\n<li><a href=\"https:\/\/maestrazgo.org\/EuropeDirect\/wp-content\/uploads\/2022\/04\/BOLETIN-EUROPE-DIRECT-MAESTRAZGO-Enero-1_22.pdf\">Bolet\u00edn N\u00ba 1\/22. Enero 2022. Europe Direct CAIRE Maestrazgo<\/a><\/li>\n<\/ul>\n<p>[\/vc_column_text][vc_row_inner row_type=\u00bbrow\u00bb type=\u00bbfull_width\u00bb text_align=\u00bbleft\u00bb css_animation=\u00bb\u00bb][vc_column_inner width=\u00bb1\/2&#8243;][vc_column_text]<strong>A\u00d1O 2021<\/strong>[\/vc_column_text][vc_separator type=\u00bbnormal\u00bb color=\u00bb#104e99&#8243;][vc_column_text]<\/p>\n<ul>\n<li><a href=\"https:\/\/maestrazgo.org\/EuropeDirect\/wp-content\/uploads\/2021\/01\/BOLET%C3%8DN-EUROPE-DIRECT-MAESTRAZGO-Enero-1_21.pdf\" target=\"_blank\" rel=\"noreferrer noopener\" aria-label=\"Bolet\u00edn N\u00ba1\/21. Enero 2021. Europe Direct CAIRE Maestrazgo (abre en una nueva pesta\u00f1a)\">Bolet\u00edn N\u00ba 1\/21. Enero 2021. Europe Direct CAIRE Maestrazgo<\/a><\/li>\n<li><a href=\"https:\/\/maestrazgo.org\/EuropeDirect\/wp-content\/uploads\/2021\/03\/BOLET%C3%8DN-EUROPE-DIRECT-MAESTRAZGO-Febrero-2_21.pdf\" target=\"_blank\" rel=\"noreferrer noopener\" aria-label=\"Bolet\u00edn N\u00ba 2\/21. Febrero 2021. Europe Direct CAIRE Maestrazgo (abre en una nueva pesta\u00f1a)\">Bolet\u00edn N\u00ba 2\/21. Febrero 2021. Europe Direct CAIRE Maestrazgo<\/a><\/li>\n<li><a href=\"https:\/\/maestrazgo.org\/EuropeDirect\/wp-content\/uploads\/2021\/03\/BOLET%C3%8DN-EUROPE-DIRECT-MAESTRAZGO-Marzo-3_21.pdf\" target=\"_blank\" rel=\"noreferrer noopener\" aria-label=\"Bolet\u00edn N\u00ba 3\/21. Marzo 2021. Europe Direct CAIRE Maestrazgo (abre en una nueva pesta\u00f1a)\">Bolet\u00edn N\u00ba 3\/21. Marzo 2021. Europe Direct CAIRE Maestrazgo<\/a><\/li>\n<\/ul>\n<p>[\/vc_column_text][\/vc_column_inner][vc_column_inner width=\u00bb1\/2&#8243;][\/vc_column_inner][\/vc_row_inner][vc_empty_space][vc_row_inner row_type=\u00bbrow\u00bb type=\u00bbgrid\u00bb text_align=\u00bbleft\u00bb css_animation=\u00bb\u00bb][vc_column_inner][vc_column_text]<strong>A\u00d1O 2020<\/strong>[\/vc_column_text][vc_separator type=\u00bbnormal\u00bb color=\u00bb#104e99&#8243;][\/vc_column_inner][\/vc_row_inner][vc_row_inner row_type=\u00bbrow\u00bb type=\u00bbgrid\u00bb text_align=\u00bbleft\u00bb css_animation=\u00bb\u00bb][vc_column_inner width=\u00bb1\/2&#8243;][vc_column_text]<\/p>\n<ul>\n<li><a href=\"https:\/\/maestrazgo.org\/EuropeDirect\/wp-content\/uploads\/2020\/01\/BOLET%C3%8DN-1-ENERO-EUROPE-DIRECT-MAESTRAZGO.pdf\" target=\"_blank\" rel=\"noreferrer noopener\" aria-label=\"Bolet\u00edn N\u00ba 1. Enero 2020. Europe Direct Maestrazgo (abre en una nueva pesta\u00f1a)\">Bolet\u00edn N\u00ba 1. Enero 2020. Europe Direct CAIRE Maestrazgo<\/a><\/li>\n<li><a href=\"https:\/\/maestrazgo.org\/EuropeDirect\/wp-content\/uploads\/2020\/02\/BOLET%C3%8DN-EUROPE-DIRECT-MAESTRAZGO-1.pdf\" target=\"_blank\" rel=\"noreferrer noopener\" aria-label=\"Bolet\u00edn N\u00ba 2. Febrero 2020. Europe Direct Maestrazgo (abre en una nueva pesta\u00f1a)\">Bolet\u00edn N\u00ba 2. Febrero 2020. Europe Direct CAIRE Maestrazgo<\/a><\/li>\n<li><a href=\"https:\/\/maestrazgo.org\/EuropeDirect\/wp-content\/uploads\/2020\/04\/BOLET%C3%8DN-EUROPE-DIRECT-MAESTRAZGO-3-1.pdf\" target=\"_blank\" rel=\"noreferrer noopener\" aria-label=\"Bolet\u00edn N\u00ba3. Marzo 2020. Europe Direct Maestrazgo (abre en una nueva pesta\u00f1a)\">Bolet\u00edn N\u00ba 3. Marzo 2020. Europe Direct CAIRE Maestrazgo<\/a><\/li>\n<li><a href=\"https:\/\/maestrazgo.org\/EuropeDirect\/wp-content\/uploads\/2020\/04\/BOLET%C3%8DN-EUROPE-DIRECT-MAESTRAZGO-1.pdf\" target=\"_blank\" rel=\"noreferrer noopener\" aria-label=\"Bolet\u00edn N\u00ba4. Abril 2020. Europe Direct Maestrazgo. (abre en una nueva pesta\u00f1a)\">Bolet\u00edn N\u00ba 4. Abril 2020. Europe Direct CAIRE Maestrazgo.<\/a><\/li>\n<li><a href=\"https:\/\/maestrazgo.org\/EuropeDirect\/wp-content\/uploads\/2020\/05\/BOLET%C3%8DN-EUROPE-DIRECT-MAESTRAZGO-ESPECIAL-COVID19.pdf\" target=\"_blank\" rel=\"noreferrer noopener\" aria-label=\"Bolet\u00edn N\u00ba 5. Especial COVID-19. Europe Direct CAIRE Maestrazgo (abre en una nueva pesta\u00f1a)\">Bolet\u00edn N\u00ba 5. Especial COVID-19. Europe Direct CAIRE Maestrazgo<\/a><\/li>\n<li><a href=\"https:\/\/maestrazgo.org\/EuropeDirect\/wp-content\/uploads\/2020\/05\/BOLET%C3%8DN-EUROPE-DIRECT-MAESTRAZGO-MAYO-2020.pdf\" target=\"_blank\" rel=\"noreferrer noopener\" aria-label=\"Bolet\u00edn N\u00ba 6. Mayo 2020. Europe Direct CAIRE Maestrazgo (abre en una nueva pesta\u00f1a)\">Bolet\u00edn N\u00ba 6. Mayo 2020. Europe Direct CAIRE Maestrazgo<\/a><\/li>\n<li><a href=\"https:\/\/maestrazgo.org\/EuropeDirect\/wp-content\/uploads\/2020\/06\/BOLET%C3%8DN-EUROPE-DIRECT-MAESTRAZGO-ESPECIAL-PACTO-VERDE-EUROPEO.pdf\" target=\"_blank\" rel=\"noreferrer noopener\" aria-label=\"Bolet\u00edn N\u00ba 7. Especial PACTO VERDE EUROPEO. Europe Direct CAIRE Maestrazgo (abre en una nueva pesta\u00f1a)\">Bolet\u00edn N\u00ba 7. Especial PACTO VERDE EUROPEO. Europe Direct CAIRE Maestrazgo<\/a><\/li>\n<\/ul>\n<p>[\/vc_column_text][\/vc_column_inner][vc_column_inner width=\u00bb1\/2&#8243;][vc_column_text]<\/p>\n<ul>\n<li><a href=\"https:\/\/maestrazgo.org\/EuropeDirect\/wp-content\/uploads\/2020\/06\/BOLET%C3%8DN-EUROPE-DIRECT-MAESTRAZGO-JUNIO-2020.pdf\" target=\"_blank\" rel=\"noreferrer noopener\" aria-label=\"Bolet\u00edn N\u00ba 8. Junio 2020. Europe Direct CAIRE Maestrazgo. (abre en una nueva pesta\u00f1a)\">Bolet\u00edn N\u00ba 8. Junio 2020. Europe Direct CAIRE Maestrazgo.<\/a><\/li>\n<li><a href=\"https:\/\/maestrazgo.org\/EuropeDirect\/wp-content\/uploads\/2020\/07\/BOLET%C3%8DN-EUROPE-DIRECT-MAESTRAZGO-JULIO-2020.pdf\" target=\"_blank\" rel=\"noreferrer noopener\" aria-label=\"Bolet\u00edn N\u00ba 9. Julio 2020. Europe Direct CAIRE Maestrazgo. (abre en una nueva pesta\u00f1a)\">Bolet\u00edn N\u00ba 9. Julio 2020. Europe Direct CAIRE Maestrazgo.<\/a><\/li>\n<li><a href=\"https:\/\/maestrazgo.org\/EuropeDirect\/wp-content\/uploads\/2020\/08\/BOLET%C3%8DN-EUROPE-DIRECT-MAESTRAZGO-AGOSTO-2020.pdf\" target=\"_blank\" rel=\"noreferrer noopener\" aria-label=\"Bolet\u00edn N\u00ba 10. Agosto 2020. Europe Direct CAIRE Maestrazgo. (abre en una nueva pesta\u00f1a)\">Bolet\u00edn N\u00ba 10. Agosto 2020. Europe Direct CAIRE Maestrazgo.<\/a><\/li>\n<li><a href=\"https:\/\/maestrazgo.org\/EuropeDirect\/wp-content\/uploads\/2020\/10\/BOLET%C3%8DN-EUROPE-DIRECT-MAESTRAZGO-SEPTIEMBRE-2020.pdf\" target=\"_blank\" rel=\"noreferrer noopener\" aria-label=\"Bolet\u00edn N\u00ba 11. Septiembre 2020. Europe Direct CAIRE Maestrazgo (abre en una nueva pesta\u00f1a)\">Bolet\u00edn N\u00ba 11. Septiembre 2020. Europe Direct CAIRE Maestrazgo<\/a><\/li>\n<li><a href=\"https:\/\/maestrazgo.org\/EuropeDirect\/wp-content\/uploads\/2020\/10\/BOLET%C3%8DN-EUROPE-DIRECT-MAESTRAZGO-OCTUBRE-2020.pdf\" target=\"_blank\" rel=\"noreferrer noopener\" aria-label=\"Bolet\u00edn N\u00ba 12. Octubre 2020. Europe Direct CAIRE Maestrazgo. (abre en una nueva pesta\u00f1a)\">Bolet\u00edn N\u00ba 12. Octubre 2020. Europe Direct CAIRE Maestrazgo.<\/a><\/li>\n<li><a href=\"https:\/\/maestrazgo.org\/EuropeDirect\/wp-content\/uploads\/2020\/11\/BOLET%C3%8DN-EUROPE-DIRECT-MAESTRAZGO-NOVIEMBRE-2020.pdf\" target=\"_blank\" rel=\"noreferrer noopener\" aria-label=\"Bolet\u00edn N\u00ba 13. Noviembre 2020. Europe Direct CAIRE Maestrazgo (abre en una nueva pesta\u00f1a)\">Bolet\u00edn N\u00ba 13. Noviembre 2020. Europe Direct CAIRE Maestrazgo<\/a><\/li>\n<li><a href=\"https:\/\/maestrazgo.org\/EuropeDirect\/wp-content\/uploads\/2020\/12\/BOLET%C3%8DN-EUROPE-DIRECT-MAESTRAZGO-Diciembre-2020.pdf\" target=\"_blank\" rel=\"noreferrer noopener\" aria-label=\"Bolet\u00edn N\u00ba 14. Diciembre 2020. Europe Direct CAIRE Maestrazgo (abre en una nueva pesta\u00f1a)\">Bolet\u00edn N\u00ba 14. Diciembre 2020. Europe Direct CAIRE Maestrazgo<\/a><\/li>\n<\/ul>\n<p>[\/vc_column_text][\/vc_column_inner][\/vc_row_inner][vc_empty_space][\/vc_column][vc_column width=\u00bb1\/3&#8243;][vc_empty_space][vc_empty_space][vc_column_text]<strong>\u00a0EuroDesk<\/strong>[\/vc_column_text][vc_separator type=\u00bbnormal\u00bb color=\u00bb#104e99&#8243;][vc_column_text]<\/p>\n<ul>\n<li><a href=\"https:\/\/injuve.acblnk.com\/show\/2133662\/xmSatSz2GSZaLwyx5Lkfxy95j6cmmPBAFRXolzQLqqots\/c7c6ac8bd6e83d1b72348767e4552e79\/\">EuroDesk Spain. Mayo 202<\/a>3<\/li>\n<li><a href=\"https:\/\/injuve.acblnk.com\/show\/2100804\/xmSatSz2GSZaLwyx5Lkfxy95j6cmmPBAFRXolzQLqqots\/d7219e9eb50fb8813f750902cb1ab3d1\/\">EuroDesk Spain. Abril 2023<\/a><\/li>\n<li><a href=\"https:\/\/injuve.acblnk.com\/show\/2047731\/pUrNXkm4Q480xA8btjhzOH6NjJfYXaZ9ovW89wOuIdLLYHItoF0sQJ3a0DHP\/712b687879a0ee86fd59bf6f85275c93\/\">EuroDesk Spain. Marzo 2023<\/a><\/li>\n<\/ul>\n<p>[\/vc_column_text][vc_empty_space][\/vc_column][vc_column width=\u00bb1\/3&#8243;][vc_empty_space][vc_empty_space][vc_column_text]<strong>Ofertas profesionales en la UE<\/strong>[\/vc_column_text][vc_separator type=\u00bbnormal\u00bb color=\u00bb#104e99&#8243;][vc_column_text]<\/p>\n<ul>\n<li><a href=\"https:\/\/www.exteriores.gob.es\/es\/ServiciosAlCiudadano\/OportunidadesEnOrganizacionesInternacionales\/Documents\/Bolet%c3%adn%20Profesionales%20UE%2010-2023%20%2830-03-23%29.pdf\">Bolet\u00edn 10\/2023 &#8211; 30 de Marzo<\/a><\/li>\n<li><a href=\"https:\/\/www.exteriores.gob.es\/es\/ServiciosAlCiudadano\/OportunidadesEnOrganizacionesInternacionales\/Documents\/Bolet%c3%adn%20Profesionales%20UE%209-2023%20%2823-03-2023%29.pdf\">Bolet\u00edn 9\/2023 &#8211; 23 de Marzo<\/a><\/li>\n<li><a href=\"https:\/\/www.aragon.es\/documents\/20127\/6366771\/Bolet%C3%ADn+Profesionales+UE+8-2023.pdf\/af022f8c-67f4-84f5-df63-36110b667f84?t=1678964901614\">Bolet\u00edn 8\/2023- 16 de Marzo<\/a><\/li>\n<li><a href=\"https:\/\/www.exteriores.gob.es\/es\/ServiciosAlCiudadano\/OportunidadesEnOrganizacionesInternacionales\/Documents\/Bolet%c3%adn%20Profesionales%20UE%207-2023%20%2802-03-2023%29.pdf\">Bolet\u00edn 7\/2023- 02 de Marzo<\/a><\/li>\n<li><a href=\"https:\/\/www.exteriores.gob.es\/es\/ServiciosAlCiudadano\/OportunidadesEnOrganizacionesInternacionales\/Documents\/Bolet%c3%adn%20Profesionales%20UE%206-2023%20%2823-02-2023%29.pdf\">Bolet\u00edn 6\/2023-23 de Febrero<\/a><\/li>\n<li><a href=\"https:\/\/www.exteriores.gob.es\/es\/ServiciosAlCiudadano\/OportunidadesEnOrganizacionesInternacionales\/Documents\/Bolet%c3%adn%20Profesionales%20UE%205-2023%20%2816-02-2023%29.pdf\">Bolet\u00edn 5\/2023- 16 de Febrero<\/a><\/li>\n<\/ul>\n<p>[\/vc_column_text][vc_empty_space][\/vc_column][\/vc_row]<\/p>\n","protected":false},"excerpt":{"rendered":"<p>[vc_row css_animation=\u00bb\u00bb row_type=\u00bbrow\u00bb use_row_as_full_screen_section=\u00bbno\u00bb type=\u00bbfull_width\u00bb angled_section=\u00bbno\u00bb text_align=\u00bbleft\u00bb background_image_as_pattern=\u00bbwithout_pattern\u00bb css=\u00bb.vc_custom_1632991672451{background-color: rgba(0,77,157,0.15) !important;*background-color: rgb(0,77,157) !important;}\u00bb z_index=\u00bb\u00bb][vc_column][vc_row_inner row_type=\u00bbrow\u00bb type=\u00bbgrid\u00bb text_align=\u00bbleft\u00bb css_animation=\u00bb\u00bb css=\u00bb.vc_custom_1632991544111{padding-top: 10px !important;padding-right: 15px !important;padding-bottom: 10px !important;padding-left: 20px !important;background-color: rgba(0,77,157,0.15) !important;*background-color: rgb(0,77,157) !important;}\u00bb][vc_column_inner width=\u00bb1\/2&#8243;][vc_empty_space][vc_column_text] Mensualmente Europe Direct Maestrazgo emitimos un bolet\u00edn actualizado&#8230;<\/p>\n","protected":false},"author":2,"featured_media":0,"parent":11,"menu_order":0,"comment_status":"closed","ping_status":"closed","template":"full_width.php","meta":{"_acf_changed":false,"footnotes":""},"class_list":["post-333","page","type-page","status-publish","hentry"],"acf":[],"_links":{"self":[{"href":"https:\/\/maestrazgo.org\/EuropeDirect\/wp-json\/wp\/v2\/pages\/333","targetHints":{"allow":["GET"]}}],"collection":[{"href":"https:\/\/maestrazgo.org\/EuropeDirect\/wp-json\/wp\/v2\/pages"}],"about":[{"href":"https:\/\/maestrazgo.org\/EuropeDirect\/wp-json\/wp\/v2\/types\/page"}],"author":[{"embeddable":true,"href":"https:\/\/maestrazgo.org\/EuropeDirect\/wp-json\/wp\/v2\/users\/2"}],"replies":[{"embeddable":true,"href":"https:\/\/maestrazgo.org\/EuropeDirect\/wp-json\/wp\/v2\/comments?post=333"}],"version-history":[{"count":43,"href":"https:\/\/maestrazgo.org\/EuropeDirect\/wp-json\/wp\/v2\/pages\/333\/revisions"}],"predecessor-version":[{"id":1509,"href":"https:\/\/maestrazgo.org\/EuropeDirect\/wp-json\/wp\/v2\/pages\/333\/revisions\/1509"}],"up":[{"embeddable":true,"href":"https:\/\/maestrazgo.org\/EuropeDirect\/wp-json\/wp\/v2\/pages\/11"}],"wp:attachment":[{"href":"https:\/\/maestrazgo.org\/EuropeDirect\/wp-json\/wp\/v2\/media?parent=333"}],"curies":[{"name":"wp","href":"https:\/\/api.w.org\/{rel}","templated":true}]}}