{"id":3,"date":"2021-08-09T12:44:16","date_gmt":"2021-08-09T12:44:16","guid":{"rendered":"http:\/\/maestrazgo.org\/EuropeDirect\/?page_id=3"},"modified":"2022-07-25T09:15:41","modified_gmt":"2022-07-25T09:15:41","slug":"politica-de-privacidad","status":"publish","type":"page","link":"https:\/\/maestrazgo.org\/EuropeDirect\/politica-de-privacidad\/","title":{"rendered":"Pol\u00edtica de privacidad"},"content":{"rendered":"<p>[vc_row css_animation=\u00bb\u00bb row_type=\u00bbrow\u00bb use_row_as_full_screen_section=\u00bbno\u00bb type=\u00bbfull_width\u00bb angled_section=\u00bbno\u00bb text_align=\u00bbleft\u00bb background_image_as_pattern=\u00bbwithout_pattern\u00bb][vc_column][vc_empty_space height=\u00bb50px\u00bb][vc_column_text]<\/p>\n<p style=\"text-align: justify;\">Asociaci\u00f3n para el Desarrollo del Maestrazgo informa a los usuarios de que los Datos de Car\u00e1cter personal que recoge (por diferentes medios tales como: Encuestas al interesado, formularios de petici\u00f3n de informaci\u00f3n, chats online y fuentes accesibles al p\u00fablico) son objeto de tratamiento automatizado y se incorporan en el Registro de actividades de tratamiento correspondientes.<\/p>\n<p style=\"text-align: justify;\">La recogida y tratamiento automatizado de los Datos de Car\u00e1cter Personal tiene como finalidad el cumplimiento de las obligaciones legales y de la relaci\u00f3n contractual que en su caso se establezca con Asociaci\u00f3n para el Desarrollo del Maestrazgo, as\u00ed como facilitarle informaci\u00f3n sobre los productos o servicios sobre los que usted lo solicite, siendo la base jur\u00eddica de dichos tratamiento el consentimiento expreso o la firma y ejecuci\u00f3n del contrato o medidas precontractuales. El desempe\u00f1o de las tareas de informaci\u00f3n, formaci\u00f3n, comercializaci\u00f3n (tarea esta \u00faltima siempre identificada como tal) y otras actividades propias, se realizar\u00e1 previo consentimiento y aceptaci\u00f3n por su parte.<\/p>\n<p style=\"text-align: justify;\">Los datos de clientes se conservar\u00e1n mientras dure la relaci\u00f3n contractual y posteriormente durante los plazos exigidos para el cumplimiento de obligaciones legales. Los datos de preclientes o antiguos clientes para la realizaci\u00f3n de acciones promocionales, se conservar\u00e1n durante 4 a\u00f1os, sin perjuicio de la conservaci\u00f3n que resultase necesaria para la formulaci\u00f3n de reclamaciones judiciales o extrajudiciales y\/o siempre que lo permita u obligue la legislaci\u00f3n.<\/p>\n<p style=\"text-align: justify;\">Del mismo modo, se podr\u00e1n ceder sus datos a las entidades p\u00fablicas con las exista una obligaci\u00f3n legal (Agencia Tributaria, juzgados y tribunales\u2026).<\/p>\n<p style=\"text-align: justify;\">En aquellos casos en que Asociaci\u00f3n para el Desarrollo del Maestrazgo, figure como Encargado del Tratamiento asume las obligaciones establecidas en el RGPD al efecto, y manifiesta que \u00fanicamente tratar\u00e1 los datos conforme a las instrucciones del responsable de tratamiento y que no los aplicar\u00e1 o utilizar\u00e1 con fines distintos a los que figuren en el contrato celebrado al efecto.<\/p>\n<p style=\"text-align: justify;\">Asimismo, Asociaci\u00f3n para el Desarrollo del Maestrazgo, informa que, en caso de que as\u00ed se haya autorizado de forma expresa, podr\u00e1 utilizar las direcciones de correo electr\u00f3nico facilitadas por usted y sus n\u00fameros de tel\u00e9fono, para mantenerle informado de sus novedades comerciales y sus distintas ofertas promocionales. Si, en cualquier momento, usted se opone a recibir comunicaciones comerciales, escribamos a la direcci\u00f3n de correo electr\u00f3nico caire@maestrazgo.org indicando Baja RGPD en el asunto. El consentimiento se podr\u00e1 revocar en cualquier momento.<\/p>\n<p style=\"text-align: justify;\">Informamos que tiene derecho a acceder a sus datos personales, rectificar los datos inexactos, solicitar su supresi\u00f3n, limitar alguno de los tratamientos u oponerse a alg\u00fan uso (por ej. oponerse con posterioridad a la firma de este contrato al env\u00edo de publicidad), v\u00eda e-mail, personalmente o mediante correo postal, en la direcci\u00f3n:<\/p>\n<p style=\"text-align: justify;\">C\/ Pueyo,33 , 44556, Molinos, Teruel.<\/p>\n<p style=\"text-align: justify;\">Tambi\u00e9n puede ejercitar estos derechos en los t\u00e9rminos que la normativa aplicable establece y que pueden consultar en www.agpd.es<\/p>\n<p style=\"text-align: justify;\">El usuario del Sitio ser\u00e1 el \u00fanico responsable de la veracidad y exactitud de los datos aportados, actuando el propietario de la web de buena fe como mero prestador del servicio. En caso de haber facilitado datos falsos o de terceras personas sin mediar su consentimiento para ello, el propietario de la web se reserva el derecho a la destrucci\u00f3n inmediata de los citados datos a fin de proteger el derecho del titular o titulares de los mismos.<\/p>\n<p style=\"text-align: justify;\">Asociaci\u00f3n para el Desarrollo del Maestrazgo se compromete al cumplimiento de su obligaci\u00f3n de secreto de los datos de car\u00e1cter personal y de su deber de guardarlos y adoptar\u00e1 todas las medidas de \u00edndole t\u00e9cnica y organizativa para garantizar la seguridad de los datos de car\u00e1cter personal y evitar su alteraci\u00f3n, p\u00e9rdida, tratamiento o acceso no autorizado, habida cuenta del estado de la tecnolog\u00eda, la naturaleza de los datos almacenados y los riesgos a que est\u00e9n expuestos.<\/p>\n<p style=\"text-align: justify;\">El sitio Web dispone de las medidas de seguridad de la informaci\u00f3n generalmente utilizadas para evitar el acceso no autorizado a los datos personales.<\/p>\n<p style=\"text-align: justify;\">Por favor, lea detenidamente esta declaraci\u00f3n de privacidad antes de usar este Sitio, conocer\u00e1 la forma en que procesaremos sus datos personales y usamos las cookies. El uso de este Sitio implica la aceptaci\u00f3n de nuestra pol\u00edtica de privacidad. En caso contrario no use este Sitio.<\/p>\n<p style=\"text-align: justify;\">Cambios en nuestra Pol\u00edtica de Privacidad<\/p>\n<p style=\"text-align: justify;\">Cualquier cambio que en el futuro podamos introducir en nuestra pol\u00edtica de privacidad ser\u00e1 comunicado en esta p\u00e1gina. De este modo, podr\u00e1 comprobar regularmente las actualizaciones o cambios en nuestra pol\u00edtica de privacidad.<\/p>\n<p style=\"text-align: justify;\">Modos de contacto y datos del Responsable<\/p>\n<p style=\"text-align: justify;\">Responsable: Asociaci\u00f3n para el Desarrollo del Maestrazgo \u2013 CIF: G44189033<\/p>\n<p style=\"text-align: justify;\">Tel\u00e9fono de contacto: (+34) 978849709 \u2013 Correo electr\u00f3nico: caire@maestrazgo.org<\/p>\n<p style=\"text-align: justify;\">Direcci\u00f3n postal: C\/ Pueyo,33 , 44556, Molinos, Teruel.<\/p>\n<p style=\"text-align: justify;\">Tambi\u00e9n puede contactar con nosotros para acceder a cualquier informaci\u00f3n personal que hayamos recogido a trav\u00e9s de este Sitio o para ejercer su derecho de rectificaci\u00f3n, bloqueo o anulaci\u00f3n de esta informaci\u00f3n.<\/p>\n<p style=\"text-align: justify;\">Consulte nuestro Aviso Legal para conocer todos los datos referentes al propietario de la Web.<\/p>\n<p style=\"text-align: justify;\">La Web realiza todos los esfuerzos razonables para asegurar que el contenido del Sitio es preciso y vigente.<\/p>\n<p>[\/vc_column_text][vc_empty_space height=\u00bb50px\u00bb][\/vc_column][\/vc_row]<\/p>\n","protected":false},"excerpt":{"rendered":"<p>[vc_row css_animation=\u00bb\u00bb row_type=\u00bbrow\u00bb use_row_as_full_screen_section=\u00bbno\u00bb type=\u00bbfull_width\u00bb angled_section=\u00bbno\u00bb text_align=\u00bbleft\u00bb background_image_as_pattern=\u00bbwithout_pattern\u00bb][vc_column][vc_empty_space height=\u00bb50px\u00bb][vc_column_text] Asociaci\u00f3n para el Desarrollo del Maestrazgo informa a los usuarios de que los Datos de Car\u00e1cter personal que recoge (por diferentes medios tales como: Encuestas al interesado, formularios de petici\u00f3n de&#8230;<\/p>\n","protected":false},"author":2,"featured_media":0,"parent":0,"menu_order":0,"comment_status":"closed","ping_status":"closed","template":"","meta":{"_acf_changed":false,"footnotes":""},"class_list":["post-3","page","type-page","status-publish","hentry"],"acf":[],"_links":{"self":[{"href":"https:\/\/maestrazgo.org\/EuropeDirect\/wp-json\/wp\/v2\/pages\/3","targetHints":{"allow":["GET"]}}],"collection":[{"href":"https:\/\/maestrazgo.org\/EuropeDirect\/wp-json\/wp\/v2\/pages"}],"about":[{"href":"https:\/\/maestrazgo.org\/EuropeDirect\/wp-json\/wp\/v2\/types\/page"}],"author":[{"embeddable":true,"href":"https:\/\/maestrazgo.org\/EuropeDirect\/wp-json\/wp\/v2\/users\/2"}],"replies":[{"embeddable":true,"href":"https:\/\/maestrazgo.org\/EuropeDirect\/wp-json\/wp\/v2\/comments?post=3"}],"version-history":[{"count":3,"href":"https:\/\/maestrazgo.org\/EuropeDirect\/wp-json\/wp\/v2\/pages\/3\/revisions"}],"predecessor-version":[{"id":1152,"href":"https:\/\/maestrazgo.org\/EuropeDirect\/wp-json\/wp\/v2\/pages\/3\/revisions\/1152"}],"wp:attachment":[{"href":"https:\/\/maestrazgo.org\/EuropeDirect\/wp-json\/wp\/v2\/media?parent=3"}],"curies":[{"name":"wp","href":"https:\/\/api.w.org\/{rel}","templated":true}]}}