{"id":17,"date":"2021-08-10T10:23:14","date_gmt":"2021-08-10T10:23:14","guid":{"rendered":"http:\/\/maestrazgo.org\/EuropeDirect\/?page_id=17"},"modified":"2021-12-03T08:44:03","modified_gmt":"2021-12-03T08:44:03","slug":"contacto","status":"publish","type":"page","link":"https:\/\/maestrazgo.org\/EuropeDirect\/contacto\/","title":{"rendered":"Contacto"},"content":{"rendered":"<p>[vc_row css_animation=\u00bb\u00bb row_type=\u00bbrow\u00bb use_row_as_full_screen_section=\u00bbno\u00bb type=\u00bbfull_width\u00bb angled_section=\u00bbno\u00bb text_align=\u00bbleft\u00bb background_image_as_pattern=\u00bbwithout_pattern\u00bb][vc_column][vc_row_inner row_type=\u00bbrow\u00bb type=\u00bbgrid\u00bb text_align=\u00bbleft\u00bb css_animation=\u00bb\u00bb][vc_column_inner][vc_empty_space height=\u00bb50px\u00bb][vc_column_text]El sitio web pertenece a la Asociaci\u00f3n para el Desarrollo del Maestrazgo, que es la estructura de acogida de Europe Direct CAIRE, centro que forma parte de la red Europe Direct financiada por la Comisi\u00f3n Europea a trav\u00e9s de su representaci\u00f3n en Espa\u00f1a.[\/vc_column_text][vc_empty_space][\/vc_column_inner][\/vc_row_inner][vc_row_inner row_type=\u00bbrow\u00bb type=\u00bbgrid\u00bb text_align=\u00bbleft\u00bb css_animation=\u00bb\u00bb][vc_column_inner width=\u00bb1\/4&#8243;]<span data-type=\"square\"   class=\"qode_icon_shortcode fa-stack q_font_awsome_icon_square fa-3x pull-center \" style=\"background-color: #104e99;border: 0; \"><a   itemprop=\"url\" href=\"https:\/\/goo.gl\/maps\/3Sg83X18ZbPBqE2u6\" target=\"_blank\"><i class=\"qode_icon_font_awesome fa fa-map-marker qode_icon_element\" style=\"color: #ffffff;\" ><\/i><\/a><\/span>[vc_empty_space height=\u00bb15px\u00bb][vc_column_text]<\/p>\n<p style=\"text-align: center;\"><a href=\"https:\/\/goo.gl\/maps\/3Sg83X18ZbPBqE2u6\">C\/ Pueyo, 33\u00a0\u00a0E 44556\u00a0MOLINOS (TERUEL)<\/a><\/p>\n<p>[\/vc_column_text][\/vc_column_inner][vc_column_inner width=\u00bb1\/4&#8243;]<span data-type=\"square\"   class=\"qode_icon_shortcode fa-stack q_font_awsome_icon_square fa-3x pull-center \" style=\"background-color: #104e99;border: 0; \"><a   itemprop=\"url\" href=\"tel:+34608228548\" target=\"_blank\"><i class=\"qode_icon_font_awesome fa fa-phone qode_icon_element\" style=\"color: #ffffff;\" ><\/i><\/a><\/span>[vc_empty_space height=\u00bb15px\u00bb][vc_column_text]<\/p>\n<p style=\"text-align: center;\"><a href=\"tel:34608228548\">+34\u00a0608 228 548<\/a><\/p>\n<p>[\/vc_column_text][\/vc_column_inner][vc_column_inner width=\u00bb1\/4&#8243;]<span data-type=\"square\"   class=\"qode_icon_shortcode fa-stack q_font_awsome_icon_square fa-3x pull-center \" style=\"background-color: #104e99;border: 0; \"><a   itemprop=\"url\" href=\"fax:+34978849714\" target=\"_blank\"><i class=\"qode_icon_font_awesome fa fa-fax qode_icon_element\" style=\"color: #ffffff;\" ><\/i><\/a><\/span>[vc_empty_space height=\u00bb15px\u00bb][vc_column_text]<\/p>\n<p style=\"text-align: center;\"><a href=\"fax:+34978849714\">+34\u00a0978 849 714<\/a><\/p>\n<p>[\/vc_column_text][\/vc_column_inner][vc_column_inner width=\u00bb1\/4&#8243;]<span data-type=\"square\"   class=\"qode_icon_shortcode fa-stack q_font_awsome_icon_square fa-3x pull-center \" style=\"background-color: #104e99;border: 0;border-radius: 0px; \"><a   itemprop=\"url\" href=\"mailto:caire@maestrazgo.org\" target=\"_blank\"><i class=\"qode_icon_font_awesome fa fa-envelope qode_icon_element\" style=\"color: #ffffff;\" ><\/i><\/a><\/span>[vc_empty_space height=\u00bb15px\u00bb][vc_column_text]<\/p>\n<p style=\"text-align: center;\"><a class=\"c-link\" href=\"mailto:caire@maestrazgo.org\" target=\"_blank\" rel=\"noopener noreferrer\" data-sk=\"tooltip_parent\">caire@maestrazgo.org<\/a><\/p>\n<p>[\/vc_column_text][\/vc_column_inner][\/vc_row_inner][\/vc_column][\/vc_row][vc_row css_animation=\u00bb\u00bb row_type=\u00bbrow\u00bb use_row_as_full_screen_section=\u00bbno\u00bb type=\u00bbgrid\u00bb angled_section=\u00bbno\u00bb text_align=\u00bbleft\u00bb background_image_as_pattern=\u00bbwithout_pattern\u00bb z_index=\u00bb\u00bb css=\u00bb.vc_custom_1630909817629{background-image: url(https:\/\/maestrazgo.org\/EuropeDirect\/wp-content\/uploads\/2021\/08\/fondo-azul2.png?id=248) !important;background-position: center !important;background-repeat: no-repeat !important;background-size: cover !important;}\u00bb el_class=\u00bbcontacto\u00bb][vc_column][vc_row_inner row_type=\u00bbrow\u00bb type=\u00bbfull_width\u00bb text_align=\u00bbright\u00bb css_animation=\u00bb\u00bb css=\u00bb.vc_custom_1630059151806{background-position: center !important;background-repeat: no-repeat !important;background-size: cover !important;}\u00bb][vc_column_inner el_class=\u00bbcontacto\u00bb width=\u00bb1\/2&#8243;][vc_column_text]<\/p>\n<h2 style=\"color: #5774b1; text-transform: initial; text-align: center;\">Ponte en contacto con nosotros<\/h2>\n<div class=\"frm_forms  with_frm_style frm_style_estilos-formidable\" id=\"frm_form_1_container\" >\n<form enctype=\"multipart\/form-data\" method=\"post\" class=\"frm-show-form \" id=\"form_contact-form\" >\n<div class=\"frm_form_fields \">\n<fieldset>\n<legend class=\"frm_screen_reader\">Contacto<\/legend>\r\n\r\n<div class=\"frm_fields_container\">\n<input type=\"hidden\" name=\"frm_action\" value=\"create\" \/>\n<input type=\"hidden\" name=\"form_id\" value=\"1\" \/>\n<input type=\"hidden\" name=\"frm_hide_fields_1\" id=\"frm_hide_fields_1\" value=\"\" \/>\n<input type=\"hidden\" name=\"form_key\" value=\"contact-form\" \/>\n<input type=\"hidden\" name=\"item_meta[0]\" value=\"\" \/>\n<input type=\"hidden\" id=\"frm_submit_entry_1\" name=\"frm_submit_entry_1\" value=\"50ddb22b9e\" \/><input type=\"hidden\" name=\"_wp_http_referer\" value=\"\/EuropeDirect\/wp-json\/wp\/v2\/pages\/17\" \/><div id=\"frm_field_1_container\" class=\"frm_form_field form-field  frm_required_field frm_inside_container frm_half\">\r\n    <label for=\"field_qh4icy\" id=\"field_qh4icy_label\" class=\"frm_primary_label\">NOMBRE\r\n        <span class=\"frm_required\" aria-hidden=\"true\">*<\/span>\r\n    <\/label>\r\n    <input type=\"text\" id=\"field_qh4icy\" name=\"item_meta[1]\" value=\"\"  data-reqmsg=\"Este campo no puede estar en blanco.\" aria-required=\"true\" data-invmsg=\"Name no es v\u00e1lido\" aria-invalid=\"false\"  \/>\r\n    \r\n    \r\n<\/div>\n<div id=\"frm_field_2_container\" class=\"frm_form_field form-field  frm_required_field frm_inside_container frm_half\">\r\n    <label for=\"field_ocfup1\" id=\"field_ocfup1_label\" class=\"frm_primary_label\">E-MAIL\r\n        <span class=\"frm_required\" aria-hidden=\"true\">*<\/span>\r\n    <\/label>\r\n    <input type=\"text\" id=\"field_ocfup1\" name=\"item_meta[2]\" value=\"\"  data-reqmsg=\"Este campo no puede estar en blanco.\" aria-required=\"true\" data-invmsg=\"Last no es v\u00e1lido\" aria-invalid=\"false\"  \/>\r\n    \r\n    \r\n<\/div>\n<div id=\"frm_field_4_container\" class=\"frm_form_field form-field  frm_required_field frm_inside_container frm_full\">\r\n    <label for=\"field_e6lis6\" id=\"field_e6lis6_label\" class=\"frm_primary_label\">ASUNTO\r\n        <span class=\"frm_required\" aria-hidden=\"true\">*<\/span>\r\n    <\/label>\r\n    <input type=\"text\" id=\"field_e6lis6\" name=\"item_meta[4]\" value=\"\"  data-reqmsg=\"Este campo no puede estar en blanco.\" aria-required=\"true\" data-invmsg=\"Subject no es v\u00e1lido\" aria-invalid=\"false\"  \/>\r\n    \r\n    \r\n<\/div>\n<div id=\"frm_field_5_container\" class=\"frm_form_field form-field  frm_required_field frm_inside_container frm_full\">\r\n    <label for=\"field_9jv0r1\" id=\"field_9jv0r1_label\" class=\"frm_primary_label\">MENSAJE\r\n        <span class=\"frm_required\" aria-hidden=\"true\">*<\/span>\r\n    <\/label>\r\n    <textarea name=\"item_meta[5]\" id=\"field_9jv0r1\" rows=\"5\"  data-reqmsg=\"Este campo no puede estar en blanco.\" aria-required=\"true\" data-invmsg=\"MENSAJE no es v\u00e1lido\" aria-invalid=\"false\"  ><\/textarea>\r\n    \r\n    \r\n<\/div>\n<div id=\"frm_field_12_container\" class=\"frm_form_field form-field  frm_required_field frm_none_container vertical_radio\">\n    <div  id=\"field_85wpi_label\" class=\"frm_primary_label\">\n        <span class=\"frm_required\" aria-hidden=\"true\">*<\/span>\n    <\/div>\n    <div class=\"frm_opt_container\" aria-labelledby=\"field_85wpi_label\" role=\"group\">\t\t<div class=\"frm_checkbox\" id=\"frm_checkbox_12-0\">\t\t\t<label  for=\"field_85wpi-0\">\n\t\t\t<input type=\"checkbox\" name=\"item_meta[12][]\" id=\"field_85wpi-0\" value=\"He le\u00eddo y acepto la &lt;a href=&quot;http:\/\/maestrazgo.org\/EuropeDirect\/politica-de-privacidad\/&quot;&gt;pol\u00edtica de privacidad&lt;\/a&gt;\"  data-reqmsg=\"Este campo no puede estar en blanco.\" data-invmsg=\"Este campo no es v\u00e1lido\"   aria-required=\"true\"  \/> He le\u00eddo y acepto la <a href=\"http:\/\/maestrazgo.org\/EuropeDirect\/politica-de-privacidad\/\">pol\u00edtica de privacidad<\/a><\/label><\/div>\n<\/div>\n    \n    \n<\/div>\n<div id=\"frm_field_13_container\" class=\"frm_form_field form-field  frm_none_container\">\n    <label for=\"g-recaptcha-response\" id=\"field_gwk76_label\" class=\"frm_primary_label\">reCAPTCHA\n        <span class=\"frm_required\" aria-hidden=\"true\"><\/span>\n    <\/label>\n    <div  id=\"field_gwk76\" class=\"frm-g-recaptcha\" data-sitekey=\"6LcF4TMeAAAAAFUVn_8-Kn-C6wlJjBsMTyO6jK9l\" data-size=\"normal\" data-theme=\"light\"><\/div>\n    \n    \n<\/div>\n\t<input type=\"hidden\" name=\"item_key\" value=\"\" \/>\n\t\t\t<div id=\"frm_field_28_container\">\n\t\t\t<label for=\"field_z68ze\" >\n\t\t\t\tSi eres humano, deja este campo en blanco.\t\t\t<\/label>\n\t\t\t<input  id=\"field_z68ze\" type=\"text\" class=\"frm_form_field form-field frm_verify\" name=\"item_meta[28]\" value=\"\"  \/>\n\t\t<\/div>\n\t\t<input name=\"frm_state\" type=\"hidden\" value=\"VoesSJuhf1W55F2WWN0mx4pGnPuNzo\/kmcyHrJLp0xU=\" \/><div class=\"frm_submit\">\r\n\r\n<button class=\"frm_button_submit\" type=\"submit\"  >Enviar<\/button>\r\n\r\n<\/div><\/div>\n<\/fieldset>\n<\/div>\n\n<\/form>\n<\/div>\n[\/vc_column_text][vc_empty_space height=\u00bb15px\u00bb][\/vc_column_inner][vc_column_inner width=\u00bb1\/2&#8243; css=\u00bb.vc_custom_1630056142371{background-position: center !important;background-repeat: no-repeat !important;background-size: cover !important;}\u00bb][\/vc_column_inner][\/vc_row_inner][\/vc_column][\/vc_row][vc_row css_animation=\u00bb\u00bb row_type=\u00bbrow\u00bb use_row_as_full_screen_section=\u00bbno\u00bb type=\u00bbfull_width\u00bb angled_section=\u00bbno\u00bb text_align=\u00bbleft\u00bb background_image_as_pattern=\u00bbwithout_pattern\u00bb css=\u00bb.vc_custom_1630917768306{background-image: url(https:\/\/maestrazgo.org\/EuropeDirect\/wp-content\/uploads\/2021\/08\/bandera.jpg?id=58) !important;background-position: 0 0 !important;background-repeat: no-repeat !important;}\u00bb z_index=\u00bb\u00bb][vc_column css=\u00bb.vc_custom_1630917721246{background-color: rgba(0,0,0,0.39) !important;*background-color: rgb(0,0,0) !important;}\u00bb][vc_empty_space height=\u00bb35px\u00bb][vc_row_inner row_type=\u00bbrow\u00bb type=\u00bbgrid\u00bb text_align=\u00bbleft\u00bb css_animation=\u00bb\u00bb][vc_column_inner width=\u00bb2\/3&#8243;][vc_empty_space height=\u00bb35px\u00bb][vc_column_text]<\/p>\n<p style=\"color: white; text-align: left; font-size: 18px;\">Centro de Contacto EUROPE DIRECT es un servicio propio de resoluci\u00f3n de consultas accesible en todas las lenguas oficiales de la Uni\u00f3n Europea (20 idiomas).<\/p>\n<p>[\/vc_column_text][vc_empty_space height=\u00bb25px\u00bb][\/vc_column_inner][vc_column_inner el_class=\u00bbenlaces\u00bb width=\u00bb1\/3&#8243;][vc_empty_space height=\u00bb25px\u00bb]<span data-type=\"normal\"  class=\"qode_icon_shortcode  q_font_awsome_icon fa-3x pull-left \" style=\"margin: 0 10px 0 0; \"><i class=\"qode_icon_font_awesome fa fa-phone qode_icon_element\" style=\"color: #ffffff;\" ><\/i><\/span>[vc_column_text]<\/p>\n<p style=\"color: white; text-align: left; font-size: 14px;\"><strong><a href=\"tel: 0080067891011\">00 800 6 7 8 9 10 11<\/a><br \/>\n(desde cualquier pa\u00eds de la UE)<\/strong><\/p>\n<p>[\/vc_column_text][vc_column_text]<\/p>\n<p style=\"color: white; font-size: 18px; text-align: left;\"><strong>Lunes a viernes de 9.00 a 18.00<\/strong><\/p>\n<p>[\/vc_column_text][vc_empty_space height=\u00bb15px\u00bb]<span data-type=\"normal\"  class=\"qode_icon_shortcode  q_font_awsome_icon fa-3x pull-left \" style=\"margin: 0 10px 0 0; \"><a  itemprop=\"url\" href=\"http:\/\/europa.eu\/europedirect\/meet_us\/index_es.htm\" target=\"_blank\"><i class=\"qode_icon_font_awesome fa fa-globe qode_icon_element\" style=\"color: #ffffff;\" ><\/i><\/a><\/span>[vc_column_text]<\/p>\n<p style=\"color: white; text-align: left; font-size: 14px;\"><strong>europa.eu<\/strong><\/p>\n<p>[\/vc_column_text][vc_empty_space height=\u00bb35px\u00bb][\/vc_column_inner][\/vc_row_inner][vc_empty_space height=\u00bb35px\u00bb][\/vc_column][\/vc_row][vc_row css_animation=\u00bb\u00bb row_type=\u00bbrow\u00bb use_row_as_full_screen_section=\u00bbno\u00bb type=\u00bbfull_width\u00bb angled_section=\u00bbno\u00bb text_align=\u00bbleft\u00bb background_image_as_pattern=\u00bbwithout_pattern\u00bb][vc_column][vc_empty_space][\/vc_column][\/vc_row]<\/p>\n","protected":false},"excerpt":{"rendered":"<p>[vc_row css_animation=\u00bb\u00bb row_type=\u00bbrow\u00bb use_row_as_full_screen_section=\u00bbno\u00bb type=\u00bbfull_width\u00bb angled_section=\u00bbno\u00bb text_align=\u00bbleft\u00bb background_image_as_pattern=\u00bbwithout_pattern\u00bb][vc_column][vc_row_inner row_type=\u00bbrow\u00bb type=\u00bbgrid\u00bb text_align=\u00bbleft\u00bb css_animation=\u00bb\u00bb][vc_column_inner][vc_empty_space height=\u00bb50px\u00bb][vc_column_text]El sitio web pertenece a la Asociaci\u00f3n para el Desarrollo del Maestrazgo, que es la estructura de acogida de Europe Direct CAIRE, centro que forma parte de la&#8230;<\/p>\n","protected":false},"author":2,"featured_media":0,"parent":0,"menu_order":0,"comment_status":"closed","ping_status":"closed","template":"full_width.php","meta":{"_acf_changed":false,"footnotes":""},"class_list":["post-17","page","type-page","status-publish","hentry"],"acf":[],"_links":{"self":[{"href":"https:\/\/maestrazgo.org\/EuropeDirect\/wp-json\/wp\/v2\/pages\/17","targetHints":{"allow":["GET"]}}],"collection":[{"href":"https:\/\/maestrazgo.org\/EuropeDirect\/wp-json\/wp\/v2\/pages"}],"about":[{"href":"https:\/\/maestrazgo.org\/EuropeDirect\/wp-json\/wp\/v2\/types\/page"}],"author":[{"embeddable":true,"href":"https:\/\/maestrazgo.org\/EuropeDirect\/wp-json\/wp\/v2\/users\/2"}],"replies":[{"embeddable":true,"href":"https:\/\/maestrazgo.org\/EuropeDirect\/wp-json\/wp\/v2\/comments?post=17"}],"version-history":[{"count":116,"href":"https:\/\/maestrazgo.org\/EuropeDirect\/wp-json\/wp\/v2\/pages\/17\/revisions"}],"predecessor-version":[{"id":1384,"href":"https:\/\/maestrazgo.org\/EuropeDirect\/wp-json\/wp\/v2\/pages\/17\/revisions\/1384"}],"wp:attachment":[{"href":"https:\/\/maestrazgo.org\/EuropeDirect\/wp-json\/wp\/v2\/media?parent=17"}],"curies":[{"name":"wp","href":"https:\/\/api.w.org\/{rel}","templated":true}]}}