{"id":1685,"date":"2025-11-14T09:46:33","date_gmt":"2025-11-14T09:46:33","guid":{"rendered":"https:\/\/maestrazgo.org\/EuropeDirect\/?page_id=1685"},"modified":"2025-11-14T10:53:28","modified_gmt":"2025-11-14T10:53:28","slug":"impacto-del-enfoque-leader-en-el-medio-rural-espanol","status":"publish","type":"page","link":"https:\/\/maestrazgo.org\/EuropeDirect\/impacto-del-enfoque-leader-en-el-medio-rural-espanol\/","title":{"rendered":"Impacto del enfoque Leader en el medio rural espa\u00f1ol"},"content":{"rendered":"<p>[vc_row css_animation=\u00bb\u00bb row_type=\u00bbrow\u00bb use_row_as_full_screen_section=\u00bbno\u00bb type=\u00bbfull_width\u00bb angled_section=\u00bbno\u00bb text_align=\u00bbleft\u00bb background_image_as_pattern=\u00bbwithout_pattern\u00bb][vc_column][vc_column_text]<\/p>\n<h3 style=\"text-align: center;\">Escaleta informativa para ponentes<\/h3>\n<p>[\/vc_column_text][vc_empty_space][\/vc_column][\/vc_row][vc_row css_animation=\u00bb\u00bb row_type=\u00bbrow\u00bb use_row_as_full_screen_section=\u00bbno\u00bb type=\u00bbfull_width\u00bb angled_section=\u00bbno\u00bb text_align=\u00bbleft\u00bb background_image_as_pattern=\u00bbwithout_pattern\u00bb][vc_column width=\u00bb1\/6&#8243;][\/vc_column][vc_column width=\u00bb2\/3&#8243; el_class=\u00bbprograma\u00bb][qode_elements_holder number_of_columns=\u00bbthree_columns\u00bb][qode_elements_holder_item vertical_alignment=\u00bbtop\u00bb horizontal_alignment=\u00bbcenter\u00bb advanced_animations=\u00bbno\u00bb item_padding=\u00bb30px\u00bb custom_class=\u00bbborde-azul\u00bb][vc_single_image image=\u00bb1662&#8243; img_size=\u00bb80&#215;80&#8243; alignment=\u00bbcenter\u00bb qode_css_animation=\u00bb\u00bb][vc_empty_space height=\u00bb15px\u00bb][vc_column_text]<\/p>\n<p style=\"text-align: center;\"><span style=\"color: #4e765d;\"><strong>Fecha<\/strong><\/span><\/p>\n<p style=\"text-align: center;\">Lunes 24 de noviembre<\/p>\n<p>[\/vc_column_text][\/qode_elements_holder_item][qode_elements_holder_item vertical_alignment=\u00bbtop\u00bb horizontal_alignment=\u00bbcenter\u00bb advanced_animations=\u00bbno\u00bb item_padding=\u00bb30px\u00bb][vc_single_image image=\u00bb1663&#8243; img_size=\u00bb80&#215;80&#8243; alignment=\u00bbcenter\u00bb qode_css_animation=\u00bb\u00bb][vc_empty_space height=\u00bb15px\u00bb][vc_column_text]<\/p>\n<p style=\"text-align: center;\"><span style=\"color: #4e765d;\"><strong>Modalidad<\/strong><\/span><\/p>\n<p style=\"text-align: center;\">Jornada online con Zoom<\/p>\n<p>[\/vc_column_text][\/qode_elements_holder_item][qode_elements_holder_item vertical_alignment=\u00bbtop\u00bb horizontal_alignment=\u00bbcenter\u00bb advanced_animations=\u00bbno\u00bb item_padding=\u00bb30px\u00bb custom_class=\u00bbborde-azul\u00bb][vc_single_image image=\u00bb1665&#8243; img_size=\u00bb80&#215;80&#8243; alignment=\u00bbcenter\u00bb qode_css_animation=\u00bb\u00bb][vc_empty_space height=\u00bb15px\u00bb][vc_column_text]<\/p>\n<p style=\"text-align: center;\"><span style=\"color: #4e765d;\"><strong>Horario<\/strong><\/span><\/p>\n<p style=\"text-align: center;\">De 11:00h a 13:00h<\/p>\n<p>[\/vc_column_text][\/qode_elements_holder_item][qode_elements_holder_item vertical_alignment=\u00bbtop\u00bb horizontal_alignment=\u00bbcenter\u00bb advanced_animations=\u00bbno\u00bb item_padding=\u00bb30px\u00bb custom_class=\u00bbborde-azul\u00bb][vc_single_image image=\u00bb1664&#8243; img_size=\u00bb80&#215;80&#8243; alignment=\u00bbcenter\u00bb qode_css_animation=\u00bb\u00bb][vc_empty_space height=\u00bb15px\u00bb][vc_column_text]<\/p>\n<p style=\"text-align: center;\"><span style=\"color: #4e765d;\"><strong>Inscripci\u00f3n<\/strong><\/span><\/p>\n<p style=\"text-align: center;\"><a href=\"#formulario\">Accede al formulario<\/a><\/p>\n<p>[\/vc_column_text][\/qode_elements_holder_item][\/qode_elements_holder][\/vc_column][vc_column width=\u00bb1\/6&#8243;][\/vc_column][\/vc_row][vc_row css_animation=\u00bb\u00bb row_type=\u00bbrow\u00bb use_row_as_full_screen_section=\u00bbno\u00bb type=\u00bbgrid\u00bb angled_section=\u00bbno\u00bb text_align=\u00bbleft\u00bb background_image_as_pattern=\u00bbwithout_pattern\u00bb z_index=\u00bb\u00bb][vc_column offset=\u00bbvc_hidden-xs\u00bb][vc_empty_space height=\u00bb50px\u00bb][vc_row_inner row_type=\u00bbrow\u00bb type=\u00bbfull_width\u00bb text_align=\u00bbleft\u00bb css_animation=\u00bb\u00bb][vc_column_inner width=\u00bb1\/6&#8243;][\/vc_column_inner][vc_column_inner width=\u00bb2\/3&#8243; css=\u00bb.vc_custom_1762426542331{padding: 25px !important;border: 2px solid #4e765d !important;}\u00bb][vc_column_text]<\/p>\n<p style=\"font-size: 40px; color: #4e765d; line-height: 45px; text-align: center;\"><strong>Programa<\/strong><\/p>\n<p>[\/vc_column_text][vc_empty_space][vc_column_text el_class=\u00bbprograma\u00bb]<\/p>\n<p style=\"text-align: justify;\"><strong>11.00 h.<\/strong> Bienvenida de los organizadores (centros Europe Direct rurales de Andaluc\u00eda, Arag\u00f3n, Asturias, Castilla y Le\u00f3n y Extemadura). Presentaci\u00f3n de la Jornada<\/p>\n<p style=\"text-align: justify;\"><strong>11.05 h.<\/strong> Mesa con representaci\u00f3n de redes nacionales de desarrollo rural.<\/p>\n<p style=\"text-align: justify;\">M.\u00aa Jos\u00e9 Murciano (Gerente Red Espa\u00f1ola Desarrollo Rural &#8211; REDR) y\u00a0Ra\u00fal Guti\u00e9rrez (Responsable T\u00e9cnico Red Estatal de Desarrollo Rural \u2013 REDER)<\/p>\n<p style=\"text-align: justify;\"><strong>11.30 h. <\/strong>Despoblaci\u00f3n UE: herramientas actuales para afrontar los retos. Alba Barrutieta (DG AGRI Comisi\u00f3n Europea, Unidad de Sostenibilidad Social)<\/p>\n<p style=\"text-align: justify;\"><strong>12<\/strong><strong>.00 h.<\/strong> Mesa t\u00e9cnica sobre balance e impacto de los fondos LEADER. Pilar P\u00e9rez (Gerente RADR &#8211; Red Aragonesa de Desarrollo Rural), Victor Jol\u00edn (Coordinador PRINCAL &#8211; Promoci\u00f3n Rural Integral Castilla y Le\u00f3n), Margarita Gala (Gerente de REDEX &#8211; Red Extreme\u00f1a de Desarrollo Rural), Pedro Fern\u00e1ndez (Representante T\u00e9cnico de ARA &#8211; Red Andaluza de Desarrollo Rural) y Juan Antonio L\u00e1zaro (Gerente de READER &#8211; Red Asturiana de Desarrollo Rural)<\/p>\n<p>[\/vc_column_text][\/vc_column_inner][vc_column_inner width=\u00bb1\/6&#8243;][\/vc_column_inner][\/vc_row_inner][vc_empty_space height=\u00bb50px\u00bb][\/vc_column][\/vc_row][vc_row css_animation=\u00bb\u00bb row_type=\u00bbrow\u00bb use_row_as_full_screen_section=\u00bbno\u00bb type=\u00bbfull_width\u00bb angled_section=\u00bbno\u00bb text_align=\u00bbleft\u00bb background_image_as_pattern=\u00bbwithout_pattern\u00bb css=\u00bb.vc_custom_1762430795705{background-color: #4e765d !important;}\u00bb z_index=\u00bb\u00bb el_id=\u00bbformulario\u00bb][vc_column][vc_empty_space height=\u00bb50px\u00bb][vc_row_inner row_type=\u00bbrow\u00bb type=\u00bbgrid\u00bb text_align=\u00bbleft\u00bb css_animation=\u00bb\u00bb el_class=\u00bbformulario\u00bb][vc_column_inner][vc_column_text]<\/p>\n<h2 style=\"color: #ffffff; text-transform: initial; text-align: center;\">Inscr\u00edbete<\/h2>\n<div class=\"frm_forms  with_frm_style frm_style_estilos-formidable\" id=\"frm_form_6_container\" >\n<form enctype=\"multipart\/form-data\" method=\"post\" class=\"frm-show-form \" id=\"form_contact-formcb478e4fee22\" >\n<div class=\"frm_form_fields \">\n<fieldset>\n<legend class=\"frm_screen_reader\">Jornada por Zoom 24nov<\/legend>\r\n\r\n<div class=\"frm_fields_container\">\n<input type=\"hidden\" name=\"frm_action\" value=\"create\" \/>\n<input type=\"hidden\" name=\"form_id\" value=\"6\" \/>\n<input type=\"hidden\" name=\"frm_hide_fields_6\" id=\"frm_hide_fields_6\" value=\"\" \/>\n<input type=\"hidden\" name=\"form_key\" value=\"contact-formcb478e4fee22\" \/>\n<input type=\"hidden\" name=\"item_meta[0]\" value=\"\" \/>\n<input type=\"hidden\" id=\"frm_submit_entry_6\" name=\"frm_submit_entry_6\" value=\"514e662417\" \/><input type=\"hidden\" name=\"_wp_http_referer\" value=\"\/EuropeDirect\/wp-json\/wp\/v2\/pages\/1685\" \/><div id=\"frm_field_21_container\" class=\"frm_form_field form-field  frm_top_container frm6 frm_first\">\r\n\t<label for=\"field_s2ov52\" id=\"field_s2ov52_label\" class=\"frm_primary_label\">Nombre y apellidos\r\n\t\t<span class=\"frm_required\" aria-hidden=\"true\"><\/span>\r\n\t<\/label>\r\n\t<input type=\"text\" id=\"field_s2ov52\" name=\"item_meta[21]\" value=\"\"  data-invmsg=\"Nombre y apellidos no es v\u00e1lido\" aria-invalid=\"false\"  \/>\r\n\t\r\n\t\r\n<\/div>\n<div id=\"frm_field_22_container\" class=\"frm_form_field form-field  frm_required_field frm_top_container frm6\">\r\n    <label for=\"field_ocfup1eacf6b32d53\" id=\"field_ocfup1eacf6b32d53_label\" class=\"frm_primary_label\">Email\r\n        <span class=\"frm_required\" aria-hidden=\"true\">*<\/span>\r\n    <\/label>\r\n    <input type=\"email\" id=\"field_ocfup1eacf6b32d53\" name=\"item_meta[22]\" value=\"\"  data-reqmsg=\"Este campo no puede estar en blanco.\" aria-required=\"true\" data-invmsg=\"Last no es v\u00e1lido\" aria-invalid=\"false\"  \/>\r\n    \r\n    \r\n<\/div>\n<div id=\"frm_field_23_container\" class=\"frm_form_field form-field  frm_required_field frm_top_container frm6 frm_first\">\r\n\t<label for=\"field_hrtie2\" id=\"field_hrtie2_label\" class=\"frm_primary_label\">Localidad\r\n\t\t<span class=\"frm_required\" aria-hidden=\"true\">*<\/span>\r\n\t<\/label>\r\n\t<input type=\"text\" id=\"field_hrtie2\" name=\"item_meta[23]\" value=\"\"  data-reqmsg=\"Este campo no puede estar en blanco.\" aria-required=\"true\" data-invmsg=\"Localidad no es v\u00e1lido\" aria-invalid=\"false\"  \/>\r\n\t\r\n\t\r\n<\/div>\n<div id=\"frm_field_24_container\" class=\"frm_form_field form-field  frm_required_field frm_top_container frm6\">\r\n\t<label for=\"field_g5u372\" id=\"field_g5u372_label\" class=\"frm_primary_label\">Cargo laboral\r\n\t\t<span class=\"frm_required\" aria-hidden=\"true\">*<\/span>\r\n\t<\/label>\r\n\t<input type=\"text\" id=\"field_g5u372\" name=\"item_meta[24]\" value=\"\"  data-reqmsg=\"Este campo no puede estar en blanco.\" aria-required=\"true\" data-invmsg=\"Cargo laboral no es v\u00e1lido\" aria-invalid=\"false\"  \/>\r\n\t\r\n\t\r\n<\/div>\n<div id=\"frm_field_25_container\" class=\"frm_form_field form-field  frm_hidden_container frm6 frm_first vertical_radio\">\r\n\t<div  id=\"field_ypw8l2_label\" class=\"frm_primary_label\">Pol\u00edtica de privacidad\r\n\t\t<span class=\"frm_required\" aria-hidden=\"true\"><\/span>\r\n\t<\/div>\r\n\t<div class=\"frm_opt_container\" aria-labelledby=\"field_ypw8l2_label\" role=\"group\">\t\t<div class=\"frm_checkbox\" id=\"frm_checkbox_25-0\">\t\t\t<label  for=\"field_ypw8l2-0\">\n\t\t\t<input type=\"checkbox\" name=\"item_meta[25][]\" id=\"field_ypw8l2-0\" value=\"He le\u00eddo y acepto la pol\u00edtica de privacidad\"  data-invmsg=\"Pol\u00edtica de privacidad no es v\u00e1lido\"   \/> He le\u00eddo y acepto la pol\u00edtica de privacidad<\/label><\/div>\n<\/div>\r\n\t\r\n\t\r\n<\/div>\n<div id=\"frm_field_26_container\" class=\"frm_form_field form-field  frm_none_container frm6\">\r\n\t<label for=\"g-recaptcha-response\" id=\"field_6yc3g2_label\" class=\"frm_primary_label\">Captcha\r\n\t\t<span class=\"frm_required\" aria-hidden=\"true\"><\/span>\r\n\t<\/label>\r\n\t<div  id=\"field_6yc3g2\" class=\"frm-g-recaptcha\" data-sitekey=\"6LcF4TMeAAAAAFUVn_8-Kn-C6wlJjBsMTyO6jK9l\" data-size=\"normal\" data-theme=\"light\"><\/div>\r\n\t\r\n\t\r\n<\/div>\n<div id=\"frm_field_27_container\" class=\"frm_form_field form-field \">\r\n\t<div class=\"frm_submit\" style=\"text-align: center;\">\r\n\r\n<button class=\"frm_button_submit\" type=\"submit\"  >Enviar<\/button>\r\n\r\n<\/div>\r\n<\/div>\n\t<input type=\"hidden\" name=\"item_key\" value=\"\" \/>\n\t\t\t<div id=\"frm_field_28_container\">\n\t\t\t<label for=\"field_fmqta\" >\n\t\t\t\tSi eres humano, deja este campo en blanco.\t\t\t<\/label>\n\t\t\t<input  id=\"field_fmqta\" type=\"text\" class=\"frm_form_field form-field frm_verify\" name=\"item_meta[28]\" value=\"\"  \/>\n\t\t<\/div>\n\t\t<input name=\"frm_state\" type=\"hidden\" value=\"VoesSJuhf1W55F2WWN0mx4pGnPuNzo\/kmcyHrJLp0xU=\" \/><\/div>\n<\/fieldset>\n<\/div>\n\n<\/form>\n<\/div>\n[\/vc_column_text][\/vc_column_inner][\/vc_row_inner][vc_empty_space height=\u00bb50px\u00bb][\/vc_column][\/vc_row][vc_row css_animation=\u00bb\u00bb row_type=\u00bbrow\u00bb use_row_as_full_screen_section=\u00bbno\u00bb type=\u00bbgrid\u00bb angled_section=\u00bbno\u00bb text_align=\u00bbleft\u00bb background_image_as_pattern=\u00bbwithout_pattern\u00bb css=\u00bb.vc_custom_1762426027797{background-color: #f1ceb2 !important;}\u00bb z_index=\u00bb\u00bb][vc_column][vc_single_image image=\u00bb1648&#8243; img_size=\u00bbfull\u00bb alignment=\u00bbcenter\u00bb qode_css_animation=\u00bb\u00bb][\/vc_column][\/vc_row]<\/p>\n","protected":false},"excerpt":{"rendered":"<p>[vc_row css_animation=\u00bb\u00bb row_type=\u00bbrow\u00bb use_row_as_full_screen_section=\u00bbno\u00bb type=\u00bbfull_width\u00bb angled_section=\u00bbno\u00bb text_align=\u00bbleft\u00bb background_image_as_pattern=\u00bbwithout_pattern\u00bb][vc_column][vc_column_text] Escaleta informativa para ponentes [\/vc_column_text][vc_empty_space][\/vc_column][\/vc_row][vc_row css_animation=\u00bb\u00bb row_type=\u00bbrow\u00bb use_row_as_full_screen_section=\u00bbno\u00bb type=\u00bbfull_width\u00bb angled_section=\u00bbno\u00bb text_align=\u00bbleft\u00bb background_image_as_pattern=\u00bbwithout_pattern\u00bb][vc_column width=\u00bb1\/6&#8243;][\/vc_column][vc_column width=\u00bb2\/3&#8243; el_class=\u00bbprograma\u00bb][qode_elements_holder number_of_columns=\u00bbthree_columns\u00bb][qode_elements_holder_item vertical_alignment=\u00bbtop\u00bb horizontal_alignment=\u00bbcenter\u00bb advanced_animations=\u00bbno\u00bb item_padding=\u00bb30px\u00bb custom_class=\u00bbborde-azul\u00bb][vc_single_image image=\u00bb1662&#8243; img_size=\u00bb80&#215;80&#8243; alignment=\u00bbcenter\u00bb qode_css_animation=\u00bb\u00bb][vc_empty_space height=\u00bb15px\u00bb][vc_column_text] Fecha Lunes 24 de noviembre [\/vc_column_text][\/qode_elements_holder_item][qode_elements_holder_item&#8230;<\/p>\n","protected":false},"author":1,"featured_media":0,"parent":0,"menu_order":0,"comment_status":"closed","ping_status":"closed","template":"full_width.php","meta":{"_acf_changed":false,"footnotes":""},"class_list":["post-1685","page","type-page","status-publish","hentry"],"acf":[],"_links":{"self":[{"href":"https:\/\/maestrazgo.org\/EuropeDirect\/wp-json\/wp\/v2\/pages\/1685","targetHints":{"allow":["GET"]}}],"collection":[{"href":"https:\/\/maestrazgo.org\/EuropeDirect\/wp-json\/wp\/v2\/pages"}],"about":[{"href":"https:\/\/maestrazgo.org\/EuropeDirect\/wp-json\/wp\/v2\/types\/page"}],"author":[{"embeddable":true,"href":"https:\/\/maestrazgo.org\/EuropeDirect\/wp-json\/wp\/v2\/users\/1"}],"replies":[{"embeddable":true,"href":"https:\/\/maestrazgo.org\/EuropeDirect\/wp-json\/wp\/v2\/comments?post=1685"}],"version-history":[{"count":5,"href":"https:\/\/maestrazgo.org\/EuropeDirect\/wp-json\/wp\/v2\/pages\/1685\/revisions"}],"predecessor-version":[{"id":1695,"href":"https:\/\/maestrazgo.org\/EuropeDirect\/wp-json\/wp\/v2\/pages\/1685\/revisions\/1695"}],"wp:attachment":[{"href":"https:\/\/maestrazgo.org\/EuropeDirect\/wp-json\/wp\/v2\/media?parent=1685"}],"curies":[{"name":"wp","href":"https:\/\/api.w.org\/{rel}","templated":true}]}}