{"id":11,"date":"2021-08-10T10:22:37","date_gmt":"2021-08-10T10:22:37","guid":{"rendered":"http:\/\/maestrazgo.org\/EuropeDirect\/?page_id=11"},"modified":"2021-12-03T08:44:04","modified_gmt":"2021-12-03T08:44:04","slug":"publicaciones","status":"publish","type":"page","link":"https:\/\/maestrazgo.org\/EuropeDirect\/publicaciones\/","title":{"rendered":"Publicaciones"},"content":{"rendered":"<p>[vc_row css_animation=\u00bb\u00bb row_type=\u00bbrow\u00bb use_row_as_full_screen_section=\u00bbno\u00bb type=\u00bbfull_width\u00bb angled_section=\u00bbno\u00bb text_align=\u00bbleft\u00bb background_image_as_pattern=\u00bbwithout_pattern\u00bb z_index=\u00bb\u00bb][vc_column css=\u00bb.vc_custom_1635844775313{background-color: #d9e4f0 !important;}\u00bb][vc_row_inner row_type=\u00bbrow\u00bb type=\u00bbgrid\u00bb text_align=\u00bbleft\u00bb css_animation=\u00bb\u00bb css=\u00bb.vc_custom_1635844754502{padding-top: 10px !important;padding-right: 10px !important;padding-bottom: 10px !important;padding-left: 10px !important;}\u00bb][vc_column_inner][vc_column_text]<\/p>\n<p style=\"text-align: center;\">Desde el Europe Direct Maestrazgo ponemos a vuestra disposici\u00f3n diferentes tipos de publicaciones en relaci\u00f3n con la Uni\u00f3n Europea.<\/p>\n<p>[\/vc_column_text][vc_empty_space][\/vc_column_inner][\/vc_row_inner][\/vc_column][\/vc_row][vc_row css_animation=\u00bb\u00bb row_type=\u00bbrow\u00bb use_row_as_full_screen_section=\u00bbno\u00bb type=\u00bbfull_width\u00bb angled_section=\u00bbno\u00bb text_align=\u00bbleft\u00bb background_image_as_pattern=\u00bbwithout_pattern\u00bb][vc_column][vc_empty_space][\/vc_column][\/vc_row][vc_row css_animation=\u00bb\u00bb row_type=\u00bbrow\u00bb use_row_as_full_screen_section=\u00bbno\u00bb type=\u00bbgrid\u00bb angled_section=\u00bbno\u00bb text_align=\u00bbleft\u00bb background_image_as_pattern=\u00bbwithout_pattern\u00bb z_index=\u00bb\u00bb][vc_column offset=\u00bbvc_hidden-xs\u00bb][qode_elements_holder number_of_columns=\u00bbtwo_columns\u00bb][qode_elements_holder_item vertical_alignment=\u00bbtop\u00bb horizontal_alignment=\u00bbcenter\u00bb advanced_animations=\u00bbno\u00bb background_image=\u00bb555&#8243; item_padding=\u00bb20px\u00bb][vc_empty_space][vc_single_image image=\u00bb696&#8243; img_size=\u00bb80&#215;80&#8243; alignment=\u00bbcenter\u00bb qode_css_animation=\u00bb\u00bb][vc_column_text]<span style=\"color: #ffffff;\">Esta se compone de diferentes materiales, enlaces&#8230;.etc. por ejemplo, acceso a las publicaciones de la Uni\u00f3n Europea, folletos, infogr\u00e1fias, dec\u00e1logos, informes europeos, material did\u00e1ctico&#8230; todo esto lo puedes encontrar en:<\/span>[\/vc_column_text][vc_empty_space]<a  itemprop=\"url\" href=\"https:\/\/maestrazgo.org\/EuropeDirect\/publicaciones\/publicaciones-europeas\/\" target=\"_self\"  class=\"qbutton  center default\" style=\"color: #ffffff; border-color: #ffffff; \">Publicaciones Europeas<\/a>[vc_empty_space][\/qode_elements_holder_item][qode_elements_holder_item vertical_alignment=\u00bbtop\u00bb horizontal_alignment=\u00bbcenter\u00bb advanced_animations=\u00bbno\u00bb item_padding=\u00bb20px\u00bb background_color=\u00bb#1e73be\u00bb][vc_empty_space][vc_single_image image=\u00bb691&#8243; img_size=\u00bb80&#215;80&#8243; alignment=\u00bbcenter\u00bb qode_css_animation=\u00bb\u00bb][vc_column_text]<span style=\"color: #ffffff;\">Editamos mensualmente un newsletter con la informaci\u00f3n destacada de dicho mes, \u00faltimas actividades de nuestro centro, \u00faltimas convocatorias abiertas y un largo etc. se encuentra en esta secci\u00f3n que puedes consultarla y suscribirte en Newsletter.<\/span>[\/vc_column_text][vc_empty_space]<a  itemprop=\"url\" href=\"https:\/\/maestrazgo.org\/EuropeDirect\/publicaciones\/newsletter\/\" target=\"_self\"  class=\"qbutton  center default\" style=\"color: #ffffff; border-color: #ffffff; \">Newsletter<\/a>[vc_empty_space][\/qode_elements_holder_item][\/qode_elements_holder][\/vc_column][\/vc_row][vc_row css_animation=\u00bb\u00bb row_type=\u00bbrow\u00bb use_row_as_full_screen_section=\u00bbno\u00bb type=\u00bbgrid\u00bb angled_section=\u00bbno\u00bb text_align=\u00bbleft\u00bb background_image_as_pattern=\u00bbwithout_pattern\u00bb z_index=\u00bb\u00bb][vc_column offset=\u00bbvc_hidden-xs\u00bb][qode_elements_holder number_of_columns=\u00bbtwo_columns\u00bb][qode_elements_holder_item vertical_alignment=\u00bbtop\u00bb horizontal_alignment=\u00bbcenter\u00bb advanced_animations=\u00bbno\u00bb item_padding=\u00bb20px\u00bb background_color=\u00bb#1e73be\u00bb][vc_empty_space][vc_single_image image=\u00bb699&#8243; img_size=\u00bb80&#215;80&#8243; alignment=\u00bbcenter\u00bb qode_css_animation=\u00bb\u00bb][vc_column_text]<span style=\"color: #ffffff;\">Bimensualmente el centro en colaboraci\u00f3n con su entidad de acogida y la Comarca del Maestrazgo, edita el Peri\u00f3dico Maestrazgo Informaci\u00f3n, puedes consultar desde esta secci\u00f3n todos los n\u00fameros, ya son m\u00e1s de 100.<\/span>[\/vc_column_text][vc_empty_space]<a  itemprop=\"url\" href=\"https:\/\/maestrazgo.org\/EuropeDirect\/publicaciones\/periodico\/\" target=\"_self\"  class=\"qbutton  center default\" style=\"color: #ffffff; border-color: #ffffff; \">Peri\u00f3dico<\/a>[vc_empty_space][\/qode_elements_holder_item][qode_elements_holder_item vertical_alignment=\u00bbtop\u00bb horizontal_alignment=\u00bbcenter\u00bb advanced_animations=\u00bbno\u00bb background_image=\u00bb532&#8243; item_padding=\u00bb20px\u00bb][vc_empty_space][vc_single_image image=\u00bb701&#8243; img_size=\u00bb80&#215;80&#8243; alignment=\u00bbcenter\u00bb qode_css_animation=\u00bb\u00bb][vc_column_text]<span style=\"color: #ffffff;\">Una de las acciones encomendadas que tiene el centro es la relaci\u00f3n con los medios de comunicaci\u00f3n locales y regionales, por ello peri\u00f3dicamente se redactan art\u00edculos de prensa desde nuestro centro, puedes consultar los \u00faltimos publicados desde aqu\u00ed.<\/span>[\/vc_column_text][vc_empty_space]<a  itemprop=\"url\" href=\"https:\/\/maestrazgo.org\/EuropeDirect\/publicaciones\/#\" target=\"_self\"  class=\"qbutton  center default\" style=\"color: #ffffff; border-color: #ffffff; \">Art\u00edculos Europe Direct<\/a>[vc_empty_space][\/qode_elements_holder_item][\/qode_elements_holder][\/vc_column][\/vc_row][vc_row css_animation=\u00bb\u00bb row_type=\u00bbrow\u00bb use_row_as_full_screen_section=\u00bbno\u00bb type=\u00bbfull_width\u00bb angled_section=\u00bbno\u00bb text_align=\u00bbleft\u00bb background_image_as_pattern=\u00bbwithout_pattern\u00bb z_index=\u00bb\u00bb][vc_column offset=\u00bbvc_hidden-lg vc_hidden-md vc_hidden-sm\u00bb][qode_elements_holder number_of_columns=\u00bbtwo_columns\u00bb][qode_elements_holder_item vertical_alignment=\u00bbtop\u00bb horizontal_alignment=\u00bbcenter\u00bb advanced_animations=\u00bbno\u00bb background_image=\u00bb555&#8243; item_padding=\u00bb20px\u00bb][vc_empty_space][vc_single_image image=\u00bb696&#8243; img_size=\u00bb80&#215;80&#8243; alignment=\u00bbcenter\u00bb qode_css_animation=\u00bb\u00bb][vc_column_text]<span style=\"color: #ffffff;\">Esta se compone de diferentes materiales, enlaces&#8230;.etc. por ejemplo, acceso a las publicaciones de la Uni\u00f3n Europea, folletos, infogr\u00e1fias, dec\u00e1logos, informes europeos, material did\u00e1ctico&#8230;<\/span>[\/vc_column_text][vc_empty_space]<a  itemprop=\"url\" href=\"https:\/\/maestrazgo.org\/EuropeDirect\/publicaciones\/publicaciones-europeas\/\" target=\"_self\"  class=\"qbutton  center default\" style=\"color: #ffffff; border-color: #ffffff; \">Publicaciones Europeas<\/a>[vc_empty_space][\/qode_elements_holder_item][qode_elements_holder_item vertical_alignment=\u00bbtop\u00bb horizontal_alignment=\u00bbcenter\u00bb advanced_animations=\u00bbno\u00bb item_padding=\u00bb20px\u00bb background_color=\u00bb#1e73be\u00bb][vc_empty_space][vc_single_image image=\u00bb691&#8243; img_size=\u00bb80&#215;80&#8243; alignment=\u00bbcenter\u00bb qode_css_animation=\u00bb\u00bb][vc_column_text]<span style=\"color: #ffffff;\">Editamos mensualmente un newsletter con la informaci\u00f3n destacada de dicho mes, \u00faltimas actividades de nuestro centro, \u00faltimas convocatorias abiertas y un largo etc. se encuentra en esta secci\u00f3n que puedes consultarla y suscribirte en Newsletter.<\/span>[\/vc_column_text][vc_empty_space]<a  itemprop=\"url\" href=\"https:\/\/maestrazgo.org\/EuropeDirect\/publicaciones\/newsletter\/\" target=\"_self\"  class=\"qbutton  center default\" style=\"color: #ffffff; border-color: #ffffff; \">Newsletter<\/a>[vc_empty_space][\/qode_elements_holder_item][\/qode_elements_holder][\/vc_column][\/vc_row][vc_row css_animation=\u00bb\u00bb row_type=\u00bbrow\u00bb use_row_as_full_screen_section=\u00bbno\u00bb type=\u00bbfull_width\u00bb angled_section=\u00bbno\u00bb text_align=\u00bbleft\u00bb background_image_as_pattern=\u00bbwithout_pattern\u00bb z_index=\u00bb\u00bb][vc_column offset=\u00bbvc_hidden-lg vc_hidden-md vc_hidden-sm\u00bb][qode_elements_holder number_of_columns=\u00bbtwo_columns\u00bb][qode_elements_holder_item vertical_alignment=\u00bbtop\u00bb horizontal_alignment=\u00bbcenter\u00bb advanced_animations=\u00bbno\u00bb item_padding=\u00bb20px\u00bb background_image=\u00bb532&#8243;][vc_empty_space][vc_single_image image=\u00bb699&#8243; img_size=\u00bb80&#215;80&#8243; alignment=\u00bbcenter\u00bb qode_css_animation=\u00bb\u00bb][vc_column_text]<span style=\"color: #ffffff;\">Bimensualmente el centro en colaboraci\u00f3n con su entidad de acogida y la Comarca del Maestrazgo, edita el Peri\u00f3dico Maestrazgo Informaci\u00f3n, puedes consultar desde esta secci\u00f3n todos los n\u00fameros, ya son m\u00e1s de 100.<\/span>[\/vc_column_text][vc_empty_space]<a  itemprop=\"url\" href=\"https:\/\/maestrazgo.org\/EuropeDirect\/publicaciones\/periodico\/\" target=\"_self\"  class=\"qbutton  center default\" style=\"color: #ffffff; border-color: #ffffff; \">Peri\u00f3dico<\/a>[vc_empty_space][\/qode_elements_holder_item][qode_elements_holder_item vertical_alignment=\u00bbtop\u00bb horizontal_alignment=\u00bbcenter\u00bb advanced_animations=\u00bbno\u00bb item_padding=\u00bb20px\u00bb background_color=\u00bb#1e73be\u00bb][vc_empty_space][vc_single_image image=\u00bb701&#8243; img_size=\u00bb80&#215;80&#8243; alignment=\u00bbcenter\u00bb qode_css_animation=\u00bb\u00bb][vc_column_text]<span style=\"color: #ffffff;\">Una de las acciones encomendadas que tiene el centro es la relaci\u00f3n con los medios de comunicaci\u00f3n locales y regionales, por ello peri\u00f3dicamente se redactan art\u00edculos de prensa desde nuestro centro, puedes consultar los \u00faltimos publicados desde aqu\u00ed.<\/span>[\/vc_column_text][vc_empty_space]<a  itemprop=\"url\" href=\"https:\/\/maestrazgo.org\/EuropeDirect\/publicaciones\/#\" target=\"_self\"  class=\"qbutton  center default\" style=\"color: #ffffff; border-color: #ffffff; \">Art\u00edculos Europe Direct<\/a>[vc_empty_space][\/qode_elements_holder_item][\/qode_elements_holder][\/vc_column][\/vc_row][vc_row css_animation=\u00bb\u00bb row_type=\u00bbrow\u00bb use_row_as_full_screen_section=\u00bbno\u00bb type=\u00bbfull_width\u00bb angled_section=\u00bbno\u00bb text_align=\u00bbleft\u00bb background_image_as_pattern=\u00bbwithout_pattern\u00bb][vc_column][vc_empty_space][\/vc_column][\/vc_row]<\/p>\n","protected":false},"excerpt":{"rendered":"<p>[vc_row css_animation=\u00bb\u00bb row_type=\u00bbrow\u00bb use_row_as_full_screen_section=\u00bbno\u00bb type=\u00bbfull_width\u00bb angled_section=\u00bbno\u00bb text_align=\u00bbleft\u00bb background_image_as_pattern=\u00bbwithout_pattern\u00bb z_index=\u00bb\u00bb][vc_column css=\u00bb.vc_custom_1635844775313{background-color: #d9e4f0 !important;}\u00bb][vc_row_inner row_type=\u00bbrow\u00bb type=\u00bbgrid\u00bb text_align=\u00bbleft\u00bb css_animation=\u00bb\u00bb css=\u00bb.vc_custom_1635844754502{padding-top: 10px !important;padding-right: 10px !important;padding-bottom: 10px !important;padding-left: 10px !important;}\u00bb][vc_column_inner][vc_column_text] Desde el Europe Direct Maestrazgo ponemos a vuestra disposici\u00f3n diferentes tipos de publicaciones en relaci\u00f3n&#8230;<\/p>\n","protected":false},"author":2,"featured_media":0,"parent":0,"menu_order":0,"comment_status":"closed","ping_status":"closed","template":"full_width.php","meta":{"_acf_changed":false,"footnotes":""},"class_list":["post-11","page","type-page","status-publish","hentry"],"acf":[],"_links":{"self":[{"href":"https:\/\/maestrazgo.org\/EuropeDirect\/wp-json\/wp\/v2\/pages\/11","targetHints":{"allow":["GET"]}}],"collection":[{"href":"https:\/\/maestrazgo.org\/EuropeDirect\/wp-json\/wp\/v2\/pages"}],"about":[{"href":"https:\/\/maestrazgo.org\/EuropeDirect\/wp-json\/wp\/v2\/types\/page"}],"author":[{"embeddable":true,"href":"https:\/\/maestrazgo.org\/EuropeDirect\/wp-json\/wp\/v2\/users\/2"}],"replies":[{"embeddable":true,"href":"https:\/\/maestrazgo.org\/EuropeDirect\/wp-json\/wp\/v2\/comments?post=11"}],"version-history":[{"count":62,"href":"https:\/\/maestrazgo.org\/EuropeDirect\/wp-json\/wp\/v2\/pages\/11\/revisions"}],"predecessor-version":[{"id":663,"href":"https:\/\/maestrazgo.org\/EuropeDirect\/wp-json\/wp\/v2\/pages\/11\/revisions\/663"}],"wp:attachment":[{"href":"https:\/\/maestrazgo.org\/EuropeDirect\/wp-json\/wp\/v2\/media?parent=11"}],"curies":[{"name":"wp","href":"https:\/\/api.w.org\/{rel}","templated":true}]}}